{"id":17181,"date":"2019-09-23T15:44:29","date_gmt":"2019-09-23T13:44:29","guid":{"rendered":"https:\/\/beta.webis.si\/kern\/zastopstvo\/"},"modified":"2021-11-15T14:21:25","modified_gmt":"2021-11-15T12:21:25","slug":"zastoupeni","status":"publish","type":"page","link":"https:\/\/www.kern.si\/cs\/zastoupeni\/","title":{"rendered":"Zastoupen\u00ed"},"content":{"rendered":"<div class=\"wpb-content-wrapper\"><p>[vc_row css=&#8220;.vc_custom_1570002161741{padding-top: 50px !important;padding-bottom: 90px !important;}&#8220;][vc_column][vc_empty_space][vc_row_inner css=&#8220;.vc_custom_1568896654756{padding-bottom: 25px !important;}&#8220;][vc_column_inner width=&#8220;1\/6&#8243;][\/vc_column_inner][vc_column_inner width=&#8220;2\/3&#8243;][\/vc_column_inner][vc_column_inner width=&#8220;1\/6&#8243;][\/vc_column_inner][\/vc_row_inner][vc_row_inner][vc_column_inner width=&#8220;1\/6&#8243;][\/vc_column_inner][vc_column_inner width=&#8220;2\/3&#8243;][vc_column_text css=&#8220;.vc_custom_1569418345374{padding-top: 0px !important;padding-bottom: 0px !important;}&#8220; el_class=&#8220;textalign&#8220;]<\/p>\n<div class=\"wpb_text_column wpb_content_element \">\n<div class=\"wpb_wrapper\">\n<p style=\"text-align: center\">Spole\u010dnost KNP poskytuje syst\u00e9movou podporu pro dod\u00e1vky komponent\u016f, sestav a syst\u00e9m\u016f pro v\u00fdrobu nov\u00fdch n\u00e1stroj\u016f a forem a jejich \u00fadr\u017ebu. To je dosa\u017eeno \u0161irokou \u0161k\u00e1lou produkt\u016f, kter\u00e9 jsou kombinac\u00ed vlastn\u00ed v\u00fdroby a efektivn\u00ed distribuce zbo\u017e\u00ed na\u0161ich dodavatel\u016f.<\/p>\n<\/div>\n<\/div>\n<div class=\"wpb_text_column wpb_content_element \">\n<div class=\"wpb_wrapper\">\n<div class=\"vc_row wpb_row vc_row-fluid dt-default\">\n<div class=\"wpb_column vc_column_container vc_col-sm-12\">\n<div class=\"vc_column-inner \">\n<div class=\"wpb_wrapper\">\n<div class=\"wpb_text_column wpb_content_element \">\n<div class=\"wpb_wrapper\">\n<p style=\"text-align: center\">Spole\u010dnost KNP je v\u00fdhradn\u00edm z\u00e1stupcem n\u00e1sleduj\u00edc\u00edch dodavatel\u016f:<\/p>\n<\/div>\n<\/div>\n<\/div>\n<\/div>\n<\/div>\n<\/div>\n<\/div>\n<\/div>\n<p>[\/vc_column_text][\/vc_column_inner][vc_column_inner width=&#8220;1\/6&#8243;][\/vc_column_inner][\/vc_row_inner][vc_row_inner equal_height=&#8220;yes&#8220; css=&#8220;.vc_custom_1568896646696{padding-top: 25px !important;}&#8220;][vc_column_inner el_class=&#8220;stolpec&#8220; width=&#8220;1\/3&#8243; css=&#8220;.vc_custom_1563367120639{border-top-width: 1px !important;border-right-width: 1px !important;border-bottom-width: 1px !important;border-left-width: 1px !important;padding-top: 25px !important;padding-right: 25px !important;padding-bottom: 25px !important;padding-left: 25px !important;border-left-color: #e8e8e8 !important;border-left-style: solid !important;border-right-color: #e8e8e8 !important;border-right-style: solid !important;border-top-color: #e8e8e8 !important;border-top-style: solid !important;border-bottom-color: #e8e8e8 !important;border-bottom-style: solid !important;}&#8220;][vc_single_image image=&#8220;21906&#8243; img_size=&#8220;medium&#8220; alignment=&#8220;center&#8220; onclick=&#8220;custom_link&#8220; link=&#8220;https:\/\/yudoeu.com\/yudo\/&#8220;][vc_column_text]N\u00e1vrhy a dod\u00e1vky hork\u00fdch vtokov\u00fdch syst\u00e9m\u016f, za\u0159\u00edzen\u00ed a p\u0159\u00edslu\u0161enstv\u00ed pro vst\u0159ikovac\u00ed formy[\/vc_column_text][\/vc_column_inner][vc_column_inner el_class=&#8220;stolpec&#8220; width=&#8220;1\/3&#8243; css=&#8220;.vc_custom_1563367127539{border-top-width: 1px !important;border-bottom-width: 1px !important;border-left-width: 1px !important;padding-top: 25px !important;padding-right: 25px !important;padding-bottom: 25px !important;padding-left: 25px !important;border-left-color: #e8e8e8 !important;border-left-style: solid !important;border-top-color: #e8e8e8 !important;border-top-style: solid !important;border-bottom-color: #e8e8e8 !important;border-bottom-style: solid !important;}&#8220;][vc_single_image image=&#8220;21947&#8243; img_size=&#8220;medium&#8220; alignment=&#8220;center&#8220; onclick=&#8220;custom_link&#8220; link=&#8220;http:\/\/www.nitrogas.com\/es\/Productos.aspx&#8220;][vc_column_text]<\/p>\n<p style=\"text-align: center\">Plynov\u00e9 pru\u017einy a kl\u00ednov\u00e9 jednotky<\/p>\n<p>[\/vc_column_text][\/vc_column_inner][vc_column_inner el_class=&#8220;stolpec&#8220; width=&#8220;1\/3&#8243; css=&#8220;.vc_custom_1563367133761{border-top-width: 1px !important;border-right-width: 1px !important;border-bottom-width: 1px !important;border-left-width: 1px !important;padding-top: 25px !important;padding-right: 25px !important;padding-bottom: 25px !important;padding-left: 25px !important;border-left-color: #e8e8e8 !important;border-left-style: solid !important;border-right-color: #e8e8e8 !important;border-right-style: solid !important;border-top-color: #e8e8e8 !important;border-top-style: solid !important;border-bottom-color: #e8e8e8 !important;border-bottom-style: solid !important;}&#8220;][vc_single_image image=&#8220;21941&#8243; img_size=&#8220;medium&#8220; alignment=&#8220;center&#8220; onclick=&#8220;custom_link&#8220; link=&#8220;https:\/\/www.i-mold.de\/en\/&#8220;][vc_column_text]<\/p>\n<p style=\"text-align: center\">Sm\u011brova\u010de vtoku<\/p>\n<p style=\"text-align: center\">Tunelov\u00e9 vtokov\u00e9 vlo\u017eky<\/p>\n<p>[\/vc_column_text][\/vc_column_inner][\/vc_row_inner][\/vc_column][\/vc_row]<\/p>\n<\/div>","protected":false},"excerpt":{"rendered":"<p>[vc_row css=&#8220;.vc_custom_1570002161741{padding-top: 50px !important;padding-bottom: 90px !important;}&#8220;][vc_column][vc_empty_space][vc_row_inner css=&#8220;.vc_custom_1568896654756{padding-bottom: 25px !important;}&#8220;][vc_column_inner width=&#8220;1\/6&#8243;][\/vc_column_inner][vc_column_inner width=&#8220;2\/3&#8243;][\/vc_column_inner][vc_column_inner width=&#8220;1\/6&#8243;][\/vc_column_inner][\/vc_row_inner][vc_row_inner][vc_column_inner width=&#8220;1\/6&#8243;][\/vc_column_inner][vc_column_inner width=&#8220;2\/3&#8243;][vc_column_text css=&#8220;.vc_custom_1569418345374{padding-top: 0px !important;padding-bottom: 0px !important;}&#8220; el_class=&#8220;textalign&#8220;] Spole\u010dnost KNP poskytuje syst\u00e9movou podporu pro dod\u00e1vky komponent\u016f, sestav a syst\u00e9m\u016f pro v\u00fdrobu nov\u00fdch n\u00e1stroj\u016f a forem a jejich \u00fadr\u017ebu. To je dosa\u017eeno \u0161irokou \u0161k\u00e1lou produkt\u016f, kter\u00e9 jsou kombinac\u00ed vlastn\u00ed v\u00fdroby a efektivn\u00ed distribuce zbo\u017e\u00ed [&hellip;]<\/p>\n","protected":false},"author":1,"featured_media":0,"parent":0,"menu_order":0,"comment_status":"closed","ping_status":"closed","template":"","meta":{"footnotes":""},"categories":[],"tags":[],"acf":[],"yoast_head":"<!-- This site is optimized with the Yoast SEO plugin v21.7 - https:\/\/yoast.com\/wordpress\/plugins\/seo\/ -->\n<title>Zastoupen\u00ed - KERN<\/title>\n<meta name=\"robots\" content=\"index, follow, max-snippet:-1, max-image-preview:large, max-video-preview:-1\" \/>\n<link rel=\"canonical\" href=\"https:\/\/www.kern.si\/cs\/zastoupeni\/\" \/>\n<meta property=\"og:locale\" content=\"cs_CZ\" \/>\n<meta property=\"og:type\" content=\"article\" \/>\n<meta property=\"og:title\" content=\"Zastoupen\u00ed - KERN\" \/>\n<meta property=\"og:description\" content=\"[vc_row css=&#8220;.vc_custom_1570002161741{padding-top: 50px !important;padding-bottom: 90px !important;}&#8220;][vc_column][vc_empty_space][vc_row_inner css=&#8220;.vc_custom_1568896654756{padding-bottom: 25px !important;}&#8220;][vc_column_inner width=&#8220;1\/6&#8243;][\/vc_column_inner][vc_column_inner width=&#8220;2\/3&#8243;][\/vc_column_inner][vc_column_inner width=&#8220;1\/6&#8243;][\/vc_column_inner][\/vc_row_inner][vc_row_inner][vc_column_inner width=&#8220;1\/6&#8243;][\/vc_column_inner][vc_column_inner width=&#8220;2\/3&#8243;][vc_column_text css=&#8220;.vc_custom_1569418345374{padding-top: 0px !important;padding-bottom: 0px !important;}&#8220; el_class=&#8220;textalign&#8220;] Spole\u010dnost KNP poskytuje syst\u00e9movou podporu pro dod\u00e1vky komponent\u016f, sestav a syst\u00e9m\u016f pro v\u00fdrobu nov\u00fdch n\u00e1stroj\u016f a forem a jejich \u00fadr\u017ebu. To je dosa\u017eeno \u0161irokou \u0161k\u00e1lou produkt\u016f, kter\u00e9 jsou kombinac\u00ed vlastn\u00ed v\u00fdroby a efektivn\u00ed distribuce zbo\u017e\u00ed [&hellip;]\" \/>\n<meta property=\"og:url\" content=\"https:\/\/www.kern.si\/cs\/zastoupeni\/\" \/>\n<meta property=\"og:site_name\" content=\"KERN\" \/>\n<meta property=\"article:modified_time\" content=\"2021-11-15T12:21:25+00:00\" \/>\n<meta name=\"twitter:card\" content=\"summary_large_image\" \/>\n<meta name=\"twitter:label1\" content=\"Odhadovan\u00e1 doba \u010dten\u00ed\" \/>\n\t<meta name=\"twitter:data1\" content=\"1 minuta\" \/>\n<script type=\"application\/ld+json\" class=\"yoast-schema-graph\">{\"@context\":\"https:\/\/schema.org\",\"@graph\":[{\"@type\":\"WebPage\",\"@id\":\"https:\/\/www.kern.si\/cs\/zastoupeni\/\",\"url\":\"https:\/\/www.kern.si\/cs\/zastoupeni\/\",\"name\":\"Zastoupen\u00ed - KERN\",\"isPartOf\":{\"@id\":\"https:\/\/www.kern.si\/cs\/#website\"},\"datePublished\":\"2019-09-23T13:44:29+00:00\",\"dateModified\":\"2021-11-15T12:21:25+00:00\",\"breadcrumb\":{\"@id\":\"https:\/\/www.kern.si\/cs\/zastoupeni\/#breadcrumb\"},\"inLanguage\":\"cs\",\"potentialAction\":[{\"@type\":\"ReadAction\",\"target\":[\"https:\/\/www.kern.si\/cs\/zastoupeni\/\"]}]},{\"@type\":\"BreadcrumbList\",\"@id\":\"https:\/\/www.kern.si\/cs\/zastoupeni\/#breadcrumb\",\"itemListElement\":[{\"@type\":\"ListItem\",\"position\":1,\"name\":\"Home\",\"item\":\"https:\/\/www.kern.si\/cs\/\"},{\"@type\":\"ListItem\",\"position\":2,\"name\":\"Zastoupen\u00ed\"}]},{\"@type\":\"WebSite\",\"@id\":\"https:\/\/www.kern.si\/cs\/#website\",\"url\":\"https:\/\/www.kern.si\/cs\/\",\"name\":\"KERN\",\"description\":\"\",\"potentialAction\":[{\"@type\":\"SearchAction\",\"target\":{\"@type\":\"EntryPoint\",\"urlTemplate\":\"https:\/\/www.kern.si\/cs\/?s={search_term_string}\"},\"query-input\":\"required name=search_term_string\"}],\"inLanguage\":\"cs\"}]}<\/script>\n<!-- \/ Yoast SEO plugin. -->","yoast_head_json":{"title":"Zastoupen\u00ed - KERN","robots":{"index":"index","follow":"follow","max-snippet":"max-snippet:-1","max-image-preview":"max-image-preview:large","max-video-preview":"max-video-preview:-1"},"canonical":"https:\/\/www.kern.si\/cs\/zastoupeni\/","og_locale":"cs_CZ","og_type":"article","og_title":"Zastoupen\u00ed - KERN","og_description":"[vc_row css=&#8220;.vc_custom_1570002161741{padding-top: 50px !important;padding-bottom: 90px !important;}&#8220;][vc_column][vc_empty_space][vc_row_inner css=&#8220;.vc_custom_1568896654756{padding-bottom: 25px !important;}&#8220;][vc_column_inner width=&#8220;1\/6&#8243;][\/vc_column_inner][vc_column_inner width=&#8220;2\/3&#8243;][\/vc_column_inner][vc_column_inner width=&#8220;1\/6&#8243;][\/vc_column_inner][\/vc_row_inner][vc_row_inner][vc_column_inner width=&#8220;1\/6&#8243;][\/vc_column_inner][vc_column_inner width=&#8220;2\/3&#8243;][vc_column_text css=&#8220;.vc_custom_1569418345374{padding-top: 0px !important;padding-bottom: 0px !important;}&#8220; el_class=&#8220;textalign&#8220;] Spole\u010dnost KNP poskytuje syst\u00e9movou podporu pro dod\u00e1vky komponent\u016f, sestav a syst\u00e9m\u016f pro v\u00fdrobu nov\u00fdch n\u00e1stroj\u016f a forem a jejich \u00fadr\u017ebu. To je dosa\u017eeno \u0161irokou \u0161k\u00e1lou produkt\u016f, kter\u00e9 jsou kombinac\u00ed vlastn\u00ed v\u00fdroby a efektivn\u00ed distribuce zbo\u017e\u00ed [&hellip;]","og_url":"https:\/\/www.kern.si\/cs\/zastoupeni\/","og_site_name":"KERN","article_modified_time":"2021-11-15T12:21:25+00:00","twitter_card":"summary_large_image","twitter_misc":{"Odhadovan\u00e1 doba \u010dten\u00ed":"1 minuta"},"schema":{"@context":"https:\/\/schema.org","@graph":[{"@type":"WebPage","@id":"https:\/\/www.kern.si\/cs\/zastoupeni\/","url":"https:\/\/www.kern.si\/cs\/zastoupeni\/","name":"Zastoupen\u00ed - KERN","isPartOf":{"@id":"https:\/\/www.kern.si\/cs\/#website"},"datePublished":"2019-09-23T13:44:29+00:00","dateModified":"2021-11-15T12:21:25+00:00","breadcrumb":{"@id":"https:\/\/www.kern.si\/cs\/zastoupeni\/#breadcrumb"},"inLanguage":"cs","potentialAction":[{"@type":"ReadAction","target":["https:\/\/www.kern.si\/cs\/zastoupeni\/"]}]},{"@type":"BreadcrumbList","@id":"https:\/\/www.kern.si\/cs\/zastoupeni\/#breadcrumb","itemListElement":[{"@type":"ListItem","position":1,"name":"Home","item":"https:\/\/www.kern.si\/cs\/"},{"@type":"ListItem","position":2,"name":"Zastoupen\u00ed"}]},{"@type":"WebSite","@id":"https:\/\/www.kern.si\/cs\/#website","url":"https:\/\/www.kern.si\/cs\/","name":"KERN","description":"","potentialAction":[{"@type":"SearchAction","target":{"@type":"EntryPoint","urlTemplate":"https:\/\/www.kern.si\/cs\/?s={search_term_string}"},"query-input":"required name=search_term_string"}],"inLanguage":"cs"}]}},"_links":{"self":[{"href":"https:\/\/www.kern.si\/cs\/wp-json\/wp\/v2\/pages\/17181"}],"collection":[{"href":"https:\/\/www.kern.si\/cs\/wp-json\/wp\/v2\/pages"}],"about":[{"href":"https:\/\/www.kern.si\/cs\/wp-json\/wp\/v2\/types\/page"}],"author":[{"embeddable":true,"href":"https:\/\/www.kern.si\/cs\/wp-json\/wp\/v2\/users\/1"}],"replies":[{"embeddable":true,"href":"https:\/\/www.kern.si\/cs\/wp-json\/wp\/v2\/comments?post=17181"}],"version-history":[{"count":9,"href":"https:\/\/www.kern.si\/cs\/wp-json\/wp\/v2\/pages\/17181\/revisions"}],"predecessor-version":[{"id":26520,"href":"https:\/\/www.kern.si\/cs\/wp-json\/wp\/v2\/pages\/17181\/revisions\/26520"}],"wp:attachment":[{"href":"https:\/\/www.kern.si\/cs\/wp-json\/wp\/v2\/media?parent=17181"}],"wp:term":[{"taxonomy":"category","embeddable":true,"href":"https:\/\/www.kern.si\/cs\/wp-json\/wp\/v2\/categories?post=17181"},{"taxonomy":"post_tag","embeddable":true,"href":"https:\/\/www.kern.si\/cs\/wp-json\/wp\/v2\/tags?post=17181"}],"curies":[{"name":"wp","href":"https:\/\/api.w.org\/{rel}","templated":true}]}}