{"id":17260,"date":"2019-09-25T16:25:20","date_gmt":"2019-09-25T14:25:20","guid":{"rendered":"https:\/\/beta.webis.si\/kern\/vodici-stojanky-2-desky\/"},"modified":"2021-06-15T12:21:53","modified_gmt":"2021-06-15T10:21:53","slug":"vodici-stojanky-2-desky","status":"publish","type":"page","link":"https:\/\/www.kern.si\/cs\/lisovaci-nastroje\/vodici-stojanky\/vodici-stojanky-2-desky\/","title":{"rendered":"Vod\u00edc\u00ed stoj\u00e1nky 2-desky"},"content":{"rendered":"<div class=\"wpb-content-wrapper\"><p>[vc_row css=&#8220;.vc_custom_1569344673511{padding-top: 25px !important;}&#8220;][vc_column][vc_column_text]Dod\u00e1v\u00e1me i vod\u00edc\u00ed desky vyroben\u00e9 na zak\u00e1zku.<\/p>\n<p>V p\u0159\u00edpad\u011b, \u017ee pot\u0159ebujete nab\u00eddku, za\u0161lete n\u00e1m pros\u00edm popt\u00e1vku s v\u00fdkresy na e-mail info@knp.cz.[\/vc_column_text][\/vc_column][\/vc_row][vc_row][vc_column width=&#8220;5\/6&#8243;][vc_single_image image=&#8220;16725&#8243; img_size=&#8220;full&#8220;][\/vc_column][vc_column width=&#8220;1\/6&#8243;][vc_btn title=&#8220;PDF&#8220; style=&#8220;custom&#8220; custom_background=&#8220;#7690c9&#8243; custom_text=&#8220;#ffffff&#8220; align=&#8220;center&#8220; i_icon_fontawesome=&#8220;fa fa-file-pdf-o&#8220; add_icon=&#8220;true&#8220; link=&#8220;url:http%3A%2F%2Fwww.kern.si%2Fwp-content%2Fuploads%2F2017%2F06%2F1112-1142-2.pdf|target:%20_blank|&#8220;][vc_btn title=&#8220;Fill in form&#8220; style=&#8220;custom&#8220; custom_background=&#8220;#7690c9&#8243; custom_text=&#8220;#ffffff&#8220; align=&#8220;center&#8220; i_icon_fontawesome=&#8220;fa fa-file-pdf-o&#8220; add_icon=&#8220;true&#8220; link=&#8220;url:http%3A%2F%2Fwww.kern.si%2Fwp-content%2Fuploads%2F2018%2F08%2F1112-1142_obrazec.pdf|target:%20_blank|&#8220;][\/vc_column][\/vc_row]<\/p>\n<\/div>","protected":false},"excerpt":{"rendered":"<p>[vc_row css=&#8220;.vc_custom_1569344673511{padding-top: 25px !important;}&#8220;][vc_column][vc_column_text]Dod\u00e1v\u00e1me i vod\u00edc\u00ed desky vyroben\u00e9 na zak\u00e1zku. V p\u0159\u00edpad\u011b, \u017ee pot\u0159ebujete nab\u00eddku, za\u0161lete n\u00e1m pros\u00edm popt\u00e1vku s v\u00fdkresy na e-mail info@knp.cz.[\/vc_column_text][\/vc_column][\/vc_row][vc_row][vc_column width=&#8220;5\/6&#8243;][vc_single_image image=&#8220;16725&#8243; img_size=&#8220;full&#8220;][\/vc_column][vc_column width=&#8220;1\/6&#8243;][vc_btn title=&#8220;PDF&#8220; style=&#8220;custom&#8220; custom_background=&#8220;#7690c9&#8243; custom_text=&#8220;#ffffff&#8220; align=&#8220;center&#8220; i_icon_fontawesome=&#8220;fa fa-file-pdf-o&#8220; add_icon=&#8220;true&#8220; link=&#8220;url:http%3A%2F%2Fwww.kern.si%2Fwp-content%2Fuploads%2F2017%2F06%2F1112-1142-2.pdf|target:%20_blank|&#8220;][vc_btn title=&#8220;Fill in form&#8220; style=&#8220;custom&#8220; custom_background=&#8220;#7690c9&#8243; custom_text=&#8220;#ffffff&#8220; align=&#8220;center&#8220; i_icon_fontawesome=&#8220;fa fa-file-pdf-o&#8220; add_icon=&#8220;true&#8220; link=&#8220;url:http%3A%2F%2Fwww.kern.si%2Fwp-content%2Fuploads%2F2018%2F08%2F1112-1142_obrazec.pdf|target:%20_blank|&#8220;][\/vc_column][\/vc_row]<\/p>\n","protected":false},"author":1,"featured_media":0,"parent":17248,"menu_order":0,"comment_status":"open","ping_status":"closed","template":"","meta":{"footnotes":""},"categories":[557],"tags":[],"acf":[],"yoast_head":"<!-- This site is optimized with the Yoast SEO plugin v21.7 - https:\/\/yoast.com\/wordpress\/plugins\/seo\/ -->\n<title>Vod\u00edc\u00ed stoj\u00e1nky 2-desky - KERN<\/title>\n<meta name=\"robots\" content=\"index, follow, max-snippet:-1, max-image-preview:large, max-video-preview:-1\" \/>\n<link rel=\"canonical\" href=\"https:\/\/www.kern.si\/cs\/lisovaci-nastroje\/vodici-stojanky\/vodici-stojanky-2-desky\/\" \/>\n<meta property=\"og:locale\" content=\"cs_CZ\" \/>\n<meta property=\"og:type\" content=\"article\" \/>\n<meta property=\"og:title\" content=\"Vod\u00edc\u00ed stoj\u00e1nky 2-desky - KERN\" \/>\n<meta property=\"og:description\" content=\"[vc_row css=&#8220;.vc_custom_1569344673511{padding-top: 25px !important;}&#8220;][vc_column][vc_column_text]Dod\u00e1v\u00e1me i vod\u00edc\u00ed desky vyroben\u00e9 na zak\u00e1zku. V p\u0159\u00edpad\u011b, \u017ee pot\u0159ebujete nab\u00eddku, za\u0161lete n\u00e1m pros\u00edm popt\u00e1vku s v\u00fdkresy na e-mail info@knp.cz.[\/vc_column_text][\/vc_column][\/vc_row][vc_row][vc_column width=&#8220;5\/6&#8243;][vc_single_image image=&#8220;16725&#8243; img_size=&#8220;full&#8220;][\/vc_column][vc_column width=&#8220;1\/6&#8243;][vc_btn title=&#8220;PDF&#8220; style=&#8220;custom&#8220; custom_background=&#8220;#7690c9&#8243; custom_text=&#8220;#ffffff&#8220; align=&#8220;center&#8220; i_icon_fontawesome=&#8220;fa fa-file-pdf-o&#8220; add_icon=&#8220;true&#8220; link=&#8220;url:http%3A%2F%2Fwww.kern.si%2Fwp-content%2Fuploads%2F2017%2F06%2F1112-1142-2.pdf|target:%20_blank|&#8220;][vc_btn title=&#8220;Fill in form&#8220; style=&#8220;custom&#8220; custom_background=&#8220;#7690c9&#8243; custom_text=&#8220;#ffffff&#8220; align=&#8220;center&#8220; i_icon_fontawesome=&#8220;fa fa-file-pdf-o&#8220; add_icon=&#8220;true&#8220; link=&#8220;url:http%3A%2F%2Fwww.kern.si%2Fwp-content%2Fuploads%2F2018%2F08%2F1112-1142_obrazec.pdf|target:%20_blank|&#8220;][\/vc_column][\/vc_row]\" \/>\n<meta property=\"og:url\" content=\"https:\/\/www.kern.si\/cs\/lisovaci-nastroje\/vodici-stojanky\/vodici-stojanky-2-desky\/\" \/>\n<meta property=\"og:site_name\" content=\"KERN\" \/>\n<meta property=\"article:modified_time\" content=\"2021-06-15T10:21:53+00:00\" \/>\n<meta name=\"twitter:card\" content=\"summary_large_image\" \/>\n<meta name=\"twitter:label1\" content=\"Odhadovan\u00e1 doba \u010dten\u00ed\" \/>\n\t<meta name=\"twitter:data1\" content=\"1 minuta\" \/>\n<script type=\"application\/ld+json\" class=\"yoast-schema-graph\">{\"@context\":\"https:\/\/schema.org\",\"@graph\":[{\"@type\":\"WebPage\",\"@id\":\"https:\/\/www.kern.si\/cs\/lisovaci-nastroje\/vodici-stojanky\/vodici-stojanky-2-desky\/\",\"url\":\"https:\/\/www.kern.si\/cs\/lisovaci-nastroje\/vodici-stojanky\/vodici-stojanky-2-desky\/\",\"name\":\"Vod\u00edc\u00ed stoj\u00e1nky 2-desky - KERN\",\"isPartOf\":{\"@id\":\"https:\/\/www.kern.si\/cs\/#website\"},\"datePublished\":\"2019-09-25T14:25:20+00:00\",\"dateModified\":\"2021-06-15T10:21:53+00:00\",\"breadcrumb\":{\"@id\":\"https:\/\/www.kern.si\/cs\/lisovaci-nastroje\/vodici-stojanky\/vodici-stojanky-2-desky\/#breadcrumb\"},\"inLanguage\":\"cs\",\"potentialAction\":[{\"@type\":\"ReadAction\",\"target\":[\"https:\/\/www.kern.si\/cs\/lisovaci-nastroje\/vodici-stojanky\/vodici-stojanky-2-desky\/\"]}]},{\"@type\":\"BreadcrumbList\",\"@id\":\"https:\/\/www.kern.si\/cs\/lisovaci-nastroje\/vodici-stojanky\/vodici-stojanky-2-desky\/#breadcrumb\",\"itemListElement\":[{\"@type\":\"ListItem\",\"position\":1,\"name\":\"Home\",\"item\":\"https:\/\/www.kern.si\/cs\/\"},{\"@type\":\"ListItem\",\"position\":2,\"name\":\"Lisovac\u00ed n\u00e1stroje\",\"item\":\"https:\/\/www.kern.si\/cs\/lisovaci-nastroje\/\"},{\"@type\":\"ListItem\",\"position\":3,\"name\":\"Vod\u00edc\u00ed stoj\u00e1nky\",\"item\":\"https:\/\/www.kern.si\/cs\/lisovaci-nastroje\/vodici-stojanky\/\"},{\"@type\":\"ListItem\",\"position\":4,\"name\":\"Vod\u00edc\u00ed stoj\u00e1nky 2-desky\"}]},{\"@type\":\"WebSite\",\"@id\":\"https:\/\/www.kern.si\/cs\/#website\",\"url\":\"https:\/\/www.kern.si\/cs\/\",\"name\":\"KERN\",\"description\":\"\",\"potentialAction\":[{\"@type\":\"SearchAction\",\"target\":{\"@type\":\"EntryPoint\",\"urlTemplate\":\"https:\/\/www.kern.si\/cs\/?s={search_term_string}\"},\"query-input\":\"required name=search_term_string\"}],\"inLanguage\":\"cs\"}]}<\/script>\n<!-- \/ Yoast SEO plugin. -->","yoast_head_json":{"title":"Vod\u00edc\u00ed stoj\u00e1nky 2-desky - KERN","robots":{"index":"index","follow":"follow","max-snippet":"max-snippet:-1","max-image-preview":"max-image-preview:large","max-video-preview":"max-video-preview:-1"},"canonical":"https:\/\/www.kern.si\/cs\/lisovaci-nastroje\/vodici-stojanky\/vodici-stojanky-2-desky\/","og_locale":"cs_CZ","og_type":"article","og_title":"Vod\u00edc\u00ed stoj\u00e1nky 2-desky - KERN","og_description":"[vc_row css=&#8220;.vc_custom_1569344673511{padding-top: 25px !important;}&#8220;][vc_column][vc_column_text]Dod\u00e1v\u00e1me i vod\u00edc\u00ed desky vyroben\u00e9 na zak\u00e1zku. V p\u0159\u00edpad\u011b, \u017ee pot\u0159ebujete nab\u00eddku, za\u0161lete n\u00e1m pros\u00edm popt\u00e1vku s v\u00fdkresy na e-mail info@knp.cz.[\/vc_column_text][\/vc_column][\/vc_row][vc_row][vc_column width=&#8220;5\/6&#8243;][vc_single_image image=&#8220;16725&#8243; img_size=&#8220;full&#8220;][\/vc_column][vc_column width=&#8220;1\/6&#8243;][vc_btn title=&#8220;PDF&#8220; style=&#8220;custom&#8220; custom_background=&#8220;#7690c9&#8243; custom_text=&#8220;#ffffff&#8220; align=&#8220;center&#8220; i_icon_fontawesome=&#8220;fa fa-file-pdf-o&#8220; add_icon=&#8220;true&#8220; link=&#8220;url:http%3A%2F%2Fwww.kern.si%2Fwp-content%2Fuploads%2F2017%2F06%2F1112-1142-2.pdf|target:%20_blank|&#8220;][vc_btn title=&#8220;Fill in form&#8220; style=&#8220;custom&#8220; custom_background=&#8220;#7690c9&#8243; custom_text=&#8220;#ffffff&#8220; align=&#8220;center&#8220; i_icon_fontawesome=&#8220;fa fa-file-pdf-o&#8220; add_icon=&#8220;true&#8220; link=&#8220;url:http%3A%2F%2Fwww.kern.si%2Fwp-content%2Fuploads%2F2018%2F08%2F1112-1142_obrazec.pdf|target:%20_blank|&#8220;][\/vc_column][\/vc_row]","og_url":"https:\/\/www.kern.si\/cs\/lisovaci-nastroje\/vodici-stojanky\/vodici-stojanky-2-desky\/","og_site_name":"KERN","article_modified_time":"2021-06-15T10:21:53+00:00","twitter_card":"summary_large_image","twitter_misc":{"Odhadovan\u00e1 doba \u010dten\u00ed":"1 minuta"},"schema":{"@context":"https:\/\/schema.org","@graph":[{"@type":"WebPage","@id":"https:\/\/www.kern.si\/cs\/lisovaci-nastroje\/vodici-stojanky\/vodici-stojanky-2-desky\/","url":"https:\/\/www.kern.si\/cs\/lisovaci-nastroje\/vodici-stojanky\/vodici-stojanky-2-desky\/","name":"Vod\u00edc\u00ed stoj\u00e1nky 2-desky - KERN","isPartOf":{"@id":"https:\/\/www.kern.si\/cs\/#website"},"datePublished":"2019-09-25T14:25:20+00:00","dateModified":"2021-06-15T10:21:53+00:00","breadcrumb":{"@id":"https:\/\/www.kern.si\/cs\/lisovaci-nastroje\/vodici-stojanky\/vodici-stojanky-2-desky\/#breadcrumb"},"inLanguage":"cs","potentialAction":[{"@type":"ReadAction","target":["https:\/\/www.kern.si\/cs\/lisovaci-nastroje\/vodici-stojanky\/vodici-stojanky-2-desky\/"]}]},{"@type":"BreadcrumbList","@id":"https:\/\/www.kern.si\/cs\/lisovaci-nastroje\/vodici-stojanky\/vodici-stojanky-2-desky\/#breadcrumb","itemListElement":[{"@type":"ListItem","position":1,"name":"Home","item":"https:\/\/www.kern.si\/cs\/"},{"@type":"ListItem","position":2,"name":"Lisovac\u00ed n\u00e1stroje","item":"https:\/\/www.kern.si\/cs\/lisovaci-nastroje\/"},{"@type":"ListItem","position":3,"name":"Vod\u00edc\u00ed stoj\u00e1nky","item":"https:\/\/www.kern.si\/cs\/lisovaci-nastroje\/vodici-stojanky\/"},{"@type":"ListItem","position":4,"name":"Vod\u00edc\u00ed stoj\u00e1nky 2-desky"}]},{"@type":"WebSite","@id":"https:\/\/www.kern.si\/cs\/#website","url":"https:\/\/www.kern.si\/cs\/","name":"KERN","description":"","potentialAction":[{"@type":"SearchAction","target":{"@type":"EntryPoint","urlTemplate":"https:\/\/www.kern.si\/cs\/?s={search_term_string}"},"query-input":"required name=search_term_string"}],"inLanguage":"cs"}]}},"_links":{"self":[{"href":"https:\/\/www.kern.si\/cs\/wp-json\/wp\/v2\/pages\/17260"}],"collection":[{"href":"https:\/\/www.kern.si\/cs\/wp-json\/wp\/v2\/pages"}],"about":[{"href":"https:\/\/www.kern.si\/cs\/wp-json\/wp\/v2\/types\/page"}],"author":[{"embeddable":true,"href":"https:\/\/www.kern.si\/cs\/wp-json\/wp\/v2\/users\/1"}],"replies":[{"embeddable":true,"href":"https:\/\/www.kern.si\/cs\/wp-json\/wp\/v2\/comments?post=17260"}],"version-history":[{"count":5,"href":"https:\/\/www.kern.si\/cs\/wp-json\/wp\/v2\/pages\/17260\/revisions"}],"predecessor-version":[{"id":26511,"href":"https:\/\/www.kern.si\/cs\/wp-json\/wp\/v2\/pages\/17260\/revisions\/26511"}],"up":[{"embeddable":true,"href":"https:\/\/www.kern.si\/cs\/wp-json\/wp\/v2\/pages\/17248"}],"wp:attachment":[{"href":"https:\/\/www.kern.si\/cs\/wp-json\/wp\/v2\/media?parent=17260"}],"wp:term":[{"taxonomy":"category","embeddable":true,"href":"https:\/\/www.kern.si\/cs\/wp-json\/wp\/v2\/categories?post=17260"},{"taxonomy":"post_tag","embeddable":true,"href":"https:\/\/www.kern.si\/cs\/wp-json\/wp\/v2\/tags?post=17260"}],"curies":[{"name":"wp","href":"https:\/\/api.w.org\/{rel}","templated":true}]}}