{"id":19248,"date":"2019-09-26T15:57:40","date_gmt":"2019-09-26T13:57:40","guid":{"rendered":"https:\/\/beta.webis.si\/kern\/lisovaci-nastroje\/vodilni-elementi\/kluzne-vedeni\/"},"modified":"2019-10-02T10:38:57","modified_gmt":"2019-10-02T08:38:57","slug":"kluzne-vedeni","status":"publish","type":"page","link":"https:\/\/www.kern.si\/cs\/lisovaci-nastroje\/vodici-dily\/kluzne-vedeni\/","title":{"rendered":"Kluzn\u00e9 veden\u00ed"},"content":{"rendered":"<div class=\"wpb-content-wrapper\"><p>[vc_row el_class=&#8220;tabi&#8220;][vc_column][vc_row_inner][vc_column_inner][\/vc_column_inner][\/vc_row_inner][vc_separator color=&#8220;sky&#8220; align=&#8220;align_left&#8220; border_width=&#8220;3&#8243; el_width=&#8220;40&#8243; css=&#8220;.vc_custom_1563449956425{margin-left: -20px !important;}&#8220;][vc_row_inner equal_height=&#8220;yes&#8220;][vc_column_inner el_class=&#8220;stolpec&#8220; width=&#8220;1\/3&#8243; css=&#8220;.vc_custom_1563460230032{margin-right: 0px !important;border-top-width: 1px !important;border-right-width: 1px !important;border-bottom-width: 1px !important;border-left-width: 1px !important;padding-top: 25px !important;padding-right: 25px !important;padding-bottom: 25px !important;padding-left: 25px !important;border-left-color: #e8e8e8 !important;border-left-style: solid !important;border-right-color: #e8e8e8 !important;border-right-style: solid !important;border-top-color: #e8e8e8 !important;border-top-style: solid !important;border-bottom-color: #e8e8e8 !important;border-bottom-style: solid !important;}&#8220;][vc_single_image image=&#8220;19251&#8243; img_size=&#8220;medium&#8220; alignment=&#8220;center&#8220; onclick=&#8220;custom_link&#8220; link=&#8220;kluzne-vedeni-sloupky&#8220;][vc_custom_heading text=&#8220;SLOUPKY&#8220; font_container=&#8220;tag:h4|text_align:center&#8220; use_theme_fonts=&#8220;yes&#8220; link=&#8220;url:%2Fcs%2Flisovaci-nastroje%2Fvodici-dily%2Fkluzne-vedeni%2Fkluzne-vedeni-sloupky%2F|||&#8220;][\/vc_column_inner][vc_column_inner el_class=&#8220;stolpec&#8220; width=&#8220;1\/3&#8243; css=&#8220;.vc_custom_1563460348623{margin-left: 0px !important;border-top-width: 1px !important;border-right-width: 1px !important;border-bottom-width: 1px !important;border-left-width: 1px !important;padding-top: 25px !important;padding-right: 25px !important;padding-bottom: 25px !important;padding-left: 25px !important;border-left-color: #e8e8e8 !important;border-left-style: solid !important;border-right-color: #e8e8e8 !important;border-right-style: solid !important;border-top-color: #e8e8e8 !important;border-top-style: solid !important;border-bottom-color: #e8e8e8 !important;border-bottom-style: solid !important;}&#8220;][vc_single_image image=&#8220;19250&#8243; img_size=&#8220;medium&#8220; alignment=&#8220;center&#8220; onclick=&#8220;custom_link&#8220; link=&#8220;kluzne-vedeni-pouzdra&#8220;][vc_custom_heading text=&#8220;POUZDRA&#8220; font_container=&#8220;tag:h4|text_align:center&#8220; use_theme_fonts=&#8220;yes&#8220; link=&#8220;url:%2Fcs%2Flisovaci-nastroje%2Fvodici-dily%2Fkluzne-vedeni%2Fkluzne-vedeni-pouzdra%2F|||&#8220;][\/vc_column_inner][vc_column_inner el_class=&#8220;stolpec&#8220; width=&#8220;1\/3&#8243; css=&#8220;.vc_custom_1563514919214{margin-top: 0px !important;margin-right: 0px !important;margin-bottom: 0px !important;margin-left: 0px !important;border-top-width: 1px !important;border-right-width: 1px !important;border-bottom-width: 1px !important;border-left-width: 1px !important;padding-top: 25px !important;padding-right: 25px !important;padding-bottom: 25px !important;padding-left: 25px !important;border-left-color: #e8e8e8 !important;border-left-style: solid !important;border-right-color: #e8e8e8 !important;border-right-style: solid !important;border-top-color: #e8e8e8 !important;border-top-style: solid !important;border-bottom-color: #e8e8e8 !important;border-bottom-style: solid !important;}&#8220;][vc_single_image image=&#8220;19249&#8243; img_size=&#8220;medium&#8220; alignment=&#8220;center&#8220; onclick=&#8220;custom_link&#8220; link=&#8220;kluzne-vedeni-prislusenstvi&#8220;][vc_custom_heading text=&#8220;P\u0158\u00cdSLU\u0160ENSTV\u00cd&#8220; font_container=&#8220;tag:h4|text_align:center&#8220; use_theme_fonts=&#8220;yes&#8220; link=&#8220;url:%2Fcs%2Flisovaci-nastroje%2Fvodici-dily%2Fkluzne-vedeni%2Fkluzne-vedeni-prislusenstvi%2F|title:Slide%20bearing%20%E2%80%93%20accessories||&#8220;][\/vc_column_inner][\/vc_row_inner][\/vc_column][\/vc_row]<\/p>\n<\/div>","protected":false},"excerpt":{"rendered":"<p>[vc_row el_class=&#8220;tabi&#8220;][vc_column][vc_row_inner][vc_column_inner][\/vc_column_inner][\/vc_row_inner][vc_separator color=&#8220;sky&#8220; align=&#8220;align_left&#8220; border_width=&#8220;3&#8243; el_width=&#8220;40&#8243; css=&#8220;.vc_custom_1563449956425{margin-left: -20px !important;}&#8220;][vc_row_inner equal_height=&#8220;yes&#8220;][vc_column_inner el_class=&#8220;stolpec&#8220; width=&#8220;1\/3&#8243; css=&#8220;.vc_custom_1563460230032{margin-right: 0px !important;border-top-width: 1px !important;border-right-width: 1px !important;border-bottom-width: 1px !important;border-left-width: 1px !important;padding-top: 25px !important;padding-right: 25px !important;padding-bottom: 25px !important;padding-left: 25px !important;border-left-color: #e8e8e8 !important;border-left-style: solid !important;border-right-color: #e8e8e8 !important;border-right-style: solid !important;border-top-color: #e8e8e8 !important;border-top-style: solid !important;border-bottom-color: #e8e8e8 !important;border-bottom-style: solid !important;}&#8220;][vc_single_image image=&#8220;19251&#8243; img_size=&#8220;medium&#8220; alignment=&#8220;center&#8220; onclick=&#8220;custom_link&#8220; link=&#8220;kluzne-vedeni-sloupky&#8220;][vc_custom_heading text=&#8220;SLOUPKY&#8220; font_container=&#8220;tag:h4|text_align:center&#8220; use_theme_fonts=&#8220;yes&#8220; [&hellip;]<\/p>\n","protected":false},"author":1,"featured_media":0,"parent":17267,"menu_order":0,"comment_status":"closed","ping_status":"closed","template":"","meta":{"footnotes":""},"categories":[],"tags":[],"acf":[],"yoast_head":"<!-- This site is optimized with the Yoast SEO plugin v21.7 - https:\/\/yoast.com\/wordpress\/plugins\/seo\/ -->\n<title>Kluzn\u00e9 veden\u00ed - KERN<\/title>\n<meta name=\"robots\" content=\"index, follow, max-snippet:-1, max-image-preview:large, max-video-preview:-1\" \/>\n<link rel=\"canonical\" href=\"https:\/\/www.kern.si\/cs\/lisovaci-nastroje\/vodici-dily\/kluzne-vedeni\/\" \/>\n<meta property=\"og:locale\" content=\"cs_CZ\" \/>\n<meta property=\"og:type\" content=\"article\" \/>\n<meta property=\"og:title\" content=\"Kluzn\u00e9 veden\u00ed - KERN\" \/>\n<meta property=\"og:description\" content=\"[vc_row el_class=&#8220;tabi&#8220;][vc_column][vc_row_inner][vc_column_inner][\/vc_column_inner][\/vc_row_inner][vc_separator color=&#8220;sky&#8220; align=&#8220;align_left&#8220; border_width=&#8220;3&#8243; el_width=&#8220;40&#8243; css=&#8220;.vc_custom_1563449956425{margin-left: -20px !important;}&#8220;][vc_row_inner equal_height=&#8220;yes&#8220;][vc_column_inner el_class=&#8220;stolpec&#8220; width=&#8220;1\/3&#8243; css=&#8220;.vc_custom_1563460230032{margin-right: 0px !important;border-top-width: 1px !important;border-right-width: 1px !important;border-bottom-width: 1px !important;border-left-width: 1px !important;padding-top: 25px !important;padding-right: 25px !important;padding-bottom: 25px !important;padding-left: 25px !important;border-left-color: #e8e8e8 !important;border-left-style: solid !important;border-right-color: #e8e8e8 !important;border-right-style: solid !important;border-top-color: #e8e8e8 !important;border-top-style: solid !important;border-bottom-color: #e8e8e8 !important;border-bottom-style: solid !important;}&#8220;][vc_single_image image=&#8220;19251&#8243; img_size=&#8220;medium&#8220; alignment=&#8220;center&#8220; onclick=&#8220;custom_link&#8220; link=&#8220;kluzne-vedeni-sloupky&#8220;][vc_custom_heading text=&#8220;SLOUPKY&#8220; font_container=&#8220;tag:h4|text_align:center&#8220; use_theme_fonts=&#8220;yes&#8220; [&hellip;]\" \/>\n<meta property=\"og:url\" content=\"https:\/\/www.kern.si\/cs\/lisovaci-nastroje\/vodici-dily\/kluzne-vedeni\/\" \/>\n<meta property=\"og:site_name\" content=\"KERN\" \/>\n<meta property=\"article:modified_time\" content=\"2019-10-02T08:38:57+00:00\" \/>\n<meta name=\"twitter:card\" content=\"summary_large_image\" \/>\n<meta name=\"twitter:label1\" content=\"Odhadovan\u00e1 doba \u010dten\u00ed\" \/>\n\t<meta name=\"twitter:data1\" content=\"2 minuty\" \/>\n<script type=\"application\/ld+json\" class=\"yoast-schema-graph\">{\"@context\":\"https:\/\/schema.org\",\"@graph\":[{\"@type\":\"WebPage\",\"@id\":\"https:\/\/www.kern.si\/cs\/lisovaci-nastroje\/vodici-dily\/kluzne-vedeni\/\",\"url\":\"https:\/\/www.kern.si\/cs\/lisovaci-nastroje\/vodici-dily\/kluzne-vedeni\/\",\"name\":\"Kluzn\u00e9 veden\u00ed - KERN\",\"isPartOf\":{\"@id\":\"https:\/\/www.kern.si\/cs\/#website\"},\"datePublished\":\"2019-09-26T13:57:40+00:00\",\"dateModified\":\"2019-10-02T08:38:57+00:00\",\"breadcrumb\":{\"@id\":\"https:\/\/www.kern.si\/cs\/lisovaci-nastroje\/vodici-dily\/kluzne-vedeni\/#breadcrumb\"},\"inLanguage\":\"cs\",\"potentialAction\":[{\"@type\":\"ReadAction\",\"target\":[\"https:\/\/www.kern.si\/cs\/lisovaci-nastroje\/vodici-dily\/kluzne-vedeni\/\"]}]},{\"@type\":\"BreadcrumbList\",\"@id\":\"https:\/\/www.kern.si\/cs\/lisovaci-nastroje\/vodici-dily\/kluzne-vedeni\/#breadcrumb\",\"itemListElement\":[{\"@type\":\"ListItem\",\"position\":1,\"name\":\"Home\",\"item\":\"https:\/\/www.kern.si\/cs\/\"},{\"@type\":\"ListItem\",\"position\":2,\"name\":\"Lisovac\u00ed n\u00e1stroje\",\"item\":\"https:\/\/www.kern.si\/cs\/lisovaci-nastroje\/\"},{\"@type\":\"ListItem\",\"position\":3,\"name\":\"Vod\u00edc\u00ed d\u00edly\",\"item\":\"https:\/\/www.kern.si\/cs\/lisovaci-nastroje\/vodici-dily\/\"},{\"@type\":\"ListItem\",\"position\":4,\"name\":\"Kluzn\u00e9 veden\u00ed\"}]},{\"@type\":\"WebSite\",\"@id\":\"https:\/\/www.kern.si\/cs\/#website\",\"url\":\"https:\/\/www.kern.si\/cs\/\",\"name\":\"KERN\",\"description\":\"\",\"potentialAction\":[{\"@type\":\"SearchAction\",\"target\":{\"@type\":\"EntryPoint\",\"urlTemplate\":\"https:\/\/www.kern.si\/cs\/?s={search_term_string}\"},\"query-input\":\"required name=search_term_string\"}],\"inLanguage\":\"cs\"}]}<\/script>\n<!-- \/ Yoast SEO plugin. -->","yoast_head_json":{"title":"Kluzn\u00e9 veden\u00ed - KERN","robots":{"index":"index","follow":"follow","max-snippet":"max-snippet:-1","max-image-preview":"max-image-preview:large","max-video-preview":"max-video-preview:-1"},"canonical":"https:\/\/www.kern.si\/cs\/lisovaci-nastroje\/vodici-dily\/kluzne-vedeni\/","og_locale":"cs_CZ","og_type":"article","og_title":"Kluzn\u00e9 veden\u00ed - KERN","og_description":"[vc_row el_class=&#8220;tabi&#8220;][vc_column][vc_row_inner][vc_column_inner][\/vc_column_inner][\/vc_row_inner][vc_separator color=&#8220;sky&#8220; align=&#8220;align_left&#8220; border_width=&#8220;3&#8243; el_width=&#8220;40&#8243; css=&#8220;.vc_custom_1563449956425{margin-left: -20px !important;}&#8220;][vc_row_inner equal_height=&#8220;yes&#8220;][vc_column_inner el_class=&#8220;stolpec&#8220; width=&#8220;1\/3&#8243; css=&#8220;.vc_custom_1563460230032{margin-right: 0px !important;border-top-width: 1px !important;border-right-width: 1px !important;border-bottom-width: 1px !important;border-left-width: 1px !important;padding-top: 25px !important;padding-right: 25px !important;padding-bottom: 25px !important;padding-left: 25px !important;border-left-color: #e8e8e8 !important;border-left-style: solid !important;border-right-color: #e8e8e8 !important;border-right-style: solid !important;border-top-color: #e8e8e8 !important;border-top-style: solid !important;border-bottom-color: #e8e8e8 !important;border-bottom-style: solid !important;}&#8220;][vc_single_image image=&#8220;19251&#8243; img_size=&#8220;medium&#8220; alignment=&#8220;center&#8220; onclick=&#8220;custom_link&#8220; link=&#8220;kluzne-vedeni-sloupky&#8220;][vc_custom_heading text=&#8220;SLOUPKY&#8220; font_container=&#8220;tag:h4|text_align:center&#8220; use_theme_fonts=&#8220;yes&#8220; [&hellip;]","og_url":"https:\/\/www.kern.si\/cs\/lisovaci-nastroje\/vodici-dily\/kluzne-vedeni\/","og_site_name":"KERN","article_modified_time":"2019-10-02T08:38:57+00:00","twitter_card":"summary_large_image","twitter_misc":{"Odhadovan\u00e1 doba \u010dten\u00ed":"2 minuty"},"schema":{"@context":"https:\/\/schema.org","@graph":[{"@type":"WebPage","@id":"https:\/\/www.kern.si\/cs\/lisovaci-nastroje\/vodici-dily\/kluzne-vedeni\/","url":"https:\/\/www.kern.si\/cs\/lisovaci-nastroje\/vodici-dily\/kluzne-vedeni\/","name":"Kluzn\u00e9 veden\u00ed - KERN","isPartOf":{"@id":"https:\/\/www.kern.si\/cs\/#website"},"datePublished":"2019-09-26T13:57:40+00:00","dateModified":"2019-10-02T08:38:57+00:00","breadcrumb":{"@id":"https:\/\/www.kern.si\/cs\/lisovaci-nastroje\/vodici-dily\/kluzne-vedeni\/#breadcrumb"},"inLanguage":"cs","potentialAction":[{"@type":"ReadAction","target":["https:\/\/www.kern.si\/cs\/lisovaci-nastroje\/vodici-dily\/kluzne-vedeni\/"]}]},{"@type":"BreadcrumbList","@id":"https:\/\/www.kern.si\/cs\/lisovaci-nastroje\/vodici-dily\/kluzne-vedeni\/#breadcrumb","itemListElement":[{"@type":"ListItem","position":1,"name":"Home","item":"https:\/\/www.kern.si\/cs\/"},{"@type":"ListItem","position":2,"name":"Lisovac\u00ed n\u00e1stroje","item":"https:\/\/www.kern.si\/cs\/lisovaci-nastroje\/"},{"@type":"ListItem","position":3,"name":"Vod\u00edc\u00ed d\u00edly","item":"https:\/\/www.kern.si\/cs\/lisovaci-nastroje\/vodici-dily\/"},{"@type":"ListItem","position":4,"name":"Kluzn\u00e9 veden\u00ed"}]},{"@type":"WebSite","@id":"https:\/\/www.kern.si\/cs\/#website","url":"https:\/\/www.kern.si\/cs\/","name":"KERN","description":"","potentialAction":[{"@type":"SearchAction","target":{"@type":"EntryPoint","urlTemplate":"https:\/\/www.kern.si\/cs\/?s={search_term_string}"},"query-input":"required name=search_term_string"}],"inLanguage":"cs"}]}},"_links":{"self":[{"href":"https:\/\/www.kern.si\/cs\/wp-json\/wp\/v2\/pages\/19248"}],"collection":[{"href":"https:\/\/www.kern.si\/cs\/wp-json\/wp\/v2\/pages"}],"about":[{"href":"https:\/\/www.kern.si\/cs\/wp-json\/wp\/v2\/types\/page"}],"author":[{"embeddable":true,"href":"https:\/\/www.kern.si\/cs\/wp-json\/wp\/v2\/users\/1"}],"replies":[{"embeddable":true,"href":"https:\/\/www.kern.si\/cs\/wp-json\/wp\/v2\/comments?post=19248"}],"version-history":[{"count":8,"href":"https:\/\/www.kern.si\/cs\/wp-json\/wp\/v2\/pages\/19248\/revisions"}],"predecessor-version":[{"id":21971,"href":"https:\/\/www.kern.si\/cs\/wp-json\/wp\/v2\/pages\/19248\/revisions\/21971"}],"up":[{"embeddable":true,"href":"https:\/\/www.kern.si\/cs\/wp-json\/wp\/v2\/pages\/17267"}],"wp:attachment":[{"href":"https:\/\/www.kern.si\/cs\/wp-json\/wp\/v2\/media?parent=19248"}],"wp:term":[{"taxonomy":"category","embeddable":true,"href":"https:\/\/www.kern.si\/cs\/wp-json\/wp\/v2\/categories?post=19248"},{"taxonomy":"post_tag","embeddable":true,"href":"https:\/\/www.kern.si\/cs\/wp-json\/wp\/v2\/tags?post=19248"}],"curies":[{"name":"wp","href":"https:\/\/api.w.org\/{rel}","templated":true}]}}