{"id":19304,"date":"2019-09-26T16:38:12","date_gmt":"2019-09-26T14:38:12","guid":{"rendered":"https:\/\/beta.webis.si\/kern\/pruziny-a-elastomery\/elastomery\/"},"modified":"2019-09-26T16:38:13","modified_gmt":"2019-09-26T14:38:13","slug":"elastomery","status":"publish","type":"page","link":"https:\/\/www.kern.si\/cs\/pruziny-a-elastomery\/elastomery\/","title":{"rendered":"Elastomery"},"content":{"rendered":"<div class=\"wpb-content-wrapper\"><p>[vc_row][vc_column]\r\n\t\t\t\t\t\t<div class=\"property_grid pl-grid-controls\" id=\"Filters_6158\"><\/div><div class=\"grid pl-gridlayout pl-gridskin-two pl-mixitup-grid pl_grid_id_6158 \" id=\"Grid_6158\" >\r\n\t\t\t\t\t\t\t<div class=\"mix  mix_all pl-col-md-3 pl-col-sm-6 pl-col-xs-12 pl-col\" data--6158=\"\" > <div class=\"pl-view pl-gst-effect-ming\">\r\n\t\t\t\t\t\t\t\t\t\t<img loading=\"lazy\" decoding=\"async\" width=\"300\" height=\"300\" src=\"https:\/\/www.kern.si\/wp-content\/uploads\/2019\/09\/3421_1_2_3-300x30011.png\" class=\"attachment-full\" alt=\"\" title=\"3421_1_2_3-300x3001[1]\" srcset=\"https:\/\/www.kern.si\/wp-content\/uploads\/2019\/09\/3421_1_2_3-300x30011.png 300w, https:\/\/www.kern.si\/wp-content\/uploads\/2019\/09\/3421_1_2_3-300x30011-150x150.png 150w, https:\/\/www.kern.si\/wp-content\/uploads\/2019\/09\/3421_1_2_3-300x30011-100x100.png 100w\" sizes=\"(max-width: 300px) 100vw, 300px\" data-id=\"19109\" \/>\r\n\t\t\t\t\t\t\t\t\t\t<div class=\"pl-mask\">\r\n\t\t\t\t\t\t\t\t\t\t\t<h4><a href=\"https:\/\/www.kern.si\/cs\/3421-0\/\" target=\"_self\">3421 Polyuretanov\u00e9 pru\u017einy s vnit\u0159n\u00edm otvorem<\/a><\/h4>\r\n\t\t\t\t\t\t\t\t\t\t\t<p>JTNDaW1nJTIwY2xhc3MlM0QlMjJzdmcta2VybiUyMiUyMGFsdCUzRCUyMmFsdC10ZXh0JTIyJTIwd2lkdGglM0QlMjI1MDAlMjIlMjBzcmMlM0QlMjJodHRwJTNBJTJGJTJGa2Vybi5hbmdlbGlzLnNpJTJGd3AtY29udGVudCUyRnVwbG9hZHMlMkYyMDE3JTJGMDYlMkYzNDIxXzFfMl8zLTEuc3ZnJTIyJTIwJTJGJTNF[vc_btn title=&#8220;PDF&#8220;...<\/p><a class=\"link-hoverset2\" href=\"https:\/\/www.kern.si\/cs\/3421-0\/\" target=\"_self\" >Read More<\/a><\/div>\r\n\t\t\t\t\t\t\t\t\t<\/div>\r\n\t\t\t\t\t\t\t<\/div><!--col -->\r\n\t\t\t\t\t\t\t\r\n\t\t\t\t\t\t\t<div class=\"mix  mix_all pl-col-md-3 pl-col-sm-6 pl-col-xs-12 pl-col\" data--6158=\"\" > <div class=\"pl-view pl-gst-effect-ming\">\r\n\t\t\t\t\t\t\t\t\t\t<img loading=\"lazy\" decoding=\"async\" width=\"300\" height=\"257\" src=\"https:\/\/www.kern.si\/wp-content\/uploads\/2019\/09\/3422_1_2_3-300x2571-300x2571.png\" class=\"attachment-full\" alt=\"\" title=\"3422_1_2_3-300x2571-300x257[1]\" data-id=\"19115\" \/>\r\n\t\t\t\t\t\t\t\t\t\t<div class=\"pl-mask\">\r\n\t\t\t\t\t\t\t\t\t\t\t<h4><a href=\"https:\/\/www.kern.si\/cs\/3422-0\/\" target=\"_self\">3422 Polyuretanov\u00e9 pru\u017einy<\/a><\/h4>\r\n\t\t\t\t\t\t\t\t\t\t\t<p>JTNDaW1nJTIwY2xhc3MlM0QlMjJzdmcta2VybiUyMiUyMGFsdCUzRCUyMmFsdC10ZXh0JTIyJTIwd2lkdGglM0QlMjI1MDAlMjIlMjBzcmMlM0QlMjJodHRwJTNBJTJGJTJGa2Vybi5hbmdlbGlzLnNpJTJGd3AtY29udGVudCUyRnVwbG9hZHMlMkYyMDE3JTJGMDYlMkYzNDIyXzFfMl8zLnN2ZyUyMiUyMCUyRiUzRQ==[vc_btn title=&#8220;PDF&#8220;...<\/p><a class=\"link-hoverset2\" href=\"https:\/\/www.kern.si\/cs\/3422-0\/\" target=\"_self\" >Read More<\/a><\/div>\r\n\t\t\t\t\t\t\t\t\t<\/div>\r\n\t\t\t\t\t\t\t<\/div><!--col -->\r\n\t\t\t\t\t\t\t\r\n\t\t\t\t\t\t\t<div class=\"mix  mix_all pl-col-md-3 pl-col-sm-6 pl-col-xs-12 pl-col\" data--6158=\"\" > <div class=\"pl-view pl-gst-effect-ming\">\r\n\t\t\t\t\t\t\t\t\t\t<img loading=\"lazy\" decoding=\"async\" width=\"300\" height=\"258\" src=\"https:\/\/www.kern.si\/wp-content\/uploads\/2019\/09\/3423_1_2_3-300x2581.png\" class=\"attachment-full\" alt=\"\" title=\"3423_1_2_3-300x258[1]\" data-id=\"18289\" \/>\r\n\t\t\t\t\t\t\t\t\t\t<div class=\"pl-mask\">\r\n\t\t\t\t\t\t\t\t\t\t\t<h4><a href=\"https:\/\/www.kern.si\/cs\/3423-0\/\" target=\"_self\">3423 Polyuretanov\u00e9 tyce-profilov\u00e9<\/a><\/h4>\r\n\t\t\t\t\t\t\t\t\t\t\t<p>JTNDaW1nJTIwY2xhc3MlM0QlMjJzdmcta2VybiUyMiUyMGFsdCUzRCUyMmFsdC10ZXh0JTIyJTIwd2lkdGglM0QlMjI1MDAlMjIlMjBzcmMlM0QlMjJodHRwJTNBJTJGJTJGa2Vybi5hbmdlbGlzLnNpJTJGd3AtY29udGVudCUyRnVwbG9hZHMlMkYyMDE3JTJGMDYlMkYzNDIzXzFfMl8zLnN2ZyUyMiUyMCUyRiUzRQ==[vc_btn title=&#8220;PDF&#8220;...<\/p><a class=\"link-hoverset2\" href=\"https:\/\/www.kern.si\/cs\/3423-0\/\" target=\"_self\" >Read More<\/a><\/div>\r\n\t\t\t\t\t\t\t\t\t<\/div>\r\n\t\t\t\t\t\t\t<\/div><!--col -->\r\n\t\t\t\t\t\t\t\r\n\t\t\t\t\t\t\t<div class=\"mix  mix_all pl-col-md-3 pl-col-sm-6 pl-col-xs-12 pl-col\" data--6158=\"\" > <div class=\"pl-view pl-gst-effect-ming\">\r\n\t\t\t\t\t\t\t\t\t\t<img loading=\"lazy\" decoding=\"async\" width=\"300\" height=\"258\" src=\"https:\/\/www.kern.si\/wp-content\/uploads\/2019\/09\/3424_1_2_3-300x2581.png\" class=\"attachment-full\" alt=\"\" title=\"3424_1_2_3-300x258[1]\" data-id=\"18297\" \/>\r\n\t\t\t\t\t\t\t\t\t\t<div class=\"pl-mask\">\r\n\t\t\t\t\t\t\t\t\t\t\t<h4><a href=\"https:\/\/www.kern.si\/cs\/3424-0\/\" target=\"_self\">3424 Polyuretanov\u00e9 desky<\/a><\/h4>\r\n\t\t\t\t\t\t\t\t\t\t\t<p>JTNDaW1nJTIwY2xhc3MlM0QlMjJzdmcta2VybiUyMiUyMGFsdCUzRCUyMmFsdC10ZXh0JTIyJTIwd2lkdGglM0QlMjI1MDAlMjIlMjBzcmMlM0QlMjJodHRwJTNBJTJGJTJGa2Vybi5hbmdlbGlzLnNpJTJGd3AtY29udGVudCUyRnVwbG9hZHMlMkYyMDE3JTJGMDYlMkYzNDI0XzFfMl8zLTEuc3ZnJTIyJTIwJTJGJTNF[vc_btn...<\/p><a class=\"link-hoverset2\" href=\"https:\/\/www.kern.si\/cs\/3424-0\/\" target=\"_self\" >Read More<\/a><\/div>\r\n\t\t\t\t\t\t\t\t\t<\/div>\r\n\t\t\t\t\t\t\t<\/div><!--col -->\r\n\t\t\t\t\t\t\t\r\n\t\t\t\t\t\t\t<div class=\"mix  mix_all pl-col-md-3 pl-col-sm-6 pl-col-xs-12 pl-col\" data--6158=\"\" > <div class=\"pl-view pl-gst-effect-ming\">\r\n\t\t\t\t\t\t\t\t\t\t<img loading=\"lazy\" decoding=\"async\" width=\"300\" height=\"257\" src=\"https:\/\/www.kern.si\/wp-content\/uploads\/2019\/09\/3425_1_2_3-300x2571.png\" class=\"attachment-full\" alt=\"\" title=\"3425_1_2_3-300x257[1]\" data-id=\"18312\" \/>\r\n\t\t\t\t\t\t\t\t\t\t<div class=\"pl-mask\">\r\n\t\t\t\t\t\t\t\t\t\t\t<h4><a href=\"https:\/\/www.kern.si\/cs\/3425-0\/\" target=\"_self\">3425 Polyuretanov\u00e9 desky<\/a><\/h4>\r\n\t\t\t\t\t\t\t\t\t\t\t<p>JTNDaW1nJTIwY2xhc3MlM0QlMjJzdmcta2VybiUyMiUyMGFsdCUzRCUyMmFsdC10ZXh0JTIyJTIwd2lkdGglM0QlMjI1MDAlMjIlMjBzcmMlM0QlMjJodHRwJTNBJTJGJTJGa2Vybi5hbmdlbGlzLnNpJTJGd3AtY29udGVudCUyRnVwbG9hZHMlMkYyMDE3JTJGMDYlMkYzNDI1XzFfMl8zLnN2ZyUyMiUyMCUyRiUzRQ==[vc_btn title=&#8220;PDF&#8220;...<\/p><a class=\"link-hoverset2\" href=\"https:\/\/www.kern.si\/cs\/3425-0\/\" target=\"_self\" >Read More<\/a><\/div>\r\n\t\t\t\t\t\t\t\t\t<\/div>\r\n\t\t\t\t\t\t\t<\/div><!--col -->\r\n\t\t\t\t\t\t\t<\/div>\r\n\t\t\t\t\t<form id=\"pw_pl_form_load_more_6158\">\r\n\t\t\t\t\t\r\n\t\t\t\t\t\t<input type=\"hidden\" name=\"pw_title\" value=\"\" id=\"pw_title_6158\"\/><input type=\"hidden\" name=\"pw_query\" value=\"size:all|order_by:date|post_type:page|categories:520\" id=\"pw_query_6158\"\/><input type=\"hidden\" name=\"pw_grid_display_type\" value=\"grid\" id=\"pw_grid_display_type_6158\"\/><input type=\"hidden\" name=\"pw_grid_type\" value=\"pl-mixitup-grid\" id=\"pw_grid_type_6158\"\/><input type=\"hidden\" name=\"pw_border_top_size\" value=\"\" id=\"pw_border_top_size_6158\"\/><input type=\"hidden\" name=\"pw_border_top_type\" value=\"\" id=\"pw_border_top_type_6158\"\/><input type=\"hidden\" name=\"pw_border_top_color\" value=\"\" id=\"pw_border_top_color_6158\"\/><input type=\"hidden\" name=\"pw_border_right_size\" value=\"\" id=\"pw_border_right_size_6158\"\/><input type=\"hidden\" name=\"pw_border_right_type\" value=\"\" id=\"pw_border_right_type_6158\"\/><input type=\"hidden\" name=\"pw_border_right_color\" value=\"\" id=\"pw_border_right_color_6158\"\/><input type=\"hidden\" name=\"pw_border_bottom_size\" value=\"\" id=\"pw_border_bottom_size_6158\"\/><input type=\"hidden\" name=\"pw_border_bottom_type\" value=\"\" id=\"pw_border_bottom_type_6158\"\/><input type=\"hidden\" name=\"pw_border_bottom_color\" value=\"\" id=\"pw_border_bottom_color_6158\"\/><input type=\"hidden\" name=\"pw_border_left_size\" value=\"\" id=\"pw_border_left_size_6158\"\/><input type=\"hidden\" name=\"pw_border_left_type\" value=\"\" id=\"pw_border_left_type_6158\"\/><input type=\"hidden\" name=\"pw_border_left_color\" value=\"\" id=\"pw_border_left_color_6158\"\/><input type=\"hidden\" name=\"pw_back_color\" value=\"#ffffff\" id=\"pw_back_color_6158\"\/><input type=\"hidden\" name=\"pw_back_hcolor\" value=\"#ffffff\" id=\"pw_back_hcolor_6158\"\/><input type=\"hidden\" name=\"pw_item_back_color\" value=\"\" id=\"pw_item_back_color_6158\"\/><input type=\"hidden\" name=\"pw_title_font_family\" value=\"inherit\" id=\"pw_title_font_family_6158\"\/><input type=\"hidden\" name=\"pw_title_font_size\" value=\"14\" id=\"pw_title_font_size_6158\"\/><input type=\"hidden\" name=\"pw_link_color\" value=\"\" id=\"pw_link_color_6158\"\/><input type=\"hidden\" name=\"pw_link_hover_color\" value=\"\" id=\"pw_link_hover_color_6158\"\/><input type=\"hidden\" name=\"pw_meta_font_family\" value=\"\" id=\"pw_meta_font_family_6158\"\/><input type=\"hidden\" name=\"pw_meta_font_size\" value=\"12\" id=\"pw_meta_font_size_6158\"\/><input type=\"hidden\" name=\"pw_meta_color\" value=\"\" id=\"pw_meta_color_6158\"\/><input type=\"hidden\" name=\"pw_excerpt_font_family\" value=\"inherit\" id=\"pw_excerpt_font_family_6158\"\/><input type=\"hidden\" name=\"pw_excerpt_font_size\" value=\"11\" id=\"pw_excerpt_font_size_6158\"\/><input type=\"hidden\" name=\"pw_excerpt_color\" value=\"\" id=\"pw_excerpt_color_6158\"\/><input type=\"hidden\" name=\"pw_readmore_type\" value=\"pl-permalink\" id=\"pw_readmore_type_6158\"\/><input type=\"hidden\" name=\"pw_readmore_translate\" value=\"Read More\" id=\"pw_readmore_translate_6158\"\/><input type=\"hidden\" name=\"pw_link_target\" value=\"_self\" id=\"pw_link_target_6158\"\/><input type=\"hidden\" name=\"pw_post_layout\" value=\"\" id=\"pw_post_layout_6158\"\/><input type=\"hidden\" name=\"pw_grid_desktop_columns_count\" value=\"pl-col-md-3\" id=\"pw_grid_desktop_columns_count_6158\"\/><input type=\"hidden\" name=\"pw_grid_tablet_columns_count\" value=\"pl-col-sm-6\" id=\"pw_grid_tablet_columns_count_6158\"\/><input type=\"hidden\" name=\"pw_grid_mobile_columns_count\" value=\"pl-col-xs-12\" id=\"pw_grid_mobile_columns_count_6158\"\/><input type=\"hidden\" name=\"pw_skin_type\" value=\"pl-gridskin-two\" id=\"pw_skin_type_6158\"\/><input type=\"hidden\" name=\"pw_grid_skin_effect\" value=\"pl-gst-effect-ming\" id=\"pw_grid_skin_effect_6158\"\/><input type=\"hidden\" name=\"pw_grid_page_navigation\" value=\"show_page_number\" id=\"pw_grid_page_navigation_6158\"\/><input type=\"hidden\" name=\"pw_grid_page_number_style\" value=\"pl-paging-style1\" id=\"pw_grid_page_number_style_6158\"\/><input type=\"hidden\" name=\"pw_grid_filter_by\" value=\"\" id=\"pw_grid_filter_by_6158\"\/><input type=\"hidden\" name=\"pw_grid_order_by\" value=\"\" id=\"pw_grid_order_by_6158\"\/><input type=\"hidden\" name=\"pw_grid_author\" value=\"no\" id=\"pw_grid_author_6158\"\/><input type=\"hidden\" name=\"pw_grid_tags\" value=\"no\" id=\"pw_grid_tags_6158\"\/><input type=\"hidden\" name=\"pw_grid_show_num_comment\" value=\"no\" id=\"pw_grid_show_num_comment_6158\"\/><input type=\"hidden\" name=\"pw_grid_hide_recentpost\" value=\"no\" id=\"pw_grid_hide_recentpost_6158\"\/><input type=\"hidden\" name=\"pw_grid_num_hide_recentpost\" value=\"1\" id=\"pw_grid_num_hide_recentpost_6158\"\/><input type=\"hidden\" name=\"pw_grid_switch_icon\" value=\"yes\" id=\"pw_grid_switch_icon_6158\"\/><input type=\"hidden\" name=\"pw_teasr_layout_img\" value=\"image|link_post,title|link_post,text|excerpt\" id=\"pw_teasr_layout_img_6158\"\/><input type=\"hidden\" name=\"pw_image_thumb_size\" value=\"full\" id=\"pw_image_thumb_size_6158\"\/><input type=\"hidden\" name=\"pw_excerpt_length\" value=\"10\" id=\"pw_excerpt_length_6158\"\/><input type=\"hidden\" name=\"pw_image_effect\" value=\"none\" id=\"pw_image_effect_6158\"\/><input type=\"hidden\" name=\"pw_show_zoom_icon\" value=\"no\" id=\"pw_show_zoom_icon_6158\"\/><input type=\"hidden\" name=\"pw_show_link_icon\" value=\"no\" id=\"pw_show_link_icon_6158\"\/><input type=\"hidden\" name=\"pw_show_overlay\" value=\"no\" id=\"pw_show_overlay_6158\"\/><input type=\"hidden\" name=\"pw_icon_type\" value=\"none\" id=\"pw_icon_type_6158\"\/><input type=\"hidden\" name=\"pw_icon_effect\" value=\"none\" id=\"pw_icon_effect_6158\"\/><input type=\"hidden\" name=\"pw_hide_date\" value=\"off\" id=\"pw_hide_date_6158\"\/><input type=\"hidden\" name=\"pw_date_format\" value=\"\" id=\"pw_date_format_6158\"\/><input type=\"hidden\" name=\"pw_taxonomy\" value=\"\" id=\"pw_taxonomy_6158\"\/>\r\n\t\t\t\t\t\t<input type=\"hidden\" name=\"_wpnonce \" value=\"36039\"\/>\r\n\t\t\t\t\t\t<input type=\"hidden\" name=\"query\" value=\"size:all|order_by:date|post_type:page|categories:520\"\/>\r\n\t\t\t\t\t\t<input type=\"hidden\" name=\"paged\" value=\"1\" id=\"pw_paged_6158\"\/>\r\n\t\t\t\t\t\t<input type=\"hidden\" name=\"view_type\" value=\"grid\" id=\"pw_view_type_6158\"\/>\r\n\t\t\t\t\t\t<input type=\"hidden\" name=\"total_paged\" value=\"0\" id=\"pw_total_paged_6158\"\/>\r\n\t\t\t\t\t\t<input type=\"hidden\" name=\"pw_action_type\" value=\"\" id=\"pw_pl_action_type_6158\"\/>\r\n\t\t\t\t\t\t<input type=\"hidden\" name=\"pw_mixitup_grid_id\" value=\"6158\" id=\"pw_grid_id_6158\"\/>\r\n\t\t\t\t\t\t<input type=\"hidden\" name=\"pw_grid_hide_recentpost\" value=\"no\" id=\"pw_grid_id_6158\"\/>\r\n\t\t\t\t\t\t<input type=\"hidden\" name=\"pw_grid_num_hide_recentpost\" value=\"1\" id=\"pw_grid_id_6158\"\/>\r\n\t\t\t\t\t\t\r\n\t\t\t\t\t<\/form>\r\n\t\t\t\t\t<script type='text\/javascript'>\r\n\t\t\t\t\t\tjQuery(document).ready(function() {jQuery('#Grid_6158').mixitup();\r\n\t\t\t\t\t\t\t\r\n\t\t\t\t\t\t\tvar filters = jQuery('#Filters_6158').find('li'),\r\n\t\t\t\t\t\t\tdimensions = {\r\n\t\t\t\t\t\t\t\t\r\n\t\t\t\t\t\t\t};\r\n\t\t\t\t\t\t\t\r\n\t\t\t\t\t\t\tfilters.on('click',function(){\r\n\t\t\t\t\t\t\t\t\r\n\t\t\t\t\t\t\t\tvar t = jQuery(this),\r\n\t\t\t\t\t\t\t\t\tdimension = t.attr('data-dimension'),\r\n\t\t\t\t\t\t\t\t\tfilter = t.attr('data-filter'),\r\n\t\t\t\t\t\t\t\t\tfilterString = dimensions[dimension];\r\n\t\t\t\t\t\t\t\t\t\t\t\t\t\t\t\t\t\t\t\r\n\t\t\t\t\t\t\t\tif(filter == 'all'){\r\n\t\t\t\t\t\t\t\t\tif(!t.hasClass('active')){\r\n\t\t\t\t\t\t\t\t\t\tt.addClass('active').siblings().removeClass('active');\r\n\t\t\t\t\t\t\t\t\t\tfilterString = 'all';\t\r\n\t\t\t\t\t\t\t\t\t} else {\r\n\t\t\t\t\t\t\t\t\t\t\/\/ Uncheck\r\n\t\t\t\t\t\t\t\t\t\tt.removeClass('active');\r\n\t\t\t\t\t\t\t\t\t\t\/\/ Emtpy string\r\n\t\t\t\t\t\t\t\t\t\tfilterString = '';\r\n\t\t\t\t\t\t\t\t\t}\r\n\t\t\t\t\t\t\t\t} else {\r\n\t\t\t\t\t\t\t\t\tt.siblings('[data-filter=\"all\"]').removeClass('active');\r\n\t\t\t\t\t\t\t\t\tfilterString = filterString.replace('all','');\r\n\t\t\t\t\t\t\t\t\tif(!t.hasClass('active')){\r\n\t\t\t\t\t\t\t\t\t\t\/\/ Check checkbox\r\n\t\t\t\t\t\t\t\t\t\tt.addClass('active');\r\n\t\t\t\t\t\t\t\t\t\t\/\/ Append filter to string\r\n\t\t\t\t\t\t\t\t\t\tfilterString = filterString == '' ? filter : filterString+' '+filter;\r\n\t\t\t\t\t\t\t\t\t} else {\r\n\t\t\t\t\t\t\t\t\t\t\/\/ Uncheck\r\n\t\t\t\t\t\t\t\t\t\tt.removeClass('active');\r\n\t\t\t\t\t\t\t\t\t\t\/\/ Remove filter and preceeding space from string with RegEx\r\n\t\t\t\t\t\t\t\t\t\t\r\n\t\t\t\t\t\t\t\t\t\t\/*var re = new RegExp('(\\s|^)'+filter);\r\n\t\t\t\t\t\t\t\t\t\tfilterString = filterString.replace(re,'');*\/\r\n\t\t\t\t\t\t\t\t\t\tfilterString = filterString.replace('. ','');\r\n\t\t\t\t\t\t\t\t\t\tfilterString = filterString.replace(' . ','');\r\n\t\t\t\t\t\t\t\t\t\tfilterString = filterString.replace(' .','');\r\n\t\t\t\t\t\t\t\t\t\tfilterString = filterString.replace(filter.trim(),'');\r\n\t\t\t\t\t\t\t\t\t};\r\n\t\t\t\t\t\t\t\t};\r\n\t\t\t\t\t\t\t\t\r\n\t\t\t\t\t\t\t\t\r\n\t\t\t\t\t\t\t\t\/\/ Set demension with filterString\r\n\t\t\t\t\t\t\t\tdimensions[dimension] = filterString.trim();\r\n\t\t\t\t\t\t\t\t\r\n\t\t\t\t\t\t\t\t\/\/ We now have two strings containing the filter arguments for each dimension:\t\r\n\t\t\t\t\t\t\t\t\r\n\t\t\t\t\t\t\t\t\r\n\t\r\n\t\t\t\t\t\t\t\tjQuery('#Grid_6158').mixitup('filter',[]);\r\n\t\t\t\t\t\t\t\t\r\n\t\t\t\t\t\t\t});jQuery( '.pw_view_type_6158' ).click(function(event) {\r\n\t\t\t\t\t\t\t\tevent.preventDefault(event);\r\n\t\r\n\t\t\t\t\t\t\t\tjQuery('#pw_pl_action_type_6158').val('swap_view_type');\r\n\t\t\t\t\t\t\t\tjQuery('#pw_view_type_6158').val(jQuery(this).attr('data-viewtype'));\r\n\t\t\t\t\t\t\t\t\r\n\t\t\t\t\t\t\t\tif(jQuery(this).attr('data-viewtype')=='list')\r\n\t\t\t\t\t\t\t\t{\r\n\t\t\t\t\t\t\t\t\tjQuery('#Grid_6158').removeClass('pl-gridlayout').addClass('pl-listlayout');\r\n\t\t\t\t\t\t\t\t}else\r\n\t\t\t\t\t\t\t\t{\r\n\t\t\t\t\t\t\t\t\tjQuery('#Grid_6158').removeClass('pl-listlayout').addClass('pl-gridlayout');\r\n\t\t\t\t\t\t\t\t}\r\n\t\t\t\t\t\t\t\t\r\n\t\t\t\t\t\t\t\tjQuery(this).siblings('.active').removeClass('active');\r\n\t\t\t\t\t\t\t\tjQuery(this).addClass('active');\r\n\t\t\t\t\t\t\t\t\r\n\t\t\t\t\t\t\t\tjQuery('#Grid_6158').html('<div class=\"pl-grid-loading\"><img decoding=\"async\" src=\"https:\/\/www.kern.si\/wp-content\/plugins\/pw-vc-grid-list-post-layout\/assets\/images\/loader.gif\" \/><\/div>');\r\n\t\t\t\t\t\t\t\tvar params=jQuery('#pw_pl_form_load_more_6158').serialize();\r\n\t\t\t\t\t\t\t\tjQuery.ajax ({\r\n\t\t\t\t\t\t\t\t\ttype: 'POST',\r\n\t\t\t\t\t\t\t\t\turl: 'https:\/\/www.kern.si\/wp-admin\/admin-ajax.php',\r\n\t\t\t\t\t\t\t\t\tdata:  params+'&action=pw_pl_grid_list_swap',\r\n\t\t\t\t\t\t\t\t\tsuccess: function(response) {\r\n\r\n\t\t\t\t\t\t\t\t\t\tjQuery('#Grid_6158').html(response);\r\n\t\t\t\t\t\t\t\t\t\t\r\n\t\t\t\t\t\t\t\t\t\tjQuery('#Filters_6158 .pl-anim250 li').removeClass('active');\r\n\t\t\t\t\t\t\t\t\t\tjQuery('#Filters_6158 .pl-anim250').each(function(i, obj) {\r\n\t\t\t\t\t\t\t\t\t\t\tjQuery(this).children().eq(0).addClass('active');\r\n\t\t\t\t\t\t\t\t\t\t});\r\n\t\r\n\t\t\t\t\t\t\t\t\t\t\/\/jQuery('#Grid_6158').mixitup('sort','random');\t\t\t\t\r\n\t\t\t\t\t\t\t\t\t\tjQuery('#Grid_6158').mixitup('remix');jQuery('#Grid_6158').mixitup();\t\t\t\t\t\t\t\r\n\t\t\t\t\t\t\t\t\t\t\r\n\t\t\t\t\t\t\t\t\t}\r\n\t\t\t\t\t\t\t\t});\r\n\t\t\t\t\t\t\t});\r\n\t\t\t\t\t\t\t\r\n\t\t\t\t\t\t});\t\r\n\t\t\t\t\t<\/script>[\/vc_column][\/vc_row]<\/p>\n<\/div>","protected":false},"excerpt":{"rendered":"<p>[vc_row][vc_column][\/vc_column][\/vc_row]<\/p>\n","protected":false},"author":1,"featured_media":0,"parent":19291,"menu_order":0,"comment_status":"closed","ping_status":"closed","template":"","meta":{"footnotes":""},"categories":[],"tags":[],"acf":[],"yoast_head":"<!-- This site is optimized with the Yoast SEO plugin v21.7 - https:\/\/yoast.com\/wordpress\/plugins\/seo\/ -->\n<title>Elastomery - KERN<\/title>\n<meta name=\"robots\" content=\"index, follow, max-snippet:-1, max-image-preview:large, max-video-preview:-1\" \/>\n<link rel=\"canonical\" href=\"https:\/\/www.kern.si\/cs\/pruziny-a-elastomery\/elastomery\/\" \/>\n<meta property=\"og:locale\" content=\"cs_CZ\" \/>\n<meta property=\"og:type\" content=\"article\" \/>\n<meta property=\"og:title\" content=\"Elastomery - KERN\" \/>\n<meta property=\"og:description\" content=\"[vc_row][vc_column][\/vc_column][\/vc_row]\" \/>\n<meta property=\"og:url\" content=\"https:\/\/www.kern.si\/cs\/pruziny-a-elastomery\/elastomery\/\" \/>\n<meta property=\"og:site_name\" content=\"KERN\" \/>\n<meta property=\"article:modified_time\" content=\"2019-09-26T14:38:13+00:00\" \/>\n<meta name=\"twitter:card\" content=\"summary_large_image\" \/>\n<script type=\"application\/ld+json\" class=\"yoast-schema-graph\">{\"@context\":\"https:\/\/schema.org\",\"@graph\":[{\"@type\":\"WebPage\",\"@id\":\"https:\/\/www.kern.si\/cs\/pruziny-a-elastomery\/elastomery\/\",\"url\":\"https:\/\/www.kern.si\/cs\/pruziny-a-elastomery\/elastomery\/\",\"name\":\"Elastomery - KERN\",\"isPartOf\":{\"@id\":\"https:\/\/www.kern.si\/cs\/#website\"},\"datePublished\":\"2019-09-26T14:38:12+00:00\",\"dateModified\":\"2019-09-26T14:38:13+00:00\",\"breadcrumb\":{\"@id\":\"https:\/\/www.kern.si\/cs\/pruziny-a-elastomery\/elastomery\/#breadcrumb\"},\"inLanguage\":\"cs\",\"potentialAction\":[{\"@type\":\"ReadAction\",\"target\":[\"https:\/\/www.kern.si\/cs\/pruziny-a-elastomery\/elastomery\/\"]}]},{\"@type\":\"BreadcrumbList\",\"@id\":\"https:\/\/www.kern.si\/cs\/pruziny-a-elastomery\/elastomery\/#breadcrumb\",\"itemListElement\":[{\"@type\":\"ListItem\",\"position\":1,\"name\":\"Home\",\"item\":\"https:\/\/www.kern.si\/cs\/\"},{\"@type\":\"ListItem\",\"position\":2,\"name\":\"Pru\u017einy a elastomery\",\"item\":\"https:\/\/www.kern.si\/cs\/pruziny-a-elastomery\/\"},{\"@type\":\"ListItem\",\"position\":3,\"name\":\"Elastomery\"}]},{\"@type\":\"WebSite\",\"@id\":\"https:\/\/www.kern.si\/cs\/#website\",\"url\":\"https:\/\/www.kern.si\/cs\/\",\"name\":\"KERN\",\"description\":\"\",\"potentialAction\":[{\"@type\":\"SearchAction\",\"target\":{\"@type\":\"EntryPoint\",\"urlTemplate\":\"https:\/\/www.kern.si\/cs\/?s={search_term_string}\"},\"query-input\":\"required name=search_term_string\"}],\"inLanguage\":\"cs\"}]}<\/script>\n<!-- \/ Yoast SEO plugin. -->","yoast_head_json":{"title":"Elastomery - KERN","robots":{"index":"index","follow":"follow","max-snippet":"max-snippet:-1","max-image-preview":"max-image-preview:large","max-video-preview":"max-video-preview:-1"},"canonical":"https:\/\/www.kern.si\/cs\/pruziny-a-elastomery\/elastomery\/","og_locale":"cs_CZ","og_type":"article","og_title":"Elastomery - KERN","og_description":"[vc_row][vc_column][\/vc_column][\/vc_row]","og_url":"https:\/\/www.kern.si\/cs\/pruziny-a-elastomery\/elastomery\/","og_site_name":"KERN","article_modified_time":"2019-09-26T14:38:13+00:00","twitter_card":"summary_large_image","schema":{"@context":"https:\/\/schema.org","@graph":[{"@type":"WebPage","@id":"https:\/\/www.kern.si\/cs\/pruziny-a-elastomery\/elastomery\/","url":"https:\/\/www.kern.si\/cs\/pruziny-a-elastomery\/elastomery\/","name":"Elastomery - KERN","isPartOf":{"@id":"https:\/\/www.kern.si\/cs\/#website"},"datePublished":"2019-09-26T14:38:12+00:00","dateModified":"2019-09-26T14:38:13+00:00","breadcrumb":{"@id":"https:\/\/www.kern.si\/cs\/pruziny-a-elastomery\/elastomery\/#breadcrumb"},"inLanguage":"cs","potentialAction":[{"@type":"ReadAction","target":["https:\/\/www.kern.si\/cs\/pruziny-a-elastomery\/elastomery\/"]}]},{"@type":"BreadcrumbList","@id":"https:\/\/www.kern.si\/cs\/pruziny-a-elastomery\/elastomery\/#breadcrumb","itemListElement":[{"@type":"ListItem","position":1,"name":"Home","item":"https:\/\/www.kern.si\/cs\/"},{"@type":"ListItem","position":2,"name":"Pru\u017einy a elastomery","item":"https:\/\/www.kern.si\/cs\/pruziny-a-elastomery\/"},{"@type":"ListItem","position":3,"name":"Elastomery"}]},{"@type":"WebSite","@id":"https:\/\/www.kern.si\/cs\/#website","url":"https:\/\/www.kern.si\/cs\/","name":"KERN","description":"","potentialAction":[{"@type":"SearchAction","target":{"@type":"EntryPoint","urlTemplate":"https:\/\/www.kern.si\/cs\/?s={search_term_string}"},"query-input":"required name=search_term_string"}],"inLanguage":"cs"}]}},"_links":{"self":[{"href":"https:\/\/www.kern.si\/cs\/wp-json\/wp\/v2\/pages\/19304"}],"collection":[{"href":"https:\/\/www.kern.si\/cs\/wp-json\/wp\/v2\/pages"}],"about":[{"href":"https:\/\/www.kern.si\/cs\/wp-json\/wp\/v2\/types\/page"}],"author":[{"embeddable":true,"href":"https:\/\/www.kern.si\/cs\/wp-json\/wp\/v2\/users\/1"}],"replies":[{"embeddable":true,"href":"https:\/\/www.kern.si\/cs\/wp-json\/wp\/v2\/comments?post=19304"}],"version-history":[{"count":1,"href":"https:\/\/www.kern.si\/cs\/wp-json\/wp\/v2\/pages\/19304\/revisions"}],"predecessor-version":[{"id":19305,"href":"https:\/\/www.kern.si\/cs\/wp-json\/wp\/v2\/pages\/19304\/revisions\/19305"}],"up":[{"embeddable":true,"href":"https:\/\/www.kern.si\/cs\/wp-json\/wp\/v2\/pages\/19291"}],"wp:attachment":[{"href":"https:\/\/www.kern.si\/cs\/wp-json\/wp\/v2\/media?parent=19304"}],"wp:term":[{"taxonomy":"category","embeddable":true,"href":"https:\/\/www.kern.si\/cs\/wp-json\/wp\/v2\/categories?post=19304"},{"taxonomy":"post_tag","embeddable":true,"href":"https:\/\/www.kern.si\/cs\/wp-json\/wp\/v2\/tags?post=19304"}],"curies":[{"name":"wp","href":"https:\/\/api.w.org\/{rel}","templated":true}]}}