{"id":19314,"date":"2019-09-26T16:45:55","date_gmt":"2019-09-26T14:45:55","guid":{"rendered":"https:\/\/beta.webis.si\/kern\/lisovaci-nastroje\/vodici-dily\/kulickove-vedeni\/kulickove-vedeni-prislusenstvi\/"},"modified":"2019-09-26T16:45:55","modified_gmt":"2019-09-26T14:45:55","slug":"kulickove-vedeni-prislusenstvi","status":"publish","type":"page","link":"https:\/\/www.kern.si\/cs\/lisovaci-nastroje\/vodici-dily\/kulickove-vedeni\/kulickove-vedeni-prislusenstvi\/","title":{"rendered":"Kuli\u010dkov\u00e9 veden\u00ed \u2013 p\u0159\u00edslu\u0161enstv\u00ed"},"content":{"rendered":"<div class=\"wpb-content-wrapper\"><p>[vc_row][vc_column]\r\n\t\t\t\t\t\t<div class=\"property_grid pl-grid-controls\" id=\"Filters_6647\"><\/div><div class=\"grid pl-gridlayout pl-gridskin-two pl-mixitup-grid pl_grid_id_6647 \" id=\"Grid_6647\" >\r\n\t\t\t\t\t\t\t<div class=\"mix  mix_all pl-col-md-3 pl-col-sm-6 pl-col-xs-12 pl-col\" data--6647=\"\" > <div class=\"pl-view pl-gst-effect-ming\">\r\n\t\t\t\t\t\t\t\t\t\t<img loading=\"lazy\" decoding=\"async\" width=\"200\" height=\"200\" src=\"https:\/\/www.kern.si\/wp-content\/uploads\/2019\/09\/1267-ISO-2-200x2001.png\" class=\"attachment-full\" alt=\"\" title=\"1267-ISO-2-200x200[1]\" srcset=\"https:\/\/www.kern.si\/wp-content\/uploads\/2019\/09\/1267-ISO-2-200x2001.png 200w, https:\/\/www.kern.si\/wp-content\/uploads\/2019\/09\/1267-ISO-2-200x2001-150x150.png 150w, https:\/\/www.kern.si\/wp-content\/uploads\/2019\/09\/1267-ISO-2-200x2001-100x100.png 100w\" sizes=\"(max-width: 200px) 100vw, 200px\" data-id=\"18118\" \/>\r\n\t\t\t\t\t\t\t\t\t\t<div class=\"pl-mask\">\r\n\t\t\t\t\t\t\t\t\t\t\t<h4><a href=\"https:\/\/www.kern.si\/cs\/1267-iso-upinka\/\" target=\"_self\">1267.ISO Up\u00ednka<\/a><\/h4>\r\n\t\t\t\t\t\t\t\t\t\t\t<p>PGltZyBjbGFzcz0ic3ZnLWtlcm4iIGFsdD0iYWx0LXRleHQiIHdpZHRoPSI1MDAiIHNyYz0iaHR0cDovL2tlcm4uYW5nZWxpcy5zaS93cC1jb250ZW50L3VwbG9hZHMvMjAxNy8wNi8xMjY3LUlTTy5zdmciIC8+[vc_btn title=&#8220;PDF&#8220; style=&#8220;custom&#8220;...<\/p><a class=\"link-hoverset2\" href=\"https:\/\/www.kern.si\/cs\/1267-iso-upinka\/\" target=\"_self\" >Read More<\/a><\/div>\r\n\t\t\t\t\t\t\t\t\t<\/div>\r\n\t\t\t\t\t\t\t<\/div><!--col -->\r\n\t\t\t\t\t\t\t\r\n\t\t\t\t\t\t\t<div class=\"mix  mix_all pl-col-md-3 pl-col-sm-6 pl-col-xs-12 pl-col\" data--6647=\"\" > <div class=\"pl-view pl-gst-effect-ming\">\r\n\t\t\t\t\t\t\t\t\t\t<img loading=\"lazy\" decoding=\"async\" width=\"200\" height=\"200\" src=\"https:\/\/www.kern.si\/wp-content\/uploads\/2019\/09\/1265-1-200x2001.png\" class=\"attachment-full\" alt=\"\" title=\"1265-1-200x200[1]\" srcset=\"https:\/\/www.kern.si\/wp-content\/uploads\/2019\/09\/1265-1-200x2001.png 200w, https:\/\/www.kern.si\/wp-content\/uploads\/2019\/09\/1265-1-200x2001-150x150.png 150w, https:\/\/www.kern.si\/wp-content\/uploads\/2019\/09\/1265-1-200x2001-100x100.png 100w\" sizes=\"(max-width: 200px) 100vw, 200px\" data-id=\"18131\" \/>\r\n\t\t\t\t\t\t\t\t\t\t<div class=\"pl-mask\">\r\n\t\t\t\t\t\t\t\t\t\t\t<h4><a href=\"https:\/\/www.kern.si\/cs\/1265-pojistny-krouzek\/\" target=\"_self\">1265 Pojistn\u00fd krou\u017eek<\/a><\/h4>\r\n\t\t\t\t\t\t\t\t\t\t\t<p>PGltZyBjbGFzcz0ic3ZnLWtlcm4iIGFsdD0iYWx0LXRleHQiIHdpZHRoPSI1MDAiIHNyYz0iaHR0cDovL2tlcm4uYW5nZWxpcy5zaS93cC1jb250ZW50L3VwbG9hZHMvMjAxNy8wNi8xMjY1LnN2ZyIgLz4=[vc_btn title=&#8220;PDF&#8220;...<\/p><a class=\"link-hoverset2\" href=\"https:\/\/www.kern.si\/cs\/1265-pojistny-krouzek\/\" target=\"_self\" >Read More<\/a><\/div>\r\n\t\t\t\t\t\t\t\t\t<\/div>\r\n\t\t\t\t\t\t\t<\/div><!--col -->\r\n\t\t\t\t\t\t\t\r\n\t\t\t\t\t\t\t<div class=\"mix  mix_all pl-col-md-3 pl-col-sm-6 pl-col-xs-12 pl-col\" data--6647=\"\" > <div class=\"pl-view pl-gst-effect-ming\">\r\n\t\t\t\t\t\t\t\t\t\t<img loading=\"lazy\" decoding=\"async\" width=\"200\" height=\"200\" src=\"https:\/\/www.kern.si\/wp-content\/uploads\/2019\/09\/1268_1-ISO-1-200x2001.png\" class=\"attachment-full\" alt=\"\" title=\"1268_1-ISO-1-200x200[1]\" srcset=\"https:\/\/www.kern.si\/wp-content\/uploads\/2019\/09\/1268_1-ISO-1-200x2001.png 200w, https:\/\/www.kern.si\/wp-content\/uploads\/2019\/09\/1268_1-ISO-1-200x2001-150x150.png 150w, https:\/\/www.kern.si\/wp-content\/uploads\/2019\/09\/1268_1-ISO-1-200x2001-100x100.png 100w\" sizes=\"(max-width: 200px) 100vw, 200px\" data-id=\"18146\" \/>\r\n\t\t\t\t\t\t\t\t\t\t<div class=\"pl-mask\">\r\n\t\t\t\t\t\t\t\t\t\t\t<h4><a href=\"https:\/\/www.kern.si\/cs\/1268-1-upinaci-podlozka-se-sroubem\/\" target=\"_self\">1268.1. Up\u00ednac\u00ed podlo\u017eka se \u0161roubem<\/a><\/h4>\r\n\t\t\t\t\t\t\t\t\t\t\t<p>PGltZyBjbGFzcz0ic3ZnLWtlcm4iIGFsdD0iYWx0LXRleHQiIHdpZHRoPSI1MDAiIHNyYz0iaHR0cDovL3d3dy5rZXJuLnNpL3dwLWNvbnRlbnQvdXBsb2Fkcy8yMDE4LzExLzEyNjhfMS5zdmciIC8+[vc_btn title=&#8220;PDF&#8220; style=&#8220;custom&#8220;...<\/p><a class=\"link-hoverset2\" href=\"https:\/\/www.kern.si\/cs\/1268-1-upinaci-podlozka-se-sroubem\/\" target=\"_self\" >Read More<\/a><\/div>\r\n\t\t\t\t\t\t\t\t\t<\/div>\r\n\t\t\t\t\t\t\t<\/div><!--col -->\r\n\t\t\t\t\t\t\t\r\n\t\t\t\t\t\t\t<div class=\"mix  mix_all pl-col-md-3 pl-col-sm-6 pl-col-xs-12 pl-col\" data--6647=\"\" > <div class=\"pl-view pl-gst-effect-ming\">\r\n\t\t\t\t\t\t\t\t\t\t<img loading=\"lazy\" decoding=\"async\" width=\"200\" height=\"200\" src=\"https:\/\/www.kern.si\/wp-content\/uploads\/2019\/09\/1268_2-200x2001-1.png\" class=\"attachment-full\" alt=\"\" title=\"1268_2-200x200[1]\" srcset=\"https:\/\/www.kern.si\/wp-content\/uploads\/2019\/09\/1268_2-200x2001-1.png 200w, https:\/\/www.kern.si\/wp-content\/uploads\/2019\/09\/1268_2-200x2001-1-150x150.png 150w, https:\/\/www.kern.si\/wp-content\/uploads\/2019\/09\/1268_2-200x2001-1-100x100.png 100w\" sizes=\"(max-width: 200px) 100vw, 200px\" data-id=\"18173\" \/>\r\n\t\t\t\t\t\t\t\t\t\t<div class=\"pl-mask\">\r\n\t\t\t\t\t\t\t\t\t\t\t<h4><a href=\"https:\/\/www.kern.si\/cs\/1268-2-upinaci-podlozka-se-sroubem\/\" target=\"_self\">1268.2. Up\u00ednac\u00ed podlo\u017eka se \u0161roubem<\/a><\/h4>\r\n\t\t\t\t\t\t\t\t\t\t\t<p>PGltZyBjbGFzcz0ic3ZnLWtlcm4iIGFsdD0iYWx0LXRleHQiIHdpZHRoPSI1MDAiIHNyYz0iaHR0cDovL3d3dy5rZXJuLnNpL3dwLWNvbnRlbnQvdXBsb2Fkcy8yMDE4LzExLzEyNjhfMi5zdmciIC8+[vc_btn title=&#8220;PDF&#8220; style=&#8220;custom&#8220;...<\/p><a class=\"link-hoverset2\" href=\"https:\/\/www.kern.si\/cs\/1268-2-upinaci-podlozka-se-sroubem\/\" target=\"_self\" >Read More<\/a><\/div>\r\n\t\t\t\t\t\t\t\t\t<\/div>\r\n\t\t\t\t\t\t\t<\/div><!--col -->\r\n\t\t\t\t\t\t\t\r\n\t\t\t\t\t\t\t<div class=\"mix  mix_all pl-col-md-3 pl-col-sm-6 pl-col-xs-12 pl-col\" data--6647=\"\" > <div class=\"pl-view pl-gst-effect-ming\">\r\n\t\t\t\t\t\t\t\t\t\t<img loading=\"lazy\" decoding=\"async\" width=\"200\" height=\"200\" src=\"https:\/\/www.kern.si\/wp-content\/uploads\/2019\/09\/1269-ISO-1-200x2001.png\" class=\"attachment-full\" alt=\"\" title=\"1269-ISO-1-200x200[1]\" srcset=\"https:\/\/www.kern.si\/wp-content\/uploads\/2019\/09\/1269-ISO-1-200x2001.png 200w, https:\/\/www.kern.si\/wp-content\/uploads\/2019\/09\/1269-ISO-1-200x2001-150x150.png 150w, https:\/\/www.kern.si\/wp-content\/uploads\/2019\/09\/1269-ISO-1-200x2001-100x100.png 100w\" sizes=\"(max-width: 200px) 100vw, 200px\" data-id=\"18189\" \/>\r\n\t\t\t\t\t\t\t\t\t\t<div class=\"pl-mask\">\r\n\t\t\t\t\t\t\t\t\t\t\t<h4><a href=\"https:\/\/www.kern.si\/cs\/1269-iso-upinka-din9832\/\" target=\"_self\">1269.ISO Up\u00ednka, DIN9832<\/a><\/h4>\r\n\t\t\t\t\t\t\t\t\t\t\t<p>PGltZyBjbGFzcz0ic3ZnLWtlcm4iIGFsdD0iYWx0LXRleHQiIHdpZHRoPSI1MDAiIHNyYz0iaHR0cDovL2tlcm4uYW5nZWxpcy5zaS93cC1jb250ZW50L3VwbG9hZHMvMjAxNy8wNi8xMjY5LUlTTy5zdmciIC8+[vc_btn title=&#8220;PDF&#8220; style=&#8220;custom&#8220;...<\/p><a class=\"link-hoverset2\" href=\"https:\/\/www.kern.si\/cs\/1269-iso-upinka-din9832\/\" target=\"_self\" >Read More<\/a><\/div>\r\n\t\t\t\t\t\t\t\t\t<\/div>\r\n\t\t\t\t\t\t\t<\/div><!--col -->\r\n\t\t\t\t\t\t\t<\/div>\r\n\t\t\t\t\t<form id=\"pw_pl_form_load_more_6647\">\r\n\t\t\t\t\t\r\n\t\t\t\t\t\t<input type=\"hidden\" name=\"pw_title\" value=\"\" id=\"pw_title_6647\"\/><input type=\"hidden\" name=\"pw_query\" value=\"size:all|order_by:date|post_type:page|categories:518\" id=\"pw_query_6647\"\/><input type=\"hidden\" name=\"pw_grid_display_type\" value=\"grid\" id=\"pw_grid_display_type_6647\"\/><input type=\"hidden\" name=\"pw_grid_type\" value=\"pl-mixitup-grid\" id=\"pw_grid_type_6647\"\/><input type=\"hidden\" name=\"pw_border_top_size\" value=\"\" id=\"pw_border_top_size_6647\"\/><input type=\"hidden\" name=\"pw_border_top_type\" value=\"\" id=\"pw_border_top_type_6647\"\/><input type=\"hidden\" name=\"pw_border_top_color\" value=\"\" id=\"pw_border_top_color_6647\"\/><input type=\"hidden\" name=\"pw_border_right_size\" value=\"\" id=\"pw_border_right_size_6647\"\/><input type=\"hidden\" name=\"pw_border_right_type\" value=\"\" id=\"pw_border_right_type_6647\"\/><input type=\"hidden\" name=\"pw_border_right_color\" value=\"\" id=\"pw_border_right_color_6647\"\/><input type=\"hidden\" name=\"pw_border_bottom_size\" value=\"\" id=\"pw_border_bottom_size_6647\"\/><input type=\"hidden\" name=\"pw_border_bottom_type\" value=\"\" id=\"pw_border_bottom_type_6647\"\/><input type=\"hidden\" name=\"pw_border_bottom_color\" value=\"\" id=\"pw_border_bottom_color_6647\"\/><input type=\"hidden\" name=\"pw_border_left_size\" value=\"\" id=\"pw_border_left_size_6647\"\/><input type=\"hidden\" name=\"pw_border_left_type\" value=\"\" id=\"pw_border_left_type_6647\"\/><input type=\"hidden\" name=\"pw_border_left_color\" value=\"\" id=\"pw_border_left_color_6647\"\/><input type=\"hidden\" name=\"pw_back_color\" value=\"#ffffff\" id=\"pw_back_color_6647\"\/><input type=\"hidden\" name=\"pw_back_hcolor\" value=\"#ffffff\" id=\"pw_back_hcolor_6647\"\/><input type=\"hidden\" name=\"pw_item_back_color\" value=\"\" id=\"pw_item_back_color_6647\"\/><input type=\"hidden\" name=\"pw_title_font_family\" value=\"inherit\" id=\"pw_title_font_family_6647\"\/><input type=\"hidden\" name=\"pw_title_font_size\" value=\"14\" id=\"pw_title_font_size_6647\"\/><input type=\"hidden\" name=\"pw_link_color\" value=\"\" id=\"pw_link_color_6647\"\/><input type=\"hidden\" name=\"pw_link_hover_color\" value=\"\" id=\"pw_link_hover_color_6647\"\/><input type=\"hidden\" name=\"pw_meta_font_family\" value=\"\" id=\"pw_meta_font_family_6647\"\/><input type=\"hidden\" name=\"pw_meta_font_size\" value=\"12\" id=\"pw_meta_font_size_6647\"\/><input type=\"hidden\" name=\"pw_meta_color\" value=\"\" id=\"pw_meta_color_6647\"\/><input type=\"hidden\" name=\"pw_excerpt_font_family\" value=\"inherit\" id=\"pw_excerpt_font_family_6647\"\/><input type=\"hidden\" name=\"pw_excerpt_font_size\" value=\"11\" id=\"pw_excerpt_font_size_6647\"\/><input type=\"hidden\" name=\"pw_excerpt_color\" value=\"\" id=\"pw_excerpt_color_6647\"\/><input type=\"hidden\" name=\"pw_readmore_type\" value=\"pl-permalink\" id=\"pw_readmore_type_6647\"\/><input type=\"hidden\" name=\"pw_readmore_translate\" value=\"Read More\" id=\"pw_readmore_translate_6647\"\/><input type=\"hidden\" name=\"pw_link_target\" value=\"_self\" id=\"pw_link_target_6647\"\/><input type=\"hidden\" name=\"pw_post_layout\" value=\"\" id=\"pw_post_layout_6647\"\/><input type=\"hidden\" name=\"pw_grid_desktop_columns_count\" value=\"pl-col-md-3\" id=\"pw_grid_desktop_columns_count_6647\"\/><input type=\"hidden\" name=\"pw_grid_tablet_columns_count\" value=\"pl-col-sm-6\" id=\"pw_grid_tablet_columns_count_6647\"\/><input type=\"hidden\" name=\"pw_grid_mobile_columns_count\" value=\"pl-col-xs-12\" id=\"pw_grid_mobile_columns_count_6647\"\/><input type=\"hidden\" name=\"pw_skin_type\" value=\"pl-gridskin-two\" id=\"pw_skin_type_6647\"\/><input type=\"hidden\" name=\"pw_grid_skin_effect\" value=\"pl-gst-effect-ming\" id=\"pw_grid_skin_effect_6647\"\/><input type=\"hidden\" name=\"pw_grid_page_navigation\" value=\"show_page_number\" id=\"pw_grid_page_navigation_6647\"\/><input type=\"hidden\" name=\"pw_grid_page_number_style\" value=\"pl-paging-style1\" id=\"pw_grid_page_number_style_6647\"\/><input type=\"hidden\" name=\"pw_grid_filter_by\" value=\"\" id=\"pw_grid_filter_by_6647\"\/><input type=\"hidden\" name=\"pw_grid_order_by\" value=\"\" id=\"pw_grid_order_by_6647\"\/><input type=\"hidden\" name=\"pw_grid_author\" value=\"no\" id=\"pw_grid_author_6647\"\/><input type=\"hidden\" name=\"pw_grid_tags\" value=\"no\" id=\"pw_grid_tags_6647\"\/><input type=\"hidden\" name=\"pw_grid_show_num_comment\" value=\"no\" id=\"pw_grid_show_num_comment_6647\"\/><input type=\"hidden\" name=\"pw_grid_hide_recentpost\" value=\"no\" id=\"pw_grid_hide_recentpost_6647\"\/><input type=\"hidden\" name=\"pw_grid_num_hide_recentpost\" value=\"1\" id=\"pw_grid_num_hide_recentpost_6647\"\/><input type=\"hidden\" name=\"pw_grid_switch_icon\" value=\"yes\" id=\"pw_grid_switch_icon_6647\"\/><input type=\"hidden\" name=\"pw_teasr_layout_img\" value=\"image|link_post,title|link_post,text|excerpt\" id=\"pw_teasr_layout_img_6647\"\/><input type=\"hidden\" name=\"pw_image_thumb_size\" value=\"full\" id=\"pw_image_thumb_size_6647\"\/><input type=\"hidden\" name=\"pw_excerpt_length\" value=\"10\" id=\"pw_excerpt_length_6647\"\/><input type=\"hidden\" name=\"pw_image_effect\" value=\"none\" id=\"pw_image_effect_6647\"\/><input type=\"hidden\" name=\"pw_show_zoom_icon\" value=\"no\" id=\"pw_show_zoom_icon_6647\"\/><input type=\"hidden\" name=\"pw_show_link_icon\" value=\"no\" id=\"pw_show_link_icon_6647\"\/><input type=\"hidden\" name=\"pw_show_overlay\" value=\"no\" id=\"pw_show_overlay_6647\"\/><input type=\"hidden\" name=\"pw_icon_type\" value=\"none\" id=\"pw_icon_type_6647\"\/><input type=\"hidden\" name=\"pw_icon_effect\" value=\"none\" id=\"pw_icon_effect_6647\"\/><input type=\"hidden\" name=\"pw_hide_date\" value=\"off\" id=\"pw_hide_date_6647\"\/><input type=\"hidden\" name=\"pw_date_format\" value=\"\" id=\"pw_date_format_6647\"\/><input type=\"hidden\" name=\"pw_taxonomy\" value=\"\" id=\"pw_taxonomy_6647\"\/>\r\n\t\t\t\t\t\t<input type=\"hidden\" name=\"_wpnonce \" value=\"14266\"\/>\r\n\t\t\t\t\t\t<input type=\"hidden\" name=\"query\" value=\"size:all|order_by:date|post_type:page|categories:518\"\/>\r\n\t\t\t\t\t\t<input type=\"hidden\" name=\"paged\" value=\"1\" id=\"pw_paged_6647\"\/>\r\n\t\t\t\t\t\t<input type=\"hidden\" name=\"view_type\" value=\"grid\" id=\"pw_view_type_6647\"\/>\r\n\t\t\t\t\t\t<input type=\"hidden\" name=\"total_paged\" value=\"0\" id=\"pw_total_paged_6647\"\/>\r\n\t\t\t\t\t\t<input type=\"hidden\" name=\"pw_action_type\" value=\"\" id=\"pw_pl_action_type_6647\"\/>\r\n\t\t\t\t\t\t<input type=\"hidden\" name=\"pw_mixitup_grid_id\" value=\"6647\" id=\"pw_grid_id_6647\"\/>\r\n\t\t\t\t\t\t<input type=\"hidden\" name=\"pw_grid_hide_recentpost\" value=\"no\" id=\"pw_grid_id_6647\"\/>\r\n\t\t\t\t\t\t<input type=\"hidden\" name=\"pw_grid_num_hide_recentpost\" value=\"1\" id=\"pw_grid_id_6647\"\/>\r\n\t\t\t\t\t\t\r\n\t\t\t\t\t<\/form>\r\n\t\t\t\t\t<script type='text\/javascript'>\r\n\t\t\t\t\t\tjQuery(document).ready(function() {jQuery('#Grid_6647').mixitup();\r\n\t\t\t\t\t\t\t\r\n\t\t\t\t\t\t\tvar filters = jQuery('#Filters_6647').find('li'),\r\n\t\t\t\t\t\t\tdimensions = {\r\n\t\t\t\t\t\t\t\t\r\n\t\t\t\t\t\t\t};\r\n\t\t\t\t\t\t\t\r\n\t\t\t\t\t\t\tfilters.on('click',function(){\r\n\t\t\t\t\t\t\t\t\r\n\t\t\t\t\t\t\t\tvar t = jQuery(this),\r\n\t\t\t\t\t\t\t\t\tdimension = t.attr('data-dimension'),\r\n\t\t\t\t\t\t\t\t\tfilter = t.attr('data-filter'),\r\n\t\t\t\t\t\t\t\t\tfilterString = dimensions[dimension];\r\n\t\t\t\t\t\t\t\t\t\t\t\t\t\t\t\t\t\t\t\r\n\t\t\t\t\t\t\t\tif(filter == 'all'){\r\n\t\t\t\t\t\t\t\t\tif(!t.hasClass('active')){\r\n\t\t\t\t\t\t\t\t\t\tt.addClass('active').siblings().removeClass('active');\r\n\t\t\t\t\t\t\t\t\t\tfilterString = 'all';\t\r\n\t\t\t\t\t\t\t\t\t} else {\r\n\t\t\t\t\t\t\t\t\t\t\/\/ Uncheck\r\n\t\t\t\t\t\t\t\t\t\tt.removeClass('active');\r\n\t\t\t\t\t\t\t\t\t\t\/\/ Emtpy string\r\n\t\t\t\t\t\t\t\t\t\tfilterString = '';\r\n\t\t\t\t\t\t\t\t\t}\r\n\t\t\t\t\t\t\t\t} else {\r\n\t\t\t\t\t\t\t\t\tt.siblings('[data-filter=\"all\"]').removeClass('active');\r\n\t\t\t\t\t\t\t\t\tfilterString = filterString.replace('all','');\r\n\t\t\t\t\t\t\t\t\tif(!t.hasClass('active')){\r\n\t\t\t\t\t\t\t\t\t\t\/\/ Check checkbox\r\n\t\t\t\t\t\t\t\t\t\tt.addClass('active');\r\n\t\t\t\t\t\t\t\t\t\t\/\/ Append filter to string\r\n\t\t\t\t\t\t\t\t\t\tfilterString = filterString == '' ? filter : filterString+' '+filter;\r\n\t\t\t\t\t\t\t\t\t} else {\r\n\t\t\t\t\t\t\t\t\t\t\/\/ Uncheck\r\n\t\t\t\t\t\t\t\t\t\tt.removeClass('active');\r\n\t\t\t\t\t\t\t\t\t\t\/\/ Remove filter and preceeding space from string with RegEx\r\n\t\t\t\t\t\t\t\t\t\t\r\n\t\t\t\t\t\t\t\t\t\t\/*var re = new RegExp('(\\s|^)'+filter);\r\n\t\t\t\t\t\t\t\t\t\tfilterString = filterString.replace(re,'');*\/\r\n\t\t\t\t\t\t\t\t\t\tfilterString = filterString.replace('. ','');\r\n\t\t\t\t\t\t\t\t\t\tfilterString = filterString.replace(' . ','');\r\n\t\t\t\t\t\t\t\t\t\tfilterString = filterString.replace(' .','');\r\n\t\t\t\t\t\t\t\t\t\tfilterString = filterString.replace(filter.trim(),'');\r\n\t\t\t\t\t\t\t\t\t};\r\n\t\t\t\t\t\t\t\t};\r\n\t\t\t\t\t\t\t\t\r\n\t\t\t\t\t\t\t\t\r\n\t\t\t\t\t\t\t\t\/\/ Set demension with filterString\r\n\t\t\t\t\t\t\t\tdimensions[dimension] = filterString.trim();\r\n\t\t\t\t\t\t\t\t\r\n\t\t\t\t\t\t\t\t\/\/ We now have two strings containing the filter arguments for each dimension:\t\r\n\t\t\t\t\t\t\t\t\r\n\t\t\t\t\t\t\t\t\r\n\t\r\n\t\t\t\t\t\t\t\tjQuery('#Grid_6647').mixitup('filter',[]);\r\n\t\t\t\t\t\t\t\t\r\n\t\t\t\t\t\t\t});jQuery( '.pw_view_type_6647' ).click(function(event) {\r\n\t\t\t\t\t\t\t\tevent.preventDefault(event);\r\n\t\r\n\t\t\t\t\t\t\t\tjQuery('#pw_pl_action_type_6647').val('swap_view_type');\r\n\t\t\t\t\t\t\t\tjQuery('#pw_view_type_6647').val(jQuery(this).attr('data-viewtype'));\r\n\t\t\t\t\t\t\t\t\r\n\t\t\t\t\t\t\t\tif(jQuery(this).attr('data-viewtype')=='list')\r\n\t\t\t\t\t\t\t\t{\r\n\t\t\t\t\t\t\t\t\tjQuery('#Grid_6647').removeClass('pl-gridlayout').addClass('pl-listlayout');\r\n\t\t\t\t\t\t\t\t}else\r\n\t\t\t\t\t\t\t\t{\r\n\t\t\t\t\t\t\t\t\tjQuery('#Grid_6647').removeClass('pl-listlayout').addClass('pl-gridlayout');\r\n\t\t\t\t\t\t\t\t}\r\n\t\t\t\t\t\t\t\t\r\n\t\t\t\t\t\t\t\tjQuery(this).siblings('.active').removeClass('active');\r\n\t\t\t\t\t\t\t\tjQuery(this).addClass('active');\r\n\t\t\t\t\t\t\t\t\r\n\t\t\t\t\t\t\t\tjQuery('#Grid_6647').html('<div class=\"pl-grid-loading\"><img decoding=\"async\" src=\"https:\/\/www.kern.si\/wp-content\/plugins\/pw-vc-grid-list-post-layout\/assets\/images\/loader.gif\" \/><\/div>');\r\n\t\t\t\t\t\t\t\tvar params=jQuery('#pw_pl_form_load_more_6647').serialize();\r\n\t\t\t\t\t\t\t\tjQuery.ajax ({\r\n\t\t\t\t\t\t\t\t\ttype: 'POST',\r\n\t\t\t\t\t\t\t\t\turl: 'https:\/\/www.kern.si\/wp-admin\/admin-ajax.php',\r\n\t\t\t\t\t\t\t\t\tdata:  params+'&action=pw_pl_grid_list_swap',\r\n\t\t\t\t\t\t\t\t\tsuccess: function(response) {\r\n\r\n\t\t\t\t\t\t\t\t\t\tjQuery('#Grid_6647').html(response);\r\n\t\t\t\t\t\t\t\t\t\t\r\n\t\t\t\t\t\t\t\t\t\tjQuery('#Filters_6647 .pl-anim250 li').removeClass('active');\r\n\t\t\t\t\t\t\t\t\t\tjQuery('#Filters_6647 .pl-anim250').each(function(i, obj) {\r\n\t\t\t\t\t\t\t\t\t\t\tjQuery(this).children().eq(0).addClass('active');\r\n\t\t\t\t\t\t\t\t\t\t});\r\n\t\r\n\t\t\t\t\t\t\t\t\t\t\/\/jQuery('#Grid_6647').mixitup('sort','random');\t\t\t\t\r\n\t\t\t\t\t\t\t\t\t\tjQuery('#Grid_6647').mixitup('remix');jQuery('#Grid_6647').mixitup();\t\t\t\t\t\t\t\r\n\t\t\t\t\t\t\t\t\t\t\r\n\t\t\t\t\t\t\t\t\t}\r\n\t\t\t\t\t\t\t\t});\r\n\t\t\t\t\t\t\t});\r\n\t\t\t\t\t\t\t\r\n\t\t\t\t\t\t});\t\r\n\t\t\t\t\t<\/script>[\/vc_column][\/vc_row]<\/p>\n<\/div>","protected":false},"excerpt":{"rendered":"<p>[vc_row][vc_column][\/vc_column][\/vc_row]<\/p>\n","protected":false},"author":1,"featured_media":0,"parent":19278,"menu_order":0,"comment_status":"closed","ping_status":"closed","template":"","meta":{"footnotes":""},"categories":[],"tags":[],"acf":[],"yoast_head":"<!-- This site is optimized with the Yoast SEO plugin v21.7 - https:\/\/yoast.com\/wordpress\/plugins\/seo\/ -->\n<title>Kuli\u010dkov\u00e9 veden\u00ed \u2013 p\u0159\u00edslu\u0161enstv\u00ed - KERN<\/title>\n<meta name=\"robots\" content=\"index, follow, max-snippet:-1, max-image-preview:large, max-video-preview:-1\" \/>\n<link rel=\"canonical\" href=\"https:\/\/www.kern.si\/cs\/lisovaci-nastroje\/vodici-dily\/kulickove-vedeni\/kulickove-vedeni-prislusenstvi\/\" \/>\n<meta property=\"og:locale\" content=\"cs_CZ\" \/>\n<meta property=\"og:type\" content=\"article\" \/>\n<meta property=\"og:title\" content=\"Kuli\u010dkov\u00e9 veden\u00ed \u2013 p\u0159\u00edslu\u0161enstv\u00ed - KERN\" \/>\n<meta property=\"og:description\" content=\"[vc_row][vc_column][\/vc_column][\/vc_row]\" \/>\n<meta property=\"og:url\" content=\"https:\/\/www.kern.si\/cs\/lisovaci-nastroje\/vodici-dily\/kulickove-vedeni\/kulickove-vedeni-prislusenstvi\/\" \/>\n<meta property=\"og:site_name\" content=\"KERN\" \/>\n<meta name=\"twitter:card\" content=\"summary_large_image\" \/>\n<script type=\"application\/ld+json\" class=\"yoast-schema-graph\">{\"@context\":\"https:\/\/schema.org\",\"@graph\":[{\"@type\":\"WebPage\",\"@id\":\"https:\/\/www.kern.si\/cs\/lisovaci-nastroje\/vodici-dily\/kulickove-vedeni\/kulickove-vedeni-prislusenstvi\/\",\"url\":\"https:\/\/www.kern.si\/cs\/lisovaci-nastroje\/vodici-dily\/kulickove-vedeni\/kulickove-vedeni-prislusenstvi\/\",\"name\":\"Kuli\u010dkov\u00e9 veden\u00ed \u2013 p\u0159\u00edslu\u0161enstv\u00ed - KERN\",\"isPartOf\":{\"@id\":\"https:\/\/www.kern.si\/cs\/#website\"},\"datePublished\":\"2019-09-26T14:45:55+00:00\",\"dateModified\":\"2019-09-26T14:45:55+00:00\",\"breadcrumb\":{\"@id\":\"https:\/\/www.kern.si\/cs\/lisovaci-nastroje\/vodici-dily\/kulickove-vedeni\/kulickove-vedeni-prislusenstvi\/#breadcrumb\"},\"inLanguage\":\"cs\",\"potentialAction\":[{\"@type\":\"ReadAction\",\"target\":[\"https:\/\/www.kern.si\/cs\/lisovaci-nastroje\/vodici-dily\/kulickove-vedeni\/kulickove-vedeni-prislusenstvi\/\"]}]},{\"@type\":\"BreadcrumbList\",\"@id\":\"https:\/\/www.kern.si\/cs\/lisovaci-nastroje\/vodici-dily\/kulickove-vedeni\/kulickove-vedeni-prislusenstvi\/#breadcrumb\",\"itemListElement\":[{\"@type\":\"ListItem\",\"position\":1,\"name\":\"Home\",\"item\":\"https:\/\/www.kern.si\/cs\/\"},{\"@type\":\"ListItem\",\"position\":2,\"name\":\"Lisovac\u00ed n\u00e1stroje\",\"item\":\"https:\/\/www.kern.si\/cs\/lisovaci-nastroje\/\"},{\"@type\":\"ListItem\",\"position\":3,\"name\":\"Vod\u00edc\u00ed d\u00edly\",\"item\":\"https:\/\/www.kern.si\/cs\/lisovaci-nastroje\/vodici-dily\/\"},{\"@type\":\"ListItem\",\"position\":4,\"name\":\"Kuli\u010dkov\u00e9 veden\u00ed\",\"item\":\"https:\/\/www.kern.si\/cs\/lisovaci-nastroje\/vodici-dily\/kulickove-vedeni\/\"},{\"@type\":\"ListItem\",\"position\":5,\"name\":\"Kuli\u010dkov\u00e9 veden\u00ed \u2013 p\u0159\u00edslu\u0161enstv\u00ed\"}]},{\"@type\":\"WebSite\",\"@id\":\"https:\/\/www.kern.si\/cs\/#website\",\"url\":\"https:\/\/www.kern.si\/cs\/\",\"name\":\"KERN\",\"description\":\"\",\"potentialAction\":[{\"@type\":\"SearchAction\",\"target\":{\"@type\":\"EntryPoint\",\"urlTemplate\":\"https:\/\/www.kern.si\/cs\/?s={search_term_string}\"},\"query-input\":\"required name=search_term_string\"}],\"inLanguage\":\"cs\"}]}<\/script>\n<!-- \/ Yoast SEO plugin. -->","yoast_head_json":{"title":"Kuli\u010dkov\u00e9 veden\u00ed \u2013 p\u0159\u00edslu\u0161enstv\u00ed - KERN","robots":{"index":"index","follow":"follow","max-snippet":"max-snippet:-1","max-image-preview":"max-image-preview:large","max-video-preview":"max-video-preview:-1"},"canonical":"https:\/\/www.kern.si\/cs\/lisovaci-nastroje\/vodici-dily\/kulickove-vedeni\/kulickove-vedeni-prislusenstvi\/","og_locale":"cs_CZ","og_type":"article","og_title":"Kuli\u010dkov\u00e9 veden\u00ed \u2013 p\u0159\u00edslu\u0161enstv\u00ed - KERN","og_description":"[vc_row][vc_column][\/vc_column][\/vc_row]","og_url":"https:\/\/www.kern.si\/cs\/lisovaci-nastroje\/vodici-dily\/kulickove-vedeni\/kulickove-vedeni-prislusenstvi\/","og_site_name":"KERN","twitter_card":"summary_large_image","schema":{"@context":"https:\/\/schema.org","@graph":[{"@type":"WebPage","@id":"https:\/\/www.kern.si\/cs\/lisovaci-nastroje\/vodici-dily\/kulickove-vedeni\/kulickove-vedeni-prislusenstvi\/","url":"https:\/\/www.kern.si\/cs\/lisovaci-nastroje\/vodici-dily\/kulickove-vedeni\/kulickove-vedeni-prislusenstvi\/","name":"Kuli\u010dkov\u00e9 veden\u00ed \u2013 p\u0159\u00edslu\u0161enstv\u00ed - KERN","isPartOf":{"@id":"https:\/\/www.kern.si\/cs\/#website"},"datePublished":"2019-09-26T14:45:55+00:00","dateModified":"2019-09-26T14:45:55+00:00","breadcrumb":{"@id":"https:\/\/www.kern.si\/cs\/lisovaci-nastroje\/vodici-dily\/kulickove-vedeni\/kulickove-vedeni-prislusenstvi\/#breadcrumb"},"inLanguage":"cs","potentialAction":[{"@type":"ReadAction","target":["https:\/\/www.kern.si\/cs\/lisovaci-nastroje\/vodici-dily\/kulickove-vedeni\/kulickove-vedeni-prislusenstvi\/"]}]},{"@type":"BreadcrumbList","@id":"https:\/\/www.kern.si\/cs\/lisovaci-nastroje\/vodici-dily\/kulickove-vedeni\/kulickove-vedeni-prislusenstvi\/#breadcrumb","itemListElement":[{"@type":"ListItem","position":1,"name":"Home","item":"https:\/\/www.kern.si\/cs\/"},{"@type":"ListItem","position":2,"name":"Lisovac\u00ed n\u00e1stroje","item":"https:\/\/www.kern.si\/cs\/lisovaci-nastroje\/"},{"@type":"ListItem","position":3,"name":"Vod\u00edc\u00ed d\u00edly","item":"https:\/\/www.kern.si\/cs\/lisovaci-nastroje\/vodici-dily\/"},{"@type":"ListItem","position":4,"name":"Kuli\u010dkov\u00e9 veden\u00ed","item":"https:\/\/www.kern.si\/cs\/lisovaci-nastroje\/vodici-dily\/kulickove-vedeni\/"},{"@type":"ListItem","position":5,"name":"Kuli\u010dkov\u00e9 veden\u00ed \u2013 p\u0159\u00edslu\u0161enstv\u00ed"}]},{"@type":"WebSite","@id":"https:\/\/www.kern.si\/cs\/#website","url":"https:\/\/www.kern.si\/cs\/","name":"KERN","description":"","potentialAction":[{"@type":"SearchAction","target":{"@type":"EntryPoint","urlTemplate":"https:\/\/www.kern.si\/cs\/?s={search_term_string}"},"query-input":"required name=search_term_string"}],"inLanguage":"cs"}]}},"_links":{"self":[{"href":"https:\/\/www.kern.si\/cs\/wp-json\/wp\/v2\/pages\/19314"}],"collection":[{"href":"https:\/\/www.kern.si\/cs\/wp-json\/wp\/v2\/pages"}],"about":[{"href":"https:\/\/www.kern.si\/cs\/wp-json\/wp\/v2\/types\/page"}],"author":[{"embeddable":true,"href":"https:\/\/www.kern.si\/cs\/wp-json\/wp\/v2\/users\/1"}],"replies":[{"embeddable":true,"href":"https:\/\/www.kern.si\/cs\/wp-json\/wp\/v2\/comments?post=19314"}],"version-history":[{"count":1,"href":"https:\/\/www.kern.si\/cs\/wp-json\/wp\/v2\/pages\/19314\/revisions"}],"predecessor-version":[{"id":19315,"href":"https:\/\/www.kern.si\/cs\/wp-json\/wp\/v2\/pages\/19314\/revisions\/19315"}],"up":[{"embeddable":true,"href":"https:\/\/www.kern.si\/cs\/wp-json\/wp\/v2\/pages\/19278"}],"wp:attachment":[{"href":"https:\/\/www.kern.si\/cs\/wp-json\/wp\/v2\/media?parent=19314"}],"wp:term":[{"taxonomy":"category","embeddable":true,"href":"https:\/\/www.kern.si\/cs\/wp-json\/wp\/v2\/categories?post=19314"},{"taxonomy":"post_tag","embeddable":true,"href":"https:\/\/www.kern.si\/cs\/wp-json\/wp\/v2\/tags?post=19314"}],"curies":[{"name":"wp","href":"https:\/\/api.w.org\/{rel}","templated":true}]}}