{"id":19355,"date":"2019-09-27T08:18:43","date_gmt":"2019-09-27T06:18:43","guid":{"rendered":"https:\/\/beta.webis.si\/kern\/desky-vstrikovani-a-tlakove-liti\/"},"modified":"2019-09-27T08:18:44","modified_gmt":"2019-09-27T06:18:44","slug":"desky-vstrikovani-a-tlakove-liti","status":"publish","type":"page","link":"https:\/\/www.kern.si\/cs\/desky-vstrikovani-a-tlakove-liti\/","title":{"rendered":"Desky &#8211; VST\u0158IKOV\u00c1N\u00cd A TLAKOV\u00c9 LIT\u00cd"},"content":{"rendered":"<div class=\"wpb-content-wrapper\"><p>[vc_row css=&#8220;.vc_custom_1569345402579{padding-top: 25px !important;}&#8220;][vc_column][vc_column_text]We can also provide custom made plates.<\/p>\n<p>In case you need an offer, please send us an inquiry with drawings to e-mail\u00a0<a href=\"mailto:info@knp.cz\">info@knp.cz<\/a>[\/vc_column_text][\/vc_column][\/vc_row][vc_row][vc_column width=&#8220;5\/6&#8243;][vc_single_image image=&#8220;16741&#8243; img_size=&#8220;full&#8220; alignment=&#8220;center&#8220;][\/vc_column][vc_column width=&#8220;1\/6&#8243;][vc_btn title=&#8220;3D&#8220; style=&#8220;custom&#8220; custom_background=&#8220;#7690c9&#8243; custom_text=&#8220;#ffffff&#8220; link=&#8220;url:https%3A%2F%2Fkern.partcommunity.com%2F3d-cad-models%2Fplates-kern%2F%3Finfo%3Dkern%252Fmoulds%252Fbases%252Fplates|target:%20_blank|&#8220;][\/vc_column][\/vc_row]<\/p>\n<\/div>","protected":false},"excerpt":{"rendered":"<p>[vc_row css=&#8220;.vc_custom_1569345402579{padding-top: 25px !important;}&#8220;][vc_column][vc_column_text]We can also provide custom made plates. In case you need an offer, please send us an inquiry with drawings to e-mail\u00a0info@knp.cz[\/vc_column_text][\/vc_column][\/vc_row][vc_row][vc_column width=&#8220;5\/6&#8243;][vc_single_image image=&#8220;16741&#8243; img_size=&#8220;full&#8220; alignment=&#8220;center&#8220;][\/vc_column][vc_column width=&#8220;1\/6&#8243;][vc_btn title=&#8220;3D&#8220; style=&#8220;custom&#8220; custom_background=&#8220;#7690c9&#8243; custom_text=&#8220;#ffffff&#8220; link=&#8220;url:https%3A%2F%2Fkern.partcommunity.com%2F3d-cad-models%2Fplates-kern%2F%3Finfo%3Dkern%252Fmoulds%252Fbases%252Fplates|target:%20_blank|&#8220;][\/vc_column][\/vc_row]<\/p>\n","protected":false},"author":1,"featured_media":0,"parent":0,"menu_order":0,"comment_status":"open","ping_status":"closed","template":"","meta":{"footnotes":""},"categories":[],"tags":[],"acf":[],"yoast_head":"<!-- This site is optimized with the Yoast SEO plugin v21.7 - https:\/\/yoast.com\/wordpress\/plugins\/seo\/ -->\n<title>Desky - VST\u0158IKOV\u00c1N\u00cd A TLAKOV\u00c9 LIT\u00cd - KERN<\/title>\n<meta name=\"robots\" content=\"index, follow, max-snippet:-1, max-image-preview:large, max-video-preview:-1\" \/>\n<link rel=\"canonical\" href=\"https:\/\/www.kern.si\/cs\/desky-vstrikovani-a-tlakove-liti\/\" \/>\n<meta property=\"og:locale\" content=\"cs_CZ\" \/>\n<meta property=\"og:type\" content=\"article\" \/>\n<meta property=\"og:title\" content=\"Desky - VST\u0158IKOV\u00c1N\u00cd A TLAKOV\u00c9 LIT\u00cd - KERN\" \/>\n<meta property=\"og:description\" content=\"[vc_row css=&#8220;.vc_custom_1569345402579{padding-top: 25px !important;}&#8220;][vc_column][vc_column_text]We can also provide custom made plates. In case you need an offer, please send us an inquiry with drawings to e-mail\u00a0info@knp.cz[\/vc_column_text][\/vc_column][\/vc_row][vc_row][vc_column width=&#8220;5\/6&#8243;][vc_single_image image=&#8220;16741&#8243; img_size=&#8220;full&#8220; alignment=&#8220;center&#8220;][\/vc_column][vc_column width=&#8220;1\/6&#8243;][vc_btn title=&#8220;3D&#8220; style=&#8220;custom&#8220; custom_background=&#8220;#7690c9&#8243; custom_text=&#8220;#ffffff&#8220; link=&#8220;url:https%3A%2F%2Fkern.partcommunity.com%2F3d-cad-models%2Fplates-kern%2F%3Finfo%3Dkern%252Fmoulds%252Fbases%252Fplates|target:%20_blank|&#8220;][\/vc_column][\/vc_row]\" \/>\n<meta property=\"og:url\" content=\"https:\/\/www.kern.si\/cs\/desky-vstrikovani-a-tlakove-liti\/\" \/>\n<meta property=\"og:site_name\" content=\"KERN\" \/>\n<meta property=\"article:modified_time\" content=\"2019-09-27T06:18:44+00:00\" \/>\n<meta name=\"twitter:card\" content=\"summary_large_image\" \/>\n<script type=\"application\/ld+json\" class=\"yoast-schema-graph\">{\"@context\":\"https:\/\/schema.org\",\"@graph\":[{\"@type\":\"WebPage\",\"@id\":\"https:\/\/www.kern.si\/cs\/desky-vstrikovani-a-tlakove-liti\/\",\"url\":\"https:\/\/www.kern.si\/cs\/desky-vstrikovani-a-tlakove-liti\/\",\"name\":\"Desky - VST\u0158IKOV\u00c1N\u00cd A TLAKOV\u00c9 LIT\u00cd - KERN\",\"isPartOf\":{\"@id\":\"https:\/\/www.kern.si\/cs\/#website\"},\"datePublished\":\"2019-09-27T06:18:43+00:00\",\"dateModified\":\"2019-09-27T06:18:44+00:00\",\"breadcrumb\":{\"@id\":\"https:\/\/www.kern.si\/cs\/desky-vstrikovani-a-tlakove-liti\/#breadcrumb\"},\"inLanguage\":\"cs\",\"potentialAction\":[{\"@type\":\"ReadAction\",\"target\":[\"https:\/\/www.kern.si\/cs\/desky-vstrikovani-a-tlakove-liti\/\"]}]},{\"@type\":\"BreadcrumbList\",\"@id\":\"https:\/\/www.kern.si\/cs\/desky-vstrikovani-a-tlakove-liti\/#breadcrumb\",\"itemListElement\":[{\"@type\":\"ListItem\",\"position\":1,\"name\":\"Home\",\"item\":\"https:\/\/www.kern.si\/cs\/\"},{\"@type\":\"ListItem\",\"position\":2,\"name\":\"Desky &#8211; VST\u0158IKOV\u00c1N\u00cd A TLAKOV\u00c9 LIT\u00cd\"}]},{\"@type\":\"WebSite\",\"@id\":\"https:\/\/www.kern.si\/cs\/#website\",\"url\":\"https:\/\/www.kern.si\/cs\/\",\"name\":\"KERN\",\"description\":\"\",\"potentialAction\":[{\"@type\":\"SearchAction\",\"target\":{\"@type\":\"EntryPoint\",\"urlTemplate\":\"https:\/\/www.kern.si\/cs\/?s={search_term_string}\"},\"query-input\":\"required name=search_term_string\"}],\"inLanguage\":\"cs\"}]}<\/script>\n<!-- \/ Yoast SEO plugin. -->","yoast_head_json":{"title":"Desky - VST\u0158IKOV\u00c1N\u00cd A TLAKOV\u00c9 LIT\u00cd - KERN","robots":{"index":"index","follow":"follow","max-snippet":"max-snippet:-1","max-image-preview":"max-image-preview:large","max-video-preview":"max-video-preview:-1"},"canonical":"https:\/\/www.kern.si\/cs\/desky-vstrikovani-a-tlakove-liti\/","og_locale":"cs_CZ","og_type":"article","og_title":"Desky - VST\u0158IKOV\u00c1N\u00cd A TLAKOV\u00c9 LIT\u00cd - KERN","og_description":"[vc_row css=&#8220;.vc_custom_1569345402579{padding-top: 25px !important;}&#8220;][vc_column][vc_column_text]We can also provide custom made plates. In case you need an offer, please send us an inquiry with drawings to e-mail\u00a0info@knp.cz[\/vc_column_text][\/vc_column][\/vc_row][vc_row][vc_column width=&#8220;5\/6&#8243;][vc_single_image image=&#8220;16741&#8243; img_size=&#8220;full&#8220; alignment=&#8220;center&#8220;][\/vc_column][vc_column width=&#8220;1\/6&#8243;][vc_btn title=&#8220;3D&#8220; style=&#8220;custom&#8220; custom_background=&#8220;#7690c9&#8243; custom_text=&#8220;#ffffff&#8220; link=&#8220;url:https%3A%2F%2Fkern.partcommunity.com%2F3d-cad-models%2Fplates-kern%2F%3Finfo%3Dkern%252Fmoulds%252Fbases%252Fplates|target:%20_blank|&#8220;][\/vc_column][\/vc_row]","og_url":"https:\/\/www.kern.si\/cs\/desky-vstrikovani-a-tlakove-liti\/","og_site_name":"KERN","article_modified_time":"2019-09-27T06:18:44+00:00","twitter_card":"summary_large_image","schema":{"@context":"https:\/\/schema.org","@graph":[{"@type":"WebPage","@id":"https:\/\/www.kern.si\/cs\/desky-vstrikovani-a-tlakove-liti\/","url":"https:\/\/www.kern.si\/cs\/desky-vstrikovani-a-tlakove-liti\/","name":"Desky - VST\u0158IKOV\u00c1N\u00cd A TLAKOV\u00c9 LIT\u00cd - KERN","isPartOf":{"@id":"https:\/\/www.kern.si\/cs\/#website"},"datePublished":"2019-09-27T06:18:43+00:00","dateModified":"2019-09-27T06:18:44+00:00","breadcrumb":{"@id":"https:\/\/www.kern.si\/cs\/desky-vstrikovani-a-tlakove-liti\/#breadcrumb"},"inLanguage":"cs","potentialAction":[{"@type":"ReadAction","target":["https:\/\/www.kern.si\/cs\/desky-vstrikovani-a-tlakove-liti\/"]}]},{"@type":"BreadcrumbList","@id":"https:\/\/www.kern.si\/cs\/desky-vstrikovani-a-tlakove-liti\/#breadcrumb","itemListElement":[{"@type":"ListItem","position":1,"name":"Home","item":"https:\/\/www.kern.si\/cs\/"},{"@type":"ListItem","position":2,"name":"Desky &#8211; VST\u0158IKOV\u00c1N\u00cd A TLAKOV\u00c9 LIT\u00cd"}]},{"@type":"WebSite","@id":"https:\/\/www.kern.si\/cs\/#website","url":"https:\/\/www.kern.si\/cs\/","name":"KERN","description":"","potentialAction":[{"@type":"SearchAction","target":{"@type":"EntryPoint","urlTemplate":"https:\/\/www.kern.si\/cs\/?s={search_term_string}"},"query-input":"required name=search_term_string"}],"inLanguage":"cs"}]}},"_links":{"self":[{"href":"https:\/\/www.kern.si\/cs\/wp-json\/wp\/v2\/pages\/19355"}],"collection":[{"href":"https:\/\/www.kern.si\/cs\/wp-json\/wp\/v2\/pages"}],"about":[{"href":"https:\/\/www.kern.si\/cs\/wp-json\/wp\/v2\/types\/page"}],"author":[{"embeddable":true,"href":"https:\/\/www.kern.si\/cs\/wp-json\/wp\/v2\/users\/1"}],"replies":[{"embeddable":true,"href":"https:\/\/www.kern.si\/cs\/wp-json\/wp\/v2\/comments?post=19355"}],"version-history":[{"count":2,"href":"https:\/\/www.kern.si\/cs\/wp-json\/wp\/v2\/pages\/19355\/revisions"}],"predecessor-version":[{"id":19357,"href":"https:\/\/www.kern.si\/cs\/wp-json\/wp\/v2\/pages\/19355\/revisions\/19357"}],"wp:attachment":[{"href":"https:\/\/www.kern.si\/cs\/wp-json\/wp\/v2\/media?parent=19355"}],"wp:term":[{"taxonomy":"category","embeddable":true,"href":"https:\/\/www.kern.si\/cs\/wp-json\/wp\/v2\/categories?post=19355"},{"taxonomy":"post_tag","embeddable":true,"href":"https:\/\/www.kern.si\/cs\/wp-json\/wp\/v2\/tags?post=19355"}],"curies":[{"name":"wp","href":"https:\/\/api.w.org\/{rel}","templated":true}]}}