{"id":19736,"date":"2019-09-24T11:39:45","date_gmt":"2019-09-24T09:39:45","guid":{"rendered":"https:\/\/beta.webis.si\/kern\/1321-3\/"},"modified":"2019-09-27T12:54:57","modified_gmt":"2019-09-27T10:54:57","slug":"1321-3","status":"publish","type":"page","link":"https:\/\/www.kern.si\/cs\/1321-3\/","title":{"rendered":"1321.3 Osazen\u00fd razn\u00edk s v\u00e1lcovou hlavou, B-HSS, ISO8020"},"content":{"rendered":"<div class=\"wpb-content-wrapper\"><p>[vc_row][vc_column][vc_column_text]Igle lahko dobavimo tudi s trdo prevleko po izbiri. Informativna tabela z najpogosteje uporabljenimi prevlekami je na voljo\u00a0<a href=\"http:\/\/www.kern.si\/wp-content\/uploads\/2017\/11\/INFO.prevleke.pdf\" target=\"_blank\" rel=\"noopener noreferrer\">na tej povezavi.<\/a><\/p>\n<p>.[\/vc_column_text][\/vc_column][\/vc_row][vc_row][vc_column width=&#8220;3\/6&#8243;][vc_raw_html]JTNDaW1nJTIwY2xhc3MlM0QlMjJzdmcta2VybiUyMiUyMGFsdCUzRCUyMmFsdC10ZXh0JTIyJTIwd2lkdGglM0QlMjI1MDAlMjIlMjBzcmMlM0QlMjJodHRwJTNBJTJGJTJGa2Vybi5hbmdlbGlzLnNpJTJGd3AtY29udGVudCUyRnVwbG9hZHMlMkYyMDE3JTJGMDYlMkYxMzIxXzMuc3ZnJTIyJTIwJTJGJTNF[\/vc_raw_html][\/vc_column][vc_column width=&#8220;2\/6&#8243;][vc_single_image image=&#8220;18719&#8243; img_size=&#8220;medium&#8220; alignment=&#8220;center&#8220; image_hovers=&#8220;false&#8220;][\/vc_column][vc_column width=&#8220;1\/6&#8243;][vc_btn title=&#8220;PDF&#8220; style=&#8220;custom&#8220; custom_background=&#8220;#61a375&#8243; custom_text=&#8220;#ffffff&#8220; align=&#8220;center&#8220; i_icon_fontawesome=&#8220;fa fa-file-pdf-o&#8220; add_icon=&#8220;true&#8220; link=&#8220;url:http%3A%2F%2Fkern.si%2Fwp-content%2Fuploads%2F2017%2F06%2F1321.3.pdf||target:%20_blank|&#8220;][vc_btn title=&#8220;3D &#8211; form B&#8220; style=&#8220;custom&#8220; custom_background=&#8220;#61a375&#8243; custom_text=&#8220;#ffffff&#8220; align=&#8220;center&#8220; i_icon_fontawesome=&#8220;fa fa-download&#8220; add_icon=&#8220;true&#8220; link=&#8220;url:http%3A%2F%2Fkern.partcommunity.com%2F3d-cad-models%2F1321-3-b-stepped-punches-shapes-kern%2F%3Finfo%3Dkern%252Fdies%252Fcutting_elements%252F1321_p3_b.prj||target:%20_blank|&#8220;][vc_btn title=&#8220;3D &#8211; form C&#8220; style=&#8220;custom&#8220; custom_background=&#8220;#61a375&#8243; custom_text=&#8220;#ffffff&#8220; align=&#8220;center&#8220; i_icon_fontawesome=&#8220;fa fa-download&#8220; add_icon=&#8220;true&#8220; link=&#8220;url:http%3A%2F%2Fkern.partcommunity.com%2F3d-cad-models%2F1321-3-c-stepped-punches-shapes-kern%2F%3Finfo%3Dkern%252Fdies%252Fcutting_elements%252F1321_p3_c.prj||target:%20_blank|&#8220;][\/vc_column][\/vc_row][vc_row][vc_column][vc_empty_space height=&#8220;64px&#8220;][vc_raw_html]JTNDaW1nJTIwY2xhc3MlM0QlMjJzdmcta2VybiUyMiUyMGFsdCUzRCUyMmFsdC10ZXh0JTIyJTIwd2lkdGglM0QlMjIxNTAwJTIyJTIwc3JjJTNEJTIyaHR0cCUzQSUyRiUyRmtlcm4uYW5nZWxpcy5zaSUyRndwLWNvbnRlbnQlMkZ1cGxvYWRzJTJGMjAxNyUyRjA2JTJGMTMyMV8yXzNfZm9ybS5zdmclMjIlMjAlMkYlM0U=[\/vc_raw_html][\/vc_column][\/vc_row][vc_row][vc_column][vc_empty_space height=&#8220;64px&#8220;][vc_raw_html]JTNDaW1nJTIwY2xhc3MlM0QlMjJzdmcta2VybiUyMiUyMGFsdCUzRCUyMmFsdC10ZXh0JTIyJTIwd2lkdGglM0QlMjIxNTAwJTIyJTIwc3JjJTNEJTIyaHR0cCUzQSUyRiUyRmtlcm4uYW5nZWxpcy5zaSUyRndwLWNvbnRlbnQlMkZ1cGxvYWRzJTJGMjAxNyUyRjA2JTJGMTMyMV8zX3Quc3ZnJTIyJTIwJTJGJTNF[\/vc_raw_html][vc_column_text]<\/p>\n<p style=\"text-align: left;\">Tabela je informativna. Za izdelavo ponudbe nam po\u0161ljite povpra\u0161evanje z \u017eelenimi dimenzijami.<\/p>\n<p>[\/vc_column_text][\/vc_column][\/vc_row]<\/p>\n<\/div>","protected":false},"excerpt":{"rendered":"<p>[vc_row][vc_column][vc_column_text]Igle lahko dobavimo tudi s trdo prevleko po izbiri. Informativna tabela z najpogosteje uporabljenimi prevlekami je na voljo\u00a0na tej povezavi. .[\/vc_column_text][\/vc_column][\/vc_row][vc_row][vc_column width=&#8220;3\/6&#8243;][vc_raw_html]JTNDaW1nJTIwY2xhc3MlM0QlMjJzdmcta2VybiUyMiUyMGFsdCUzRCUyMmFsdC10ZXh0JTIyJTIwd2lkdGglM0QlMjI1MDAlMjIlMjBzcmMlM0QlMjJodHRwJTNBJTJGJTJGa2Vybi5hbmdlbGlzLnNpJTJGd3AtY29udGVudCUyRnVwbG9hZHMlMkYyMDE3JTJGMDYlMkYxMzIxXzMuc3ZnJTIyJTIwJTJGJTNF[\/vc_raw_html][\/vc_column][vc_column width=&#8220;2\/6&#8243;][vc_single_image image=&#8220;18719&#8243; img_size=&#8220;medium&#8220; alignment=&#8220;center&#8220; image_hovers=&#8220;false&#8220;][\/vc_column][vc_column width=&#8220;1\/6&#8243;][vc_btn title=&#8220;PDF&#8220; style=&#8220;custom&#8220; custom_background=&#8220;#61a375&#8243; custom_text=&#8220;#ffffff&#8220; align=&#8220;center&#8220; i_icon_fontawesome=&#8220;fa fa-file-pdf-o&#8220; add_icon=&#8220;true&#8220; link=&#8220;url:http%3A%2F%2Fkern.si%2Fwp-content%2Fuploads%2F2017%2F06%2F1321.3.pdf||target:%20_blank|&#8220;][vc_btn title=&#8220;3D &#8211; form B&#8220; style=&#8220;custom&#8220; custom_background=&#8220;#61a375&#8243; custom_text=&#8220;#ffffff&#8220; align=&#8220;center&#8220; i_icon_fontawesome=&#8220;fa fa-download&#8220; add_icon=&#8220;true&#8220; link=&#8220;url:http%3A%2F%2Fkern.partcommunity.com%2F3d-cad-models%2F1321-3-b-stepped-punches-shapes-kern%2F%3Finfo%3Dkern%252Fdies%252Fcutting_elements%252F1321_p3_b.prj||target:%20_blank|&#8220;][vc_btn title=&#8220;3D &#8211; form C&#8220; style=&#8220;custom&#8220; custom_background=&#8220;#61a375&#8243; [&hellip;]<\/p>\n","protected":false},"author":1,"featured_media":18725,"parent":0,"menu_order":0,"comment_status":"open","ping_status":"open","template":"","meta":{"footnotes":""},"categories":[599,573,575,578,580,613,582,586],"tags":[],"acf":[],"yoast_head":"<!-- This site is optimized with the Yoast SEO plugin v21.7 - https:\/\/yoast.com\/wordpress\/plugins\/seo\/ -->\n<title>1321.3 Osazen\u00fd razn\u00edk s v\u00e1lcovou hlavou, B-HSS, ISO8020 - KERN<\/title>\n<meta name=\"robots\" content=\"index, follow, max-snippet:-1, max-image-preview:large, max-video-preview:-1\" \/>\n<link rel=\"canonical\" href=\"https:\/\/www.kern.si\/cs\/1321-3\/\" \/>\n<meta property=\"og:locale\" content=\"cs_CZ\" \/>\n<meta property=\"og:type\" content=\"article\" \/>\n<meta property=\"og:title\" content=\"1321.3 Osazen\u00fd razn\u00edk s v\u00e1lcovou hlavou, B-HSS, ISO8020 - KERN\" \/>\n<meta property=\"og:description\" content=\"[vc_row][vc_column][vc_column_text]Igle lahko dobavimo tudi s trdo prevleko po izbiri. Informativna tabela z najpogosteje uporabljenimi prevlekami je na voljo\u00a0na tej povezavi. .[\/vc_column_text][\/vc_column][\/vc_row][vc_row][vc_column width=&#8220;3\/6&#8243;][vc_raw_html]JTNDaW1nJTIwY2xhc3MlM0QlMjJzdmcta2VybiUyMiUyMGFsdCUzRCUyMmFsdC10ZXh0JTIyJTIwd2lkdGglM0QlMjI1MDAlMjIlMjBzcmMlM0QlMjJodHRwJTNBJTJGJTJGa2Vybi5hbmdlbGlzLnNpJTJGd3AtY29udGVudCUyRnVwbG9hZHMlMkYyMDE3JTJGMDYlMkYxMzIxXzMuc3ZnJTIyJTIwJTJGJTNF[\/vc_raw_html][\/vc_column][vc_column width=&#8220;2\/6&#8243;][vc_single_image image=&#8220;18719&#8243; img_size=&#8220;medium&#8220; alignment=&#8220;center&#8220; image_hovers=&#8220;false&#8220;][\/vc_column][vc_column width=&#8220;1\/6&#8243;][vc_btn title=&#8220;PDF&#8220; style=&#8220;custom&#8220; custom_background=&#8220;#61a375&#8243; custom_text=&#8220;#ffffff&#8220; align=&#8220;center&#8220; i_icon_fontawesome=&#8220;fa fa-file-pdf-o&#8220; add_icon=&#8220;true&#8220; link=&#8220;url:http%3A%2F%2Fkern.si%2Fwp-content%2Fuploads%2F2017%2F06%2F1321.3.pdf||target:%20_blank|&#8220;][vc_btn title=&#8220;3D &#8211; form B&#8220; style=&#8220;custom&#8220; custom_background=&#8220;#61a375&#8243; custom_text=&#8220;#ffffff&#8220; align=&#8220;center&#8220; i_icon_fontawesome=&#8220;fa fa-download&#8220; add_icon=&#8220;true&#8220; link=&#8220;url:http%3A%2F%2Fkern.partcommunity.com%2F3d-cad-models%2F1321-3-b-stepped-punches-shapes-kern%2F%3Finfo%3Dkern%252Fdies%252Fcutting_elements%252F1321_p3_b.prj||target:%20_blank|&#8220;][vc_btn title=&#8220;3D &#8211; form C&#8220; style=&#8220;custom&#8220; custom_background=&#8220;#61a375&#8243; [&hellip;]\" \/>\n<meta property=\"og:url\" content=\"https:\/\/www.kern.si\/cs\/1321-3\/\" \/>\n<meta property=\"og:site_name\" content=\"KERN\" \/>\n<meta property=\"article:modified_time\" content=\"2019-09-27T10:54:57+00:00\" \/>\n<meta property=\"og:image\" content=\"https:\/\/www.kern.si\/wp-content\/uploads\/2019\/09\/1321_3-1-300x3001-1.png\" \/>\n\t<meta property=\"og:image:width\" content=\"300\" \/>\n\t<meta property=\"og:image:height\" content=\"300\" \/>\n\t<meta property=\"og:image:type\" content=\"image\/png\" \/>\n<meta name=\"twitter:card\" content=\"summary_large_image\" \/>\n<meta name=\"twitter:label1\" content=\"Odhadovan\u00e1 doba \u010dten\u00ed\" \/>\n\t<meta name=\"twitter:data1\" content=\"2 minuty\" \/>\n<script type=\"application\/ld+json\" class=\"yoast-schema-graph\">{\"@context\":\"https:\/\/schema.org\",\"@graph\":[{\"@type\":\"WebPage\",\"@id\":\"https:\/\/www.kern.si\/cs\/1321-3\/\",\"url\":\"https:\/\/www.kern.si\/cs\/1321-3\/\",\"name\":\"1321.3 Osazen\u00fd razn\u00edk s v\u00e1lcovou hlavou, B-HSS, ISO8020 - KERN\",\"isPartOf\":{\"@id\":\"https:\/\/www.kern.si\/cs\/#website\"},\"datePublished\":\"2019-09-24T09:39:45+00:00\",\"dateModified\":\"2019-09-27T10:54:57+00:00\",\"breadcrumb\":{\"@id\":\"https:\/\/www.kern.si\/cs\/1321-3\/#breadcrumb\"},\"inLanguage\":\"cs\",\"potentialAction\":[{\"@type\":\"ReadAction\",\"target\":[\"https:\/\/www.kern.si\/cs\/1321-3\/\"]}]},{\"@type\":\"BreadcrumbList\",\"@id\":\"https:\/\/www.kern.si\/cs\/1321-3\/#breadcrumb\",\"itemListElement\":[{\"@type\":\"ListItem\",\"position\":1,\"name\":\"Home\",\"item\":\"https:\/\/www.kern.si\/cs\/\"},{\"@type\":\"ListItem\",\"position\":2,\"name\":\"1321.3 Osazen\u00fd razn\u00edk s v\u00e1lcovou hlavou, B-HSS, ISO8020\"}]},{\"@type\":\"WebSite\",\"@id\":\"https:\/\/www.kern.si\/cs\/#website\",\"url\":\"https:\/\/www.kern.si\/cs\/\",\"name\":\"KERN\",\"description\":\"\",\"potentialAction\":[{\"@type\":\"SearchAction\",\"target\":{\"@type\":\"EntryPoint\",\"urlTemplate\":\"https:\/\/www.kern.si\/cs\/?s={search_term_string}\"},\"query-input\":\"required name=search_term_string\"}],\"inLanguage\":\"cs\"}]}<\/script>\n<!-- \/ Yoast SEO plugin. -->","yoast_head_json":{"title":"1321.3 Osazen\u00fd razn\u00edk s v\u00e1lcovou hlavou, B-HSS, ISO8020 - KERN","robots":{"index":"index","follow":"follow","max-snippet":"max-snippet:-1","max-image-preview":"max-image-preview:large","max-video-preview":"max-video-preview:-1"},"canonical":"https:\/\/www.kern.si\/cs\/1321-3\/","og_locale":"cs_CZ","og_type":"article","og_title":"1321.3 Osazen\u00fd razn\u00edk s v\u00e1lcovou hlavou, B-HSS, ISO8020 - KERN","og_description":"[vc_row][vc_column][vc_column_text]Igle lahko dobavimo tudi s trdo prevleko po izbiri. Informativna tabela z najpogosteje uporabljenimi prevlekami je na voljo\u00a0na tej povezavi. .[\/vc_column_text][\/vc_column][\/vc_row][vc_row][vc_column width=&#8220;3\/6&#8243;][vc_raw_html]JTNDaW1nJTIwY2xhc3MlM0QlMjJzdmcta2VybiUyMiUyMGFsdCUzRCUyMmFsdC10ZXh0JTIyJTIwd2lkdGglM0QlMjI1MDAlMjIlMjBzcmMlM0QlMjJodHRwJTNBJTJGJTJGa2Vybi5hbmdlbGlzLnNpJTJGd3AtY29udGVudCUyRnVwbG9hZHMlMkYyMDE3JTJGMDYlMkYxMzIxXzMuc3ZnJTIyJTIwJTJGJTNF[\/vc_raw_html][\/vc_column][vc_column width=&#8220;2\/6&#8243;][vc_single_image image=&#8220;18719&#8243; img_size=&#8220;medium&#8220; alignment=&#8220;center&#8220; image_hovers=&#8220;false&#8220;][\/vc_column][vc_column width=&#8220;1\/6&#8243;][vc_btn title=&#8220;PDF&#8220; style=&#8220;custom&#8220; custom_background=&#8220;#61a375&#8243; custom_text=&#8220;#ffffff&#8220; align=&#8220;center&#8220; i_icon_fontawesome=&#8220;fa fa-file-pdf-o&#8220; add_icon=&#8220;true&#8220; link=&#8220;url:http%3A%2F%2Fkern.si%2Fwp-content%2Fuploads%2F2017%2F06%2F1321.3.pdf||target:%20_blank|&#8220;][vc_btn title=&#8220;3D &#8211; form B&#8220; style=&#8220;custom&#8220; custom_background=&#8220;#61a375&#8243; custom_text=&#8220;#ffffff&#8220; align=&#8220;center&#8220; i_icon_fontawesome=&#8220;fa fa-download&#8220; add_icon=&#8220;true&#8220; link=&#8220;url:http%3A%2F%2Fkern.partcommunity.com%2F3d-cad-models%2F1321-3-b-stepped-punches-shapes-kern%2F%3Finfo%3Dkern%252Fdies%252Fcutting_elements%252F1321_p3_b.prj||target:%20_blank|&#8220;][vc_btn title=&#8220;3D &#8211; form C&#8220; style=&#8220;custom&#8220; custom_background=&#8220;#61a375&#8243; [&hellip;]","og_url":"https:\/\/www.kern.si\/cs\/1321-3\/","og_site_name":"KERN","article_modified_time":"2019-09-27T10:54:57+00:00","og_image":[{"width":300,"height":300,"url":"https:\/\/www.kern.si\/wp-content\/uploads\/2019\/09\/1321_3-1-300x3001-1.png","type":"image\/png"}],"twitter_card":"summary_large_image","twitter_misc":{"Odhadovan\u00e1 doba \u010dten\u00ed":"2 minuty"},"schema":{"@context":"https:\/\/schema.org","@graph":[{"@type":"WebPage","@id":"https:\/\/www.kern.si\/cs\/1321-3\/","url":"https:\/\/www.kern.si\/cs\/1321-3\/","name":"1321.3 Osazen\u00fd razn\u00edk s v\u00e1lcovou hlavou, B-HSS, ISO8020 - KERN","isPartOf":{"@id":"https:\/\/www.kern.si\/cs\/#website"},"datePublished":"2019-09-24T09:39:45+00:00","dateModified":"2019-09-27T10:54:57+00:00","breadcrumb":{"@id":"https:\/\/www.kern.si\/cs\/1321-3\/#breadcrumb"},"inLanguage":"cs","potentialAction":[{"@type":"ReadAction","target":["https:\/\/www.kern.si\/cs\/1321-3\/"]}]},{"@type":"BreadcrumbList","@id":"https:\/\/www.kern.si\/cs\/1321-3\/#breadcrumb","itemListElement":[{"@type":"ListItem","position":1,"name":"Home","item":"https:\/\/www.kern.si\/cs\/"},{"@type":"ListItem","position":2,"name":"1321.3 Osazen\u00fd razn\u00edk s v\u00e1lcovou hlavou, B-HSS, ISO8020"}]},{"@type":"WebSite","@id":"https:\/\/www.kern.si\/cs\/#website","url":"https:\/\/www.kern.si\/cs\/","name":"KERN","description":"","potentialAction":[{"@type":"SearchAction","target":{"@type":"EntryPoint","urlTemplate":"https:\/\/www.kern.si\/cs\/?s={search_term_string}"},"query-input":"required name=search_term_string"}],"inLanguage":"cs"}]}},"_links":{"self":[{"href":"https:\/\/www.kern.si\/cs\/wp-json\/wp\/v2\/pages\/19736"}],"collection":[{"href":"https:\/\/www.kern.si\/cs\/wp-json\/wp\/v2\/pages"}],"about":[{"href":"https:\/\/www.kern.si\/cs\/wp-json\/wp\/v2\/types\/page"}],"author":[{"embeddable":true,"href":"https:\/\/www.kern.si\/cs\/wp-json\/wp\/v2\/users\/1"}],"replies":[{"embeddable":true,"href":"https:\/\/www.kern.si\/cs\/wp-json\/wp\/v2\/comments?post=19736"}],"version-history":[{"count":4,"href":"https:\/\/www.kern.si\/cs\/wp-json\/wp\/v2\/pages\/19736\/revisions"}],"predecessor-version":[{"id":19741,"href":"https:\/\/www.kern.si\/cs\/wp-json\/wp\/v2\/pages\/19736\/revisions\/19741"}],"wp:featuredmedia":[{"embeddable":true,"href":"https:\/\/www.kern.si\/cs\/wp-json\/wp\/v2\/media\/18725"}],"wp:attachment":[{"href":"https:\/\/www.kern.si\/cs\/wp-json\/wp\/v2\/media?parent=19736"}],"wp:term":[{"taxonomy":"category","embeddable":true,"href":"https:\/\/www.kern.si\/cs\/wp-json\/wp\/v2\/categories?post=19736"},{"taxonomy":"post_tag","embeddable":true,"href":"https:\/\/www.kern.si\/cs\/wp-json\/wp\/v2\/tags?post=19736"}],"curies":[{"name":"wp","href":"https:\/\/api.w.org\/{rel}","templated":true}]}}