{"id":19796,"date":"2019-09-24T11:41:31","date_gmt":"2019-09-24T09:41:31","guid":{"rendered":"https:\/\/beta.webis.si\/kern\/1366-0\/"},"modified":"2024-04-15T12:52:24","modified_gmt":"2024-04-15T10:52:24","slug":"1366-0","status":"publish","type":"page","link":"https:\/\/www.kern.si\/cs\/1366-0\/","title":{"rendered":"1366 Osazen\u00fd rychlov\u00fdm\u011bnn\u00fd razn\u00edk s odlepova\u010dem pro t\u011b\u017ek\u00e9 zat\u00ed\u017een\u00ed, tvarov\u00fd"},"content":{"rendered":"<div class=\"wpb-content-wrapper\"><p>[vc_row][vc_column][vc_column_text]Igle lahko dobavimo tudi s trdo prevleko po izbiri. Informativna tabela z najpogosteje uporabljenimi prevlekami je na voljo\u00a0<a href=\"http:\/\/www.kern.si\/wp-content\/uploads\/2017\/11\/INFO.prevleke.pdf\" target=\"_blank\" rel=\"noopener noreferrer\">na tej povezavi.<\/a><\/p>\n<p>.[\/vc_column_text][\/vc_column][\/vc_row][vc_row][vc_column width=&#8220;3\/6&#8243;][vc_raw_html]JTNDaW1nJTIwY2xhc3MlM0QlMjJzdmcta2VybiUyMiUyMGFsdCUzRCUyMmFsdC10ZXh0JTIyJTIwd2lkdGglM0QlMjI1MDAlMjIlMjBzcmMlM0QlMjJodHRwJTNBJTJGJTJGa2Vybi5hbmdlbGlzLnNpJTJGd3AtY29udGVudCUyRnVwbG9hZHMlMkYyMDE3JTJGMDYlMkYxMzY2LnN2ZyUyMiUyMCUyRiUzRQ==[\/vc_raw_html][\/vc_column][vc_column width=&#8220;2\/6&#8243;][vc_single_image image=&#8220;18868&#8243; img_size=&#8220;medium&#8220; alignment=&#8220;center&#8220; image_hovers=&#8220;false&#8220;][\/vc_column][vc_column width=&#8220;1\/6&#8243;][vc_btn title=&#8220;PDF&#8220; style=&#8220;custom&#8220; custom_background=&#8220;#61a375&#8243; custom_text=&#8220;#ffffff&#8220; align=&#8220;center&#8220; i_icon_fontawesome=&#8220;&#8220; add_icon=&#8220;true&#8220; link=&#8220;url:https%3A%2F%2Fwww.kern.si%2Fwp-content%2Fuploads%2F2024%2F04%2F1366-1.pdf|target:_blank&#8220;][vc_btn title=&#8220;3D &#8211; form B&#8220; style=&#8220;custom&#8220; custom_background=&#8220;#61a375&#8243; custom_text=&#8220;#ffffff&#8220; align=&#8220;center&#8220; i_icon_fontawesome=&#8220;fa fa-download&#8220; add_icon=&#8220;true&#8220; link=&#8220;url:http%3A%2F%2Fkern.partcommunity.com%2F3d-cad-models%2F1366-b-ball-lock-stepped-punches-with-ejector-pin-heavy-duty-shapes-kern%2F%3Finfo%3Dkern%252Fdies%252Fcutting_elements%252F1366_b.prj||target:%20_blank|&#8220;][vc_btn title=&#8220;3D &#8211; form C&#8220; style=&#8220;custom&#8220; custom_background=&#8220;#61a375&#8243; custom_text=&#8220;#ffffff&#8220; align=&#8220;center&#8220; i_icon_fontawesome=&#8220;fa fa-download&#8220; add_icon=&#8220;true&#8220; link=&#8220;url:http%3A%2F%2Fkern.partcommunity.com%2F3d-cad-models%2F1366-c-ball-lock-stepped-punches-with-ejector-pin-heavy-duty-shapes-kern%2F%3Finfo%3Dkern%252Fdies%252Fcutting_elements%252F1366_c.prj||target:%20_blank|&#8220;][\/vc_column][\/vc_row][vc_row][vc_column][vc_empty_space height=&#8220;64px&#8220;][vc_raw_html]JTNDaW1nJTIwY2xhc3MlM0QlMjJzdmcta2VybiUyMiUyMGFsdCUzRCUyMmFsdC10ZXh0JTIyJTIwd2lkdGglM0QlMjIxNTAwJTIyJTIwc3JjJTNEJTIyaHR0cCUzQSUyRiUyRmtlcm4uYW5nZWxpcy5zaSUyRndwLWNvbnRlbnQlMkZ1cGxvYWRzJTJGMjAxNyUyRjA2JTJGMTM2Nl9mb3JtLnN2ZyUyMiUyMCUyRiUzRQ==[\/vc_raw_html][\/vc_column][\/vc_row][vc_row][vc_column][vc_empty_space height=&#8220;64px&#8220;][vc_raw_html]JTNDaW1nJTIwY2xhc3MlM0QlMjJzdmcta2VybiUyMiUyMGFsdCUzRCUyMmFsdC10ZXh0JTIyJTIwd2lkdGglM0QlMjIxNTAwJTIyJTIwc3JjJTNEJTIyaHR0cCUzQSUyRiUyRmtlcm4uYW5nZWxpcy5zaSUyRndwLWNvbnRlbnQlMkZ1cGxvYWRzJTJGMjAxNyUyRjA2JTJGMTM2Nl90LnN2ZyUyMiUyMCUyRiUzRQ==[\/vc_raw_html][vc_column_text]<\/p>\n<p style=\"text-align: center;\">Tabela je informativna. Za izdelavo ponudbe nam po\u0161ljite povpra\u0161evanje z \u017eelenimi dimenzijami.<\/p>\n<p>[\/vc_column_text][\/vc_column][\/vc_row]<\/p>\n<\/div>","protected":false},"excerpt":{"rendered":"<p>[vc_row][vc_column][vc_column_text]Igle lahko dobavimo tudi s trdo prevleko po izbiri. Informativna tabela z najpogosteje uporabljenimi prevlekami je na voljo\u00a0na tej povezavi. .[\/vc_column_text][\/vc_column][\/vc_row][vc_row][vc_column width=&#8220;3\/6&#8243;][vc_raw_html]JTNDaW1nJTIwY2xhc3MlM0QlMjJzdmcta2VybiUyMiUyMGFsdCUzRCUyMmFsdC10ZXh0JTIyJTIwd2lkdGglM0QlMjI1MDAlMjIlMjBzcmMlM0QlMjJodHRwJTNBJTJGJTJGa2Vybi5hbmdlbGlzLnNpJTJGd3AtY29udGVudCUyRnVwbG9hZHMlMkYyMDE3JTJGMDYlMkYxMzY2LnN2ZyUyMiUyMCUyRiUzRQ==[\/vc_raw_html][\/vc_column][vc_column width=&#8220;2\/6&#8243;][vc_single_image image=&#8220;18868&#8243; img_size=&#8220;medium&#8220; alignment=&#8220;center&#8220; image_hovers=&#8220;false&#8220;][\/vc_column][vc_column width=&#8220;1\/6&#8243;][vc_btn title=&#8220;PDF&#8220; style=&#8220;custom&#8220; custom_background=&#8220;#61a375&#8243; custom_text=&#8220;#ffffff&#8220; align=&#8220;center&#8220; i_icon_fontawesome=&#8220;&#8220; add_icon=&#8220;true&#8220; link=&#8220;url:https%3A%2F%2Fwww.kern.si%2Fwp-content%2Fuploads%2F2024%2F04%2F1366-1.pdf|target:_blank&#8220;][vc_btn title=&#8220;3D &#8211; form B&#8220; style=&#8220;custom&#8220; custom_background=&#8220;#61a375&#8243; custom_text=&#8220;#ffffff&#8220; align=&#8220;center&#8220; i_icon_fontawesome=&#8220;fa fa-download&#8220; add_icon=&#8220;true&#8220; link=&#8220;url:http%3A%2F%2Fkern.partcommunity.com%2F3d-cad-models%2F1366-b-ball-lock-stepped-punches-with-ejector-pin-heavy-duty-shapes-kern%2F%3Finfo%3Dkern%252Fdies%252Fcutting_elements%252F1366_b.prj||target:%20_blank|&#8220;][vc_btn title=&#8220;3D &#8211; form C&#8220; style=&#8220;custom&#8220; custom_background=&#8220;#61a375&#8243; custom_text=&#8220;#ffffff&#8220; [&hellip;]<\/p>\n","protected":false},"author":1,"featured_media":18868,"parent":0,"menu_order":0,"comment_status":"open","ping_status":"open","template":"","meta":{"footnotes":""},"categories":[620,573,574,578,579,613,582,586],"tags":[],"acf":[],"yoast_head":"<!-- This site is optimized with the Yoast SEO plugin v21.7 - https:\/\/yoast.com\/wordpress\/plugins\/seo\/ -->\n<title>1366 Osazen\u00fd rychlov\u00fdm\u011bnn\u00fd razn\u00edk s odlepova\u010dem pro t\u011b\u017ek\u00e9 zat\u00ed\u017een\u00ed, tvarov\u00fd - KERN<\/title>\n<meta name=\"robots\" content=\"index, follow, max-snippet:-1, max-image-preview:large, max-video-preview:-1\" \/>\n<link rel=\"canonical\" href=\"https:\/\/www.kern.si\/cs\/1366-0\/\" \/>\n<meta property=\"og:locale\" content=\"cs_CZ\" \/>\n<meta property=\"og:type\" content=\"article\" \/>\n<meta property=\"og:title\" content=\"1366 Osazen\u00fd rychlov\u00fdm\u011bnn\u00fd razn\u00edk s odlepova\u010dem pro t\u011b\u017ek\u00e9 zat\u00ed\u017een\u00ed, tvarov\u00fd - KERN\" \/>\n<meta property=\"og:description\" content=\"[vc_row][vc_column][vc_column_text]Igle lahko dobavimo tudi s trdo prevleko po izbiri. Informativna tabela z najpogosteje uporabljenimi prevlekami je na voljo\u00a0na tej povezavi. .[\/vc_column_text][\/vc_column][\/vc_row][vc_row][vc_column width=&#8220;3\/6&#8243;][vc_raw_html]JTNDaW1nJTIwY2xhc3MlM0QlMjJzdmcta2VybiUyMiUyMGFsdCUzRCUyMmFsdC10ZXh0JTIyJTIwd2lkdGglM0QlMjI1MDAlMjIlMjBzcmMlM0QlMjJodHRwJTNBJTJGJTJGa2Vybi5hbmdlbGlzLnNpJTJGd3AtY29udGVudCUyRnVwbG9hZHMlMkYyMDE3JTJGMDYlMkYxMzY2LnN2ZyUyMiUyMCUyRiUzRQ==[\/vc_raw_html][\/vc_column][vc_column width=&#8220;2\/6&#8243;][vc_single_image image=&#8220;18868&#8243; img_size=&#8220;medium&#8220; alignment=&#8220;center&#8220; image_hovers=&#8220;false&#8220;][\/vc_column][vc_column width=&#8220;1\/6&#8243;][vc_btn title=&#8220;PDF&#8220; style=&#8220;custom&#8220; custom_background=&#8220;#61a375&#8243; custom_text=&#8220;#ffffff&#8220; align=&#8220;center&#8220; i_icon_fontawesome=&#8220;&#8220; add_icon=&#8220;true&#8220; link=&#8220;url:https%3A%2F%2Fwww.kern.si%2Fwp-content%2Fuploads%2F2024%2F04%2F1366-1.pdf|target:_blank&#8220;][vc_btn title=&#8220;3D &#8211; form B&#8220; style=&#8220;custom&#8220; custom_background=&#8220;#61a375&#8243; custom_text=&#8220;#ffffff&#8220; align=&#8220;center&#8220; i_icon_fontawesome=&#8220;fa fa-download&#8220; add_icon=&#8220;true&#8220; link=&#8220;url:http%3A%2F%2Fkern.partcommunity.com%2F3d-cad-models%2F1366-b-ball-lock-stepped-punches-with-ejector-pin-heavy-duty-shapes-kern%2F%3Finfo%3Dkern%252Fdies%252Fcutting_elements%252F1366_b.prj||target:%20_blank|&#8220;][vc_btn title=&#8220;3D &#8211; form C&#8220; style=&#8220;custom&#8220; custom_background=&#8220;#61a375&#8243; custom_text=&#8220;#ffffff&#8220; [&hellip;]\" \/>\n<meta property=\"og:url\" content=\"https:\/\/www.kern.si\/cs\/1366-0\/\" \/>\n<meta property=\"og:site_name\" content=\"KERN\" \/>\n<meta property=\"article:modified_time\" content=\"2024-04-15T10:52:24+00:00\" \/>\n<meta property=\"og:image\" content=\"https:\/\/www.kern.si\/wp-content\/uploads\/2019\/09\/1366-1-300x3001.png\" \/>\n\t<meta property=\"og:image:width\" content=\"300\" \/>\n\t<meta property=\"og:image:height\" content=\"300\" \/>\n\t<meta property=\"og:image:type\" content=\"image\/png\" \/>\n<meta name=\"twitter:card\" content=\"summary_large_image\" \/>\n<meta name=\"twitter:label1\" content=\"Odhadovan\u00e1 doba \u010dten\u00ed\" \/>\n\t<meta name=\"twitter:data1\" content=\"1 minuta\" \/>\n<script type=\"application\/ld+json\" class=\"yoast-schema-graph\">{\"@context\":\"https:\/\/schema.org\",\"@graph\":[{\"@type\":\"WebPage\",\"@id\":\"https:\/\/www.kern.si\/cs\/1366-0\/\",\"url\":\"https:\/\/www.kern.si\/cs\/1366-0\/\",\"name\":\"1366 Osazen\u00fd rychlov\u00fdm\u011bnn\u00fd razn\u00edk s odlepova\u010dem pro t\u011b\u017ek\u00e9 zat\u00ed\u017een\u00ed, tvarov\u00fd - KERN\",\"isPartOf\":{\"@id\":\"https:\/\/www.kern.si\/cs\/#website\"},\"datePublished\":\"2019-09-24T09:41:31+00:00\",\"dateModified\":\"2024-04-15T10:52:24+00:00\",\"breadcrumb\":{\"@id\":\"https:\/\/www.kern.si\/cs\/1366-0\/#breadcrumb\"},\"inLanguage\":\"cs\",\"potentialAction\":[{\"@type\":\"ReadAction\",\"target\":[\"https:\/\/www.kern.si\/cs\/1366-0\/\"]}]},{\"@type\":\"BreadcrumbList\",\"@id\":\"https:\/\/www.kern.si\/cs\/1366-0\/#breadcrumb\",\"itemListElement\":[{\"@type\":\"ListItem\",\"position\":1,\"name\":\"Home\",\"item\":\"https:\/\/www.kern.si\/cs\/\"},{\"@type\":\"ListItem\",\"position\":2,\"name\":\"1366 Osazen\u00fd rychlov\u00fdm\u011bnn\u00fd razn\u00edk s odlepova\u010dem pro t\u011b\u017ek\u00e9 zat\u00ed\u017een\u00ed, tvarov\u00fd\"}]},{\"@type\":\"WebSite\",\"@id\":\"https:\/\/www.kern.si\/cs\/#website\",\"url\":\"https:\/\/www.kern.si\/cs\/\",\"name\":\"KERN\",\"description\":\"\",\"potentialAction\":[{\"@type\":\"SearchAction\",\"target\":{\"@type\":\"EntryPoint\",\"urlTemplate\":\"https:\/\/www.kern.si\/cs\/?s={search_term_string}\"},\"query-input\":\"required name=search_term_string\"}],\"inLanguage\":\"cs\"}]}<\/script>\n<!-- \/ Yoast SEO plugin. -->","yoast_head_json":{"title":"1366 Osazen\u00fd rychlov\u00fdm\u011bnn\u00fd razn\u00edk s odlepova\u010dem pro t\u011b\u017ek\u00e9 zat\u00ed\u017een\u00ed, tvarov\u00fd - KERN","robots":{"index":"index","follow":"follow","max-snippet":"max-snippet:-1","max-image-preview":"max-image-preview:large","max-video-preview":"max-video-preview:-1"},"canonical":"https:\/\/www.kern.si\/cs\/1366-0\/","og_locale":"cs_CZ","og_type":"article","og_title":"1366 Osazen\u00fd rychlov\u00fdm\u011bnn\u00fd razn\u00edk s odlepova\u010dem pro t\u011b\u017ek\u00e9 zat\u00ed\u017een\u00ed, tvarov\u00fd - KERN","og_description":"[vc_row][vc_column][vc_column_text]Igle lahko dobavimo tudi s trdo prevleko po izbiri. Informativna tabela z najpogosteje uporabljenimi prevlekami je na voljo\u00a0na tej povezavi. .[\/vc_column_text][\/vc_column][\/vc_row][vc_row][vc_column width=&#8220;3\/6&#8243;][vc_raw_html]JTNDaW1nJTIwY2xhc3MlM0QlMjJzdmcta2VybiUyMiUyMGFsdCUzRCUyMmFsdC10ZXh0JTIyJTIwd2lkdGglM0QlMjI1MDAlMjIlMjBzcmMlM0QlMjJodHRwJTNBJTJGJTJGa2Vybi5hbmdlbGlzLnNpJTJGd3AtY29udGVudCUyRnVwbG9hZHMlMkYyMDE3JTJGMDYlMkYxMzY2LnN2ZyUyMiUyMCUyRiUzRQ==[\/vc_raw_html][\/vc_column][vc_column width=&#8220;2\/6&#8243;][vc_single_image image=&#8220;18868&#8243; img_size=&#8220;medium&#8220; alignment=&#8220;center&#8220; image_hovers=&#8220;false&#8220;][\/vc_column][vc_column width=&#8220;1\/6&#8243;][vc_btn title=&#8220;PDF&#8220; style=&#8220;custom&#8220; custom_background=&#8220;#61a375&#8243; custom_text=&#8220;#ffffff&#8220; align=&#8220;center&#8220; i_icon_fontawesome=&#8220;&#8220; add_icon=&#8220;true&#8220; link=&#8220;url:https%3A%2F%2Fwww.kern.si%2Fwp-content%2Fuploads%2F2024%2F04%2F1366-1.pdf|target:_blank&#8220;][vc_btn title=&#8220;3D &#8211; form B&#8220; style=&#8220;custom&#8220; custom_background=&#8220;#61a375&#8243; custom_text=&#8220;#ffffff&#8220; align=&#8220;center&#8220; i_icon_fontawesome=&#8220;fa fa-download&#8220; add_icon=&#8220;true&#8220; link=&#8220;url:http%3A%2F%2Fkern.partcommunity.com%2F3d-cad-models%2F1366-b-ball-lock-stepped-punches-with-ejector-pin-heavy-duty-shapes-kern%2F%3Finfo%3Dkern%252Fdies%252Fcutting_elements%252F1366_b.prj||target:%20_blank|&#8220;][vc_btn title=&#8220;3D &#8211; form C&#8220; style=&#8220;custom&#8220; custom_background=&#8220;#61a375&#8243; custom_text=&#8220;#ffffff&#8220; [&hellip;]","og_url":"https:\/\/www.kern.si\/cs\/1366-0\/","og_site_name":"KERN","article_modified_time":"2024-04-15T10:52:24+00:00","og_image":[{"width":300,"height":300,"url":"https:\/\/www.kern.si\/wp-content\/uploads\/2019\/09\/1366-1-300x3001.png","type":"image\/png"}],"twitter_card":"summary_large_image","twitter_misc":{"Odhadovan\u00e1 doba \u010dten\u00ed":"1 minuta"},"schema":{"@context":"https:\/\/schema.org","@graph":[{"@type":"WebPage","@id":"https:\/\/www.kern.si\/cs\/1366-0\/","url":"https:\/\/www.kern.si\/cs\/1366-0\/","name":"1366 Osazen\u00fd rychlov\u00fdm\u011bnn\u00fd razn\u00edk s odlepova\u010dem pro t\u011b\u017ek\u00e9 zat\u00ed\u017een\u00ed, tvarov\u00fd - KERN","isPartOf":{"@id":"https:\/\/www.kern.si\/cs\/#website"},"datePublished":"2019-09-24T09:41:31+00:00","dateModified":"2024-04-15T10:52:24+00:00","breadcrumb":{"@id":"https:\/\/www.kern.si\/cs\/1366-0\/#breadcrumb"},"inLanguage":"cs","potentialAction":[{"@type":"ReadAction","target":["https:\/\/www.kern.si\/cs\/1366-0\/"]}]},{"@type":"BreadcrumbList","@id":"https:\/\/www.kern.si\/cs\/1366-0\/#breadcrumb","itemListElement":[{"@type":"ListItem","position":1,"name":"Home","item":"https:\/\/www.kern.si\/cs\/"},{"@type":"ListItem","position":2,"name":"1366 Osazen\u00fd rychlov\u00fdm\u011bnn\u00fd razn\u00edk s odlepova\u010dem pro t\u011b\u017ek\u00e9 zat\u00ed\u017een\u00ed, tvarov\u00fd"}]},{"@type":"WebSite","@id":"https:\/\/www.kern.si\/cs\/#website","url":"https:\/\/www.kern.si\/cs\/","name":"KERN","description":"","potentialAction":[{"@type":"SearchAction","target":{"@type":"EntryPoint","urlTemplate":"https:\/\/www.kern.si\/cs\/?s={search_term_string}"},"query-input":"required name=search_term_string"}],"inLanguage":"cs"}]}},"_links":{"self":[{"href":"https:\/\/www.kern.si\/cs\/wp-json\/wp\/v2\/pages\/19796"}],"collection":[{"href":"https:\/\/www.kern.si\/cs\/wp-json\/wp\/v2\/pages"}],"about":[{"href":"https:\/\/www.kern.si\/cs\/wp-json\/wp\/v2\/types\/page"}],"author":[{"embeddable":true,"href":"https:\/\/www.kern.si\/cs\/wp-json\/wp\/v2\/users\/1"}],"replies":[{"embeddable":true,"href":"https:\/\/www.kern.si\/cs\/wp-json\/wp\/v2\/comments?post=19796"}],"version-history":[{"count":5,"href":"https:\/\/www.kern.si\/cs\/wp-json\/wp\/v2\/pages\/19796\/revisions"}],"predecessor-version":[{"id":28043,"href":"https:\/\/www.kern.si\/cs\/wp-json\/wp\/v2\/pages\/19796\/revisions\/28043"}],"wp:featuredmedia":[{"embeddable":true,"href":"https:\/\/www.kern.si\/cs\/wp-json\/wp\/v2\/media\/18868"}],"wp:attachment":[{"href":"https:\/\/www.kern.si\/cs\/wp-json\/wp\/v2\/media?parent=19796"}],"wp:term":[{"taxonomy":"category","embeddable":true,"href":"https:\/\/www.kern.si\/cs\/wp-json\/wp\/v2\/categories?post=19796"},{"taxonomy":"post_tag","embeddable":true,"href":"https:\/\/www.kern.si\/cs\/wp-json\/wp\/v2\/tags?post=19796"}],"curies":[{"name":"wp","href":"https:\/\/api.w.org\/{rel}","templated":true}]}}