{"id":20328,"date":"2019-09-27T16:14:13","date_gmt":"2019-09-27T14:14:13","guid":{"rendered":"https:\/\/beta.webis.si\/kern\/produkty\/high-tech\/"},"modified":"2020-05-22T09:33:45","modified_gmt":"2020-05-22T07:33:45","slug":"high-tech","status":"publish","type":"page","link":"https:\/\/www.kern.si\/cs\/produkty\/high-tech\/","title":{"rendered":"High tech"},"content":{"rendered":"<div class=\"wpb-content-wrapper\"><p>[vc_row cspt-bg-color=&#8220;white&#8220;][vc_column][vc_custom_heading text=&#8220;High tech&#8220; font_container=&#8220;tag:h2|font_size:40|text_align:left&#8220; use_theme_fonts=&#8220;yes&#8220; css=&#8220;.vc_custom_1563806712868{padding-bottom: 10px !important;}&#8220;][vc_separator color=&#8220;sky&#8220; align=&#8220;align_left&#8220; border_width=&#8220;3&#8243; el_width=&#8220;30&#8243;][vc_column_text]Company KERN offers a wide range of standard parts and special products produced according to your drawings. Materials are processed with hard-turning technology, deep drilling, wire erosion, precision grinding and 4D milling. We also have an integrated nitriding and tempering process. For more information, please feel free to contact us.[\/vc_column_text][vc_row_inner][vc_column_inner width=&#8220;2\/3&#8243;][\/vc_column_inner][vc_column_inner width=&#8220;1\/3&#8243;]<div  class=\"creativesplanet-ele creativesplanet-ele-fid creativesplanet-ele-fid-style-1 \"><div class=\"cspt-fld-contents d-flex align-items-center\">\r\n\t<div class=\"cspt-sbox-icon-wrapper\"><i class=\"sgicon sgicon-CompassTool\"><\/i><\/div>\t<div class=\"cspt-fld-wrap\">\r\n\t\t<h4 class=\"cspt-fid-inner\">\r\n\t\t\t+\/-\t\t\t<span\r\n\t\t\t\tclass\t\t\t\t  = \"cspt-number-rotate\"\r\n\t\t\t\tdata-appear-animation = \"animateDigits\"\r\n\t\t\t\tdata-from             = \"0\"\r\n\t\t\t\tdata-to               = \"5\"\r\n\t\t\t\tdata-interval         = \"1\"\r\n\t\t\t\tdata-before           = \"\"\r\n\t\t\t\tdata-before-style     = \"\"\r\n\t\t\t\tdata-after            = \"\"\r\n\t\t\t\tdata-after-style      = \"\"\r\n\t\t\t\t>\r\n\t\t\t\t\t5\t\t\t<\/span>\r\n\t\t\t<span class=\"cspt-fid-sub\">\u00b5<\/span>\r\n\t\t<\/h4>\r\n\t\t\t\t<h3 class=\"cspt-fid-title\"><span>Precision machining<br><\/span><\/h3>\r\n\t\t\t<\/div>\r\n<\/div><!-- .cspt-fld-contents -->\r\n\r\n<\/div>[\/vc_column_inner][\/vc_row_inner][\/vc_column][\/vc_row][vc_row equal_height=&#8220;yes&#8220;][vc_column][vc_empty_space][vc_tta_tabs style=&#8220;modern&#8220; shape=&#8220;square&#8220; alignment=&#8220;center&#8220; active_section=&#8220;1&#8243;][vc_tta_section title=&#8220;MULTY-AXIAL&#8220; tab_id=&#8220;1563431936811-a247a54e-493d61ad-f856&#8243;][vc_separator css=&#8220;.vc_custom_1563442677265{margin-top: -10px !important;padding-right: 15% !important;padding-left: 15% !important;}&#8220;][vc_row_inner content_placement=&#8220;middle&#8220;][vc_column_inner width=&#8220;1\/2&#8243;][vc_single_image image=&#8220;11966&#8243; img_size=&#8220;full&#8220;][\/vc_column_inner][vc_column_inner width=&#8220;1\/2&#8243;][\/vc_column_inner][\/vc_row_inner][\/vc_tta_section][vc_tta_section title=&#8220;MILLING&#8220; tab_id=&#8220;1563431936843-5b0e902a-a8ff61ad-f856&#8243;][vc_separator css=&#8220;.vc_custom_1563442677265{margin-top: -10px !important;padding-right: 15% !important;padding-left: 15% !important;}&#8220;][vc_row_inner content_placement=&#8220;middle&#8220;][vc_column_inner width=&#8220;1\/2&#8243;][vc_single_image image=&#8220;11963&#8243; img_size=&#8220;600*full&#8220;][\/vc_column_inner][vc_column_inner width=&#8220;1\/2&#8243;][\/vc_column_inner][\/vc_row_inner][\/vc_tta_section][vc_tta_section title=&#8220;GRINDING&#8220; tab_id=&#8220;1563432052076-b72304e8-a5f661ad-f856&#8243;][vc_separator css=&#8220;.vc_custom_1563442677265{margin-top: -10px !important;padding-right: 15% !important;padding-left: 15% !important;}&#8220;][vc_row_inner content_placement=&#8220;middle&#8220;][vc_column_inner width=&#8220;1\/2&#8243;][vc_single_image image=&#8220;11960&#8243; img_size=&#8220;full&#8220;][\/vc_column_inner][vc_column_inner width=&#8220;1\/2&#8243;][\/vc_column_inner][\/vc_row_inner][\/vc_tta_section][vc_tta_section title=&#8220;SIX-AXIAL&#8220; tab_id=&#8220;1563432063281-8be2eb98-32d461ad-f856&#8243;][vc_separator css=&#8220;.vc_custom_1563442677265{margin-top: -10px !important;padding-right: 15% !important;padding-left: 15% !important;}&#8220;][vc_row_inner content_placement=&#8220;middle&#8220;][vc_column_inner width=&#8220;1\/2&#8243;][vc_single_image image=&#8220;11969&#8243; img_size=&#8220;600*425&#8243;][\/vc_column_inner][vc_column_inner width=&#8220;1\/2&#8243;][\/vc_column_inner][\/vc_row_inner][\/vc_tta_section][\/vc_tta_tabs][\/vc_column][\/vc_row]<\/p>\n<\/div>","protected":false},"excerpt":{"rendered":"<p>[vc_row cspt-bg-color=&#8220;white&#8220;][vc_column][vc_custom_heading text=&#8220;High tech&#8220; font_container=&#8220;tag:h2|font_size:40|text_align:left&#8220; use_theme_fonts=&#8220;yes&#8220; css=&#8220;.vc_custom_1563806712868{padding-bottom: 10px !important;}&#8220;][vc_separator color=&#8220;sky&#8220; align=&#8220;align_left&#8220; border_width=&#8220;3&#8243; el_width=&#8220;30&#8243;][vc_column_text]Company KERN offers a wide range of standard parts and special products produced according to your drawings. Materials are processed with hard-turning technology, deep drilling, wire erosion, precision grinding and 4D milling. We also have an integrated nitriding and tempering process. For more [&hellip;]<\/p>\n","protected":false},"author":1,"featured_media":0,"parent":17170,"menu_order":0,"comment_status":"closed","ping_status":"closed","template":"","meta":{"footnotes":""},"categories":[],"tags":[],"acf":[],"yoast_head":"<!-- This site is optimized with the Yoast SEO plugin v21.7 - https:\/\/yoast.com\/wordpress\/plugins\/seo\/ -->\n<title>High tech - KERN<\/title>\n<meta name=\"robots\" content=\"index, follow, max-snippet:-1, max-image-preview:large, max-video-preview:-1\" \/>\n<link rel=\"canonical\" href=\"https:\/\/www.kern.si\/cs\/produkty\/high-tech\/\" \/>\n<meta property=\"og:locale\" content=\"cs_CZ\" \/>\n<meta property=\"og:type\" content=\"article\" \/>\n<meta property=\"og:title\" content=\"High tech - KERN\" \/>\n<meta property=\"og:description\" content=\"[vc_row cspt-bg-color=&#8220;white&#8220;][vc_column][vc_custom_heading text=&#8220;High tech&#8220; font_container=&#8220;tag:h2|font_size:40|text_align:left&#8220; use_theme_fonts=&#8220;yes&#8220; css=&#8220;.vc_custom_1563806712868{padding-bottom: 10px !important;}&#8220;][vc_separator color=&#8220;sky&#8220; align=&#8220;align_left&#8220; border_width=&#8220;3&#8243; el_width=&#8220;30&#8243;][vc_column_text]Company KERN offers a wide range of standard parts and special products produced according to your drawings. Materials are processed with hard-turning technology, deep drilling, wire erosion, precision grinding and 4D milling. We also have an integrated nitriding and tempering process. For more [&hellip;]\" \/>\n<meta property=\"og:url\" content=\"https:\/\/www.kern.si\/cs\/produkty\/high-tech\/\" \/>\n<meta property=\"og:site_name\" content=\"KERN\" \/>\n<meta property=\"article:modified_time\" content=\"2020-05-22T07:33:45+00:00\" \/>\n<meta name=\"twitter:card\" content=\"summary_large_image\" \/>\n<meta name=\"twitter:label1\" content=\"Odhadovan\u00e1 doba \u010dten\u00ed\" \/>\n\t<meta name=\"twitter:data1\" content=\"2 minuty\" \/>\n<script type=\"application\/ld+json\" class=\"yoast-schema-graph\">{\"@context\":\"https:\/\/schema.org\",\"@graph\":[{\"@type\":\"WebPage\",\"@id\":\"https:\/\/www.kern.si\/cs\/produkty\/high-tech\/\",\"url\":\"https:\/\/www.kern.si\/cs\/produkty\/high-tech\/\",\"name\":\"High tech - KERN\",\"isPartOf\":{\"@id\":\"https:\/\/www.kern.si\/cs\/#website\"},\"datePublished\":\"2019-09-27T14:14:13+00:00\",\"dateModified\":\"2020-05-22T07:33:45+00:00\",\"breadcrumb\":{\"@id\":\"https:\/\/www.kern.si\/cs\/produkty\/high-tech\/#breadcrumb\"},\"inLanguage\":\"cs\",\"potentialAction\":[{\"@type\":\"ReadAction\",\"target\":[\"https:\/\/www.kern.si\/cs\/produkty\/high-tech\/\"]}]},{\"@type\":\"BreadcrumbList\",\"@id\":\"https:\/\/www.kern.si\/cs\/produkty\/high-tech\/#breadcrumb\",\"itemListElement\":[{\"@type\":\"ListItem\",\"position\":1,\"name\":\"Home\",\"item\":\"https:\/\/www.kern.si\/cs\/\"},{\"@type\":\"ListItem\",\"position\":2,\"name\":\"Produkty\",\"item\":\"https:\/\/www.kern.si\/cs\/produkty\/\"},{\"@type\":\"ListItem\",\"position\":3,\"name\":\"High tech\"}]},{\"@type\":\"WebSite\",\"@id\":\"https:\/\/www.kern.si\/cs\/#website\",\"url\":\"https:\/\/www.kern.si\/cs\/\",\"name\":\"KERN\",\"description\":\"\",\"potentialAction\":[{\"@type\":\"SearchAction\",\"target\":{\"@type\":\"EntryPoint\",\"urlTemplate\":\"https:\/\/www.kern.si\/cs\/?s={search_term_string}\"},\"query-input\":\"required name=search_term_string\"}],\"inLanguage\":\"cs\"}]}<\/script>\n<!-- \/ Yoast SEO plugin. -->","yoast_head_json":{"title":"High tech - KERN","robots":{"index":"index","follow":"follow","max-snippet":"max-snippet:-1","max-image-preview":"max-image-preview:large","max-video-preview":"max-video-preview:-1"},"canonical":"https:\/\/www.kern.si\/cs\/produkty\/high-tech\/","og_locale":"cs_CZ","og_type":"article","og_title":"High tech - KERN","og_description":"[vc_row cspt-bg-color=&#8220;white&#8220;][vc_column][vc_custom_heading text=&#8220;High tech&#8220; font_container=&#8220;tag:h2|font_size:40|text_align:left&#8220; use_theme_fonts=&#8220;yes&#8220; css=&#8220;.vc_custom_1563806712868{padding-bottom: 10px !important;}&#8220;][vc_separator color=&#8220;sky&#8220; align=&#8220;align_left&#8220; border_width=&#8220;3&#8243; el_width=&#8220;30&#8243;][vc_column_text]Company KERN offers a wide range of standard parts and special products produced according to your drawings. Materials are processed with hard-turning technology, deep drilling, wire erosion, precision grinding and 4D milling. We also have an integrated nitriding and tempering process. For more [&hellip;]","og_url":"https:\/\/www.kern.si\/cs\/produkty\/high-tech\/","og_site_name":"KERN","article_modified_time":"2020-05-22T07:33:45+00:00","twitter_card":"summary_large_image","twitter_misc":{"Odhadovan\u00e1 doba \u010dten\u00ed":"2 minuty"},"schema":{"@context":"https:\/\/schema.org","@graph":[{"@type":"WebPage","@id":"https:\/\/www.kern.si\/cs\/produkty\/high-tech\/","url":"https:\/\/www.kern.si\/cs\/produkty\/high-tech\/","name":"High tech - KERN","isPartOf":{"@id":"https:\/\/www.kern.si\/cs\/#website"},"datePublished":"2019-09-27T14:14:13+00:00","dateModified":"2020-05-22T07:33:45+00:00","breadcrumb":{"@id":"https:\/\/www.kern.si\/cs\/produkty\/high-tech\/#breadcrumb"},"inLanguage":"cs","potentialAction":[{"@type":"ReadAction","target":["https:\/\/www.kern.si\/cs\/produkty\/high-tech\/"]}]},{"@type":"BreadcrumbList","@id":"https:\/\/www.kern.si\/cs\/produkty\/high-tech\/#breadcrumb","itemListElement":[{"@type":"ListItem","position":1,"name":"Home","item":"https:\/\/www.kern.si\/cs\/"},{"@type":"ListItem","position":2,"name":"Produkty","item":"https:\/\/www.kern.si\/cs\/produkty\/"},{"@type":"ListItem","position":3,"name":"High tech"}]},{"@type":"WebSite","@id":"https:\/\/www.kern.si\/cs\/#website","url":"https:\/\/www.kern.si\/cs\/","name":"KERN","description":"","potentialAction":[{"@type":"SearchAction","target":{"@type":"EntryPoint","urlTemplate":"https:\/\/www.kern.si\/cs\/?s={search_term_string}"},"query-input":"required name=search_term_string"}],"inLanguage":"cs"}]}},"_links":{"self":[{"href":"https:\/\/www.kern.si\/cs\/wp-json\/wp\/v2\/pages\/20328"}],"collection":[{"href":"https:\/\/www.kern.si\/cs\/wp-json\/wp\/v2\/pages"}],"about":[{"href":"https:\/\/www.kern.si\/cs\/wp-json\/wp\/v2\/types\/page"}],"author":[{"embeddable":true,"href":"https:\/\/www.kern.si\/cs\/wp-json\/wp\/v2\/users\/1"}],"replies":[{"embeddable":true,"href":"https:\/\/www.kern.si\/cs\/wp-json\/wp\/v2\/comments?post=20328"}],"version-history":[{"count":4,"href":"https:\/\/www.kern.si\/cs\/wp-json\/wp\/v2\/pages\/20328\/revisions"}],"predecessor-version":[{"id":25939,"href":"https:\/\/www.kern.si\/cs\/wp-json\/wp\/v2\/pages\/20328\/revisions\/25939"}],"up":[{"embeddable":true,"href":"https:\/\/www.kern.si\/cs\/wp-json\/wp\/v2\/pages\/17170"}],"wp:attachment":[{"href":"https:\/\/www.kern.si\/cs\/wp-json\/wp\/v2\/media?parent=20328"}],"wp:term":[{"taxonomy":"category","embeddable":true,"href":"https:\/\/www.kern.si\/cs\/wp-json\/wp\/v2\/categories?post=20328"},{"taxonomy":"post_tag","embeddable":true,"href":"https:\/\/www.kern.si\/cs\/wp-json\/wp\/v2\/tags?post=20328"}],"curies":[{"name":"wp","href":"https:\/\/api.w.org\/{rel}","templated":true}]}}