{"id":20357,"date":"2019-07-16T14:28:49","date_gmt":"2019-07-16T12:28:49","guid":{"rendered":"https:\/\/beta.webis.si\/kern\/colophon\/"},"modified":"2021-06-15T12:14:56","modified_gmt":"2021-06-15T10:14:56","slug":"kalafuna","status":"publish","type":"page","link":"https:\/\/www.kern.si\/cs\/kalafuna\/","title":{"rendered":"Tir\u00e1\u017e"},"content":{"rendered":"<div class=\"wpb-content-wrapper\"><p>[vc_row css=&#8220;.vc_custom_1563860854263{padding-top: 100px !important;padding-bottom: 90px !important;}&#8220;][vc_column][vc_column_text]<strong>Editorial office<\/strong><\/p>\n<p>The web content presented before you were prepared by experts in the field of tool technology that is specific for company KERN d. o. o.<\/p>\n<p><strong>Chief editor:<\/strong> KERN d. o. o.<br \/>\n<strong>Director:<\/strong> Viljem Kern<\/p>\n<p>OIC &#8211; HRPELJE 41, Hrpelje<br \/>\n6240 Kozina<br \/>\nSlovenija (EU)<\/p>\n<p><strong>E-mail:<\/strong> info@kern.si<\/p>\n<p><strong>Phone number:<\/strong> 05 616 50 00<\/p>\n<p>Date of publishing the website:1. 7. 2019<\/p>\n<p><strong>Subscriber:<\/strong> KERN d. o. o.<\/p>\n<p>Contractor, design and maintenance: <a href=\"https:\/\/angelis.agency\/\">ANGELIS, digitalna agencija d. o. o.<\/a><br \/>\nPreparation of texts: KERN d. o. o. and <a href=\"https:\/\/angelis.agency\/\">ANGELIS, digitalna agencija d. o. o.<\/a><\/p>\n<p><strong>All rights reserved. Copying and reprinting of content are permitted only with the written consent of the publisher.<\/strong>[\/vc_column_text][\/vc_column][\/vc_row]<\/p>\n<\/div>","protected":false},"excerpt":{"rendered":"<p>[vc_row css=&#8220;.vc_custom_1563860854263{padding-top: 100px !important;padding-bottom: 90px !important;}&#8220;][vc_column][vc_column_text]Editorial office The web content presented before you were prepared by experts in the field of tool technology that is specific for company KERN d. o. o. Chief editor: KERN d. o. o. Director: Viljem Kern OIC &#8211; HRPELJE 41, Hrpelje 6240 Kozina Slovenija (EU) E-mail: info@kern.si Phone number: 05 [&hellip;]<\/p>\n","protected":false},"author":3,"featured_media":0,"parent":0,"menu_order":0,"comment_status":"closed","ping_status":"closed","template":"","meta":{"footnotes":""},"categories":[],"tags":[],"acf":[],"yoast_head":"<!-- This site is optimized with the Yoast SEO plugin v21.7 - https:\/\/yoast.com\/wordpress\/plugins\/seo\/ -->\n<title>Tir\u00e1\u017e - KERN<\/title>\n<meta name=\"robots\" content=\"index, follow, max-snippet:-1, max-image-preview:large, max-video-preview:-1\" \/>\n<link rel=\"canonical\" href=\"https:\/\/www.kern.si\/cs\/kalafuna\/\" \/>\n<meta property=\"og:locale\" content=\"cs_CZ\" \/>\n<meta property=\"og:type\" content=\"article\" \/>\n<meta property=\"og:title\" content=\"Tir\u00e1\u017e - KERN\" \/>\n<meta property=\"og:description\" content=\"[vc_row css=&#8220;.vc_custom_1563860854263{padding-top: 100px !important;padding-bottom: 90px !important;}&#8220;][vc_column][vc_column_text]Editorial office The web content presented before you were prepared by experts in the field of tool technology that is specific for company KERN d. o. o. Chief editor: KERN d. o. o. Director: Viljem Kern OIC &#8211; HRPELJE 41, Hrpelje 6240 Kozina Slovenija (EU) E-mail: info@kern.si Phone number: 05 [&hellip;]\" \/>\n<meta property=\"og:url\" content=\"https:\/\/www.kern.si\/cs\/kalafuna\/\" \/>\n<meta property=\"og:site_name\" content=\"KERN\" \/>\n<meta property=\"article:modified_time\" content=\"2021-06-15T10:14:56+00:00\" \/>\n<meta name=\"twitter:card\" content=\"summary_large_image\" \/>\n<meta name=\"twitter:label1\" content=\"Odhadovan\u00e1 doba \u010dten\u00ed\" \/>\n\t<meta name=\"twitter:data1\" content=\"1 minuta\" \/>\n<script type=\"application\/ld+json\" class=\"yoast-schema-graph\">{\"@context\":\"https:\/\/schema.org\",\"@graph\":[{\"@type\":\"WebPage\",\"@id\":\"https:\/\/www.kern.si\/cs\/kalafuna\/\",\"url\":\"https:\/\/www.kern.si\/cs\/kalafuna\/\",\"name\":\"Tir\u00e1\u017e - KERN\",\"isPartOf\":{\"@id\":\"https:\/\/www.kern.si\/cs\/#website\"},\"datePublished\":\"2019-07-16T12:28:49+00:00\",\"dateModified\":\"2021-06-15T10:14:56+00:00\",\"breadcrumb\":{\"@id\":\"https:\/\/www.kern.si\/cs\/kalafuna\/#breadcrumb\"},\"inLanguage\":\"cs\",\"potentialAction\":[{\"@type\":\"ReadAction\",\"target\":[\"https:\/\/www.kern.si\/cs\/kalafuna\/\"]}]},{\"@type\":\"BreadcrumbList\",\"@id\":\"https:\/\/www.kern.si\/cs\/kalafuna\/#breadcrumb\",\"itemListElement\":[{\"@type\":\"ListItem\",\"position\":1,\"name\":\"Home\",\"item\":\"https:\/\/www.kern.si\/cs\/\"},{\"@type\":\"ListItem\",\"position\":2,\"name\":\"Tir\u00e1\u017e\"}]},{\"@type\":\"WebSite\",\"@id\":\"https:\/\/www.kern.si\/cs\/#website\",\"url\":\"https:\/\/www.kern.si\/cs\/\",\"name\":\"KERN\",\"description\":\"\",\"potentialAction\":[{\"@type\":\"SearchAction\",\"target\":{\"@type\":\"EntryPoint\",\"urlTemplate\":\"https:\/\/www.kern.si\/cs\/?s={search_term_string}\"},\"query-input\":\"required name=search_term_string\"}],\"inLanguage\":\"cs\"}]}<\/script>\n<!-- \/ Yoast SEO plugin. -->","yoast_head_json":{"title":"Tir\u00e1\u017e - KERN","robots":{"index":"index","follow":"follow","max-snippet":"max-snippet:-1","max-image-preview":"max-image-preview:large","max-video-preview":"max-video-preview:-1"},"canonical":"https:\/\/www.kern.si\/cs\/kalafuna\/","og_locale":"cs_CZ","og_type":"article","og_title":"Tir\u00e1\u017e - KERN","og_description":"[vc_row css=&#8220;.vc_custom_1563860854263{padding-top: 100px !important;padding-bottom: 90px !important;}&#8220;][vc_column][vc_column_text]Editorial office The web content presented before you were prepared by experts in the field of tool technology that is specific for company KERN d. o. o. Chief editor: KERN d. o. o. Director: Viljem Kern OIC &#8211; HRPELJE 41, Hrpelje 6240 Kozina Slovenija (EU) E-mail: info@kern.si Phone number: 05 [&hellip;]","og_url":"https:\/\/www.kern.si\/cs\/kalafuna\/","og_site_name":"KERN","article_modified_time":"2021-06-15T10:14:56+00:00","twitter_card":"summary_large_image","twitter_misc":{"Odhadovan\u00e1 doba \u010dten\u00ed":"1 minuta"},"schema":{"@context":"https:\/\/schema.org","@graph":[{"@type":"WebPage","@id":"https:\/\/www.kern.si\/cs\/kalafuna\/","url":"https:\/\/www.kern.si\/cs\/kalafuna\/","name":"Tir\u00e1\u017e - KERN","isPartOf":{"@id":"https:\/\/www.kern.si\/cs\/#website"},"datePublished":"2019-07-16T12:28:49+00:00","dateModified":"2021-06-15T10:14:56+00:00","breadcrumb":{"@id":"https:\/\/www.kern.si\/cs\/kalafuna\/#breadcrumb"},"inLanguage":"cs","potentialAction":[{"@type":"ReadAction","target":["https:\/\/www.kern.si\/cs\/kalafuna\/"]}]},{"@type":"BreadcrumbList","@id":"https:\/\/www.kern.si\/cs\/kalafuna\/#breadcrumb","itemListElement":[{"@type":"ListItem","position":1,"name":"Home","item":"https:\/\/www.kern.si\/cs\/"},{"@type":"ListItem","position":2,"name":"Tir\u00e1\u017e"}]},{"@type":"WebSite","@id":"https:\/\/www.kern.si\/cs\/#website","url":"https:\/\/www.kern.si\/cs\/","name":"KERN","description":"","potentialAction":[{"@type":"SearchAction","target":{"@type":"EntryPoint","urlTemplate":"https:\/\/www.kern.si\/cs\/?s={search_term_string}"},"query-input":"required name=search_term_string"}],"inLanguage":"cs"}]}},"_links":{"self":[{"href":"https:\/\/www.kern.si\/cs\/wp-json\/wp\/v2\/pages\/20357"}],"collection":[{"href":"https:\/\/www.kern.si\/cs\/wp-json\/wp\/v2\/pages"}],"about":[{"href":"https:\/\/www.kern.si\/cs\/wp-json\/wp\/v2\/types\/page"}],"author":[{"embeddable":true,"href":"https:\/\/www.kern.si\/cs\/wp-json\/wp\/v2\/users\/3"}],"replies":[{"embeddable":true,"href":"https:\/\/www.kern.si\/cs\/wp-json\/wp\/v2\/comments?post=20357"}],"version-history":[{"count":5,"href":"https:\/\/www.kern.si\/cs\/wp-json\/wp\/v2\/pages\/20357\/revisions"}],"predecessor-version":[{"id":26508,"href":"https:\/\/www.kern.si\/cs\/wp-json\/wp\/v2\/pages\/20357\/revisions\/26508"}],"wp:attachment":[{"href":"https:\/\/www.kern.si\/cs\/wp-json\/wp\/v2\/media?parent=20357"}],"wp:term":[{"taxonomy":"category","embeddable":true,"href":"https:\/\/www.kern.si\/cs\/wp-json\/wp\/v2\/categories?post=20357"},{"taxonomy":"post_tag","embeddable":true,"href":"https:\/\/www.kern.si\/cs\/wp-json\/wp\/v2\/tags?post=20357"}],"curies":[{"name":"wp","href":"https:\/\/api.w.org\/{rel}","templated":true}]}}