{"id":27283,"date":"2024-02-22T10:07:55","date_gmt":"2024-02-22T08:07:55","guid":{"rendered":"https:\/\/www.kern.si\/?page_id=27283"},"modified":"2024-04-23T15:26:55","modified_gmt":"2024-04-23T13:26:55","slug":"3445-1-podlozke","status":"publish","type":"page","link":"https:\/\/www.kern.si\/cs\/3445-1-podlozke\/","title":{"rendered":"3445.1 Podlo\u017eke"},"content":{"rendered":"<div class=\"wpb-content-wrapper\"><p>[vc_row][vc_column width=&#8220;1\/4&#8243;][vc_raw_html]JTNDaW1nJTIwY2xhc3MlM0QlMjJzdmcta2VybiUyMiUyMGFsdCUzRCUyMmFsdC10ZXh0JTIyJTIwd2lkdGglM0QlMjI1MDAlMjIlMjBzcmMlM0QlMjJodHRwcyUzQSUyRiUyRnd3dy5rZXJuLnNpJTJGd3AtY29udGVudCUyRnVwbG9hZHMlMkYyMDI0JTJGMDQlMkYzNDQ1XzEuc3ZnJTIyJTIwJTJGJTNF[\/vc_raw_html][\/vc_column][vc_column width=&#8220;5\/12&#8243;][vc_single_image image=&#8220;27301&#8243; img_size=&#8220;medium&#8220; alignment=&#8220;center&#8220; image_hovers=&#8220;false&#8220;][\/vc_column][vc_column width=&#8220;1\/6&#8243;][vc_btn title=&#8220;PDF&#8220; style=&#8220;custom&#8220; custom_text=&#8220;#666666&#8243; link=&#8220;url:https%3A%2F%2Fwww.kern.si%2Fwp-content%2Fuploads%2F2024%2F04%2F3445.1.pdf|target:_blank&#8220;][vc_raw_html]JTNDaW1nJTIwY2xhc3MlM0QlMjJzdmcta2VybiUyMiUyMGFsdCUzRCUyMmFsdC10ZXh0JTIyJTIwd2lkdGglM0QlMjI1MDAlMjIlMjBzcmMlM0QlMjJodHRwcyUzQSUyRiUyRnd3dy5rZXJuLnNpJTJGd3AtY29udGVudCUyRnVwbG9hZHMlMkYyMDI0JTJGMDIlMkYzNDQ1XzEtbW91bnRpbmctZXhhbXBsZS5zdmclMjIlMjAlMkYlM0U=[\/vc_raw_html][\/vc_column][\/vc_row][vc_row][vc_column][vc_single_image image=&#8220;29188&#8243; img_size=&#8220;large&#8220; alignment=&#8220;center&#8220;][\/vc_column][\/vc_row]<\/p>\n<\/div>","protected":false},"excerpt":{"rendered":"<p>[vc_row][vc_column width=&#8220;1\/4&#8243;][vc_raw_html]JTNDaW1nJTIwY2xhc3MlM0QlMjJzdmcta2VybiUyMiUyMGFsdCUzRCUyMmFsdC10ZXh0JTIyJTIwd2lkdGglM0QlMjI1MDAlMjIlMjBzcmMlM0QlMjJodHRwcyUzQSUyRiUyRnd3dy5rZXJuLnNpJTJGd3AtY29udGVudCUyRnVwbG9hZHMlMkYyMDI0JTJGMDQlMkYzNDQ1XzEuc3ZnJTIyJTIwJTJGJTNF[\/vc_raw_html][\/vc_column][vc_column width=&#8220;5\/12&#8243;][vc_single_image image=&#8220;27301&#8243; img_size=&#8220;medium&#8220; alignment=&#8220;center&#8220; image_hovers=&#8220;false&#8220;][\/vc_column][vc_column width=&#8220;1\/6&#8243;][vc_btn title=&#8220;PDF&#8220; style=&#8220;custom&#8220; custom_text=&#8220;#666666&#8243; link=&#8220;url:https%3A%2F%2Fwww.kern.si%2Fwp-content%2Fuploads%2F2024%2F04%2F3445.1.pdf|target:_blank&#8220;][vc_raw_html]JTNDaW1nJTIwY2xhc3MlM0QlMjJzdmcta2VybiUyMiUyMGFsdCUzRCUyMmFsdC10ZXh0JTIyJTIwd2lkdGglM0QlMjI1MDAlMjIlMjBzcmMlM0QlMjJodHRwcyUzQSUyRiUyRnd3dy5rZXJuLnNpJTJGd3AtY29udGVudCUyRnVwbG9hZHMlMkYyMDI0JTJGMDIlMkYzNDQ1XzEtbW91bnRpbmctZXhhbXBsZS5zdmclMjIlMjAlMkYlM0U=[\/vc_raw_html][\/vc_column][\/vc_row][vc_row][vc_column][vc_single_image image=&#8220;29188&#8243; img_size=&#8220;large&#8220; alignment=&#8220;center&#8220;][\/vc_column][\/vc_row]<\/p>\n","protected":false},"author":1,"featured_media":29047,"parent":0,"menu_order":0,"comment_status":"open","ping_status":"open","template":"","meta":{"footnotes":""},"categories":[581],"tags":[],"acf":[],"yoast_head":"<!-- This site is optimized with the Yoast SEO plugin v21.7 - https:\/\/yoast.com\/wordpress\/plugins\/seo\/ -->\n<title>3445.1 Podlo\u017eke - KERN<\/title>\n<meta name=\"robots\" content=\"index, follow, max-snippet:-1, max-image-preview:large, max-video-preview:-1\" \/>\n<link rel=\"canonical\" href=\"https:\/\/www.kern.si\/cs\/3445-1-podlozke\/\" \/>\n<meta property=\"og:locale\" content=\"cs_CZ\" \/>\n<meta property=\"og:type\" content=\"article\" \/>\n<meta property=\"og:title\" content=\"3445.1 Podlo\u017eke - KERN\" \/>\n<meta property=\"og:description\" content=\"[vc_row][vc_column width=&#8220;1\/4&#8243;][vc_raw_html]JTNDaW1nJTIwY2xhc3MlM0QlMjJzdmcta2VybiUyMiUyMGFsdCUzRCUyMmFsdC10ZXh0JTIyJTIwd2lkdGglM0QlMjI1MDAlMjIlMjBzcmMlM0QlMjJodHRwcyUzQSUyRiUyRnd3dy5rZXJuLnNpJTJGd3AtY29udGVudCUyRnVwbG9hZHMlMkYyMDI0JTJGMDQlMkYzNDQ1XzEuc3ZnJTIyJTIwJTJGJTNF[\/vc_raw_html][\/vc_column][vc_column width=&#8220;5\/12&#8243;][vc_single_image image=&#8220;27301&#8243; img_size=&#8220;medium&#8220; alignment=&#8220;center&#8220; image_hovers=&#8220;false&#8220;][\/vc_column][vc_column width=&#8220;1\/6&#8243;][vc_btn title=&#8220;PDF&#8220; style=&#8220;custom&#8220; custom_text=&#8220;#666666&#8243; link=&#8220;url:https%3A%2F%2Fwww.kern.si%2Fwp-content%2Fuploads%2F2024%2F04%2F3445.1.pdf|target:_blank&#8220;][vc_raw_html]JTNDaW1nJTIwY2xhc3MlM0QlMjJzdmcta2VybiUyMiUyMGFsdCUzRCUyMmFsdC10ZXh0JTIyJTIwd2lkdGglM0QlMjI1MDAlMjIlMjBzcmMlM0QlMjJodHRwcyUzQSUyRiUyRnd3dy5rZXJuLnNpJTJGd3AtY29udGVudCUyRnVwbG9hZHMlMkYyMDI0JTJGMDIlMkYzNDQ1XzEtbW91bnRpbmctZXhhbXBsZS5zdmclMjIlMjAlMkYlM0U=[\/vc_raw_html][\/vc_column][\/vc_row][vc_row][vc_column][vc_single_image image=&#8220;29188&#8243; img_size=&#8220;large&#8220; alignment=&#8220;center&#8220;][\/vc_column][\/vc_row]\" \/>\n<meta property=\"og:url\" content=\"https:\/\/www.kern.si\/cs\/3445-1-podlozke\/\" \/>\n<meta property=\"og:site_name\" content=\"KERN\" \/>\n<meta property=\"article:modified_time\" content=\"2024-04-23T13:26:55+00:00\" \/>\n<meta property=\"og:image\" content=\"https:\/\/www.kern.si\/wp-content\/uploads\/2024\/04\/1-e1713868100901.jpg\" \/>\n\t<meta property=\"og:image:width\" content=\"1080\" \/>\n\t<meta property=\"og:image:height\" content=\"1080\" \/>\n\t<meta property=\"og:image:type\" content=\"image\/jpeg\" \/>\n<meta name=\"twitter:card\" content=\"summary_large_image\" \/>\n<meta name=\"twitter:label1\" content=\"Odhadovan\u00e1 doba \u010dten\u00ed\" \/>\n\t<meta name=\"twitter:data1\" content=\"1 minuta\" \/>\n<script type=\"application\/ld+json\" class=\"yoast-schema-graph\">{\"@context\":\"https:\/\/schema.org\",\"@graph\":[{\"@type\":\"WebPage\",\"@id\":\"https:\/\/www.kern.si\/cs\/3445-1-podlozke\/\",\"url\":\"https:\/\/www.kern.si\/cs\/3445-1-podlozke\/\",\"name\":\"3445.1 Podlo\u017eke - KERN\",\"isPartOf\":{\"@id\":\"https:\/\/www.kern.si\/cs\/#website\"},\"datePublished\":\"2024-02-22T08:07:55+00:00\",\"dateModified\":\"2024-04-23T13:26:55+00:00\",\"breadcrumb\":{\"@id\":\"https:\/\/www.kern.si\/cs\/3445-1-podlozke\/#breadcrumb\"},\"inLanguage\":\"cs\",\"potentialAction\":[{\"@type\":\"ReadAction\",\"target\":[\"https:\/\/www.kern.si\/cs\/3445-1-podlozke\/\"]}]},{\"@type\":\"BreadcrumbList\",\"@id\":\"https:\/\/www.kern.si\/cs\/3445-1-podlozke\/#breadcrumb\",\"itemListElement\":[{\"@type\":\"ListItem\",\"position\":1,\"name\":\"Home\",\"item\":\"https:\/\/www.kern.si\/cs\/\"},{\"@type\":\"ListItem\",\"position\":2,\"name\":\"3445.1 Podlo\u017eke\"}]},{\"@type\":\"WebSite\",\"@id\":\"https:\/\/www.kern.si\/cs\/#website\",\"url\":\"https:\/\/www.kern.si\/cs\/\",\"name\":\"KERN\",\"description\":\"\",\"potentialAction\":[{\"@type\":\"SearchAction\",\"target\":{\"@type\":\"EntryPoint\",\"urlTemplate\":\"https:\/\/www.kern.si\/cs\/?s={search_term_string}\"},\"query-input\":\"required name=search_term_string\"}],\"inLanguage\":\"cs\"}]}<\/script>\n<!-- \/ Yoast SEO plugin. -->","yoast_head_json":{"title":"3445.1 Podlo\u017eke - KERN","robots":{"index":"index","follow":"follow","max-snippet":"max-snippet:-1","max-image-preview":"max-image-preview:large","max-video-preview":"max-video-preview:-1"},"canonical":"https:\/\/www.kern.si\/cs\/3445-1-podlozke\/","og_locale":"cs_CZ","og_type":"article","og_title":"3445.1 Podlo\u017eke - KERN","og_description":"[vc_row][vc_column width=&#8220;1\/4&#8243;][vc_raw_html]JTNDaW1nJTIwY2xhc3MlM0QlMjJzdmcta2VybiUyMiUyMGFsdCUzRCUyMmFsdC10ZXh0JTIyJTIwd2lkdGglM0QlMjI1MDAlMjIlMjBzcmMlM0QlMjJodHRwcyUzQSUyRiUyRnd3dy5rZXJuLnNpJTJGd3AtY29udGVudCUyRnVwbG9hZHMlMkYyMDI0JTJGMDQlMkYzNDQ1XzEuc3ZnJTIyJTIwJTJGJTNF[\/vc_raw_html][\/vc_column][vc_column width=&#8220;5\/12&#8243;][vc_single_image image=&#8220;27301&#8243; img_size=&#8220;medium&#8220; alignment=&#8220;center&#8220; image_hovers=&#8220;false&#8220;][\/vc_column][vc_column width=&#8220;1\/6&#8243;][vc_btn title=&#8220;PDF&#8220; style=&#8220;custom&#8220; custom_text=&#8220;#666666&#8243; link=&#8220;url:https%3A%2F%2Fwww.kern.si%2Fwp-content%2Fuploads%2F2024%2F04%2F3445.1.pdf|target:_blank&#8220;][vc_raw_html]JTNDaW1nJTIwY2xhc3MlM0QlMjJzdmcta2VybiUyMiUyMGFsdCUzRCUyMmFsdC10ZXh0JTIyJTIwd2lkdGglM0QlMjI1MDAlMjIlMjBzcmMlM0QlMjJodHRwcyUzQSUyRiUyRnd3dy5rZXJuLnNpJTJGd3AtY29udGVudCUyRnVwbG9hZHMlMkYyMDI0JTJGMDIlMkYzNDQ1XzEtbW91bnRpbmctZXhhbXBsZS5zdmclMjIlMjAlMkYlM0U=[\/vc_raw_html][\/vc_column][\/vc_row][vc_row][vc_column][vc_single_image image=&#8220;29188&#8243; img_size=&#8220;large&#8220; alignment=&#8220;center&#8220;][\/vc_column][\/vc_row]","og_url":"https:\/\/www.kern.si\/cs\/3445-1-podlozke\/","og_site_name":"KERN","article_modified_time":"2024-04-23T13:26:55+00:00","og_image":[{"width":1080,"height":1080,"url":"https:\/\/www.kern.si\/wp-content\/uploads\/2024\/04\/1-e1713868100901.jpg","type":"image\/jpeg"}],"twitter_card":"summary_large_image","twitter_misc":{"Odhadovan\u00e1 doba \u010dten\u00ed":"1 minuta"},"schema":{"@context":"https:\/\/schema.org","@graph":[{"@type":"WebPage","@id":"https:\/\/www.kern.si\/cs\/3445-1-podlozke\/","url":"https:\/\/www.kern.si\/cs\/3445-1-podlozke\/","name":"3445.1 Podlo\u017eke - KERN","isPartOf":{"@id":"https:\/\/www.kern.si\/cs\/#website"},"datePublished":"2024-02-22T08:07:55+00:00","dateModified":"2024-04-23T13:26:55+00:00","breadcrumb":{"@id":"https:\/\/www.kern.si\/cs\/3445-1-podlozke\/#breadcrumb"},"inLanguage":"cs","potentialAction":[{"@type":"ReadAction","target":["https:\/\/www.kern.si\/cs\/3445-1-podlozke\/"]}]},{"@type":"BreadcrumbList","@id":"https:\/\/www.kern.si\/cs\/3445-1-podlozke\/#breadcrumb","itemListElement":[{"@type":"ListItem","position":1,"name":"Home","item":"https:\/\/www.kern.si\/cs\/"},{"@type":"ListItem","position":2,"name":"3445.1 Podlo\u017eke"}]},{"@type":"WebSite","@id":"https:\/\/www.kern.si\/cs\/#website","url":"https:\/\/www.kern.si\/cs\/","name":"KERN","description":"","potentialAction":[{"@type":"SearchAction","target":{"@type":"EntryPoint","urlTemplate":"https:\/\/www.kern.si\/cs\/?s={search_term_string}"},"query-input":"required name=search_term_string"}],"inLanguage":"cs"}]}},"_links":{"self":[{"href":"https:\/\/www.kern.si\/cs\/wp-json\/wp\/v2\/pages\/27283"}],"collection":[{"href":"https:\/\/www.kern.si\/cs\/wp-json\/wp\/v2\/pages"}],"about":[{"href":"https:\/\/www.kern.si\/cs\/wp-json\/wp\/v2\/types\/page"}],"author":[{"embeddable":true,"href":"https:\/\/www.kern.si\/cs\/wp-json\/wp\/v2\/users\/1"}],"replies":[{"embeddable":true,"href":"https:\/\/www.kern.si\/cs\/wp-json\/wp\/v2\/comments?post=27283"}],"version-history":[{"count":16,"href":"https:\/\/www.kern.si\/cs\/wp-json\/wp\/v2\/pages\/27283\/revisions"}],"predecessor-version":[{"id":29195,"href":"https:\/\/www.kern.si\/cs\/wp-json\/wp\/v2\/pages\/27283\/revisions\/29195"}],"wp:featuredmedia":[{"embeddable":true,"href":"https:\/\/www.kern.si\/cs\/wp-json\/wp\/v2\/media\/29047"}],"wp:attachment":[{"href":"https:\/\/www.kern.si\/cs\/wp-json\/wp\/v2\/media?parent=27283"}],"wp:term":[{"taxonomy":"category","embeddable":true,"href":"https:\/\/www.kern.si\/cs\/wp-json\/wp\/v2\/categories?post=27283"},{"taxonomy":"post_tag","embeddable":true,"href":"https:\/\/www.kern.si\/cs\/wp-json\/wp\/v2\/tags?post=27283"}],"curies":[{"name":"wp","href":"https:\/\/api.w.org\/{rel}","templated":true}]}}