{"id":22027,"date":"2019-10-02T11:21:22","date_gmt":"2019-10-02T09:21:22","guid":{"rendered":"https:\/\/beta.webis.si\/kern\/?page_id=22027"},"modified":"2019-10-02T11:21:22","modified_gmt":"2019-10-02T09:21:22","slug":"high-tech","status":"publish","type":"page","link":"https:\/\/www.kern.si\/sr\/proizvodi\/high-tech\/","title":{"rendered":"High tech"},"content":{"rendered":"<div class=\"wpb-content-wrapper\"><p>[vc_row cspt-bg-color=&#8220;white&#8220;][vc_column][vc_custom_heading text=&#8220;High tech&#8220; font_container=&#8220;tag:h2|font_size:40|text_align:left&#8220; use_theme_fonts=&#8220;yes&#8220; css=&#8220;.vc_custom_1563806712868{padding-bottom: 10px !important;}&#8220;][vc_separator color=&#8220;sky&#8220; align=&#8220;align_left&#8220; border_width=&#8220;3&#8243; el_width=&#8220;30&#8243;][vc_column_text]Podjetje KERN lahko ponudi \u0161irok spekter standardnih delov in specialnih izdelkov po risbah. Materiale obdelujemo s tehnologijo trdega stru\u017eenja, globokega vrtanja, \u017ei\u010dne erozije, natan\u010dnega bru\u0161enja in 4D rezkanja. Imamo tudi integriran proces nitriranja in kaljenja. Za ve\u010d informacij nas prosimo kontaktirajte.[\/vc_column_text][vc_row_inner][vc_column_inner width=&#8220;2\/3&#8243;][\/vc_column_inner][vc_column_inner width=&#8220;1\/3&#8243;]<div  class=\"creativesplanet-ele creativesplanet-ele-fid creativesplanet-ele-fid-style-1 \"><div class=\"cspt-fld-contents d-flex align-items-center\">\r\n\t<div class=\"cspt-sbox-icon-wrapper\"><i class=\"sgicon sgicon-CompassTool\"><\/i><\/div>\t<div class=\"cspt-fld-wrap\">\r\n\t\t<h4 class=\"cspt-fid-inner\">\r\n\t\t\t+\/-\t\t\t<span\r\n\t\t\t\tclass\t\t\t\t  = \"cspt-number-rotate\"\r\n\t\t\t\tdata-appear-animation = \"animateDigits\"\r\n\t\t\t\tdata-from             = \"0\"\r\n\t\t\t\tdata-to               = \"5\"\r\n\t\t\t\tdata-interval         = \"1\"\r\n\t\t\t\tdata-before           = \"\"\r\n\t\t\t\tdata-before-style     = \"\"\r\n\t\t\t\tdata-after            = \"\"\r\n\t\t\t\tdata-after-style      = \"\"\r\n\t\t\t\t>\r\n\t\t\t\t\t5\t\t\t<\/span>\r\n\t\t\t<span class=\"cspt-fid-sub\">\u00b5<\/span>\r\n\t\t<\/h4>\r\n\t\t\t\t<h3 class=\"cspt-fid-title\"><span>Natan\u010dnost obdelave<br><\/span><\/h3>\r\n\t\t\t<\/div>\r\n<\/div><!-- .cspt-fld-contents -->\r\n\r\n<\/div>[\/vc_column_inner][\/vc_row_inner][\/vc_column][\/vc_row][vc_row equal_height=&#8220;yes&#8220;][vc_column][vc_empty_space][vc_tta_tabs style=&#8220;modern&#8220; shape=&#8220;square&#8220; alignment=&#8220;center&#8220; active_section=&#8220;1&#8243;][vc_tta_section title=&#8220;VE\u010c-OSNO&#8220; tab_id=&#8220;1563431936811-a247a54e-493d61ad-f856&#8243;][vc_separator css=&#8220;.vc_custom_1563442677265{margin-top: -10px !important;padding-right: 15% !important;padding-left: 15% !important;}&#8220;][vc_row_inner content_placement=&#8220;middle&#8220;][vc_column_inner width=&#8220;1\/2&#8243;][vc_single_image image=&#8220;11966&#8243; img_size=&#8220;full&#8220;][\/vc_column_inner][vc_column_inner width=&#8220;1\/2&#8243;][\/vc_column_inner][\/vc_row_inner][\/vc_tta_section][vc_tta_section title=&#8220;REZKALNI STROJ&#8220; tab_id=&#8220;1563431936843-5b0e902a-a8ff61ad-f856&#8243;][vc_separator css=&#8220;.vc_custom_1563442677265{margin-top: -10px !important;padding-right: 15% !important;padding-left: 15% !important;}&#8220;][vc_row_inner content_placement=&#8220;middle&#8220;][vc_column_inner width=&#8220;1\/2&#8243;][vc_single_image image=&#8220;11963&#8243; img_size=&#8220;600*full&#8220;][\/vc_column_inner][vc_column_inner width=&#8220;1\/2&#8243;][\/vc_column_inner][\/vc_row_inner][\/vc_tta_section][vc_tta_section title=&#8220;CILINDRI\u010cNO BRU\u0160ENJE&#8220; tab_id=&#8220;1563432052076-b72304e8-a5f661ad-f856&#8243;][vc_separator css=&#8220;.vc_custom_1563442677265{margin-top: -10px !important;padding-right: 15% !important;padding-left: 15% !important;}&#8220;][vc_row_inner content_placement=&#8220;middle&#8220;][vc_column_inner width=&#8220;1\/2&#8243;][vc_single_image image=&#8220;11960&#8243; img_size=&#8220;full&#8220;][\/vc_column_inner][vc_column_inner width=&#8220;1\/2&#8243;][\/vc_column_inner][\/vc_row_inner][\/vc_tta_section][vc_tta_section title=&#8220;6 OSNO&#8220; tab_id=&#8220;1563432063281-8be2eb98-32d461ad-f856&#8243;][vc_separator css=&#8220;.vc_custom_1563442677265{margin-top: -10px !important;padding-right: 15% !important;padding-left: 15% !important;}&#8220;][vc_row_inner content_placement=&#8220;middle&#8220;][vc_column_inner width=&#8220;1\/2&#8243;][vc_single_image image=&#8220;11969&#8243; img_size=&#8220;600*425&#8243;][\/vc_column_inner][vc_column_inner width=&#8220;1\/2&#8243;][\/vc_column_inner][\/vc_row_inner][\/vc_tta_section][\/vc_tta_tabs][\/vc_column][\/vc_row]<\/p>\n<\/div>","protected":false},"excerpt":{"rendered":"<p>[vc_row cspt-bg-color=&#8220;white&#8220;][vc_column][vc_custom_heading text=&#8220;High tech&#8220; font_container=&#8220;tag:h2|font_size:40|text_align:left&#8220; use_theme_fonts=&#8220;yes&#8220; css=&#8220;.vc_custom_1563806712868{padding-bottom: 10px !important;}&#8220;][vc_separator color=&#8220;sky&#8220; align=&#8220;align_left&#8220; border_width=&#8220;3&#8243; el_width=&#8220;30&#8243;][vc_column_text]Podjetje KERN lahko ponudi \u0161irok spekter standardnih delov in specialnih izdelkov po risbah. Materiale obdelujemo s tehnologijo trdega stru\u017eenja, globokega vrtanja, \u017ei\u010dne erozije, natan\u010dnega bru\u0161enja in 4D rezkanja. Imamo tudi integriran proces nitriranja in kaljenja. Za ve\u010d informacij nas prosimo kontaktirajte.[\/vc_column_text][vc_row_inner][vc_column_inner width=&#8220;2\/3&#8243;][\/vc_column_inner][vc_column_inner width=&#8220;1\/3&#8243;][\/vc_column_inner][\/vc_row_inner][\/vc_column][\/vc_row][vc_row [&hellip;]<\/p>\n","protected":false},"author":1,"featured_media":0,"parent":22000,"menu_order":0,"comment_status":"closed","ping_status":"closed","template":"","meta":{"footnotes":""},"categories":[],"tags":[],"acf":[],"yoast_head":"<!-- This site is optimized with the Yoast SEO plugin v21.7 - https:\/\/yoast.com\/wordpress\/plugins\/seo\/ -->\n<title>High tech - KERN<\/title>\n<meta name=\"robots\" content=\"index, follow, max-snippet:-1, max-image-preview:large, max-video-preview:-1\" \/>\n<link rel=\"canonical\" href=\"https:\/\/www.kern.si\/sr\/proizvodi\/high-tech\/\" \/>\n<meta property=\"og:locale\" content=\"sr_RS\" \/>\n<meta property=\"og:type\" content=\"article\" \/>\n<meta property=\"og:title\" content=\"High tech - KERN\" \/>\n<meta property=\"og:description\" content=\"[vc_row cspt-bg-color=&#8220;white&#8220;][vc_column][vc_custom_heading text=&#8220;High tech&#8220; font_container=&#8220;tag:h2|font_size:40|text_align:left&#8220; use_theme_fonts=&#8220;yes&#8220; css=&#8220;.vc_custom_1563806712868{padding-bottom: 10px !important;}&#8220;][vc_separator color=&#8220;sky&#8220; align=&#8220;align_left&#8220; border_width=&#8220;3&#8243; el_width=&#8220;30&#8243;][vc_column_text]Podjetje KERN lahko ponudi \u0161irok spekter standardnih delov in specialnih izdelkov po risbah. Materiale obdelujemo s tehnologijo trdega stru\u017eenja, globokega vrtanja, \u017ei\u010dne erozije, natan\u010dnega bru\u0161enja in 4D rezkanja. Imamo tudi integriran proces nitriranja in kaljenja. Za ve\u010d informacij nas prosimo kontaktirajte.[\/vc_column_text][vc_row_inner][vc_column_inner width=&#8220;2\/3&#8243;][\/vc_column_inner][vc_column_inner width=&#8220;1\/3&#8243;][\/vc_column_inner][\/vc_row_inner][\/vc_column][\/vc_row][vc_row [&hellip;]\" \/>\n<meta property=\"og:url\" content=\"https:\/\/www.kern.si\/sr\/proizvodi\/high-tech\/\" \/>\n<meta property=\"og:site_name\" content=\"KERN\" \/>\n<meta name=\"twitter:card\" content=\"summary_large_image\" \/>\n<meta name=\"twitter:label1\" content=\"\u041f\u0440\u043e\u0446\u0435\u045a\u0435\u043d\u043e \u0432\u0440\u0435\u043c\u0435 \u0447\u0438\u0442\u0430\u045a\u0430\" \/>\n\t<meta name=\"twitter:data1\" content=\"2 \u043c\u0438\u043d\u0443\u0442\u0430\" \/>\n<script type=\"application\/ld+json\" class=\"yoast-schema-graph\">{\"@context\":\"https:\/\/schema.org\",\"@graph\":[{\"@type\":\"WebPage\",\"@id\":\"https:\/\/www.kern.si\/sr\/proizvodi\/high-tech\/\",\"url\":\"https:\/\/www.kern.si\/sr\/proizvodi\/high-tech\/\",\"name\":\"High tech - KERN\",\"isPartOf\":{\"@id\":\"https:\/\/www.kern.si\/sr\/#website\"},\"datePublished\":\"2019-10-02T09:21:22+00:00\",\"dateModified\":\"2019-10-02T09:21:22+00:00\",\"breadcrumb\":{\"@id\":\"https:\/\/www.kern.si\/sr\/proizvodi\/high-tech\/#breadcrumb\"},\"inLanguage\":\"sr-RS\",\"potentialAction\":[{\"@type\":\"ReadAction\",\"target\":[\"https:\/\/www.kern.si\/sr\/proizvodi\/high-tech\/\"]}]},{\"@type\":\"BreadcrumbList\",\"@id\":\"https:\/\/www.kern.si\/sr\/proizvodi\/high-tech\/#breadcrumb\",\"itemListElement\":[{\"@type\":\"ListItem\",\"position\":1,\"name\":\"Home\",\"item\":\"https:\/\/www.kern.si\/sr\/\"},{\"@type\":\"ListItem\",\"position\":2,\"name\":\"Proizvodi\",\"item\":\"https:\/\/www.kern.si\/sr\/proizvodi\/\"},{\"@type\":\"ListItem\",\"position\":3,\"name\":\"High tech\"}]},{\"@type\":\"WebSite\",\"@id\":\"https:\/\/www.kern.si\/sr\/#website\",\"url\":\"https:\/\/www.kern.si\/sr\/\",\"name\":\"KERN\",\"description\":\"\",\"potentialAction\":[{\"@type\":\"SearchAction\",\"target\":{\"@type\":\"EntryPoint\",\"urlTemplate\":\"https:\/\/www.kern.si\/sr\/?s={search_term_string}\"},\"query-input\":\"required name=search_term_string\"}],\"inLanguage\":\"sr-RS\"}]}<\/script>\n<!-- \/ Yoast SEO plugin. -->","yoast_head_json":{"title":"High tech - KERN","robots":{"index":"index","follow":"follow","max-snippet":"max-snippet:-1","max-image-preview":"max-image-preview:large","max-video-preview":"max-video-preview:-1"},"canonical":"https:\/\/www.kern.si\/sr\/proizvodi\/high-tech\/","og_locale":"sr_RS","og_type":"article","og_title":"High tech - KERN","og_description":"[vc_row cspt-bg-color=&#8220;white&#8220;][vc_column][vc_custom_heading text=&#8220;High tech&#8220; font_container=&#8220;tag:h2|font_size:40|text_align:left&#8220; use_theme_fonts=&#8220;yes&#8220; css=&#8220;.vc_custom_1563806712868{padding-bottom: 10px !important;}&#8220;][vc_separator color=&#8220;sky&#8220; align=&#8220;align_left&#8220; border_width=&#8220;3&#8243; el_width=&#8220;30&#8243;][vc_column_text]Podjetje KERN lahko ponudi \u0161irok spekter standardnih delov in specialnih izdelkov po risbah. Materiale obdelujemo s tehnologijo trdega stru\u017eenja, globokega vrtanja, \u017ei\u010dne erozije, natan\u010dnega bru\u0161enja in 4D rezkanja. Imamo tudi integriran proces nitriranja in kaljenja. Za ve\u010d informacij nas prosimo kontaktirajte.[\/vc_column_text][vc_row_inner][vc_column_inner width=&#8220;2\/3&#8243;][\/vc_column_inner][vc_column_inner width=&#8220;1\/3&#8243;][\/vc_column_inner][\/vc_row_inner][\/vc_column][\/vc_row][vc_row [&hellip;]","og_url":"https:\/\/www.kern.si\/sr\/proizvodi\/high-tech\/","og_site_name":"KERN","twitter_card":"summary_large_image","twitter_misc":{"\u041f\u0440\u043e\u0446\u0435\u045a\u0435\u043d\u043e \u0432\u0440\u0435\u043c\u0435 \u0447\u0438\u0442\u0430\u045a\u0430":"2 \u043c\u0438\u043d\u0443\u0442\u0430"},"schema":{"@context":"https:\/\/schema.org","@graph":[{"@type":"WebPage","@id":"https:\/\/www.kern.si\/sr\/proizvodi\/high-tech\/","url":"https:\/\/www.kern.si\/sr\/proizvodi\/high-tech\/","name":"High tech - KERN","isPartOf":{"@id":"https:\/\/www.kern.si\/sr\/#website"},"datePublished":"2019-10-02T09:21:22+00:00","dateModified":"2019-10-02T09:21:22+00:00","breadcrumb":{"@id":"https:\/\/www.kern.si\/sr\/proizvodi\/high-tech\/#breadcrumb"},"inLanguage":"sr-RS","potentialAction":[{"@type":"ReadAction","target":["https:\/\/www.kern.si\/sr\/proizvodi\/high-tech\/"]}]},{"@type":"BreadcrumbList","@id":"https:\/\/www.kern.si\/sr\/proizvodi\/high-tech\/#breadcrumb","itemListElement":[{"@type":"ListItem","position":1,"name":"Home","item":"https:\/\/www.kern.si\/sr\/"},{"@type":"ListItem","position":2,"name":"Proizvodi","item":"https:\/\/www.kern.si\/sr\/proizvodi\/"},{"@type":"ListItem","position":3,"name":"High tech"}]},{"@type":"WebSite","@id":"https:\/\/www.kern.si\/sr\/#website","url":"https:\/\/www.kern.si\/sr\/","name":"KERN","description":"","potentialAction":[{"@type":"SearchAction","target":{"@type":"EntryPoint","urlTemplate":"https:\/\/www.kern.si\/sr\/?s={search_term_string}"},"query-input":"required name=search_term_string"}],"inLanguage":"sr-RS"}]}},"_links":{"self":[{"href":"https:\/\/www.kern.si\/sr\/wp-json\/wp\/v2\/pages\/22027"}],"collection":[{"href":"https:\/\/www.kern.si\/sr\/wp-json\/wp\/v2\/pages"}],"about":[{"href":"https:\/\/www.kern.si\/sr\/wp-json\/wp\/v2\/types\/page"}],"author":[{"embeddable":true,"href":"https:\/\/www.kern.si\/sr\/wp-json\/wp\/v2\/users\/1"}],"replies":[{"embeddable":true,"href":"https:\/\/www.kern.si\/sr\/wp-json\/wp\/v2\/comments?post=22027"}],"version-history":[{"count":2,"href":"https:\/\/www.kern.si\/sr\/wp-json\/wp\/v2\/pages\/22027\/revisions"}],"predecessor-version":[{"id":22031,"href":"https:\/\/www.kern.si\/sr\/wp-json\/wp\/v2\/pages\/22027\/revisions\/22031"}],"up":[{"embeddable":true,"href":"https:\/\/www.kern.si\/sr\/wp-json\/wp\/v2\/pages\/22000"}],"wp:attachment":[{"href":"https:\/\/www.kern.si\/sr\/wp-json\/wp\/v2\/media?parent=22027"}],"wp:term":[{"taxonomy":"category","embeddable":true,"href":"https:\/\/www.kern.si\/sr\/wp-json\/wp\/v2\/categories?post=22027"},{"taxonomy":"post_tag","embeddable":true,"href":"https:\/\/www.kern.si\/sr\/wp-json\/wp\/v2\/tags?post=22027"}],"curies":[{"name":"wp","href":"https:\/\/api.w.org\/{rel}","templated":true}]}}