{"id":22033,"date":"2019-10-02T11:23:46","date_gmt":"2019-10-02T09:23:46","guid":{"rendered":"https:\/\/beta.webis.si\/kern\/?page_id=22033"},"modified":"2019-10-02T11:27:56","modified_gmt":"2019-10-02T09:27:56","slug":"zastupnistvo","status":"publish","type":"page","link":"https:\/\/www.kern.si\/sr\/zastupnistvo\/","title":{"rendered":"Zastupni\u0161tvo"},"content":{"rendered":"<div class=\"wpb-content-wrapper\"><p>[vc_row css=&#8220;.vc_custom_1563368625897{padding-top: 100px !important;padding-bottom: 90px !important;}&#8220;][vc_column][vc_row_inner css=&#8220;.vc_custom_1568896654756{padding-bottom: 25px !important;}&#8220;][vc_column_inner width=&#8220;1\/6&#8243;][\/vc_column_inner][vc_column_inner width=&#8220;2\/3&#8243;][\/vc_column_inner][vc_column_inner width=&#8220;1\/6&#8243;][\/vc_column_inner][\/vc_row_inner][vc_row_inner][vc_column_inner width=&#8220;1\/6&#8243;][\/vc_column_inner][vc_column_inner width=&#8220;2\/3&#8243;][vc_column_text css=&#8220;.vc_custom_1570008253011{padding-top: 0px !important;padding-bottom: 0px !important;}&#8220; el_class=&#8220;textalign&#8220;]<\/p>\n<p style=\"text-align: center;\">Obezbe\u0111ivanje sistemske podr\u0161ke pri isporuci komponenti, sklopova i sistema za alate prve monta\u017ee i servisiranje procesa odr\u017eavanja alata, obezbe\u0111uje se s \u0161irokim sprektrom proizvoda koji su kombinacija sopstvene proizvodnje i efikasne distribucije robe.<\/p>\n<p>[\/vc_column_text][\/vc_column_inner][vc_column_inner width=&#8220;1\/6&#8243;][\/vc_column_inner][\/vc_row_inner][vc_row_inner equal_height=&#8220;yes&#8220; css=&#8220;.vc_custom_1568896646696{padding-top: 25px !important;}&#8220;][vc_column_inner el_class=&#8220;stolpec&#8220; width=&#8220;1\/3&#8243; css=&#8220;.vc_custom_1563367120639{border-top-width: 1px !important;border-right-width: 1px !important;border-bottom-width: 1px !important;border-left-width: 1px !important;padding-top: 25px !important;padding-right: 25px !important;padding-bottom: 25px !important;padding-left: 25px !important;border-left-color: #e8e8e8 !important;border-left-style: solid !important;border-right-color: #e8e8e8 !important;border-right-style: solid !important;border-top-color: #e8e8e8 !important;border-top-style: solid !important;border-bottom-color: #e8e8e8 !important;border-bottom-style: solid !important;}&#8220;][vc_single_image image=&#8220;11669&#8243; alignment=&#8220;center&#8220; onclick=&#8220;custom_link&#8220; link=&#8220;https:\/\/www.specialsprings.com\/en&#8220;][vc_custom_heading text=&#8220;SPECIAL SPRINGS&#8220; font_container=&#8220;tag:h2|font_size:24px|text_align:center&#8220; use_theme_fonts=&#8220;yes&#8220; css=&#8220;.vc_custom_1563367728483{margin-top: -30px !important;}&#8220; link=&#8220;url:https%3A%2F%2Fwww.specialsprings.com%2Fen|||&#8220;][vc_column_text]<\/p>\n<p style=\"text-align: center;\">Opruge i gasni cilindri<\/p>\n<p>[\/vc_column_text][vc_column_text el_class=&#8220;zastavice&#8220;]<img loading=\"lazy\" decoding=\"async\" src=\"https:\/\/www.kern.si\/wp-content\/uploads\/2019\/07\/if_Slovenia_92339.png\" alt=\"\" width=\"24\" height=\"24\" \/><img loading=\"lazy\" decoding=\"async\" style=\"letter-spacing: 0px;\" src=\"https:\/\/www.kern.si\/wp-content\/uploads\/2019\/07\/if_Croatia_92041.png\" alt=\"\" width=\"24\" height=\"24\" \/><img loading=\"lazy\" decoding=\"async\" style=\"letter-spacing: 0px;\" src=\"https:\/\/www.kern.si\/wp-content\/uploads\/2019\/07\/if_Serbia_92329.png\" alt=\"\" width=\"24\" height=\"24\" \/>[\/vc_column_text][\/vc_column_inner][vc_column_inner el_class=&#8220;stolpec&#8220; width=&#8220;1\/3&#8243; css=&#8220;.vc_custom_1563367127539{border-top-width: 1px !important;border-bottom-width: 1px !important;border-left-width: 1px !important;padding-top: 25px !important;padding-right: 25px !important;padding-bottom: 25px !important;padding-left: 25px !important;border-left-color: #e8e8e8 !important;border-left-style: solid !important;border-top-color: #e8e8e8 !important;border-top-style: solid !important;border-bottom-color: #e8e8e8 !important;border-bottom-style: solid !important;}&#8220;][vc_single_image image=&#8220;11675&#8243; alignment=&#8220;center&#8220; onclick=&#8220;custom_link&#8220; link=&#8220;https:\/\/www.vegacylinder.com\/&#8220;][vc_custom_heading text=&#8220;VEGA&#8220; font_container=&#8220;tag:h2|font_size:24px|text_align:center&#8220; use_theme_fonts=&#8220;yes&#8220; css=&#8220;.vc_custom_1563368150865{margin-top: -30px !important;}&#8220; link=&#8220;url:https%3A%2F%2Fwww.vegacylinder.com%2F|||&#8220;][vc_column_text]<\/p>\n<p style=\"text-align: center;\">Hidrauli\u010dni cilindri za stranske pogone<\/p>\n<p>[\/vc_column_text][vc_column_text el_class=&#8220;zastavice&#8220;]<img loading=\"lazy\" decoding=\"async\" src=\"https:\/\/www.kern.si\/wp-content\/uploads\/2019\/07\/if_Slovenia_92339.png\" alt=\"\" width=\"24\" height=\"24\" \/><img loading=\"lazy\" decoding=\"async\" style=\"letter-spacing: 0px;\" src=\"https:\/\/www.kern.si\/wp-content\/uploads\/2019\/07\/if_Croatia_92041.png\" alt=\"\" width=\"24\" height=\"24\" \/><img loading=\"lazy\" decoding=\"async\" style=\"letter-spacing: 0px;\" src=\"https:\/\/www.kern.si\/wp-content\/uploads\/2019\/07\/if_Serbia_92329.png\" alt=\"\" width=\"24\" height=\"24\" \/>[\/vc_column_text][\/vc_column_inner][vc_column_inner el_class=&#8220;stolpec&#8220; width=&#8220;1\/3&#8243; css=&#8220;.vc_custom_1563367133761{border-top-width: 1px !important;border-right-width: 1px !important;border-bottom-width: 1px !important;border-left-width: 1px !important;padding-top: 25px !important;padding-right: 25px !important;padding-bottom: 25px !important;padding-left: 25px !important;border-left-color: #e8e8e8 !important;border-left-style: solid !important;border-right-color: #e8e8e8 !important;border-right-style: solid !important;border-top-color: #e8e8e8 !important;border-top-style: solid !important;border-bottom-color: #e8e8e8 !important;border-bottom-style: solid !important;}&#8220;][vc_single_image image=&#8220;11672&#8243; alignment=&#8220;center&#8220; onclick=&#8220;custom_link&#8220; link=&#8220;http:\/\/www.thermoplay.it\/en\/&#8220;][vc_custom_heading text=&#8220;THERMOPLAY&#8220; font_container=&#8220;tag:h2|font_size:24px|text_align:center&#8220; use_theme_fonts=&#8220;yes&#8220; css=&#8220;.vc_custom_1564124254626{margin-top: -30px !important;}&#8220; link=&#8220;url:http%3A%2F%2Fwww.thermoplay.it%2Fen%2F|||&#8220;][vc_column_text]<\/p>\n<p style=\"text-align: center;\">Razvoj i snabdevanje toplokanalnih sistema<\/p>\n<p>[\/vc_column_text][vc_column_text el_class=&#8220;zastavice&#8220;]<img loading=\"lazy\" decoding=\"async\" src=\"https:\/\/www.kern.si\/wp-content\/uploads\/2019\/07\/if_Slovenia_92339.png\" alt=\"\" width=\"24\" height=\"24\" \/>[\/vc_column_text][\/vc_column_inner][\/vc_row_inner][vc_row_inner equal_height=&#8220;yes&#8220;][vc_column_inner el_class=&#8220;stolpec&#8220; width=&#8220;1\/3&#8243; css=&#8220;.vc_custom_1563367141349{border-top-width: 1px !important;border-right-width: 1px !important;border-bottom-width: 1px !important;border-left-width: 1px !important;padding-top: 25px !important;padding-right: 25px !important;padding-bottom: 25px !important;padding-left: 25px !important;border-left-color: #e8e8e8 !important;border-left-style: solid !important;border-right-color: #e8e8e8 !important;border-right-style: solid !important;border-top-color: #e8e8e8 !important;border-top-style: solid !important;border-bottom-color: #e8e8e8 !important;border-bottom-style: solid !important;}&#8220;][vc_single_image image=&#8220;11666&#8243; alignment=&#8220;center&#8220; onclick=&#8220;custom_link&#8220; link=&#8220;http:\/\/www.procomps.com\/Home\/Default.aspx&#8220;][vc_custom_heading text=&#8220;PROGRESSIVE COMPONENTS&#8220; font_container=&#8220;tag:h2|font_size:24px|text_align:center&#8220; use_theme_fonts=&#8220;yes&#8220; css=&#8220;.vc_custom_1563368229870{margin-top: -30px !important;}&#8220; link=&#8220;url:http%3A%2F%2Fwww.procomps.com%2FHome%2FDefault.aspx|||&#8220;][vc_column_text]<\/p>\n<p style=\"text-align: center;\">Posebna re\u0161enja za brizganje plastike i pametni broja\u010di<\/p>\n<p>[\/vc_column_text][vc_column_text el_class=&#8220;zastavice&#8220;]<img loading=\"lazy\" decoding=\"async\" src=\"https:\/\/www.kern.si\/wp-content\/uploads\/2019\/07\/if_Slovenia_92339.png\" alt=\"\" width=\"24\" height=\"24\" \/><img loading=\"lazy\" decoding=\"async\" style=\"letter-spacing: 0px;\" src=\"https:\/\/www.kern.si\/wp-content\/uploads\/2019\/07\/if_Croatia_92041.png\" alt=\"\" width=\"24\" height=\"24\" \/><img loading=\"lazy\" decoding=\"async\" style=\"letter-spacing: 0px;\" src=\"https:\/\/www.kern.si\/wp-content\/uploads\/2019\/07\/if_Serbia_92329.png\" alt=\"\" width=\"24\" height=\"24\" \/>[\/vc_column_text][\/vc_column_inner][vc_column_inner el_class=&#8220;stolpec&#8220; width=&#8220;1\/3&#8243; css=&#8220;.vc_custom_1563367162704{border-top-width: 1px !important;border-right-width: 1px !important;border-bottom-width: 1px !important;border-left-width: 1px !important;padding-top: 25px !important;padding-right: 25px !important;padding-bottom: 25px !important;padding-left: 25px !important;border-left-color: #e8e8e8 !important;border-left-style: solid !important;border-right-color: #e8e8e8 !important;border-right-style: solid !important;border-top-color: #e8e8e8 !important;border-top-style: solid !important;border-bottom-color: #e8e8e8 !important;border-bottom-style: solid !important;}&#8220;][vc_single_image image=&#8220;11663&#8243; alignment=&#8220;center&#8220; onclick=&#8220;custom_link&#8220; link=&#8220;https:\/\/www.omcr.it\/&#8220;][vc_custom_heading text=&#8220;OMCR&#8220; font_container=&#8220;tag:h2|font_size:24px|text_align:center&#8220; use_theme_fonts=&#8220;yes&#8220; css=&#8220;.vc_custom_1563368577149{margin-top: -30px !important;}&#8220; link=&#8220;url:https%3A%2F%2Fwww.omcr.it%2F|||&#8220;][vc_column_text]<\/p>\n<p style=\"text-align: center;\">Standardni delovi za alate, CAM jedinice, elementi za transport i podizanje alata<\/p>\n<p>[\/vc_column_text][vc_column_text el_class=&#8220;zastavice&#8220;]<img loading=\"lazy\" decoding=\"async\" src=\"https:\/\/www.kern.si\/wp-content\/uploads\/2019\/07\/if_Slovenia_92339.png\" alt=\"\" width=\"24\" height=\"24\" \/><img loading=\"lazy\" decoding=\"async\" style=\"letter-spacing: 0px;\" src=\"https:\/\/www.kern.si\/wp-content\/uploads\/2019\/07\/if_Croatia_92041.png\" alt=\"\" width=\"24\" height=\"24\" \/><img loading=\"lazy\" decoding=\"async\" style=\"letter-spacing: 0px;\" src=\"https:\/\/www.kern.si\/wp-content\/uploads\/2019\/07\/if_Serbia_92329.png\" alt=\"\" width=\"24\" height=\"24\" \/>[\/vc_column_text][\/vc_column_inner][vc_column_inner el_class=&#8220;stolpec&#8220; width=&#8220;1\/3&#8243; css=&#8220;.vc_custom_1563367193793{border-top-width: 1px !important;border-right-width: 1px !important;border-bottom-width: 1px !important;border-left-width: 1px !important;padding-top: 25px !important;padding-right: 25px !important;padding-bottom: 25px !important;padding-left: 25px !important;border-left-color: #e8e8e8 !important;border-left-style: solid !important;border-right-color: #e8e8e8 !important;border-right-style: solid !important;border-top-color: #e8e8e8 !important;border-top-style: solid !important;border-bottom-color: #e8e8e8 !important;border-bottom-style: solid !important;}&#8220;][vc_single_image image=&#8220;11678&#8243; alignment=&#8220;center&#8220; onclick=&#8220;custom_link&#8220; link=&#8220;http:\/\/web.yudoeu.com\/yudo\/&#8220;][vc_custom_heading text=&#8220;YUDO&#8220; font_container=&#8220;tag:h2|font_size:24px|text_align:center&#8220; use_theme_fonts=&#8220;yes&#8220; css=&#8220;.vc_custom_1563368202398{margin-top: -30px !important;}&#8220; link=&#8220;url:http%3A%2F%2Fweb.yudoeu.com%2Fyudo%2F|||&#8220;][vc_column_text]<\/p>\n<p style=\"text-align: center;\">Razvoj i dostava toplokanalnih sistema i oprema za automatizaciju procesa brizganja plastike<\/p>\n<p>[\/vc_column_text][vc_column_text el_class=&#8220;zastavice&#8220;]<img loading=\"lazy\" decoding=\"async\" src=\"https:\/\/www.kern.si\/wp-content\/uploads\/2019\/07\/if_Slovenia_92339.png\" alt=\"\" width=\"24\" height=\"24\" \/><img loading=\"lazy\" decoding=\"async\" style=\"letter-spacing: 0px;\" src=\"https:\/\/www.kern.si\/wp-content\/uploads\/2019\/07\/if_Croatia_92041.png\" alt=\"\" width=\"24\" height=\"24\" \/><img loading=\"lazy\" decoding=\"async\" style=\"letter-spacing: 0px;\" src=\"https:\/\/www.kern.si\/wp-content\/uploads\/2019\/07\/if_Serbia_92329.png\" alt=\"\" width=\"24\" height=\"24\" \/><img loading=\"lazy\" decoding=\"async\" style=\"letter-spacing: 0px;\" src=\"https:\/\/www.kern.si\/wp-content\/uploads\/2019\/07\/if_Czech-Republic_92047.png\" alt=\"\" width=\"24\" height=\"24\" \/><img loading=\"lazy\" decoding=\"async\" style=\"letter-spacing: 0px;\" src=\"https:\/\/www.kern.si\/wp-content\/uploads\/2019\/07\/if_Slovakia_92337.png\" alt=\"\" width=\"24\" height=\"24\" \/>[\/vc_column_text][\/vc_column_inner][\/vc_row_inner][\/vc_column][\/vc_row]<\/p>\n<\/div>","protected":false},"excerpt":{"rendered":"<p>[vc_row css=&#8220;.vc_custom_1563368625897{padding-top: 100px !important;padding-bottom: 90px !important;}&#8220;][vc_column][vc_row_inner css=&#8220;.vc_custom_1568896654756{padding-bottom: 25px !important;}&#8220;][vc_column_inner width=&#8220;1\/6&#8243;][\/vc_column_inner][vc_column_inner width=&#8220;2\/3&#8243;][\/vc_column_inner][vc_column_inner width=&#8220;1\/6&#8243;][\/vc_column_inner][\/vc_row_inner][vc_row_inner][vc_column_inner width=&#8220;1\/6&#8243;][\/vc_column_inner][vc_column_inner width=&#8220;2\/3&#8243;][vc_column_text css=&#8220;.vc_custom_1570008253011{padding-top: 0px !important;padding-bottom: 0px !important;}&#8220; el_class=&#8220;textalign&#8220;] Obezbe\u0111ivanje sistemske podr\u0161ke pri isporuci komponenti, sklopova i sistema za alate prve monta\u017ee i servisiranje procesa odr\u017eavanja alata, obezbe\u0111uje se s \u0161irokim sprektrom proizvoda koji su kombinacija sopstvene proizvodnje i efikasne distribucije robe. [\/vc_column_text][\/vc_column_inner][vc_column_inner width=&#8220;1\/6&#8243;][\/vc_column_inner][\/vc_row_inner][vc_row_inner [&hellip;]<\/p>\n","protected":false},"author":1,"featured_media":0,"parent":0,"menu_order":0,"comment_status":"closed","ping_status":"closed","template":"","meta":{"footnotes":""},"categories":[],"tags":[],"acf":[],"yoast_head":"<!-- This site is optimized with the Yoast SEO plugin v21.7 - https:\/\/yoast.com\/wordpress\/plugins\/seo\/ -->\n<title>Zastupni\u0161tvo - KERN<\/title>\n<meta name=\"robots\" content=\"index, follow, max-snippet:-1, max-image-preview:large, max-video-preview:-1\" \/>\n<link rel=\"canonical\" href=\"https:\/\/www.kern.si\/sr\/zastupnistvo\/\" \/>\n<meta property=\"og:locale\" content=\"sr_RS\" \/>\n<meta property=\"og:type\" content=\"article\" \/>\n<meta property=\"og:title\" content=\"Zastupni\u0161tvo - KERN\" \/>\n<meta property=\"og:description\" content=\"[vc_row css=&#8220;.vc_custom_1563368625897{padding-top: 100px !important;padding-bottom: 90px !important;}&#8220;][vc_column][vc_row_inner css=&#8220;.vc_custom_1568896654756{padding-bottom: 25px !important;}&#8220;][vc_column_inner width=&#8220;1\/6&#8243;][\/vc_column_inner][vc_column_inner width=&#8220;2\/3&#8243;][\/vc_column_inner][vc_column_inner width=&#8220;1\/6&#8243;][\/vc_column_inner][\/vc_row_inner][vc_row_inner][vc_column_inner width=&#8220;1\/6&#8243;][\/vc_column_inner][vc_column_inner width=&#8220;2\/3&#8243;][vc_column_text css=&#8220;.vc_custom_1570008253011{padding-top: 0px !important;padding-bottom: 0px !important;}&#8220; el_class=&#8220;textalign&#8220;] Obezbe\u0111ivanje sistemske podr\u0161ke pri isporuci komponenti, sklopova i sistema za alate prve monta\u017ee i servisiranje procesa odr\u017eavanja alata, obezbe\u0111uje se s \u0161irokim sprektrom proizvoda koji su kombinacija sopstvene proizvodnje i efikasne distribucije robe. [\/vc_column_text][\/vc_column_inner][vc_column_inner width=&#8220;1\/6&#8243;][\/vc_column_inner][\/vc_row_inner][vc_row_inner [&hellip;]\" \/>\n<meta property=\"og:url\" content=\"https:\/\/www.kern.si\/sr\/zastupnistvo\/\" \/>\n<meta property=\"og:site_name\" content=\"KERN\" \/>\n<meta property=\"article:modified_time\" content=\"2019-10-02T09:27:56+00:00\" \/>\n<meta property=\"og:image\" content=\"https:\/\/www.kern.si\/wp-content\/uploads\/2019\/07\/if_Slovenia_92339.png\" \/>\n<meta name=\"twitter:card\" content=\"summary_large_image\" \/>\n<meta name=\"twitter:label1\" content=\"\u041f\u0440\u043e\u0446\u0435\u045a\u0435\u043d\u043e \u0432\u0440\u0435\u043c\u0435 \u0447\u0438\u0442\u0430\u045a\u0430\" \/>\n\t<meta name=\"twitter:data1\" content=\"5 \u043c\u0438\u043d\u0443\u0442\u0430\" \/>\n<script type=\"application\/ld+json\" class=\"yoast-schema-graph\">{\"@context\":\"https:\/\/schema.org\",\"@graph\":[{\"@type\":\"WebPage\",\"@id\":\"https:\/\/www.kern.si\/sr\/zastupnistvo\/\",\"url\":\"https:\/\/www.kern.si\/sr\/zastupnistvo\/\",\"name\":\"Zastupni\u0161tvo - KERN\",\"isPartOf\":{\"@id\":\"https:\/\/www.kern.si\/sr\/#website\"},\"datePublished\":\"2019-10-02T09:23:46+00:00\",\"dateModified\":\"2019-10-02T09:27:56+00:00\",\"breadcrumb\":{\"@id\":\"https:\/\/www.kern.si\/sr\/zastupnistvo\/#breadcrumb\"},\"inLanguage\":\"sr-RS\",\"potentialAction\":[{\"@type\":\"ReadAction\",\"target\":[\"https:\/\/www.kern.si\/sr\/zastupnistvo\/\"]}]},{\"@type\":\"BreadcrumbList\",\"@id\":\"https:\/\/www.kern.si\/sr\/zastupnistvo\/#breadcrumb\",\"itemListElement\":[{\"@type\":\"ListItem\",\"position\":1,\"name\":\"Home\",\"item\":\"https:\/\/www.kern.si\/sr\/\"},{\"@type\":\"ListItem\",\"position\":2,\"name\":\"Zastupni\u0161tvo\"}]},{\"@type\":\"WebSite\",\"@id\":\"https:\/\/www.kern.si\/sr\/#website\",\"url\":\"https:\/\/www.kern.si\/sr\/\",\"name\":\"KERN\",\"description\":\"\",\"potentialAction\":[{\"@type\":\"SearchAction\",\"target\":{\"@type\":\"EntryPoint\",\"urlTemplate\":\"https:\/\/www.kern.si\/sr\/?s={search_term_string}\"},\"query-input\":\"required name=search_term_string\"}],\"inLanguage\":\"sr-RS\"}]}<\/script>\n<!-- \/ Yoast SEO plugin. -->","yoast_head_json":{"title":"Zastupni\u0161tvo - KERN","robots":{"index":"index","follow":"follow","max-snippet":"max-snippet:-1","max-image-preview":"max-image-preview:large","max-video-preview":"max-video-preview:-1"},"canonical":"https:\/\/www.kern.si\/sr\/zastupnistvo\/","og_locale":"sr_RS","og_type":"article","og_title":"Zastupni\u0161tvo - KERN","og_description":"[vc_row css=&#8220;.vc_custom_1563368625897{padding-top: 100px !important;padding-bottom: 90px !important;}&#8220;][vc_column][vc_row_inner css=&#8220;.vc_custom_1568896654756{padding-bottom: 25px !important;}&#8220;][vc_column_inner width=&#8220;1\/6&#8243;][\/vc_column_inner][vc_column_inner width=&#8220;2\/3&#8243;][\/vc_column_inner][vc_column_inner width=&#8220;1\/6&#8243;][\/vc_column_inner][\/vc_row_inner][vc_row_inner][vc_column_inner width=&#8220;1\/6&#8243;][\/vc_column_inner][vc_column_inner width=&#8220;2\/3&#8243;][vc_column_text css=&#8220;.vc_custom_1570008253011{padding-top: 0px !important;padding-bottom: 0px !important;}&#8220; el_class=&#8220;textalign&#8220;] Obezbe\u0111ivanje sistemske podr\u0161ke pri isporuci komponenti, sklopova i sistema za alate prve monta\u017ee i servisiranje procesa odr\u017eavanja alata, obezbe\u0111uje se s \u0161irokim sprektrom proizvoda koji su kombinacija sopstvene proizvodnje i efikasne distribucije robe. [\/vc_column_text][\/vc_column_inner][vc_column_inner width=&#8220;1\/6&#8243;][\/vc_column_inner][\/vc_row_inner][vc_row_inner [&hellip;]","og_url":"https:\/\/www.kern.si\/sr\/zastupnistvo\/","og_site_name":"KERN","article_modified_time":"2019-10-02T09:27:56+00:00","og_image":[{"url":"https:\/\/www.kern.si\/wp-content\/uploads\/2019\/07\/if_Slovenia_92339.png"}],"twitter_card":"summary_large_image","twitter_misc":{"\u041f\u0440\u043e\u0446\u0435\u045a\u0435\u043d\u043e \u0432\u0440\u0435\u043c\u0435 \u0447\u0438\u0442\u0430\u045a\u0430":"5 \u043c\u0438\u043d\u0443\u0442\u0430"},"schema":{"@context":"https:\/\/schema.org","@graph":[{"@type":"WebPage","@id":"https:\/\/www.kern.si\/sr\/zastupnistvo\/","url":"https:\/\/www.kern.si\/sr\/zastupnistvo\/","name":"Zastupni\u0161tvo - KERN","isPartOf":{"@id":"https:\/\/www.kern.si\/sr\/#website"},"datePublished":"2019-10-02T09:23:46+00:00","dateModified":"2019-10-02T09:27:56+00:00","breadcrumb":{"@id":"https:\/\/www.kern.si\/sr\/zastupnistvo\/#breadcrumb"},"inLanguage":"sr-RS","potentialAction":[{"@type":"ReadAction","target":["https:\/\/www.kern.si\/sr\/zastupnistvo\/"]}]},{"@type":"BreadcrumbList","@id":"https:\/\/www.kern.si\/sr\/zastupnistvo\/#breadcrumb","itemListElement":[{"@type":"ListItem","position":1,"name":"Home","item":"https:\/\/www.kern.si\/sr\/"},{"@type":"ListItem","position":2,"name":"Zastupni\u0161tvo"}]},{"@type":"WebSite","@id":"https:\/\/www.kern.si\/sr\/#website","url":"https:\/\/www.kern.si\/sr\/","name":"KERN","description":"","potentialAction":[{"@type":"SearchAction","target":{"@type":"EntryPoint","urlTemplate":"https:\/\/www.kern.si\/sr\/?s={search_term_string}"},"query-input":"required name=search_term_string"}],"inLanguage":"sr-RS"}]}},"_links":{"self":[{"href":"https:\/\/www.kern.si\/sr\/wp-json\/wp\/v2\/pages\/22033"}],"collection":[{"href":"https:\/\/www.kern.si\/sr\/wp-json\/wp\/v2\/pages"}],"about":[{"href":"https:\/\/www.kern.si\/sr\/wp-json\/wp\/v2\/types\/page"}],"author":[{"embeddable":true,"href":"https:\/\/www.kern.si\/sr\/wp-json\/wp\/v2\/users\/1"}],"replies":[{"embeddable":true,"href":"https:\/\/www.kern.si\/sr\/wp-json\/wp\/v2\/comments?post=22033"}],"version-history":[{"count":3,"href":"https:\/\/www.kern.si\/sr\/wp-json\/wp\/v2\/pages\/22033\/revisions"}],"predecessor-version":[{"id":22047,"href":"https:\/\/www.kern.si\/sr\/wp-json\/wp\/v2\/pages\/22033\/revisions\/22047"}],"wp:attachment":[{"href":"https:\/\/www.kern.si\/sr\/wp-json\/wp\/v2\/media?parent=22033"}],"wp:term":[{"taxonomy":"category","embeddable":true,"href":"https:\/\/www.kern.si\/sr\/wp-json\/wp\/v2\/categories?post=22033"},{"taxonomy":"post_tag","embeddable":true,"href":"https:\/\/www.kern.si\/sr\/wp-json\/wp\/v2\/tags?post=22033"}],"curies":[{"name":"wp","href":"https:\/\/api.w.org\/{rel}","templated":true}]}}