{"id":22230,"date":"2019-09-24T11:45:15","date_gmt":"2019-09-24T09:45:15","guid":{"rendered":"https:\/\/beta.webis.si\/kern\/2-plosci\/"},"modified":"2019-10-03T09:48:09","modified_gmt":"2019-10-03T07:48:09","slug":"2-ploce","status":"publish","type":"page","link":"https:\/\/www.kern.si\/sr\/prosecanje-i-probijanje\/ploce\/2-ploce\/","title":{"rendered":"Standardni set 2-plo\u010de"},"content":{"rendered":"<div class=\"wpb-content-wrapper\"><p>[vc_row css=&#8220;.vc_custom_1569344673511{padding-top: 25px !important;}&#8220;][vc_column][vc_column_text]Plo\u010de za alate radimo po narud\u017ebi.<\/p>\n<p>U primeru vam lako pomognemo sa ponudom, molim vas po\u0161aljite upit sa dimenzijama na\u00a0<a href=\"mailto:ktts@kern.si\">ktts@kern.si<\/a>[\/vc_column_text][\/vc_column][\/vc_row][vc_row][vc_column width=&#8220;5\/6&#8243;][vc_single_image image=&#8220;16729&#8243; img_size=&#8220;full&#8220;][\/vc_column][vc_column width=&#8220;1\/6&#8243;][vc_btn title=&#8220;PDF&#8220; style=&#8220;custom&#8220; custom_background=&#8220;#7690c9&#8243; custom_text=&#8220;#ffffff&#8220; align=&#8220;center&#8220; i_icon_fontawesome=&#8220;fa fa-file-pdf-o&#8220; add_icon=&#8220;true&#8220; link=&#8220;url:http%3A%2F%2Fwww.kern.si%2Fwp-content%2Fuploads%2F2017%2F06%2F1112-1142-2.pdf||target:%20_blank|&#8220;][vc_btn title=&#8220;Fill in form&#8220; style=&#8220;custom&#8220; custom_background=&#8220;#7690c9&#8243; custom_text=&#8220;#ffffff&#8220; align=&#8220;center&#8220; i_icon_fontawesome=&#8220;fa fa-file-pdf-o&#8220; add_icon=&#8220;true&#8220; link=&#8220;url:http%3A%2F%2Fwww.kern.si%2Fwp-content%2Fuploads%2F2018%2F08%2F1112-1142_obrazec.pdf||target:%20_blank|&#8220;][\/vc_column][\/vc_row]<\/p>\n<\/div>","protected":false},"excerpt":{"rendered":"<p>[vc_row css=&#8220;.vc_custom_1569344673511{padding-top: 25px !important;}&#8220;][vc_column][vc_column_text]Plo\u010de za alate radimo po narud\u017ebi. U primeru vam lako pomognemo sa ponudom, molim vas po\u0161aljite upit sa dimenzijama na\u00a0ktts@kern.si[\/vc_column_text][\/vc_column][\/vc_row][vc_row][vc_column width=&#8220;5\/6&#8243;][vc_single_image image=&#8220;16729&#8243; img_size=&#8220;full&#8220;][\/vc_column][vc_column width=&#8220;1\/6&#8243;][vc_btn title=&#8220;PDF&#8220; style=&#8220;custom&#8220; custom_background=&#8220;#7690c9&#8243; custom_text=&#8220;#ffffff&#8220; align=&#8220;center&#8220; i_icon_fontawesome=&#8220;fa fa-file-pdf-o&#8220; add_icon=&#8220;true&#8220; link=&#8220;url:http%3A%2F%2Fwww.kern.si%2Fwp-content%2Fuploads%2F2017%2F06%2F1112-1142-2.pdf||target:%20_blank|&#8220;][vc_btn title=&#8220;Fill in form&#8220; style=&#8220;custom&#8220; custom_background=&#8220;#7690c9&#8243; custom_text=&#8220;#ffffff&#8220; align=&#8220;center&#8220; i_icon_fontawesome=&#8220;fa fa-file-pdf-o&#8220; add_icon=&#8220;true&#8220; link=&#8220;url:http%3A%2F%2Fwww.kern.si%2Fwp-content%2Fuploads%2F2018%2F08%2F1112-1142_obrazec.pdf||target:%20_blank|&#8220;][\/vc_column][\/vc_row]<\/p>\n","protected":false},"author":1,"featured_media":0,"parent":22145,"menu_order":0,"comment_status":"open","ping_status":"closed","template":"","meta":{"footnotes":""},"categories":[735],"tags":[],"acf":[],"yoast_head":"<!-- This site is optimized with the Yoast SEO plugin v21.7 - https:\/\/yoast.com\/wordpress\/plugins\/seo\/ -->\n<title>Standardni set 2-plo\u010de - KERN<\/title>\n<meta name=\"robots\" content=\"index, follow, max-snippet:-1, max-image-preview:large, max-video-preview:-1\" \/>\n<link rel=\"canonical\" href=\"https:\/\/www.kern.si\/sr\/prosecanje-i-probijanje\/ploce\/2-ploce\/\" \/>\n<meta property=\"og:locale\" content=\"sr_RS\" \/>\n<meta property=\"og:type\" content=\"article\" \/>\n<meta property=\"og:title\" content=\"Standardni set 2-plo\u010de - KERN\" \/>\n<meta property=\"og:description\" content=\"[vc_row css=&#8220;.vc_custom_1569344673511{padding-top: 25px !important;}&#8220;][vc_column][vc_column_text]Plo\u010de za alate radimo po narud\u017ebi. U primeru vam lako pomognemo sa ponudom, molim vas po\u0161aljite upit sa dimenzijama na\u00a0ktts@kern.si[\/vc_column_text][\/vc_column][\/vc_row][vc_row][vc_column width=&#8220;5\/6&#8243;][vc_single_image image=&#8220;16729&#8243; img_size=&#8220;full&#8220;][\/vc_column][vc_column width=&#8220;1\/6&#8243;][vc_btn title=&#8220;PDF&#8220; style=&#8220;custom&#8220; custom_background=&#8220;#7690c9&#8243; custom_text=&#8220;#ffffff&#8220; align=&#8220;center&#8220; i_icon_fontawesome=&#8220;fa fa-file-pdf-o&#8220; add_icon=&#8220;true&#8220; link=&#8220;url:http%3A%2F%2Fwww.kern.si%2Fwp-content%2Fuploads%2F2017%2F06%2F1112-1142-2.pdf||target:%20_blank|&#8220;][vc_btn title=&#8220;Fill in form&#8220; style=&#8220;custom&#8220; custom_background=&#8220;#7690c9&#8243; custom_text=&#8220;#ffffff&#8220; align=&#8220;center&#8220; i_icon_fontawesome=&#8220;fa fa-file-pdf-o&#8220; add_icon=&#8220;true&#8220; link=&#8220;url:http%3A%2F%2Fwww.kern.si%2Fwp-content%2Fuploads%2F2018%2F08%2F1112-1142_obrazec.pdf||target:%20_blank|&#8220;][\/vc_column][\/vc_row]\" \/>\n<meta property=\"og:url\" content=\"https:\/\/www.kern.si\/sr\/prosecanje-i-probijanje\/ploce\/2-ploce\/\" \/>\n<meta property=\"og:site_name\" content=\"KERN\" \/>\n<meta property=\"article:modified_time\" content=\"2019-10-03T07:48:09+00:00\" \/>\n<meta name=\"twitter:card\" content=\"summary_large_image\" \/>\n<meta name=\"twitter:label1\" content=\"\u041f\u0440\u043e\u0446\u0435\u045a\u0435\u043d\u043e \u0432\u0440\u0435\u043c\u0435 \u0447\u0438\u0442\u0430\u045a\u0430\" \/>\n\t<meta name=\"twitter:data1\" content=\"1 \u043c\u0438\u043d\u0443\u0442\" \/>\n<script type=\"application\/ld+json\" class=\"yoast-schema-graph\">{\"@context\":\"https:\/\/schema.org\",\"@graph\":[{\"@type\":\"WebPage\",\"@id\":\"https:\/\/www.kern.si\/sr\/prosecanje-i-probijanje\/ploce\/2-ploce\/\",\"url\":\"https:\/\/www.kern.si\/sr\/prosecanje-i-probijanje\/ploce\/2-ploce\/\",\"name\":\"Standardni set 2-plo\u010de - KERN\",\"isPartOf\":{\"@id\":\"https:\/\/www.kern.si\/sr\/#website\"},\"datePublished\":\"2019-09-24T09:45:15+00:00\",\"dateModified\":\"2019-10-03T07:48:09+00:00\",\"breadcrumb\":{\"@id\":\"https:\/\/www.kern.si\/sr\/prosecanje-i-probijanje\/ploce\/2-ploce\/#breadcrumb\"},\"inLanguage\":\"sr-RS\",\"potentialAction\":[{\"@type\":\"ReadAction\",\"target\":[\"https:\/\/www.kern.si\/sr\/prosecanje-i-probijanje\/ploce\/2-ploce\/\"]}]},{\"@type\":\"BreadcrumbList\",\"@id\":\"https:\/\/www.kern.si\/sr\/prosecanje-i-probijanje\/ploce\/2-ploce\/#breadcrumb\",\"itemListElement\":[{\"@type\":\"ListItem\",\"position\":1,\"name\":\"Home\",\"item\":\"https:\/\/www.kern.si\/sr\/\"},{\"@type\":\"ListItem\",\"position\":2,\"name\":\"Prosecanje i probijanje\",\"item\":\"https:\/\/www.kern.si\/sr\/prosecanje-i-probijanje\/\"},{\"@type\":\"ListItem\",\"position\":3,\"name\":\"Plo\u010de\",\"item\":\"https:\/\/www.kern.si\/sr\/prosecanje-i-probijanje\/ploce\/\"},{\"@type\":\"ListItem\",\"position\":4,\"name\":\"Standardni set 2-plo\u010de\"}]},{\"@type\":\"WebSite\",\"@id\":\"https:\/\/www.kern.si\/sr\/#website\",\"url\":\"https:\/\/www.kern.si\/sr\/\",\"name\":\"KERN\",\"description\":\"\",\"potentialAction\":[{\"@type\":\"SearchAction\",\"target\":{\"@type\":\"EntryPoint\",\"urlTemplate\":\"https:\/\/www.kern.si\/sr\/?s={search_term_string}\"},\"query-input\":\"required name=search_term_string\"}],\"inLanguage\":\"sr-RS\"}]}<\/script>\n<!-- \/ Yoast SEO plugin. -->","yoast_head_json":{"title":"Standardni set 2-plo\u010de - KERN","robots":{"index":"index","follow":"follow","max-snippet":"max-snippet:-1","max-image-preview":"max-image-preview:large","max-video-preview":"max-video-preview:-1"},"canonical":"https:\/\/www.kern.si\/sr\/prosecanje-i-probijanje\/ploce\/2-ploce\/","og_locale":"sr_RS","og_type":"article","og_title":"Standardni set 2-plo\u010de - KERN","og_description":"[vc_row css=&#8220;.vc_custom_1569344673511{padding-top: 25px !important;}&#8220;][vc_column][vc_column_text]Plo\u010de za alate radimo po narud\u017ebi. U primeru vam lako pomognemo sa ponudom, molim vas po\u0161aljite upit sa dimenzijama na\u00a0ktts@kern.si[\/vc_column_text][\/vc_column][\/vc_row][vc_row][vc_column width=&#8220;5\/6&#8243;][vc_single_image image=&#8220;16729&#8243; img_size=&#8220;full&#8220;][\/vc_column][vc_column width=&#8220;1\/6&#8243;][vc_btn title=&#8220;PDF&#8220; style=&#8220;custom&#8220; custom_background=&#8220;#7690c9&#8243; custom_text=&#8220;#ffffff&#8220; align=&#8220;center&#8220; i_icon_fontawesome=&#8220;fa fa-file-pdf-o&#8220; add_icon=&#8220;true&#8220; link=&#8220;url:http%3A%2F%2Fwww.kern.si%2Fwp-content%2Fuploads%2F2017%2F06%2F1112-1142-2.pdf||target:%20_blank|&#8220;][vc_btn title=&#8220;Fill in form&#8220; style=&#8220;custom&#8220; custom_background=&#8220;#7690c9&#8243; custom_text=&#8220;#ffffff&#8220; align=&#8220;center&#8220; i_icon_fontawesome=&#8220;fa fa-file-pdf-o&#8220; add_icon=&#8220;true&#8220; link=&#8220;url:http%3A%2F%2Fwww.kern.si%2Fwp-content%2Fuploads%2F2018%2F08%2F1112-1142_obrazec.pdf||target:%20_blank|&#8220;][\/vc_column][\/vc_row]","og_url":"https:\/\/www.kern.si\/sr\/prosecanje-i-probijanje\/ploce\/2-ploce\/","og_site_name":"KERN","article_modified_time":"2019-10-03T07:48:09+00:00","twitter_card":"summary_large_image","twitter_misc":{"\u041f\u0440\u043e\u0446\u0435\u045a\u0435\u043d\u043e \u0432\u0440\u0435\u043c\u0435 \u0447\u0438\u0442\u0430\u045a\u0430":"1 \u043c\u0438\u043d\u0443\u0442"},"schema":{"@context":"https:\/\/schema.org","@graph":[{"@type":"WebPage","@id":"https:\/\/www.kern.si\/sr\/prosecanje-i-probijanje\/ploce\/2-ploce\/","url":"https:\/\/www.kern.si\/sr\/prosecanje-i-probijanje\/ploce\/2-ploce\/","name":"Standardni set 2-plo\u010de - KERN","isPartOf":{"@id":"https:\/\/www.kern.si\/sr\/#website"},"datePublished":"2019-09-24T09:45:15+00:00","dateModified":"2019-10-03T07:48:09+00:00","breadcrumb":{"@id":"https:\/\/www.kern.si\/sr\/prosecanje-i-probijanje\/ploce\/2-ploce\/#breadcrumb"},"inLanguage":"sr-RS","potentialAction":[{"@type":"ReadAction","target":["https:\/\/www.kern.si\/sr\/prosecanje-i-probijanje\/ploce\/2-ploce\/"]}]},{"@type":"BreadcrumbList","@id":"https:\/\/www.kern.si\/sr\/prosecanje-i-probijanje\/ploce\/2-ploce\/#breadcrumb","itemListElement":[{"@type":"ListItem","position":1,"name":"Home","item":"https:\/\/www.kern.si\/sr\/"},{"@type":"ListItem","position":2,"name":"Prosecanje i probijanje","item":"https:\/\/www.kern.si\/sr\/prosecanje-i-probijanje\/"},{"@type":"ListItem","position":3,"name":"Plo\u010de","item":"https:\/\/www.kern.si\/sr\/prosecanje-i-probijanje\/ploce\/"},{"@type":"ListItem","position":4,"name":"Standardni set 2-plo\u010de"}]},{"@type":"WebSite","@id":"https:\/\/www.kern.si\/sr\/#website","url":"https:\/\/www.kern.si\/sr\/","name":"KERN","description":"","potentialAction":[{"@type":"SearchAction","target":{"@type":"EntryPoint","urlTemplate":"https:\/\/www.kern.si\/sr\/?s={search_term_string}"},"query-input":"required name=search_term_string"}],"inLanguage":"sr-RS"}]}},"_links":{"self":[{"href":"https:\/\/www.kern.si\/sr\/wp-json\/wp\/v2\/pages\/22230"}],"collection":[{"href":"https:\/\/www.kern.si\/sr\/wp-json\/wp\/v2\/pages"}],"about":[{"href":"https:\/\/www.kern.si\/sr\/wp-json\/wp\/v2\/types\/page"}],"author":[{"embeddable":true,"href":"https:\/\/www.kern.si\/sr\/wp-json\/wp\/v2\/users\/1"}],"replies":[{"embeddable":true,"href":"https:\/\/www.kern.si\/sr\/wp-json\/wp\/v2\/comments?post=22230"}],"version-history":[{"count":7,"href":"https:\/\/www.kern.si\/sr\/wp-json\/wp\/v2\/pages\/22230\/revisions"}],"predecessor-version":[{"id":22271,"href":"https:\/\/www.kern.si\/sr\/wp-json\/wp\/v2\/pages\/22230\/revisions\/22271"}],"up":[{"embeddable":true,"href":"https:\/\/www.kern.si\/sr\/wp-json\/wp\/v2\/pages\/22145"}],"wp:attachment":[{"href":"https:\/\/www.kern.si\/sr\/wp-json\/wp\/v2\/media?parent=22230"}],"wp:term":[{"taxonomy":"category","embeddable":true,"href":"https:\/\/www.kern.si\/sr\/wp-json\/wp\/v2\/categories?post=22230"},{"taxonomy":"post_tag","embeddable":true,"href":"https:\/\/www.kern.si\/sr\/wp-json\/wp\/v2\/tags?post=22230"}],"curies":[{"name":"wp","href":"https:\/\/api.w.org\/{rel}","templated":true}]}}