{"id":23320,"date":"2019-09-24T11:47:14","date_gmt":"2019-09-24T09:47:14","guid":{"rendered":"https:\/\/beta.webis.si\/kern\/2901-0\/"},"modified":"2019-10-11T13:17:08","modified_gmt":"2019-10-11T11:17:08","slug":"2901-0","status":"publish","type":"page","link":"https:\/\/www.kern.si\/sr\/2901-0\/","title":{"rendered":"2901 CVe monitor, Progressive"},"content":{"rendered":"<div class=\"wpb-content-wrapper\"><p>[vc_row css=&#8220;.vc_custom_1569345723582{padding-top: 25px !important;}&#8220;][vc_column width=&#8220;2\/6&#8243;][vc_single_image image=&#8220;16755&#8243; img_size=&#8220;270&#215;300&#8243; alignment=&#8220;center&#8220; image_hovers=&#8220;false&#8220;][\/vc_column][vc_column width=&#8220;4\/6&#8243;][vc_column_text]CVe Monitor v2 zajema podatke o aktivnostih orodja, ki se prikazujejo na zaslonu naprave. Do njih pa lahko dostopa tudi preko poro\u010dil z uporabo programa OnDemand ali preko sistema CVe Live System, kateri prikazuje podatke v realnem \u010dasu na va\u0161em ra\u010dunalniku, tablici ali pametnem telefonu.<\/p>\n<p>&nbsp;<\/p>\n<p>Funkcije vklju\u010dujejo:<br \/>\n\u2022 7-\u0161tevil\u010dni LCD zaslon s tipko za pomikanje do razli\u010dnih informacij.<br \/>\n\u2022 4GB pomnilnika za shranjevanje datotek in baterija z \u017eivljenjsko dobo 4 leta.<br \/>\n\u2022 Odporen proti vodi , izpolnjuje standard IP52.<br \/>\n\u2022 Najvi\u0161ja dovoljena temperatura: 90\u00b0 C (190\u00b0 F ).<br \/>\n\u2022 Mo\u017enost monta\u017ee na\u00a0 A ali B plo\u0161\u010do.<br \/>\n\u2022 Dimenzije 100% kompatibilne z mehanskim \u0161tevcem ciklov Progressive.<br \/>\n\u2022 Mini USB konektor za prenos datotek ter poro\u010dil[\/vc_column_text][\/vc_column][\/vc_row][vc_row][vc_column width=&#8220;2\/6&#8243;][vc_btn title=&#8220;PDF&#8220; style=&#8220;custom&#8220; custom_background=&#8220;#007e9c&#8220; custom_text=&#8220;#ffffff&#8220; align=&#8220;center&#8220; i_icon_fontawesome=&#8220;fa fa-file-pdf-o&#8220; add_icon=&#8220;true&#8220; link=&#8220;url:http%3A%2F%2Fwww.kern.si%2Fwp-content%2Fuploads%2F2018%2F01%2F319_catalog_F1-4.pdf||target:%20_blank|&#8220;][\/vc_column][vc_column width=&#8220;3\/6&#8243;][vc_empty_space][vc_video link=&#8220;https:\/\/www.youtube.com\/watch?v=W3lGQKXk67c&#8220;][\/vc_column][vc_column width=&#8220;1\/6&#8243;][\/vc_column][\/vc_row][vc_row][vc_column][\/vc_column][\/vc_row]<\/p>\n<\/div>","protected":false},"excerpt":{"rendered":"<p>[vc_row css=&#8220;.vc_custom_1569345723582{padding-top: 25px !important;}&#8220;][vc_column width=&#8220;2\/6&#8243;][vc_single_image image=&#8220;16755&#8243; img_size=&#8220;270&#215;300&#8243; alignment=&#8220;center&#8220; image_hovers=&#8220;false&#8220;][\/vc_column][vc_column width=&#8220;4\/6&#8243;][vc_column_text]CVe Monitor v2 zajema podatke o aktivnostih orodja, ki se prikazujejo na zaslonu naprave. Do njih pa lahko dostopa tudi preko poro\u010dil z uporabo programa OnDemand ali preko sistema CVe Live System, kateri prikazuje podatke v realnem \u010dasu na va\u0161em ra\u010dunalniku, tablici ali pametnem telefonu. &nbsp; [&hellip;]<\/p>\n","protected":false},"author":1,"featured_media":16762,"parent":0,"menu_order":0,"comment_status":"open","ping_status":"open","template":"","meta":{"footnotes":""},"categories":[799],"tags":[],"acf":[],"yoast_head":"<!-- This site is optimized with the Yoast SEO plugin v21.7 - https:\/\/yoast.com\/wordpress\/plugins\/seo\/ -->\n<title>2901 CVe monitor, Progressive - KERN<\/title>\n<meta name=\"robots\" content=\"index, follow, max-snippet:-1, max-image-preview:large, max-video-preview:-1\" \/>\n<link rel=\"canonical\" href=\"https:\/\/www.kern.si\/sr\/2901-0\/\" \/>\n<meta property=\"og:locale\" content=\"sr_RS\" \/>\n<meta property=\"og:type\" content=\"article\" \/>\n<meta property=\"og:title\" content=\"2901 CVe monitor, Progressive - KERN\" \/>\n<meta property=\"og:description\" content=\"[vc_row css=&#8220;.vc_custom_1569345723582{padding-top: 25px !important;}&#8220;][vc_column width=&#8220;2\/6&#8243;][vc_single_image image=&#8220;16755&#8243; img_size=&#8220;270&#215;300&#8243; alignment=&#8220;center&#8220; image_hovers=&#8220;false&#8220;][\/vc_column][vc_column width=&#8220;4\/6&#8243;][vc_column_text]CVe Monitor v2 zajema podatke o aktivnostih orodja, ki se prikazujejo na zaslonu naprave. Do njih pa lahko dostopa tudi preko poro\u010dil z uporabo programa OnDemand ali preko sistema CVe Live System, kateri prikazuje podatke v realnem \u010dasu na va\u0161em ra\u010dunalniku, tablici ali pametnem telefonu. &nbsp; [&hellip;]\" \/>\n<meta property=\"og:url\" content=\"https:\/\/www.kern.si\/sr\/2901-0\/\" \/>\n<meta property=\"og:site_name\" content=\"KERN\" \/>\n<meta property=\"article:modified_time\" content=\"2019-10-11T11:17:08+00:00\" \/>\n<meta property=\"og:image\" content=\"https:\/\/www.kern.si\/wp-content\/uploads\/2019\/09\/vstopna-cve1.png\" \/>\n\t<meta property=\"og:image:width\" content=\"184\" \/>\n\t<meta property=\"og:image:height\" content=\"183\" \/>\n\t<meta property=\"og:image:type\" content=\"image\/png\" \/>\n<meta name=\"twitter:card\" content=\"summary_large_image\" \/>\n<meta name=\"twitter:label1\" content=\"\u041f\u0440\u043e\u0446\u0435\u045a\u0435\u043d\u043e \u0432\u0440\u0435\u043c\u0435 \u0447\u0438\u0442\u0430\u045a\u0430\" \/>\n\t<meta name=\"twitter:data1\" content=\"1 \u043c\u0438\u043d\u0443\u0442\" \/>\n<script type=\"application\/ld+json\" class=\"yoast-schema-graph\">{\"@context\":\"https:\/\/schema.org\",\"@graph\":[{\"@type\":\"WebPage\",\"@id\":\"https:\/\/www.kern.si\/sr\/2901-0\/\",\"url\":\"https:\/\/www.kern.si\/sr\/2901-0\/\",\"name\":\"2901 CVe monitor, Progressive - KERN\",\"isPartOf\":{\"@id\":\"https:\/\/www.kern.si\/sr\/#website\"},\"datePublished\":\"2019-09-24T09:47:14+00:00\",\"dateModified\":\"2019-10-11T11:17:08+00:00\",\"breadcrumb\":{\"@id\":\"https:\/\/www.kern.si\/sr\/2901-0\/#breadcrumb\"},\"inLanguage\":\"sr-RS\",\"potentialAction\":[{\"@type\":\"ReadAction\",\"target\":[\"https:\/\/www.kern.si\/sr\/2901-0\/\"]}]},{\"@type\":\"BreadcrumbList\",\"@id\":\"https:\/\/www.kern.si\/sr\/2901-0\/#breadcrumb\",\"itemListElement\":[{\"@type\":\"ListItem\",\"position\":1,\"name\":\"Home\",\"item\":\"https:\/\/www.kern.si\/sr\/\"},{\"@type\":\"ListItem\",\"position\":2,\"name\":\"2901 CVe monitor, Progressive\"}]},{\"@type\":\"WebSite\",\"@id\":\"https:\/\/www.kern.si\/sr\/#website\",\"url\":\"https:\/\/www.kern.si\/sr\/\",\"name\":\"KERN\",\"description\":\"\",\"potentialAction\":[{\"@type\":\"SearchAction\",\"target\":{\"@type\":\"EntryPoint\",\"urlTemplate\":\"https:\/\/www.kern.si\/sr\/?s={search_term_string}\"},\"query-input\":\"required name=search_term_string\"}],\"inLanguage\":\"sr-RS\"}]}<\/script>\n<!-- \/ Yoast SEO plugin. -->","yoast_head_json":{"title":"2901 CVe monitor, Progressive - KERN","robots":{"index":"index","follow":"follow","max-snippet":"max-snippet:-1","max-image-preview":"max-image-preview:large","max-video-preview":"max-video-preview:-1"},"canonical":"https:\/\/www.kern.si\/sr\/2901-0\/","og_locale":"sr_RS","og_type":"article","og_title":"2901 CVe monitor, Progressive - KERN","og_description":"[vc_row css=&#8220;.vc_custom_1569345723582{padding-top: 25px !important;}&#8220;][vc_column width=&#8220;2\/6&#8243;][vc_single_image image=&#8220;16755&#8243; img_size=&#8220;270&#215;300&#8243; alignment=&#8220;center&#8220; image_hovers=&#8220;false&#8220;][\/vc_column][vc_column width=&#8220;4\/6&#8243;][vc_column_text]CVe Monitor v2 zajema podatke o aktivnostih orodja, ki se prikazujejo na zaslonu naprave. Do njih pa lahko dostopa tudi preko poro\u010dil z uporabo programa OnDemand ali preko sistema CVe Live System, kateri prikazuje podatke v realnem \u010dasu na va\u0161em ra\u010dunalniku, tablici ali pametnem telefonu. &nbsp; [&hellip;]","og_url":"https:\/\/www.kern.si\/sr\/2901-0\/","og_site_name":"KERN","article_modified_time":"2019-10-11T11:17:08+00:00","og_image":[{"width":184,"height":183,"url":"https:\/\/www.kern.si\/wp-content\/uploads\/2019\/09\/vstopna-cve1.png","type":"image\/png"}],"twitter_card":"summary_large_image","twitter_misc":{"\u041f\u0440\u043e\u0446\u0435\u045a\u0435\u043d\u043e \u0432\u0440\u0435\u043c\u0435 \u0447\u0438\u0442\u0430\u045a\u0430":"1 \u043c\u0438\u043d\u0443\u0442"},"schema":{"@context":"https:\/\/schema.org","@graph":[{"@type":"WebPage","@id":"https:\/\/www.kern.si\/sr\/2901-0\/","url":"https:\/\/www.kern.si\/sr\/2901-0\/","name":"2901 CVe monitor, Progressive - KERN","isPartOf":{"@id":"https:\/\/www.kern.si\/sr\/#website"},"datePublished":"2019-09-24T09:47:14+00:00","dateModified":"2019-10-11T11:17:08+00:00","breadcrumb":{"@id":"https:\/\/www.kern.si\/sr\/2901-0\/#breadcrumb"},"inLanguage":"sr-RS","potentialAction":[{"@type":"ReadAction","target":["https:\/\/www.kern.si\/sr\/2901-0\/"]}]},{"@type":"BreadcrumbList","@id":"https:\/\/www.kern.si\/sr\/2901-0\/#breadcrumb","itemListElement":[{"@type":"ListItem","position":1,"name":"Home","item":"https:\/\/www.kern.si\/sr\/"},{"@type":"ListItem","position":2,"name":"2901 CVe monitor, Progressive"}]},{"@type":"WebSite","@id":"https:\/\/www.kern.si\/sr\/#website","url":"https:\/\/www.kern.si\/sr\/","name":"KERN","description":"","potentialAction":[{"@type":"SearchAction","target":{"@type":"EntryPoint","urlTemplate":"https:\/\/www.kern.si\/sr\/?s={search_term_string}"},"query-input":"required name=search_term_string"}],"inLanguage":"sr-RS"}]}},"_links":{"self":[{"href":"https:\/\/www.kern.si\/sr\/wp-json\/wp\/v2\/pages\/23320"}],"collection":[{"href":"https:\/\/www.kern.si\/sr\/wp-json\/wp\/v2\/pages"}],"about":[{"href":"https:\/\/www.kern.si\/sr\/wp-json\/wp\/v2\/types\/page"}],"author":[{"embeddable":true,"href":"https:\/\/www.kern.si\/sr\/wp-json\/wp\/v2\/users\/1"}],"replies":[{"embeddable":true,"href":"https:\/\/www.kern.si\/sr\/wp-json\/wp\/v2\/comments?post=23320"}],"version-history":[{"count":4,"href":"https:\/\/www.kern.si\/sr\/wp-json\/wp\/v2\/pages\/23320\/revisions"}],"predecessor-version":[{"id":23324,"href":"https:\/\/www.kern.si\/sr\/wp-json\/wp\/v2\/pages\/23320\/revisions\/23324"}],"wp:featuredmedia":[{"embeddable":true,"href":"https:\/\/www.kern.si\/sr\/wp-json\/wp\/v2\/media\/16762"}],"wp:attachment":[{"href":"https:\/\/www.kern.si\/sr\/wp-json\/wp\/v2\/media?parent=23320"}],"wp:term":[{"taxonomy":"category","embeddable":true,"href":"https:\/\/www.kern.si\/sr\/wp-json\/wp\/v2\/categories?post=23320"},{"taxonomy":"post_tag","embeddable":true,"href":"https:\/\/www.kern.si\/sr\/wp-json\/wp\/v2\/tags?post=23320"}],"curies":[{"name":"wp","href":"https:\/\/api.w.org\/{rel}","templated":true}]}}