{"id":23388,"date":"2019-09-25T13:22:09","date_gmt":"2019-09-25T11:22:09","guid":{"rendered":"https:\/\/beta.webis.si\/kern\/gdpr\/o-piskotkih\/"},"modified":"2020-05-22T10:06:13","modified_gmt":"2020-05-22T08:06:13","slug":"kolacici","status":"publish","type":"page","link":"https:\/\/www.kern.si\/sr\/gdpr\/kolacici\/","title":{"rendered":"Kola\u010dic\u0301i"},"content":{"rendered":"<div class=\"wpb-content-wrapper\"><p>[vc_row css=&#8220;.vc_custom_1563860970113{padding-top: 100px !important;}&#8220;][vc_column][vc_column_text]<br \/>\n<strong>Kaj so pi\u0161kotki?<\/strong><\/p>\n<p>Pi\u0161kotki so male besedilne datoteke, ki nas informirajo o tem, kolikokrat obiskovalec obi\u0161\u010de na\u0161o stran in kaj ga v teh obiskih zanima. Pi\u0161kotki sami ne vsebujejo nobenih podatkov. Vedno imate mo\u017enost, da pi\u0161kotke sprejmete ali zavrnete. Njihovo shranjevanje je pod popolnim nadzorom brskalnika, ki ga uporablja uporabnik.<\/p>\n<p>Pi\u0161kotki so majhne datoteke, ki jih obiskana spletna mesta po\u0161ljejo v va\u0161 ra\u010dunalnik in shranijo na njem. Pi\u0161kotki so shranjeni v datote\u010dnem imeniku spletnega brskalnika. Ob naslednjem obisku spletnega mesta brskalnik prebere pi\u0161kotek in posreduje informacije spletnemu mestu ali drugemu elementu, ki je nastavil pi\u0161kotek.[\/vc_column_text][\/vc_column][\/vc_row][vc_row][vc_column][vc_column_text]<br \/>\n<strong>Zakaj so pi\u0161kotki potrebni?<\/strong><\/p>\n<p>Pi\u0161kotki so temeljnega pomena za zagotavljanje uporabniku prijaznih spletnih storitev. Veliko funkcij e-poslovanja ne bi bilo mogo\u010dih brez pi\u0161kotkov. Hitrej\u0161a in enostavnej\u0161a je interakcija med spletnim uporabnikom in spletno stranjo. Z njihovo pomo\u010djo si spletna stran zapomni posameznikove preference in izku\u0161nje, s tem je prihranjen \u010das, brskanje po spletnih straneh pa je s tem bolj u\u010dinkovito in prijetno.[\/vc_column_text][\/vc_column][\/vc_row][vc_row][vc_column][vc_column_text]<br \/>\n<strong>Zakaj spletne strani uporabljajo pi\u0161kotke?<\/strong><\/p>\n<p>Pi\u0161kotki se uporabljajo na spletnih straneh za ohranjanje sve\u017ee in primerne vsebine, ki je v skladu z interesi in preferencami posameznega spletnega uporabnika. Razlogov za uporabo pi\u0161kotkov je tako ve\u010d, kot prvi gotovo njihova lastnost shranjevanja podatkov o stanju posamezne spletne strani (podrobnosti o prilagoditvah posamezne spletne strani), pomagajo pri izvajanju raznih spletnih storitev (spletne trgovine), pomagajo pri zbiranju raznih statistik, o navadah spletnega uporabnika \u2013 saj se le z njimi lahko spremlja pogostost obiskovanja dolo\u010dene spletne strani.<\/p>\n<p>Podjetja lahko s pomo\u010djo pi\u0161kotkov ocenijo u\u010dinkovitost zasnove svojih spletnih strani, kot tudi ustreznost vrste in \u0161tevila oglasov, ki jih ponujajo uporabnikom na svojih spletnih straneh.[\/vc_column_text][\/vc_column][\/vc_row][vc_row][vc_column][vc_column_text]<br \/>\n<strong>Onemogo\u010denje pi\u0161kotkov:<\/strong><\/p>\n<p>Sami se odlo\u010date, ali boste dovolili shranjevanje pi\u0161kotkov na va\u0161em ra\u010dunalniku ali ne. Nastavitve za pi\u0161kotke lahko nadzirate in spreminjate s pomo\u010djo izbranih nastavitev spletnega brskalnika. Za informacije o nastavitvah za pi\u0161kotke, izberite spletni brskalnik, ki ga uporabljate.<\/p>\n<table width=\"100%\">\n<tbody>\n<tr>\n<td width=\"25%\"><a href=\"http:\/\/windows.microsoft.com\/sl-si\/windows-vista\/block-or-allow-cookies\">Internet explorer<\/a><\/td>\n<td width=\"25%\"><a href=\"https:\/\/support.mozilla.org\/sl\/kb\/Kako%20aktivirate%20in%20deaktivirate%20pi%C5%A1kote\">Mozilla Firefox<\/a><\/td>\n<td width=\"25%\"><a href=\"https:\/\/support.google.com\/chrome\/answer\/95647?hl=sl-sl&amp;p=cpn_cookies\">Chrome<\/a><\/td>\n<td width=\"25%\"><a href=\"http:\/\/www.opera.com\/help\/tutorials\/security\/privacy\/\">Opera<\/a><\/td>\n<td width=\"25%\"><a href=\"https:\/\/support.apple.com\/kb\/PH11920\">Safari<\/a><\/td>\n<\/tr>\n<\/tbody>\n<\/table>\n<p>[\/vc_column_text][\/vc_column][\/vc_row][vc_row][vc_column][vc_column_text]<br \/>\n<strong>Ali vsi pi\u0161kotki delujejo enako?<\/strong><\/p>\n<p>Ne! Obstaja ve\u010d vrst pi\u0161kotkov, ki imajo razli\u010dne namene. Pi\u0161kotki se razlikujejo po funkciji, \u010dasu trajanja in stranki, ki jih namesti.<\/p>\n<p>\u010ce izklopite pi\u0161kotke, so lahko nekatere mo\u017enosti spletne strani onemogo\u010dene. Tudi pri izklopu vseh pi\u0161kotkov spletni brskalnik \u0161e vedno pridobiva nekatere informacije. Te[\/vc_column_text][\/vc_column][\/vc_row][vc_row][vc_column][vc_column_text]<strong>To spletno mesto uporablja naslednje vrste pi\u0161kotkov:<\/strong><\/p>\n<p><strong>[render_cookies_list]<\/strong><\/p>\n<p>[\/vc_column_text][\/vc_column][\/vc_row]<\/p>\n<\/div>","protected":false},"excerpt":{"rendered":"<p>[vc_row css=&#8220;.vc_custom_1563860970113{padding-top: 100px !important;}&#8220;][vc_column][vc_column_text] Kaj so pi\u0161kotki? Pi\u0161kotki so male besedilne datoteke, ki nas informirajo o tem, kolikokrat obiskovalec obi\u0161\u010de na\u0161o stran in kaj ga v teh obiskih zanima. Pi\u0161kotki sami ne vsebujejo nobenih podatkov. Vedno imate mo\u017enost, da pi\u0161kotke sprejmete ali zavrnete. Njihovo shranjevanje je pod popolnim nadzorom brskalnika, ki ga uporablja uporabnik. Pi\u0161kotki [&hellip;]<\/p>\n","protected":false},"author":3,"featured_media":0,"parent":23385,"menu_order":0,"comment_status":"closed","ping_status":"closed","template":"","meta":{"footnotes":""},"categories":[],"tags":[],"acf":[],"yoast_head":"<!-- This site is optimized with the Yoast SEO plugin v21.7 - https:\/\/yoast.com\/wordpress\/plugins\/seo\/ -->\n<title>Kola\u010dic\u0301i - KERN<\/title>\n<meta name=\"robots\" content=\"index, follow, max-snippet:-1, max-image-preview:large, max-video-preview:-1\" \/>\n<link rel=\"canonical\" href=\"https:\/\/www.kern.si\/sr\/gdpr\/kolacici\/\" \/>\n<meta property=\"og:locale\" content=\"sr_RS\" \/>\n<meta property=\"og:type\" content=\"article\" \/>\n<meta property=\"og:title\" content=\"Kola\u010dic\u0301i - KERN\" \/>\n<meta property=\"og:description\" content=\"[vc_row css=&#8220;.vc_custom_1563860970113{padding-top: 100px !important;}&#8220;][vc_column][vc_column_text] Kaj so pi\u0161kotki? Pi\u0161kotki so male besedilne datoteke, ki nas informirajo o tem, kolikokrat obiskovalec obi\u0161\u010de na\u0161o stran in kaj ga v teh obiskih zanima. Pi\u0161kotki sami ne vsebujejo nobenih podatkov. Vedno imate mo\u017enost, da pi\u0161kotke sprejmete ali zavrnete. Njihovo shranjevanje je pod popolnim nadzorom brskalnika, ki ga uporablja uporabnik. Pi\u0161kotki [&hellip;]\" \/>\n<meta property=\"og:url\" content=\"https:\/\/www.kern.si\/sr\/gdpr\/kolacici\/\" \/>\n<meta property=\"og:site_name\" content=\"KERN\" \/>\n<meta property=\"article:modified_time\" content=\"2020-05-22T08:06:13+00:00\" \/>\n<meta name=\"twitter:card\" content=\"summary_large_image\" \/>\n<meta name=\"twitter:label1\" content=\"\u041f\u0440\u043e\u0446\u0435\u045a\u0435\u043d\u043e \u0432\u0440\u0435\u043c\u0435 \u0447\u0438\u0442\u0430\u045a\u0430\" \/>\n\t<meta name=\"twitter:data1\" content=\"3 \u043c\u0438\u043d\u0443\u0442\u0430\" \/>\n<script type=\"application\/ld+json\" class=\"yoast-schema-graph\">{\"@context\":\"https:\/\/schema.org\",\"@graph\":[{\"@type\":\"WebPage\",\"@id\":\"https:\/\/www.kern.si\/sr\/gdpr\/kolacici\/\",\"url\":\"https:\/\/www.kern.si\/sr\/gdpr\/kolacici\/\",\"name\":\"Kola\u010dic\u0301i - KERN\",\"isPartOf\":{\"@id\":\"https:\/\/www.kern.si\/sr\/#website\"},\"datePublished\":\"2019-09-25T11:22:09+00:00\",\"dateModified\":\"2020-05-22T08:06:13+00:00\",\"breadcrumb\":{\"@id\":\"https:\/\/www.kern.si\/sr\/gdpr\/kolacici\/#breadcrumb\"},\"inLanguage\":\"sr-RS\",\"potentialAction\":[{\"@type\":\"ReadAction\",\"target\":[\"https:\/\/www.kern.si\/sr\/gdpr\/kolacici\/\"]}]},{\"@type\":\"BreadcrumbList\",\"@id\":\"https:\/\/www.kern.si\/sr\/gdpr\/kolacici\/#breadcrumb\",\"itemListElement\":[{\"@type\":\"ListItem\",\"position\":1,\"name\":\"Home\",\"item\":\"https:\/\/www.kern.si\/sr\/\"},{\"@type\":\"ListItem\",\"position\":2,\"name\":\"GDPR\",\"item\":\"https:\/\/www.kern.si\/sr\/gdpr\/\"},{\"@type\":\"ListItem\",\"position\":3,\"name\":\"Kola\u010dic\u0301i\"}]},{\"@type\":\"WebSite\",\"@id\":\"https:\/\/www.kern.si\/sr\/#website\",\"url\":\"https:\/\/www.kern.si\/sr\/\",\"name\":\"KERN\",\"description\":\"\",\"potentialAction\":[{\"@type\":\"SearchAction\",\"target\":{\"@type\":\"EntryPoint\",\"urlTemplate\":\"https:\/\/www.kern.si\/sr\/?s={search_term_string}\"},\"query-input\":\"required name=search_term_string\"}],\"inLanguage\":\"sr-RS\"}]}<\/script>\n<!-- \/ Yoast SEO plugin. -->","yoast_head_json":{"title":"Kola\u010dic\u0301i - KERN","robots":{"index":"index","follow":"follow","max-snippet":"max-snippet:-1","max-image-preview":"max-image-preview:large","max-video-preview":"max-video-preview:-1"},"canonical":"https:\/\/www.kern.si\/sr\/gdpr\/kolacici\/","og_locale":"sr_RS","og_type":"article","og_title":"Kola\u010dic\u0301i - KERN","og_description":"[vc_row css=&#8220;.vc_custom_1563860970113{padding-top: 100px !important;}&#8220;][vc_column][vc_column_text] Kaj so pi\u0161kotki? Pi\u0161kotki so male besedilne datoteke, ki nas informirajo o tem, kolikokrat obiskovalec obi\u0161\u010de na\u0161o stran in kaj ga v teh obiskih zanima. Pi\u0161kotki sami ne vsebujejo nobenih podatkov. Vedno imate mo\u017enost, da pi\u0161kotke sprejmete ali zavrnete. Njihovo shranjevanje je pod popolnim nadzorom brskalnika, ki ga uporablja uporabnik. Pi\u0161kotki [&hellip;]","og_url":"https:\/\/www.kern.si\/sr\/gdpr\/kolacici\/","og_site_name":"KERN","article_modified_time":"2020-05-22T08:06:13+00:00","twitter_card":"summary_large_image","twitter_misc":{"\u041f\u0440\u043e\u0446\u0435\u045a\u0435\u043d\u043e \u0432\u0440\u0435\u043c\u0435 \u0447\u0438\u0442\u0430\u045a\u0430":"3 \u043c\u0438\u043d\u0443\u0442\u0430"},"schema":{"@context":"https:\/\/schema.org","@graph":[{"@type":"WebPage","@id":"https:\/\/www.kern.si\/sr\/gdpr\/kolacici\/","url":"https:\/\/www.kern.si\/sr\/gdpr\/kolacici\/","name":"Kola\u010dic\u0301i - KERN","isPartOf":{"@id":"https:\/\/www.kern.si\/sr\/#website"},"datePublished":"2019-09-25T11:22:09+00:00","dateModified":"2020-05-22T08:06:13+00:00","breadcrumb":{"@id":"https:\/\/www.kern.si\/sr\/gdpr\/kolacici\/#breadcrumb"},"inLanguage":"sr-RS","potentialAction":[{"@type":"ReadAction","target":["https:\/\/www.kern.si\/sr\/gdpr\/kolacici\/"]}]},{"@type":"BreadcrumbList","@id":"https:\/\/www.kern.si\/sr\/gdpr\/kolacici\/#breadcrumb","itemListElement":[{"@type":"ListItem","position":1,"name":"Home","item":"https:\/\/www.kern.si\/sr\/"},{"@type":"ListItem","position":2,"name":"GDPR","item":"https:\/\/www.kern.si\/sr\/gdpr\/"},{"@type":"ListItem","position":3,"name":"Kola\u010dic\u0301i"}]},{"@type":"WebSite","@id":"https:\/\/www.kern.si\/sr\/#website","url":"https:\/\/www.kern.si\/sr\/","name":"KERN","description":"","potentialAction":[{"@type":"SearchAction","target":{"@type":"EntryPoint","urlTemplate":"https:\/\/www.kern.si\/sr\/?s={search_term_string}"},"query-input":"required name=search_term_string"}],"inLanguage":"sr-RS"}]}},"_links":{"self":[{"href":"https:\/\/www.kern.si\/sr\/wp-json\/wp\/v2\/pages\/23388"}],"collection":[{"href":"https:\/\/www.kern.si\/sr\/wp-json\/wp\/v2\/pages"}],"about":[{"href":"https:\/\/www.kern.si\/sr\/wp-json\/wp\/v2\/types\/page"}],"author":[{"embeddable":true,"href":"https:\/\/www.kern.si\/sr\/wp-json\/wp\/v2\/users\/3"}],"replies":[{"embeddable":true,"href":"https:\/\/www.kern.si\/sr\/wp-json\/wp\/v2\/comments?post=23388"}],"version-history":[{"count":4,"href":"https:\/\/www.kern.si\/sr\/wp-json\/wp\/v2\/pages\/23388\/revisions"}],"predecessor-version":[{"id":25967,"href":"https:\/\/www.kern.si\/sr\/wp-json\/wp\/v2\/pages\/23388\/revisions\/25967"}],"up":[{"embeddable":true,"href":"https:\/\/www.kern.si\/sr\/wp-json\/wp\/v2\/pages\/23385"}],"wp:attachment":[{"href":"https:\/\/www.kern.si\/sr\/wp-json\/wp\/v2\/media?parent=23388"}],"wp:term":[{"taxonomy":"category","embeddable":true,"href":"https:\/\/www.kern.si\/sr\/wp-json\/wp\/v2\/categories?post=23388"},{"taxonomy":"post_tag","embeddable":true,"href":"https:\/\/www.kern.si\/sr\/wp-json\/wp\/v2\/tags?post=23388"}],"curies":[{"name":"wp","href":"https:\/\/api.w.org\/{rel}","templated":true}]}}