{"id":23391,"date":"2019-09-25T13:21:29","date_gmt":"2019-09-25T11:21:29","guid":{"rendered":"https:\/\/beta.webis.si\/kern\/gdpr\/pravilnik-o-zasebnosti\/"},"modified":"2020-05-22T10:14:58","modified_gmt":"2020-05-22T08:14:58","slug":"pravilnik-o-privatnosti","status":"publish","type":"page","link":"https:\/\/www.kern.si\/sr\/gdpr\/pravilnik-o-privatnosti\/","title":{"rendered":"Pravilnik o privatnosti"},"content":{"rendered":"<div class=\"wpb-content-wrapper\"><p>[vc_row css=&#8220;.vc_custom_1563861117315{padding-top: 100px !important;}&#8220;][vc_column][vc_column_text]<br \/>\n<strong>Zbiranje podatkov<\/strong><\/p>\n<p>Na\u0161e podjetje spo\u0161tuje zasebnost, zato z osebnimi podatki strank ravnamo odgovorno in v skladu z zakonodajo<br \/>\n(\u00a0<a href=\"http:\/\/pisrs.si\/Pis.web\/pregledPredpisa?id=ZAKO3906\">Zakon o varstvu osebnih podatkov<\/a>,\u00a0<a href=\"https:\/\/www.uradni-list.si\/glasilo-uradni-list-rs\/vsebina\/51154\">Zakonom o varstvu potro\u0161nikov<\/a>\u00a0,\u00a0<a href=\"https:\/\/www.uradni-list.si\/glasilo-uradni-list-rs\/vsebina\/111442\">Zakonom o elektronskih komunikacijah<\/a>\u00a0in\u00a0<a href=\"http:\/\/eur-lex.europa.eu\/legal-content\/SL\/TXT\/?uri=uriserv:OJ.L_.2016.119.01.0001.01.SLV&amp;toc=OJ:L:2016:119:FULL\">Splo\u0161no uredbo EU o varstvu podatkov<\/a>\u00a0)<\/p>\n<p>Osebni podatki se uporabljajo zgolj za nemoteno poslovanje podjetja.<\/p>\n<p>Stranke, ki bodo podale privolitev za obdelavo osebnih podatkov, bomo podu\u010dili o namenu uporabe danih osebnih podatkov in pravicah, ki jih dolo\u010da zakonodaja.<\/p>\n<p>&nbsp;<\/p>\n<p>Upravljavec osebnih podatkov, ki jih boste posredovali, je podjetje KERN, orodjarske tehnologije d. o. o., OIC &#8211; HRPELJE 41, Hrpelje, 6240 Kozina, mati\u010dna \u0161t.: 2036703000, ki ga zastopa direktor Viljem Kern, telefon 056165000, email info@kern.si[\/vc_column_text][\/vc_column][\/vc_row][vc_row][vc_column][vc_column_text]Va\u0161i osebni podatki se\u00a0bodo\u00a0obdelovali\u00a0na podlagi to\u010dke b prvega odstavka 6. \u010dlena Uredbe\u00a0<a href=\"http:\/\/eur-lex.europa.eu\/legal-content\/SL\/AUTO\/?uri=uriserv:OJ.L_.2016.119.01.0001.01.SLV&amp;toc=OJ:L:2016:119:FULL\">(EU) 2016\/679 Evropskega parlamenta in Sveta z dne 27. aprila 2016 o varstvu posameznikov pri obdelavi osebnih podatkov in o prostem pretoku takih podatkov ter o razveljavitvi Direktive 95\/46\/ES (Splo\u0161na uredba o varstvu podatkov)<\/a>. Uporabniki osebnih\u00a0podatkov so interni oddelki podjetja KERN d. o. o. in njegovi pogodbeni obdelovalci, s katerimi ima sklenjeno ustrezno pogodbo o obdelavi osebnih podatkov. Osebni podatki se hranijo,\u00a0dokler traja pogodbeno razmerje, oziroma omejeno dalj \u010dasa, \u010de tako dolo\u010da zakon, ali je tak zakoniti interes podjetja KERN d. o. o. Skladno s 5. odstavkom 86. \u010dlena Zakona o davku na dodano vrednost, ZDDV-1, smo ra\u010dune dol\u017eni hraniti 10 let.[\/vc_column_text][\/vc_column][\/vc_row][vc_row][vc_column][vc_column_text]<br \/>\n<strong>Pravice uporabnikov<\/strong><\/p>\n<p>Stranka oz. uporabnik spletne strani lahko od podjetja KERN d. o. o. (upravljavec osebnih podatkov) preko naslednjega e-po\u0161tnega naslova zahteva, da preneha z uporabo njegovih osebnih podatkov:\u00a0<a href=\"mailto:info@kern.si\">info@kern.si<\/a><\/p>\n<ul>\n<li>Uporabnik spletne strani ima pravico do dostopa do svojih osebnih podatkov, ki so bili pridobljeni med uporabo le te. Upravljavec osebnih podatkov mora najprej preveriti identiteto osebe, ki povpra\u0161uje po dostopu do osebnih podatkov.<\/li>\n<\/ul>\n<p>[\/vc_column_text][vc_column_text]<\/p>\n<ul>\n<li>Uporabnik spletne strani ima pravico do popravka neto\u010dnih podatkov, ki so bili pridobljeni med uporabo le te. Upravljavec osebnih podatkov mora najprej preveriti identiteto osebe, ki povpra\u0161uje po popravku neto\u010dnih osebnih podatkov.<\/li>\n<li>Uporabnik spletne strani ima pravico do pozabe oz. izbrisa osebnih podatkov, ob izpolnjenih pogojih, ki jih dolo\u010da <a href=\"http:\/\/eur-lex.europa.eu\/legal-content\/SL\/TXT\/?uri=uriserv:OJ.L_.2016.119.01.0001.01.SLV\"> \u010dlen Splo\u0161ne uredbe o varstvu osebnih podatkov<\/a><\/li>\n<li>Uporabnik spletne strani ima pravico do prenehanja uporabe osebnih podatkov za neposredno tr\u017eenje in profiliranje.<\/li>\n<li>Uporabnik spletne strani ima pravico do odlo\u010danja o uporabi osebnih podatkov, ki temelji na avtomatizirani obdelavi.<\/li>\n<li>Uporabnik spletne strani ima pravico do prito\u017ebe proti upravljavcu osebnih podatkov pri nadzornem organu, \u010de meni, da obdelava njegovih osebnih podatkov kr\u0161i<a href=\"http:\/\/eur-lex.europa.eu\/legal-content\/SL\/TXT\/?uri=uriserv:OJ.L_.2016.119.01.0001.01.SLV&amp;toc=OJ:L:2016:119:FULL\">Splo\u0161no uredbo o varstvu osebnih podatkov<\/a>.<\/li>\n<\/ul>\n<p>[\/vc_column_text][\/vc_column][\/vc_row][vc_row][vc_column][vc_column_text]<br \/>\n<strong>Postopek uveljavljanja pravic<\/strong><\/p>\n<ul>\n<li>Seznanjen\/a sem, da lahko vse zgoraj navedene zahteve, ki se ti\u010dejo uveljavljanja pravic v zvezi z osebnimi podatki, naslovim v pisni obliki na upravljavca na e-naslov:<a href=\"mailto:info@kern.si\"> info@kern.si<\/a><\/li>\n<li>Seznanjen\/a sem, da lahko upravljavec za potrebe zanesljive identifikacije v primeru uveljavljanja pravic v zvezi z osebnimi podatki od mene zahteva dodatne podatke, ukrepanje pa lahko zavrne le v primeru, da doka\u017ee, da me ne more zanesljivo identificirati.<\/li>\n<li>Seznanjen\/a sem, da mora upravljavec na mojo zahtevo, s katero uveljavljam svoje pravice v zvezi z zgoraj navedenimi osebnimi podatki, odgovoriti brez nepotrebnega odla\u0161anja in najpozneje v enem mesecu od prejema zahteve.<\/li>\n<\/ul>\n<p>[\/vc_column_text][\/vc_column][\/vc_row][vc_row][vc_column][vc_column_text]<strong>Varovanje zasebnosti<\/strong><\/p>\n<p>Za podjetje KERN d. o. o. in njeno spletno stran <a href=\"http:\/\/www.kern.si\/\">http:\/\/www.kern.si\/<\/a> so vsi prejeti osebni podatki strank in uporabnikov spletne strani (kot so: ime in priimek, e-po\u0161tni naslov, telefonska \u0161tevilka, IP-naslov) zasebni in zaupni.<\/p>\n<p>Osebni podatki so shranjeni v skladu z zakonodajo in dostopni le poobla\u0161\u010denemu osebju ter osebi, \u010digar so last.<\/p>\n<p>Osebni podatki se uporabljajo izklju\u010dno za potrebe tr\u017eenja izdelkov. Podjetje KERN d. o. o. osebnih podatkov ne bo posredovalo tretjim osebam, brez privolitve kupca.[\/vc_column_text][\/vc_column][\/vc_row][vc_row][vc_column][vc_column_text]<br \/>\n<strong>Varovanje podatkov<\/strong><\/p>\n<p>Podatki o strankah oz. kupcih so shranjeni v digitalni obliki, se v tej tudi obdelujejo in varujejo v skladu z zakonodajo. Osebne podatke stranke potrebujemo za izpolnitev naro\u010dila in dostavo. Vse osebne podatke bomo hranili tajno in jih ne bomo posredovali tretjim osebam.[\/vc_column_text][\/vc_column][\/vc_row][vc_row css=&#8220;.vc_custom_1563861097734{padding-bottom: 90px !important;}&#8220;][vc_column][vc_column_text]<br \/>\n<strong>Arhiv ra\u010dunov<\/strong><\/p>\n<p>Podjetje vam bo za vsa naro\u010dila po e-po\u0161ti poslalo potrditev naro\u010dila. Ra\u010dun se izstavi ob dostavi po\u0161iljke. Vsi dokumenti (evidence nakupov, naro\u010dila, ra\u010duni, reklamacije) se hranijo v poslovalnici podjetja KERN, orodjarske tehnologije d. o. o., OIC &#8211; HRPELJE 41, Hrpelje, 6240 Kozina. Registrirani kupec lahko zahteva kopije dokumentov, ki se mu jih posreduje v elektronski ali papirni obliki.<\/p>\n<p>&nbsp;<\/p>\n<p>&nbsp;<\/p>\n<p>\u010ce osebnih podatkov ne zagotovite, pogodbe ali ukrepov pred sklenitvijo pogodbe, ne bo mogo\u010de izvajati. Ne sprejemamo avtomatiziranih odlo\u010ditev v smislu 22. \u010dlena Uredbe (EU) 2016\/679 Evropskega parlamenta in Sveta z dne 27. aprila 2016 o varstvu posameznikov pri obdelavi osebnih podatkov in o prostem pretoku takih podatkov ter ne oblikujemo profilov.[\/vc_column_text][\/vc_column][\/vc_row][vc_row][vc_column][vc_column_text]<strong>[ultimate_gdpr_policy_accept]<\/strong>[\/vc_column_text][\/vc_column][\/vc_row]<\/p>\n<\/div>","protected":false},"excerpt":{"rendered":"<p>[vc_row css=&#8220;.vc_custom_1563861117315{padding-top: 100px !important;}&#8220;][vc_column][vc_column_text] Zbiranje podatkov Na\u0161e podjetje spo\u0161tuje zasebnost, zato z osebnimi podatki strank ravnamo odgovorno in v skladu z zakonodajo (\u00a0Zakon o varstvu osebnih podatkov,\u00a0Zakonom o varstvu potro\u0161nikov\u00a0,\u00a0Zakonom o elektronskih komunikacijah\u00a0in\u00a0Splo\u0161no uredbo EU o varstvu podatkov\u00a0) Osebni podatki se uporabljajo zgolj za nemoteno poslovanje podjetja. Stranke, ki bodo podale privolitev za obdelavo osebnih [&hellip;]<\/p>\n","protected":false},"author":3,"featured_media":0,"parent":23385,"menu_order":0,"comment_status":"closed","ping_status":"closed","template":"","meta":{"footnotes":""},"categories":[],"tags":[],"acf":[],"yoast_head":"<!-- This site is optimized with the Yoast SEO plugin v21.7 - https:\/\/yoast.com\/wordpress\/plugins\/seo\/ -->\n<title>Pravilnik o privatnosti - KERN<\/title>\n<meta name=\"robots\" content=\"index, follow, max-snippet:-1, max-image-preview:large, max-video-preview:-1\" \/>\n<link rel=\"canonical\" href=\"https:\/\/www.kern.si\/sr\/gdpr\/pravilnik-o-privatnosti\/\" \/>\n<meta property=\"og:locale\" content=\"sr_RS\" \/>\n<meta property=\"og:type\" content=\"article\" \/>\n<meta property=\"og:title\" content=\"Pravilnik o privatnosti - KERN\" \/>\n<meta property=\"og:description\" content=\"[vc_row css=&#8220;.vc_custom_1563861117315{padding-top: 100px !important;}&#8220;][vc_column][vc_column_text] Zbiranje podatkov Na\u0161e podjetje spo\u0161tuje zasebnost, zato z osebnimi podatki strank ravnamo odgovorno in v skladu z zakonodajo (\u00a0Zakon o varstvu osebnih podatkov,\u00a0Zakonom o varstvu potro\u0161nikov\u00a0,\u00a0Zakonom o elektronskih komunikacijah\u00a0in\u00a0Splo\u0161no uredbo EU o varstvu podatkov\u00a0) Osebni podatki se uporabljajo zgolj za nemoteno poslovanje podjetja. Stranke, ki bodo podale privolitev za obdelavo osebnih [&hellip;]\" \/>\n<meta property=\"og:url\" content=\"https:\/\/www.kern.si\/sr\/gdpr\/pravilnik-o-privatnosti\/\" \/>\n<meta property=\"og:site_name\" content=\"KERN\" \/>\n<meta property=\"article:modified_time\" content=\"2020-05-22T08:14:58+00:00\" \/>\n<meta name=\"twitter:card\" content=\"summary_large_image\" \/>\n<meta name=\"twitter:label1\" content=\"\u041f\u0440\u043e\u0446\u0435\u045a\u0435\u043d\u043e \u0432\u0440\u0435\u043c\u0435 \u0447\u0438\u0442\u0430\u045a\u0430\" \/>\n\t<meta name=\"twitter:data1\" content=\"5 \u043c\u0438\u043d\u0443\u0442\u0430\" \/>\n<script type=\"application\/ld+json\" class=\"yoast-schema-graph\">{\"@context\":\"https:\/\/schema.org\",\"@graph\":[{\"@type\":\"WebPage\",\"@id\":\"https:\/\/www.kern.si\/sr\/gdpr\/pravilnik-o-privatnosti\/\",\"url\":\"https:\/\/www.kern.si\/sr\/gdpr\/pravilnik-o-privatnosti\/\",\"name\":\"Pravilnik o privatnosti - KERN\",\"isPartOf\":{\"@id\":\"https:\/\/www.kern.si\/sr\/#website\"},\"datePublished\":\"2019-09-25T11:21:29+00:00\",\"dateModified\":\"2020-05-22T08:14:58+00:00\",\"breadcrumb\":{\"@id\":\"https:\/\/www.kern.si\/sr\/gdpr\/pravilnik-o-privatnosti\/#breadcrumb\"},\"inLanguage\":\"sr-RS\",\"potentialAction\":[{\"@type\":\"ReadAction\",\"target\":[\"https:\/\/www.kern.si\/sr\/gdpr\/pravilnik-o-privatnosti\/\"]}]},{\"@type\":\"BreadcrumbList\",\"@id\":\"https:\/\/www.kern.si\/sr\/gdpr\/pravilnik-o-privatnosti\/#breadcrumb\",\"itemListElement\":[{\"@type\":\"ListItem\",\"position\":1,\"name\":\"Home\",\"item\":\"https:\/\/www.kern.si\/sr\/\"},{\"@type\":\"ListItem\",\"position\":2,\"name\":\"GDPR\",\"item\":\"https:\/\/www.kern.si\/sr\/gdpr\/\"},{\"@type\":\"ListItem\",\"position\":3,\"name\":\"Pravilnik o privatnosti\"}]},{\"@type\":\"WebSite\",\"@id\":\"https:\/\/www.kern.si\/sr\/#website\",\"url\":\"https:\/\/www.kern.si\/sr\/\",\"name\":\"KERN\",\"description\":\"\",\"potentialAction\":[{\"@type\":\"SearchAction\",\"target\":{\"@type\":\"EntryPoint\",\"urlTemplate\":\"https:\/\/www.kern.si\/sr\/?s={search_term_string}\"},\"query-input\":\"required name=search_term_string\"}],\"inLanguage\":\"sr-RS\"}]}<\/script>\n<!-- \/ Yoast SEO plugin. -->","yoast_head_json":{"title":"Pravilnik o privatnosti - KERN","robots":{"index":"index","follow":"follow","max-snippet":"max-snippet:-1","max-image-preview":"max-image-preview:large","max-video-preview":"max-video-preview:-1"},"canonical":"https:\/\/www.kern.si\/sr\/gdpr\/pravilnik-o-privatnosti\/","og_locale":"sr_RS","og_type":"article","og_title":"Pravilnik o privatnosti - KERN","og_description":"[vc_row css=&#8220;.vc_custom_1563861117315{padding-top: 100px !important;}&#8220;][vc_column][vc_column_text] Zbiranje podatkov Na\u0161e podjetje spo\u0161tuje zasebnost, zato z osebnimi podatki strank ravnamo odgovorno in v skladu z zakonodajo (\u00a0Zakon o varstvu osebnih podatkov,\u00a0Zakonom o varstvu potro\u0161nikov\u00a0,\u00a0Zakonom o elektronskih komunikacijah\u00a0in\u00a0Splo\u0161no uredbo EU o varstvu podatkov\u00a0) Osebni podatki se uporabljajo zgolj za nemoteno poslovanje podjetja. Stranke, ki bodo podale privolitev za obdelavo osebnih [&hellip;]","og_url":"https:\/\/www.kern.si\/sr\/gdpr\/pravilnik-o-privatnosti\/","og_site_name":"KERN","article_modified_time":"2020-05-22T08:14:58+00:00","twitter_card":"summary_large_image","twitter_misc":{"\u041f\u0440\u043e\u0446\u0435\u045a\u0435\u043d\u043e \u0432\u0440\u0435\u043c\u0435 \u0447\u0438\u0442\u0430\u045a\u0430":"5 \u043c\u0438\u043d\u0443\u0442\u0430"},"schema":{"@context":"https:\/\/schema.org","@graph":[{"@type":"WebPage","@id":"https:\/\/www.kern.si\/sr\/gdpr\/pravilnik-o-privatnosti\/","url":"https:\/\/www.kern.si\/sr\/gdpr\/pravilnik-o-privatnosti\/","name":"Pravilnik o privatnosti - KERN","isPartOf":{"@id":"https:\/\/www.kern.si\/sr\/#website"},"datePublished":"2019-09-25T11:21:29+00:00","dateModified":"2020-05-22T08:14:58+00:00","breadcrumb":{"@id":"https:\/\/www.kern.si\/sr\/gdpr\/pravilnik-o-privatnosti\/#breadcrumb"},"inLanguage":"sr-RS","potentialAction":[{"@type":"ReadAction","target":["https:\/\/www.kern.si\/sr\/gdpr\/pravilnik-o-privatnosti\/"]}]},{"@type":"BreadcrumbList","@id":"https:\/\/www.kern.si\/sr\/gdpr\/pravilnik-o-privatnosti\/#breadcrumb","itemListElement":[{"@type":"ListItem","position":1,"name":"Home","item":"https:\/\/www.kern.si\/sr\/"},{"@type":"ListItem","position":2,"name":"GDPR","item":"https:\/\/www.kern.si\/sr\/gdpr\/"},{"@type":"ListItem","position":3,"name":"Pravilnik o privatnosti"}]},{"@type":"WebSite","@id":"https:\/\/www.kern.si\/sr\/#website","url":"https:\/\/www.kern.si\/sr\/","name":"KERN","description":"","potentialAction":[{"@type":"SearchAction","target":{"@type":"EntryPoint","urlTemplate":"https:\/\/www.kern.si\/sr\/?s={search_term_string}"},"query-input":"required name=search_term_string"}],"inLanguage":"sr-RS"}]}},"_links":{"self":[{"href":"https:\/\/www.kern.si\/sr\/wp-json\/wp\/v2\/pages\/23391"}],"collection":[{"href":"https:\/\/www.kern.si\/sr\/wp-json\/wp\/v2\/pages"}],"about":[{"href":"https:\/\/www.kern.si\/sr\/wp-json\/wp\/v2\/types\/page"}],"author":[{"embeddable":true,"href":"https:\/\/www.kern.si\/sr\/wp-json\/wp\/v2\/users\/3"}],"replies":[{"embeddable":true,"href":"https:\/\/www.kern.si\/sr\/wp-json\/wp\/v2\/comments?post=23391"}],"version-history":[{"count":4,"href":"https:\/\/www.kern.si\/sr\/wp-json\/wp\/v2\/pages\/23391\/revisions"}],"predecessor-version":[{"id":25980,"href":"https:\/\/www.kern.si\/sr\/wp-json\/wp\/v2\/pages\/23391\/revisions\/25980"}],"up":[{"embeddable":true,"href":"https:\/\/www.kern.si\/sr\/wp-json\/wp\/v2\/pages\/23385"}],"wp:attachment":[{"href":"https:\/\/www.kern.si\/sr\/wp-json\/wp\/v2\/media?parent=23391"}],"wp:term":[{"taxonomy":"category","embeddable":true,"href":"https:\/\/www.kern.si\/sr\/wp-json\/wp\/v2\/categories?post=23391"},{"taxonomy":"post_tag","embeddable":true,"href":"https:\/\/www.kern.si\/sr\/wp-json\/wp\/v2\/tags?post=23391"}],"curies":[{"name":"wp","href":"https:\/\/api.w.org\/{rel}","templated":true}]}}