{"id":23395,"date":"2019-09-25T13:22:36","date_gmt":"2019-09-25T11:22:36","guid":{"rendered":"https:\/\/beta.webis.si\/kern\/gdpr\/splosni-pogoji-uporabe\/"},"modified":"2020-05-22T10:10:48","modified_gmt":"2020-05-22T08:10:48","slug":"splosni-uslovi-koriscenja","status":"publish","type":"page","link":"https:\/\/www.kern.si\/sr\/gdpr\/splosni-uslovi-koriscenja\/","title":{"rendered":"Splo\u0161ni uslovi kori\u0161c\u0301enja"},"content":{"rendered":"<div class=\"wpb-content-wrapper\"><p>[vc_row css=&#8220;.vc_custom_1563861002399{padding-top: 100px !important;}&#8220;][vc_column][vc_column_text]<br \/>\n<strong>Obve\u0161\u010danje in komunikacija s strankami\/naro\u010dniki<\/strong><\/p>\n<p>&nbsp;<\/p>\n<p>Podjetje bo s stranko\/naro\u010dnikom navezalo stik preko dolo\u010denega medija komunikacije, \u010de bo slednja\/slednji v to privolil. Stranka\/naro\u010dnik z izpolnitvijo obrazca privoli na prejemanje oglasnih elektronskih sporo\u010dil, poda se dovoljenje za obdelovanje naslednjih podatkov:<\/p>\n<p>-ime in priimek,<\/p>\n<p>-e-po\u0161tni naslov,<\/p>\n<p>-IP-naslov<\/p>\n<p>-telefonska \u0161tevilka[\/vc_column_text][\/vc_column][\/vc_row][vc_row][vc_column][vc_column_text]<br \/>\n<strong>Avtorstvo<\/strong><\/p>\n<p>Na spletni strani je uporabljeno gradivo, ki je v lasti podjetja KERN d. o. o., ANGELIS, digitalna agencija, d. o. o., ter del slik, ki je v lasti Envato Elements in Pixabay, kjer ni zahtevano podpisovanje avtorja.<\/p>\n<p><strong>Oglasna elektronska sporo\u010dila bodo vsebovala naslednje sestavine:<\/strong><\/p>\n<p>-Jasno in nedvoumno bodo ozna\u010dena kot oglasna sporo\u010dila,<\/p>\n<p>-Po\u0161iljatelj bo jasno razviden,<\/p>\n<p>-Razli\u010dne akcije, promocije in druge tr\u017ene tehnike bodo ozna\u010dene kot tak\u0161ne.<\/p>\n<p>-Vidno predstavljen bo na\u010din odjave od prejemanja oglasnih sporo\u010dil,<\/p>\n<p>-\u017deljo uporabnika, da ne \u017eeli prejemati oglasnih sporo\u010dil, bo ponudnik izrecno spo\u0161toval.<\/p>\n<p>[\/vc_column_text][\/vc_column][\/vc_row][vc_row][vc_column][vc_column_text]<strong>Uporabnik lahko ob prijavi na prejemanje oglasnih elektronskih sporo\u010dil odobri uporabo njegovih osebnih podatkov v naslednje namene:<\/strong><\/p>\n<p>&nbsp;<\/p>\n<p><strong>Privolitev za sledenje aktivnostim in interesom na spletni strani <\/strong><a href=\"http:\/\/www.kern.si\/\"><strong>http:\/\/www.kern.si<\/strong><\/a><strong> in pripadajo\u010dih pod-domenah:<\/strong><\/p>\n<ul>\n<li>Iznos, hramba in obdelava podatkov v orodju za marketin\u0161ko avtomatizacijo, ki nam pomaga kontinuirano spremljati va\u0161e aktivnosti na vseh pod domenami spletne strani http:\/\/www.kern.si, nam omogo\u010dajo izvajanje naro\u010denih storitev, kontaktiranje, povezano z va\u0161imi aktivnostmi na spletni strani ter agregirane in anonimizirane analize uporabe spletne strani in njenih vsebin.<\/li>\n<li>Vsi osebni podatki se uporabljajo izklju\u010dno za namene izvajanja na\u0161ih storitev, anonimizirane analize ter optimizacijo na\u0161ega poslovanja in niso dostopni javnosti, razen v primeru, ko nam uporabnik to izrecno dovoljuje s posebno privolitvijo za tak\u0161ne namene<\/li>\n<\/ul>\n<p>[\/vc_column_text][\/vc_column][\/vc_row][vc_row][vc_column][vc_column_text]<strong>Privolitev za prejemanje novic o podjetju KERN d. o. o. ponudbi in ostalih novostih velja do preklica in obsega:<\/strong><\/p>\n<ul>\n<li>uporabo podatkov za po\u0161iljanje rednih e-novic o na\u0161i ponudbi ter novostih.<\/li>\n<li>uporabo podatkov za ob\u010dasno po\u0161iljanje ostalih vsebin<\/li>\n<li>iznos, hrambo in obdelavo podatkov v orodju za marketin\u0161ko avtomatizacijo, ki nam omogo\u010da po\u0161iljanje teh novi\u010dk<\/li>\n<li>obdelavo podatkov s psevdonimizacijo (tako, da jih ni mogo\u010de pripisati specifi\u010dnemu posamezniku)<\/li>\n<\/ul>\n<p>[\/vc_column_text][\/vc_column][\/vc_row][vc_row css=&#8220;.vc_custom_1563861009325{padding-bottom: 90px !important;}&#8220;][vc_column][vc_column_text]<strong>Privolitev za prejemanje personaliziranih obvestil in ponudb velja do preklica in obsega:<\/strong><\/p>\n<ul>\n<li>uporabo podatkov za neposredno tr\u017eenje<\/li>\n<li>ponovno ciljanje na platformah z namenom ponovne predstavitve izdelkov \/ ponudbe<\/li>\n<li>iznos in obdelavo podatkov v orodjih za digitalno ogla\u0161evanje (uporaba e-po\u0161te za pripravo anonimiziranih segmentov uporabnikov, v tem primeru e-po\u0161te ni mogo\u010de pripisati specifi\u010dnemu posamezniku)<\/li>\n<li>obdelavo podatkov s psevdonimizacijo (tako, da jih ni mogo\u010de pripisati specifi\u010dnemu posamezniku)<\/li>\n<\/ul>\n<p>[\/vc_column_text][\/vc_column][\/vc_row][vc_row][vc_column][vc_column_text]<strong>[ultimate_gdpr_terms_accept]<\/strong>[\/vc_column_text][\/vc_column][\/vc_row]<\/p>\n<\/div>","protected":false},"excerpt":{"rendered":"<p>[vc_row css=&#8220;.vc_custom_1563861002399{padding-top: 100px !important;}&#8220;][vc_column][vc_column_text] Obve\u0161\u010danje in komunikacija s strankami\/naro\u010dniki &nbsp; Podjetje bo s stranko\/naro\u010dnikom navezalo stik preko dolo\u010denega medija komunikacije, \u010de bo slednja\/slednji v to privolil. Stranka\/naro\u010dnik z izpolnitvijo obrazca privoli na prejemanje oglasnih elektronskih sporo\u010dil, poda se dovoljenje za obdelovanje naslednjih podatkov: -ime in priimek, -e-po\u0161tni naslov, -IP-naslov -telefonska \u0161tevilka[\/vc_column_text][\/vc_column][\/vc_row][vc_row][vc_column][vc_column_text] Avtorstvo Na spletni strani [&hellip;]<\/p>\n","protected":false},"author":3,"featured_media":0,"parent":23385,"menu_order":0,"comment_status":"closed","ping_status":"closed","template":"","meta":{"footnotes":""},"categories":[],"tags":[],"acf":[],"yoast_head":"<!-- This site is optimized with the Yoast SEO plugin v21.7 - https:\/\/yoast.com\/wordpress\/plugins\/seo\/ -->\n<title>Splo\u0161ni uslovi kori\u0161c\u0301enja - KERN<\/title>\n<meta name=\"robots\" content=\"index, follow, max-snippet:-1, max-image-preview:large, max-video-preview:-1\" \/>\n<link rel=\"canonical\" href=\"https:\/\/www.kern.si\/sr\/gdpr\/splosni-uslovi-koriscenja\/\" \/>\n<meta property=\"og:locale\" content=\"sr_RS\" \/>\n<meta property=\"og:type\" content=\"article\" \/>\n<meta property=\"og:title\" content=\"Splo\u0161ni uslovi kori\u0161c\u0301enja - KERN\" \/>\n<meta property=\"og:description\" content=\"[vc_row css=&#8220;.vc_custom_1563861002399{padding-top: 100px !important;}&#8220;][vc_column][vc_column_text] Obve\u0161\u010danje in komunikacija s strankami\/naro\u010dniki &nbsp; Podjetje bo s stranko\/naro\u010dnikom navezalo stik preko dolo\u010denega medija komunikacije, \u010de bo slednja\/slednji v to privolil. Stranka\/naro\u010dnik z izpolnitvijo obrazca privoli na prejemanje oglasnih elektronskih sporo\u010dil, poda se dovoljenje za obdelovanje naslednjih podatkov: -ime in priimek, -e-po\u0161tni naslov, -IP-naslov -telefonska \u0161tevilka[\/vc_column_text][\/vc_column][\/vc_row][vc_row][vc_column][vc_column_text] Avtorstvo Na spletni strani [&hellip;]\" \/>\n<meta property=\"og:url\" content=\"https:\/\/www.kern.si\/sr\/gdpr\/splosni-uslovi-koriscenja\/\" \/>\n<meta property=\"og:site_name\" content=\"KERN\" \/>\n<meta property=\"article:modified_time\" content=\"2020-05-22T08:10:48+00:00\" \/>\n<meta name=\"twitter:card\" content=\"summary_large_image\" \/>\n<meta name=\"twitter:label1\" content=\"\u041f\u0440\u043e\u0446\u0435\u045a\u0435\u043d\u043e \u0432\u0440\u0435\u043c\u0435 \u0447\u0438\u0442\u0430\u045a\u0430\" \/>\n\t<meta name=\"twitter:data1\" content=\"3 \u043c\u0438\u043d\u0443\u0442\u0430\" \/>\n<script type=\"application\/ld+json\" class=\"yoast-schema-graph\">{\"@context\":\"https:\/\/schema.org\",\"@graph\":[{\"@type\":\"WebPage\",\"@id\":\"https:\/\/www.kern.si\/sr\/gdpr\/splosni-uslovi-koriscenja\/\",\"url\":\"https:\/\/www.kern.si\/sr\/gdpr\/splosni-uslovi-koriscenja\/\",\"name\":\"Splo\u0161ni uslovi kori\u0161c\u0301enja - KERN\",\"isPartOf\":{\"@id\":\"https:\/\/www.kern.si\/sr\/#website\"},\"datePublished\":\"2019-09-25T11:22:36+00:00\",\"dateModified\":\"2020-05-22T08:10:48+00:00\",\"breadcrumb\":{\"@id\":\"https:\/\/www.kern.si\/sr\/gdpr\/splosni-uslovi-koriscenja\/#breadcrumb\"},\"inLanguage\":\"sr-RS\",\"potentialAction\":[{\"@type\":\"ReadAction\",\"target\":[\"https:\/\/www.kern.si\/sr\/gdpr\/splosni-uslovi-koriscenja\/\"]}]},{\"@type\":\"BreadcrumbList\",\"@id\":\"https:\/\/www.kern.si\/sr\/gdpr\/splosni-uslovi-koriscenja\/#breadcrumb\",\"itemListElement\":[{\"@type\":\"ListItem\",\"position\":1,\"name\":\"Home\",\"item\":\"https:\/\/www.kern.si\/sr\/\"},{\"@type\":\"ListItem\",\"position\":2,\"name\":\"GDPR\",\"item\":\"https:\/\/www.kern.si\/sr\/gdpr\/\"},{\"@type\":\"ListItem\",\"position\":3,\"name\":\"Splo\u0161ni uslovi kori\u0161c\u0301enja\"}]},{\"@type\":\"WebSite\",\"@id\":\"https:\/\/www.kern.si\/sr\/#website\",\"url\":\"https:\/\/www.kern.si\/sr\/\",\"name\":\"KERN\",\"description\":\"\",\"potentialAction\":[{\"@type\":\"SearchAction\",\"target\":{\"@type\":\"EntryPoint\",\"urlTemplate\":\"https:\/\/www.kern.si\/sr\/?s={search_term_string}\"},\"query-input\":\"required name=search_term_string\"}],\"inLanguage\":\"sr-RS\"}]}<\/script>\n<!-- \/ Yoast SEO plugin. -->","yoast_head_json":{"title":"Splo\u0161ni uslovi kori\u0161c\u0301enja - KERN","robots":{"index":"index","follow":"follow","max-snippet":"max-snippet:-1","max-image-preview":"max-image-preview:large","max-video-preview":"max-video-preview:-1"},"canonical":"https:\/\/www.kern.si\/sr\/gdpr\/splosni-uslovi-koriscenja\/","og_locale":"sr_RS","og_type":"article","og_title":"Splo\u0161ni uslovi kori\u0161c\u0301enja - KERN","og_description":"[vc_row css=&#8220;.vc_custom_1563861002399{padding-top: 100px !important;}&#8220;][vc_column][vc_column_text] Obve\u0161\u010danje in komunikacija s strankami\/naro\u010dniki &nbsp; Podjetje bo s stranko\/naro\u010dnikom navezalo stik preko dolo\u010denega medija komunikacije, \u010de bo slednja\/slednji v to privolil. Stranka\/naro\u010dnik z izpolnitvijo obrazca privoli na prejemanje oglasnih elektronskih sporo\u010dil, poda se dovoljenje za obdelovanje naslednjih podatkov: -ime in priimek, -e-po\u0161tni naslov, -IP-naslov -telefonska \u0161tevilka[\/vc_column_text][\/vc_column][\/vc_row][vc_row][vc_column][vc_column_text] Avtorstvo Na spletni strani [&hellip;]","og_url":"https:\/\/www.kern.si\/sr\/gdpr\/splosni-uslovi-koriscenja\/","og_site_name":"KERN","article_modified_time":"2020-05-22T08:10:48+00:00","twitter_card":"summary_large_image","twitter_misc":{"\u041f\u0440\u043e\u0446\u0435\u045a\u0435\u043d\u043e \u0432\u0440\u0435\u043c\u0435 \u0447\u0438\u0442\u0430\u045a\u0430":"3 \u043c\u0438\u043d\u0443\u0442\u0430"},"schema":{"@context":"https:\/\/schema.org","@graph":[{"@type":"WebPage","@id":"https:\/\/www.kern.si\/sr\/gdpr\/splosni-uslovi-koriscenja\/","url":"https:\/\/www.kern.si\/sr\/gdpr\/splosni-uslovi-koriscenja\/","name":"Splo\u0161ni uslovi kori\u0161c\u0301enja - KERN","isPartOf":{"@id":"https:\/\/www.kern.si\/sr\/#website"},"datePublished":"2019-09-25T11:22:36+00:00","dateModified":"2020-05-22T08:10:48+00:00","breadcrumb":{"@id":"https:\/\/www.kern.si\/sr\/gdpr\/splosni-uslovi-koriscenja\/#breadcrumb"},"inLanguage":"sr-RS","potentialAction":[{"@type":"ReadAction","target":["https:\/\/www.kern.si\/sr\/gdpr\/splosni-uslovi-koriscenja\/"]}]},{"@type":"BreadcrumbList","@id":"https:\/\/www.kern.si\/sr\/gdpr\/splosni-uslovi-koriscenja\/#breadcrumb","itemListElement":[{"@type":"ListItem","position":1,"name":"Home","item":"https:\/\/www.kern.si\/sr\/"},{"@type":"ListItem","position":2,"name":"GDPR","item":"https:\/\/www.kern.si\/sr\/gdpr\/"},{"@type":"ListItem","position":3,"name":"Splo\u0161ni uslovi kori\u0161c\u0301enja"}]},{"@type":"WebSite","@id":"https:\/\/www.kern.si\/sr\/#website","url":"https:\/\/www.kern.si\/sr\/","name":"KERN","description":"","potentialAction":[{"@type":"SearchAction","target":{"@type":"EntryPoint","urlTemplate":"https:\/\/www.kern.si\/sr\/?s={search_term_string}"},"query-input":"required name=search_term_string"}],"inLanguage":"sr-RS"}]}},"_links":{"self":[{"href":"https:\/\/www.kern.si\/sr\/wp-json\/wp\/v2\/pages\/23395"}],"collection":[{"href":"https:\/\/www.kern.si\/sr\/wp-json\/wp\/v2\/pages"}],"about":[{"href":"https:\/\/www.kern.si\/sr\/wp-json\/wp\/v2\/types\/page"}],"author":[{"embeddable":true,"href":"https:\/\/www.kern.si\/sr\/wp-json\/wp\/v2\/users\/3"}],"replies":[{"embeddable":true,"href":"https:\/\/www.kern.si\/sr\/wp-json\/wp\/v2\/comments?post=23395"}],"version-history":[{"count":4,"href":"https:\/\/www.kern.si\/sr\/wp-json\/wp\/v2\/pages\/23395\/revisions"}],"predecessor-version":[{"id":25974,"href":"https:\/\/www.kern.si\/sr\/wp-json\/wp\/v2\/pages\/23395\/revisions\/25974"}],"up":[{"embeddable":true,"href":"https:\/\/www.kern.si\/sr\/wp-json\/wp\/v2\/pages\/23385"}],"wp:attachment":[{"href":"https:\/\/www.kern.si\/sr\/wp-json\/wp\/v2\/media?parent=23395"}],"wp:term":[{"taxonomy":"category","embeddable":true,"href":"https:\/\/www.kern.si\/sr\/wp-json\/wp\/v2\/categories?post=23395"},{"taxonomy":"post_tag","embeddable":true,"href":"https:\/\/www.kern.si\/sr\/wp-json\/wp\/v2\/tags?post=23395"}],"curies":[{"name":"wp","href":"https:\/\/api.w.org\/{rel}","templated":true}]}}