{"id":23417,"date":"2019-09-23T17:39:36","date_gmt":"2019-09-23T15:39:36","guid":{"rendered":"https:\/\/beta.webis.si\/kern\/prosecanje-i-probijanje\/vodeci-elementi\/kuglicno-vodenje\/oprema\/"},"modified":"2019-10-11T15:01:17","modified_gmt":"2019-10-11T13:01:17","slug":"oprema","status":"publish","type":"page","link":"https:\/\/www.kern.si\/sr\/prosecanje-i-probijanje\/vodeci-elementi\/kuglicno-vodenje\/oprema\/","title":{"rendered":"Kugli\u010dno vu\u0111enje \u2013 oprema"},"content":{"rendered":"<div class=\"wpb-content-wrapper\"><p>[vc_row][vc_column]\r\n\t\t\t\t\t\t<div class=\"property_grid pl-grid-controls\" id=\"Filters_6884\"><\/div><div class=\"grid pl-gridlayout pl-gridskin-two pl-mixitup-grid pl_grid_id_6884 \" id=\"Grid_6884\" >\r\n\t\t\t\t\t\t\t<div class=\"mix  mix_all pl-col-md-3 pl-col-sm-6 pl-col-xs-12 pl-col\" data--6884=\"\" > <div class=\"pl-view pl-gst-effect-ming\">\r\n\t\t\t\t\t\t\t\t\t\t<img loading=\"lazy\" decoding=\"async\" width=\"200\" height=\"200\" src=\"https:\/\/www.kern.si\/wp-content\/uploads\/2019\/09\/1267-ISO-2-200x2001.png\" class=\"attachment-full\" alt=\"\" title=\"1267-ISO-2-200x200[1]\" srcset=\"https:\/\/www.kern.si\/wp-content\/uploads\/2019\/09\/1267-ISO-2-200x2001.png 200w, https:\/\/www.kern.si\/wp-content\/uploads\/2019\/09\/1267-ISO-2-200x2001-150x150.png 150w, https:\/\/www.kern.si\/wp-content\/uploads\/2019\/09\/1267-ISO-2-200x2001-100x100.png 100w\" sizes=\"(max-width: 200px) 100vw, 200px\" data-id=\"18122\" \/>\r\n\t\t\t\t\t\t\t\t\t\t<div class=\"pl-mask\">\r\n\t\t\t\t\t\t\t\t\t\t\t<h4><a href=\"https:\/\/www.kern.si\/sr\/1267-0\/\" target=\"_self\">1267.ISO Stega sa vijkom<\/a><\/h4>\r\n\t\t\t\t\t\t\t\t\t\t\t<p>JTNDaW1nJTIwY2xhc3MlM0QlMjJzdmcta2VybiUyMiUyMGFsdCUzRCUyMmFsdC10ZXh0JTIyJTIwd2lkdGglM0QlMjI1MDAlMjIlMjBzcmMlM0QlMjJodHRwJTNBJTJGJTJGa2Vybi5hbmdlbGlzLnNpJTJGd3AtY29udGVudCUyRnVwbG9hZHMlMkYyMDE3JTJGMDYlMkYxMjY3LUlTTy5zdmclMjIlMjAlMkYlM0U=[vc_btn title=&#8220;PDF&#8220; style=&#8220;custom&#8220;...<\/p><a class=\"link-hoverset2\" href=\"https:\/\/www.kern.si\/sr\/1267-0\/\" target=\"_self\" >Read More<\/a><\/div>\r\n\t\t\t\t\t\t\t\t\t<\/div>\r\n\t\t\t\t\t\t\t<\/div><!--col -->\r\n\t\t\t\t\t\t\t\r\n\t\t\t\t\t\t\t<div class=\"mix  mix_all pl-col-md-3 pl-col-sm-6 pl-col-xs-12 pl-col\" data--6884=\"\" > <div class=\"pl-view pl-gst-effect-ming\">\r\n\t\t\t\t\t\t\t\t\t\t<img loading=\"lazy\" decoding=\"async\" width=\"200\" height=\"200\" src=\"https:\/\/www.kern.si\/wp-content\/uploads\/2019\/09\/1265-1-200x2001.png\" class=\"attachment-full\" alt=\"\" title=\"1265-1-200x200[1]\" srcset=\"https:\/\/www.kern.si\/wp-content\/uploads\/2019\/09\/1265-1-200x2001.png 200w, https:\/\/www.kern.si\/wp-content\/uploads\/2019\/09\/1265-1-200x2001-150x150.png 150w, https:\/\/www.kern.si\/wp-content\/uploads\/2019\/09\/1265-1-200x2001-100x100.png 100w\" sizes=\"(max-width: 200px) 100vw, 200px\" data-id=\"18135\" \/>\r\n\t\t\t\t\t\t\t\t\t\t<div class=\"pl-mask\">\r\n\t\t\t\t\t\t\t\t\t\t\t<h4><a href=\"https:\/\/www.kern.si\/sr\/1265-0\/\" target=\"_self\">1265 Seger<\/a><\/h4>\r\n\t\t\t\t\t\t\t\t\t\t\t<p>JTNDaW1nJTIwY2xhc3MlM0QlMjJzdmcta2VybiUyMiUyMGFsdCUzRCUyMmFsdC10ZXh0JTIyJTIwd2lkdGglM0QlMjI1MDAlMjIlMjBzcmMlM0QlMjJodHRwJTNBJTJGJTJGa2Vybi5hbmdlbGlzLnNpJTJGd3AtY29udGVudCUyRnVwbG9hZHMlMkYyMDE3JTJGMDYlMkYxMjY1LnN2ZyUyMiUyMCUyRiUzRQ==[vc_btn title=&#8220;PDF&#8220;...<\/p><a class=\"link-hoverset2\" href=\"https:\/\/www.kern.si\/sr\/1265-0\/\" target=\"_self\" >Read More<\/a><\/div>\r\n\t\t\t\t\t\t\t\t\t<\/div>\r\n\t\t\t\t\t\t\t<\/div><!--col -->\r\n\t\t\t\t\t\t\t\r\n\t\t\t\t\t\t\t<div class=\"mix  mix_all pl-col-md-3 pl-col-sm-6 pl-col-xs-12 pl-col\" data--6884=\"\" > <div class=\"pl-view pl-gst-effect-ming\">\r\n\t\t\t\t\t\t\t\t\t\t<img loading=\"lazy\" decoding=\"async\" width=\"200\" height=\"200\" src=\"https:\/\/www.kern.si\/wp-content\/uploads\/2019\/09\/1268_1-ISO-1-200x2001.png\" class=\"attachment-full\" alt=\"\" title=\"1268_1-ISO-1-200x200[1]\" srcset=\"https:\/\/www.kern.si\/wp-content\/uploads\/2019\/09\/1268_1-ISO-1-200x2001.png 200w, https:\/\/www.kern.si\/wp-content\/uploads\/2019\/09\/1268_1-ISO-1-200x2001-150x150.png 150w, https:\/\/www.kern.si\/wp-content\/uploads\/2019\/09\/1268_1-ISO-1-200x2001-100x100.png 100w\" sizes=\"(max-width: 200px) 100vw, 200px\" data-id=\"18150\" \/>\r\n\t\t\t\t\t\t\t\t\t\t<div class=\"pl-mask\">\r\n\t\t\t\t\t\t\t\t\t\t\t<h4><a href=\"https:\/\/www.kern.si\/sr\/1268-1\/\" target=\"_self\">1268.1. Pri\u010dvr\u0107iva\u010dka plo\u010dica sa vijkom<\/a><\/h4>\r\n\t\t\t\t\t\t\t\t\t\t\t<p>JTNDaW1nJTIwY2xhc3MlM0QlMjJzdmcta2VybiUyMiUyMGFsdCUzRCUyMmFsdC10ZXh0JTIyJTIwd2lkdGglM0QlMjI1MDAlMjIlMjBzcmMlM0QlMjJodHRwJTNBJTJGJTJGd3d3Lmtlcm4uc2klMkZ3cC1jb250ZW50JTJGdXBsb2FkcyUyRjIwMTglMkYxMSUyRjEyNjhfMS5zdmclMjIlMjAlMkYlM0U=[vc_btn title=&#8220;PDF&#8220; style=&#8220;custom&#8220;...<\/p><a class=\"link-hoverset2\" href=\"https:\/\/www.kern.si\/sr\/1268-1\/\" target=\"_self\" >Read More<\/a><\/div>\r\n\t\t\t\t\t\t\t\t\t<\/div>\r\n\t\t\t\t\t\t\t<\/div><!--col -->\r\n\t\t\t\t\t\t\t\r\n\t\t\t\t\t\t\t<div class=\"mix  mix_all pl-col-md-3 pl-col-sm-6 pl-col-xs-12 pl-col\" data--6884=\"\" > <div class=\"pl-view pl-gst-effect-ming\">\r\n\t\t\t\t\t\t\t\t\t\t<img loading=\"lazy\" decoding=\"async\" width=\"200\" height=\"200\" src=\"https:\/\/www.kern.si\/wp-content\/uploads\/2019\/09\/1268_2-200x2001-1.png\" class=\"attachment-full\" alt=\"\" title=\"1268_2-200x200[1]\" srcset=\"https:\/\/www.kern.si\/wp-content\/uploads\/2019\/09\/1268_2-200x2001-1.png 200w, https:\/\/www.kern.si\/wp-content\/uploads\/2019\/09\/1268_2-200x2001-1-150x150.png 150w, https:\/\/www.kern.si\/wp-content\/uploads\/2019\/09\/1268_2-200x2001-1-100x100.png 100w\" sizes=\"(max-width: 200px) 100vw, 200px\" data-id=\"18177\" \/>\r\n\t\t\t\t\t\t\t\t\t\t<div class=\"pl-mask\">\r\n\t\t\t\t\t\t\t\t\t\t\t<h4><a href=\"https:\/\/www.kern.si\/sr\/1268-2\/\" target=\"_self\">1268.2. Pri\u010dvr\u0107iva\u010dka plo\u010dica sa vijkom<\/a><\/h4>\r\n\t\t\t\t\t\t\t\t\t\t\t<p>JTNDaW1nJTIwY2xhc3MlM0QlMjJzdmcta2VybiUyMiUyMGFsdCUzRCUyMmFsdC10ZXh0JTIyJTIwd2lkdGglM0QlMjI1MDAlMjIlMjBzcmMlM0QlMjJodHRwJTNBJTJGJTJGd3d3Lmtlcm4uc2klMkZ3cC1jb250ZW50JTJGdXBsb2FkcyUyRjIwMTglMkYxMSUyRjEyNjhfMi5zdmclMjIlMjAlMkYlM0U=[vc_btn title=&#8220;PDF&#8220; style=&#8220;custom&#8220;...<\/p><a class=\"link-hoverset2\" href=\"https:\/\/www.kern.si\/sr\/1268-2\/\" target=\"_self\" >Read More<\/a><\/div>\r\n\t\t\t\t\t\t\t\t\t<\/div>\r\n\t\t\t\t\t\t\t<\/div><!--col -->\r\n\t\t\t\t\t\t\t\r\n\t\t\t\t\t\t\t<div class=\"mix  mix_all pl-col-md-3 pl-col-sm-6 pl-col-xs-12 pl-col\" data--6884=\"\" > <div class=\"pl-view pl-gst-effect-ming\">\r\n\t\t\t\t\t\t\t\t\t\t<img loading=\"lazy\" decoding=\"async\" width=\"200\" height=\"200\" src=\"https:\/\/www.kern.si\/wp-content\/uploads\/2019\/09\/1269-ISO-1-200x2001.png\" class=\"attachment-full\" alt=\"\" title=\"1269-ISO-1-200x200[1]\" srcset=\"https:\/\/www.kern.si\/wp-content\/uploads\/2019\/09\/1269-ISO-1-200x2001.png 200w, https:\/\/www.kern.si\/wp-content\/uploads\/2019\/09\/1269-ISO-1-200x2001-150x150.png 150w, https:\/\/www.kern.si\/wp-content\/uploads\/2019\/09\/1269-ISO-1-200x2001-100x100.png 100w\" sizes=\"(max-width: 200px) 100vw, 200px\" data-id=\"18193\" \/>\r\n\t\t\t\t\t\t\t\t\t\t<div class=\"pl-mask\">\r\n\t\t\t\t\t\t\t\t\t\t\t<h4><a href=\"https:\/\/www.kern.si\/sr\/1269-0\/\" target=\"_self\">1269.ISO Stega sa vijkom, DIN9832<\/a><\/h4>\r\n\t\t\t\t\t\t\t\t\t\t\t<p>JTNDaW1nJTIwY2xhc3MlM0QlMjJzdmcta2VybiUyMiUyMGFsdCUzRCUyMmFsdC10ZXh0JTIyJTIwd2lkdGglM0QlMjI1MDAlMjIlMjBzcmMlM0QlMjJodHRwJTNBJTJGJTJGa2Vybi5hbmdlbGlzLnNpJTJGd3AtY29udGVudCUyRnVwbG9hZHMlMkYyMDE3JTJGMDYlMkYxMjY5LUlTTy5zdmclMjIlMjAlMkYlM0U=[vc_btn title=&#8220;PDF&#8220; style=&#8220;custom&#8220;...<\/p><a class=\"link-hoverset2\" href=\"https:\/\/www.kern.si\/sr\/1269-0\/\" target=\"_self\" >Read More<\/a><\/div>\r\n\t\t\t\t\t\t\t\t\t<\/div>\r\n\t\t\t\t\t\t\t<\/div><!--col -->\r\n\t\t\t\t\t\t\t<\/div>\r\n\t\t\t\t\t<form id=\"pw_pl_form_load_more_6884\">\r\n\t\t\t\t\t\r\n\t\t\t\t\t\t<input type=\"hidden\" name=\"pw_title\" value=\"\" id=\"pw_title_6884\"\/><input type=\"hidden\" name=\"pw_query\" value=\"size:all|order_by:date|post_type:page|categories:518\" id=\"pw_query_6884\"\/><input type=\"hidden\" name=\"pw_grid_display_type\" value=\"grid\" id=\"pw_grid_display_type_6884\"\/><input type=\"hidden\" name=\"pw_grid_type\" value=\"pl-mixitup-grid\" id=\"pw_grid_type_6884\"\/><input type=\"hidden\" name=\"pw_border_top_size\" value=\"\" id=\"pw_border_top_size_6884\"\/><input type=\"hidden\" name=\"pw_border_top_type\" value=\"\" id=\"pw_border_top_type_6884\"\/><input type=\"hidden\" name=\"pw_border_top_color\" value=\"\" id=\"pw_border_top_color_6884\"\/><input type=\"hidden\" name=\"pw_border_right_size\" value=\"\" id=\"pw_border_right_size_6884\"\/><input type=\"hidden\" name=\"pw_border_right_type\" value=\"\" id=\"pw_border_right_type_6884\"\/><input type=\"hidden\" name=\"pw_border_right_color\" value=\"\" id=\"pw_border_right_color_6884\"\/><input type=\"hidden\" name=\"pw_border_bottom_size\" value=\"\" id=\"pw_border_bottom_size_6884\"\/><input type=\"hidden\" name=\"pw_border_bottom_type\" value=\"\" id=\"pw_border_bottom_type_6884\"\/><input type=\"hidden\" name=\"pw_border_bottom_color\" value=\"\" id=\"pw_border_bottom_color_6884\"\/><input type=\"hidden\" name=\"pw_border_left_size\" value=\"\" id=\"pw_border_left_size_6884\"\/><input type=\"hidden\" name=\"pw_border_left_type\" value=\"\" id=\"pw_border_left_type_6884\"\/><input type=\"hidden\" name=\"pw_border_left_color\" value=\"\" id=\"pw_border_left_color_6884\"\/><input type=\"hidden\" name=\"pw_back_color\" value=\"#ffffff\" id=\"pw_back_color_6884\"\/><input type=\"hidden\" name=\"pw_back_hcolor\" value=\"#ffffff\" id=\"pw_back_hcolor_6884\"\/><input type=\"hidden\" name=\"pw_item_back_color\" value=\"\" id=\"pw_item_back_color_6884\"\/><input type=\"hidden\" name=\"pw_title_font_family\" value=\"inherit\" id=\"pw_title_font_family_6884\"\/><input type=\"hidden\" name=\"pw_title_font_size\" value=\"14\" id=\"pw_title_font_size_6884\"\/><input type=\"hidden\" name=\"pw_link_color\" value=\"\" id=\"pw_link_color_6884\"\/><input type=\"hidden\" name=\"pw_link_hover_color\" value=\"\" id=\"pw_link_hover_color_6884\"\/><input type=\"hidden\" name=\"pw_meta_font_family\" value=\"\" id=\"pw_meta_font_family_6884\"\/><input type=\"hidden\" name=\"pw_meta_font_size\" value=\"12\" id=\"pw_meta_font_size_6884\"\/><input type=\"hidden\" name=\"pw_meta_color\" value=\"\" id=\"pw_meta_color_6884\"\/><input type=\"hidden\" name=\"pw_excerpt_font_family\" value=\"inherit\" id=\"pw_excerpt_font_family_6884\"\/><input type=\"hidden\" name=\"pw_excerpt_font_size\" value=\"11\" id=\"pw_excerpt_font_size_6884\"\/><input type=\"hidden\" name=\"pw_excerpt_color\" value=\"\" id=\"pw_excerpt_color_6884\"\/><input type=\"hidden\" name=\"pw_readmore_type\" value=\"pl-permalink\" id=\"pw_readmore_type_6884\"\/><input type=\"hidden\" name=\"pw_readmore_translate\" value=\"Read More\" id=\"pw_readmore_translate_6884\"\/><input type=\"hidden\" name=\"pw_link_target\" value=\"_self\" id=\"pw_link_target_6884\"\/><input type=\"hidden\" name=\"pw_post_layout\" value=\"\" id=\"pw_post_layout_6884\"\/><input type=\"hidden\" name=\"pw_grid_desktop_columns_count\" value=\"pl-col-md-3\" id=\"pw_grid_desktop_columns_count_6884\"\/><input type=\"hidden\" name=\"pw_grid_tablet_columns_count\" value=\"pl-col-sm-6\" id=\"pw_grid_tablet_columns_count_6884\"\/><input type=\"hidden\" name=\"pw_grid_mobile_columns_count\" value=\"pl-col-xs-12\" id=\"pw_grid_mobile_columns_count_6884\"\/><input type=\"hidden\" name=\"pw_skin_type\" value=\"pl-gridskin-two\" id=\"pw_skin_type_6884\"\/><input type=\"hidden\" name=\"pw_grid_skin_effect\" value=\"pl-gst-effect-ming\" id=\"pw_grid_skin_effect_6884\"\/><input type=\"hidden\" name=\"pw_grid_page_navigation\" value=\"show_page_number\" id=\"pw_grid_page_navigation_6884\"\/><input type=\"hidden\" name=\"pw_grid_page_number_style\" value=\"pl-paging-style1\" id=\"pw_grid_page_number_style_6884\"\/><input type=\"hidden\" name=\"pw_grid_filter_by\" value=\"\" id=\"pw_grid_filter_by_6884\"\/><input type=\"hidden\" name=\"pw_grid_order_by\" value=\"\" id=\"pw_grid_order_by_6884\"\/><input type=\"hidden\" name=\"pw_grid_author\" value=\"no\" id=\"pw_grid_author_6884\"\/><input type=\"hidden\" name=\"pw_grid_tags\" value=\"no\" id=\"pw_grid_tags_6884\"\/><input type=\"hidden\" name=\"pw_grid_show_num_comment\" value=\"no\" id=\"pw_grid_show_num_comment_6884\"\/><input type=\"hidden\" name=\"pw_grid_hide_recentpost\" value=\"no\" id=\"pw_grid_hide_recentpost_6884\"\/><input type=\"hidden\" name=\"pw_grid_num_hide_recentpost\" value=\"1\" id=\"pw_grid_num_hide_recentpost_6884\"\/><input type=\"hidden\" name=\"pw_grid_switch_icon\" value=\"yes\" id=\"pw_grid_switch_icon_6884\"\/><input type=\"hidden\" name=\"pw_teasr_layout_img\" value=\"image|link_post,title|link_post,text|excerpt\" id=\"pw_teasr_layout_img_6884\"\/><input type=\"hidden\" name=\"pw_image_thumb_size\" value=\"full\" id=\"pw_image_thumb_size_6884\"\/><input type=\"hidden\" name=\"pw_excerpt_length\" value=\"10\" id=\"pw_excerpt_length_6884\"\/><input type=\"hidden\" name=\"pw_image_effect\" value=\"none\" id=\"pw_image_effect_6884\"\/><input type=\"hidden\" name=\"pw_show_zoom_icon\" value=\"no\" id=\"pw_show_zoom_icon_6884\"\/><input type=\"hidden\" name=\"pw_show_link_icon\" value=\"no\" id=\"pw_show_link_icon_6884\"\/><input type=\"hidden\" name=\"pw_show_overlay\" value=\"no\" id=\"pw_show_overlay_6884\"\/><input type=\"hidden\" name=\"pw_icon_type\" value=\"none\" id=\"pw_icon_type_6884\"\/><input type=\"hidden\" name=\"pw_icon_effect\" value=\"none\" id=\"pw_icon_effect_6884\"\/><input type=\"hidden\" name=\"pw_hide_date\" value=\"off\" id=\"pw_hide_date_6884\"\/><input type=\"hidden\" name=\"pw_date_format\" value=\"\" id=\"pw_date_format_6884\"\/><input type=\"hidden\" name=\"pw_taxonomy\" value=\"\" id=\"pw_taxonomy_6884\"\/>\r\n\t\t\t\t\t\t<input type=\"hidden\" name=\"_wpnonce \" value=\"47185\"\/>\r\n\t\t\t\t\t\t<input type=\"hidden\" name=\"query\" value=\"size:all|order_by:date|post_type:page|categories:518\"\/>\r\n\t\t\t\t\t\t<input type=\"hidden\" name=\"paged\" value=\"1\" id=\"pw_paged_6884\"\/>\r\n\t\t\t\t\t\t<input type=\"hidden\" name=\"view_type\" value=\"grid\" id=\"pw_view_type_6884\"\/>\r\n\t\t\t\t\t\t<input type=\"hidden\" name=\"total_paged\" value=\"0\" id=\"pw_total_paged_6884\"\/>\r\n\t\t\t\t\t\t<input type=\"hidden\" name=\"pw_action_type\" value=\"\" id=\"pw_pl_action_type_6884\"\/>\r\n\t\t\t\t\t\t<input type=\"hidden\" name=\"pw_mixitup_grid_id\" value=\"6884\" id=\"pw_grid_id_6884\"\/>\r\n\t\t\t\t\t\t<input type=\"hidden\" name=\"pw_grid_hide_recentpost\" value=\"no\" id=\"pw_grid_id_6884\"\/>\r\n\t\t\t\t\t\t<input type=\"hidden\" name=\"pw_grid_num_hide_recentpost\" value=\"1\" id=\"pw_grid_id_6884\"\/>\r\n\t\t\t\t\t\t\r\n\t\t\t\t\t<\/form>\r\n\t\t\t\t\t<script type='text\/javascript'>\r\n\t\t\t\t\t\tjQuery(document).ready(function() {jQuery('#Grid_6884').mixitup();\r\n\t\t\t\t\t\t\t\r\n\t\t\t\t\t\t\tvar filters = jQuery('#Filters_6884').find('li'),\r\n\t\t\t\t\t\t\tdimensions = {\r\n\t\t\t\t\t\t\t\t\r\n\t\t\t\t\t\t\t};\r\n\t\t\t\t\t\t\t\r\n\t\t\t\t\t\t\tfilters.on('click',function(){\r\n\t\t\t\t\t\t\t\t\r\n\t\t\t\t\t\t\t\tvar t = jQuery(this),\r\n\t\t\t\t\t\t\t\t\tdimension = t.attr('data-dimension'),\r\n\t\t\t\t\t\t\t\t\tfilter = t.attr('data-filter'),\r\n\t\t\t\t\t\t\t\t\tfilterString = dimensions[dimension];\r\n\t\t\t\t\t\t\t\t\t\t\t\t\t\t\t\t\t\t\t\r\n\t\t\t\t\t\t\t\tif(filter == 'all'){\r\n\t\t\t\t\t\t\t\t\tif(!t.hasClass('active')){\r\n\t\t\t\t\t\t\t\t\t\tt.addClass('active').siblings().removeClass('active');\r\n\t\t\t\t\t\t\t\t\t\tfilterString = 'all';\t\r\n\t\t\t\t\t\t\t\t\t} else {\r\n\t\t\t\t\t\t\t\t\t\t\/\/ Uncheck\r\n\t\t\t\t\t\t\t\t\t\tt.removeClass('active');\r\n\t\t\t\t\t\t\t\t\t\t\/\/ Emtpy string\r\n\t\t\t\t\t\t\t\t\t\tfilterString = '';\r\n\t\t\t\t\t\t\t\t\t}\r\n\t\t\t\t\t\t\t\t} else {\r\n\t\t\t\t\t\t\t\t\tt.siblings('[data-filter=\"all\"]').removeClass('active');\r\n\t\t\t\t\t\t\t\t\tfilterString = filterString.replace('all','');\r\n\t\t\t\t\t\t\t\t\tif(!t.hasClass('active')){\r\n\t\t\t\t\t\t\t\t\t\t\/\/ Check checkbox\r\n\t\t\t\t\t\t\t\t\t\tt.addClass('active');\r\n\t\t\t\t\t\t\t\t\t\t\/\/ Append filter to string\r\n\t\t\t\t\t\t\t\t\t\tfilterString = filterString == '' ? filter : filterString+' '+filter;\r\n\t\t\t\t\t\t\t\t\t} else {\r\n\t\t\t\t\t\t\t\t\t\t\/\/ Uncheck\r\n\t\t\t\t\t\t\t\t\t\tt.removeClass('active');\r\n\t\t\t\t\t\t\t\t\t\t\/\/ Remove filter and preceeding space from string with RegEx\r\n\t\t\t\t\t\t\t\t\t\t\r\n\t\t\t\t\t\t\t\t\t\t\/*var re = new RegExp('(\\s|^)'+filter);\r\n\t\t\t\t\t\t\t\t\t\tfilterString = filterString.replace(re,'');*\/\r\n\t\t\t\t\t\t\t\t\t\tfilterString = filterString.replace('. ','');\r\n\t\t\t\t\t\t\t\t\t\tfilterString = filterString.replace(' . ','');\r\n\t\t\t\t\t\t\t\t\t\tfilterString = filterString.replace(' .','');\r\n\t\t\t\t\t\t\t\t\t\tfilterString = filterString.replace(filter.trim(),'');\r\n\t\t\t\t\t\t\t\t\t};\r\n\t\t\t\t\t\t\t\t};\r\n\t\t\t\t\t\t\t\t\r\n\t\t\t\t\t\t\t\t\r\n\t\t\t\t\t\t\t\t\/\/ Set demension with filterString\r\n\t\t\t\t\t\t\t\tdimensions[dimension] = filterString.trim();\r\n\t\t\t\t\t\t\t\t\r\n\t\t\t\t\t\t\t\t\/\/ We now have two strings containing the filter arguments for each dimension:\t\r\n\t\t\t\t\t\t\t\t\r\n\t\t\t\t\t\t\t\t\r\n\t\r\n\t\t\t\t\t\t\t\tjQuery('#Grid_6884').mixitup('filter',[]);\r\n\t\t\t\t\t\t\t\t\r\n\t\t\t\t\t\t\t});jQuery( '.pw_view_type_6884' ).click(function(event) {\r\n\t\t\t\t\t\t\t\tevent.preventDefault(event);\r\n\t\r\n\t\t\t\t\t\t\t\tjQuery('#pw_pl_action_type_6884').val('swap_view_type');\r\n\t\t\t\t\t\t\t\tjQuery('#pw_view_type_6884').val(jQuery(this).attr('data-viewtype'));\r\n\t\t\t\t\t\t\t\t\r\n\t\t\t\t\t\t\t\tif(jQuery(this).attr('data-viewtype')=='list')\r\n\t\t\t\t\t\t\t\t{\r\n\t\t\t\t\t\t\t\t\tjQuery('#Grid_6884').removeClass('pl-gridlayout').addClass('pl-listlayout');\r\n\t\t\t\t\t\t\t\t}else\r\n\t\t\t\t\t\t\t\t{\r\n\t\t\t\t\t\t\t\t\tjQuery('#Grid_6884').removeClass('pl-listlayout').addClass('pl-gridlayout');\r\n\t\t\t\t\t\t\t\t}\r\n\t\t\t\t\t\t\t\t\r\n\t\t\t\t\t\t\t\tjQuery(this).siblings('.active').removeClass('active');\r\n\t\t\t\t\t\t\t\tjQuery(this).addClass('active');\r\n\t\t\t\t\t\t\t\t\r\n\t\t\t\t\t\t\t\tjQuery('#Grid_6884').html('<div class=\"pl-grid-loading\"><img decoding=\"async\" src=\"https:\/\/www.kern.si\/wp-content\/plugins\/pw-vc-grid-list-post-layout\/assets\/images\/loader.gif\" \/><\/div>');\r\n\t\t\t\t\t\t\t\tvar params=jQuery('#pw_pl_form_load_more_6884').serialize();\r\n\t\t\t\t\t\t\t\tjQuery.ajax ({\r\n\t\t\t\t\t\t\t\t\ttype: 'POST',\r\n\t\t\t\t\t\t\t\t\turl: 'https:\/\/www.kern.si\/wp-admin\/admin-ajax.php',\r\n\t\t\t\t\t\t\t\t\tdata:  params+'&action=pw_pl_grid_list_swap',\r\n\t\t\t\t\t\t\t\t\tsuccess: function(response) {\r\n\r\n\t\t\t\t\t\t\t\t\t\tjQuery('#Grid_6884').html(response);\r\n\t\t\t\t\t\t\t\t\t\t\r\n\t\t\t\t\t\t\t\t\t\tjQuery('#Filters_6884 .pl-anim250 li').removeClass('active');\r\n\t\t\t\t\t\t\t\t\t\tjQuery('#Filters_6884 .pl-anim250').each(function(i, obj) {\r\n\t\t\t\t\t\t\t\t\t\t\tjQuery(this).children().eq(0).addClass('active');\r\n\t\t\t\t\t\t\t\t\t\t});\r\n\t\r\n\t\t\t\t\t\t\t\t\t\t\/\/jQuery('#Grid_6884').mixitup('sort','random');\t\t\t\t\r\n\t\t\t\t\t\t\t\t\t\tjQuery('#Grid_6884').mixitup('remix');jQuery('#Grid_6884').mixitup();\t\t\t\t\t\t\t\r\n\t\t\t\t\t\t\t\t\t\t\r\n\t\t\t\t\t\t\t\t\t}\r\n\t\t\t\t\t\t\t\t});\r\n\t\t\t\t\t\t\t});\r\n\t\t\t\t\t\t\t\r\n\t\t\t\t\t\t});\t\r\n\t\t\t\t\t<\/script>[\/vc_column][\/vc_row]<\/p>\n<\/div>","protected":false},"excerpt":{"rendered":"<p>[vc_row][vc_column][\/vc_column][\/vc_row]<\/p>\n","protected":false},"author":1,"featured_media":0,"parent":22282,"menu_order":0,"comment_status":"closed","ping_status":"closed","template":"","meta":{"footnotes":""},"categories":[],"tags":[],"acf":[],"yoast_head":"<!-- This site is optimized with the Yoast SEO plugin v21.7 - https:\/\/yoast.com\/wordpress\/plugins\/seo\/ -->\n<title>Kugli\u010dno vu\u0111enje \u2013 oprema - KERN<\/title>\n<meta name=\"robots\" content=\"index, follow, max-snippet:-1, max-image-preview:large, max-video-preview:-1\" \/>\n<link rel=\"canonical\" href=\"https:\/\/www.kern.si\/sr\/prosecanje-i-probijanje\/vodeci-elementi\/kuglicno-vodenje\/oprema\/\" \/>\n<meta property=\"og:locale\" content=\"sr_RS\" \/>\n<meta property=\"og:type\" content=\"article\" \/>\n<meta property=\"og:title\" content=\"Kugli\u010dno vu\u0111enje \u2013 oprema - KERN\" \/>\n<meta property=\"og:description\" content=\"[vc_row][vc_column][\/vc_column][\/vc_row]\" \/>\n<meta property=\"og:url\" content=\"https:\/\/www.kern.si\/sr\/prosecanje-i-probijanje\/vodeci-elementi\/kuglicno-vodenje\/oprema\/\" \/>\n<meta property=\"og:site_name\" content=\"KERN\" \/>\n<meta property=\"article:modified_time\" content=\"2019-10-11T13:01:17+00:00\" \/>\n<meta name=\"twitter:card\" content=\"summary_large_image\" \/>\n<script type=\"application\/ld+json\" class=\"yoast-schema-graph\">{\"@context\":\"https:\/\/schema.org\",\"@graph\":[{\"@type\":\"WebPage\",\"@id\":\"https:\/\/www.kern.si\/sr\/prosecanje-i-probijanje\/vodeci-elementi\/kuglicno-vodenje\/oprema\/\",\"url\":\"https:\/\/www.kern.si\/sr\/prosecanje-i-probijanje\/vodeci-elementi\/kuglicno-vodenje\/oprema\/\",\"name\":\"Kugli\u010dno vu\u0111enje \u2013 oprema - KERN\",\"isPartOf\":{\"@id\":\"https:\/\/www.kern.si\/sr\/#website\"},\"datePublished\":\"2019-09-23T15:39:36+00:00\",\"dateModified\":\"2019-10-11T13:01:17+00:00\",\"breadcrumb\":{\"@id\":\"https:\/\/www.kern.si\/sr\/prosecanje-i-probijanje\/vodeci-elementi\/kuglicno-vodenje\/oprema\/#breadcrumb\"},\"inLanguage\":\"sr-RS\",\"potentialAction\":[{\"@type\":\"ReadAction\",\"target\":[\"https:\/\/www.kern.si\/sr\/prosecanje-i-probijanje\/vodeci-elementi\/kuglicno-vodenje\/oprema\/\"]}]},{\"@type\":\"BreadcrumbList\",\"@id\":\"https:\/\/www.kern.si\/sr\/prosecanje-i-probijanje\/vodeci-elementi\/kuglicno-vodenje\/oprema\/#breadcrumb\",\"itemListElement\":[{\"@type\":\"ListItem\",\"position\":1,\"name\":\"Home\",\"item\":\"https:\/\/www.kern.si\/sr\/\"},{\"@type\":\"ListItem\",\"position\":2,\"name\":\"Prosecanje i probijanje\",\"item\":\"https:\/\/www.kern.si\/sr\/prosecanje-i-probijanje\/\"},{\"@type\":\"ListItem\",\"position\":3,\"name\":\"Vode\u0107i elementi\",\"item\":\"https:\/\/www.kern.si\/sr\/prosecanje-i-probijanje\/vodeci-elementi\/\"},{\"@type\":\"ListItem\",\"position\":4,\"name\":\"Kugli\u010dno vo\u0111enje\",\"item\":\"https:\/\/www.kern.si\/sr\/prosecanje-i-probijanje\/vodeci-elementi\/kuglicno-vodenje\/\"},{\"@type\":\"ListItem\",\"position\":5,\"name\":\"Kugli\u010dno vu\u0111enje \u2013 oprema\"}]},{\"@type\":\"WebSite\",\"@id\":\"https:\/\/www.kern.si\/sr\/#website\",\"url\":\"https:\/\/www.kern.si\/sr\/\",\"name\":\"KERN\",\"description\":\"\",\"potentialAction\":[{\"@type\":\"SearchAction\",\"target\":{\"@type\":\"EntryPoint\",\"urlTemplate\":\"https:\/\/www.kern.si\/sr\/?s={search_term_string}\"},\"query-input\":\"required name=search_term_string\"}],\"inLanguage\":\"sr-RS\"}]}<\/script>\n<!-- \/ Yoast SEO plugin. -->","yoast_head_json":{"title":"Kugli\u010dno vu\u0111enje \u2013 oprema - KERN","robots":{"index":"index","follow":"follow","max-snippet":"max-snippet:-1","max-image-preview":"max-image-preview:large","max-video-preview":"max-video-preview:-1"},"canonical":"https:\/\/www.kern.si\/sr\/prosecanje-i-probijanje\/vodeci-elementi\/kuglicno-vodenje\/oprema\/","og_locale":"sr_RS","og_type":"article","og_title":"Kugli\u010dno vu\u0111enje \u2013 oprema - KERN","og_description":"[vc_row][vc_column][\/vc_column][\/vc_row]","og_url":"https:\/\/www.kern.si\/sr\/prosecanje-i-probijanje\/vodeci-elementi\/kuglicno-vodenje\/oprema\/","og_site_name":"KERN","article_modified_time":"2019-10-11T13:01:17+00:00","twitter_card":"summary_large_image","schema":{"@context":"https:\/\/schema.org","@graph":[{"@type":"WebPage","@id":"https:\/\/www.kern.si\/sr\/prosecanje-i-probijanje\/vodeci-elementi\/kuglicno-vodenje\/oprema\/","url":"https:\/\/www.kern.si\/sr\/prosecanje-i-probijanje\/vodeci-elementi\/kuglicno-vodenje\/oprema\/","name":"Kugli\u010dno vu\u0111enje \u2013 oprema - KERN","isPartOf":{"@id":"https:\/\/www.kern.si\/sr\/#website"},"datePublished":"2019-09-23T15:39:36+00:00","dateModified":"2019-10-11T13:01:17+00:00","breadcrumb":{"@id":"https:\/\/www.kern.si\/sr\/prosecanje-i-probijanje\/vodeci-elementi\/kuglicno-vodenje\/oprema\/#breadcrumb"},"inLanguage":"sr-RS","potentialAction":[{"@type":"ReadAction","target":["https:\/\/www.kern.si\/sr\/prosecanje-i-probijanje\/vodeci-elementi\/kuglicno-vodenje\/oprema\/"]}]},{"@type":"BreadcrumbList","@id":"https:\/\/www.kern.si\/sr\/prosecanje-i-probijanje\/vodeci-elementi\/kuglicno-vodenje\/oprema\/#breadcrumb","itemListElement":[{"@type":"ListItem","position":1,"name":"Home","item":"https:\/\/www.kern.si\/sr\/"},{"@type":"ListItem","position":2,"name":"Prosecanje i probijanje","item":"https:\/\/www.kern.si\/sr\/prosecanje-i-probijanje\/"},{"@type":"ListItem","position":3,"name":"Vode\u0107i elementi","item":"https:\/\/www.kern.si\/sr\/prosecanje-i-probijanje\/vodeci-elementi\/"},{"@type":"ListItem","position":4,"name":"Kugli\u010dno vo\u0111enje","item":"https:\/\/www.kern.si\/sr\/prosecanje-i-probijanje\/vodeci-elementi\/kuglicno-vodenje\/"},{"@type":"ListItem","position":5,"name":"Kugli\u010dno vu\u0111enje \u2013 oprema"}]},{"@type":"WebSite","@id":"https:\/\/www.kern.si\/sr\/#website","url":"https:\/\/www.kern.si\/sr\/","name":"KERN","description":"","potentialAction":[{"@type":"SearchAction","target":{"@type":"EntryPoint","urlTemplate":"https:\/\/www.kern.si\/sr\/?s={search_term_string}"},"query-input":"required name=search_term_string"}],"inLanguage":"sr-RS"}]}},"_links":{"self":[{"href":"https:\/\/www.kern.si\/sr\/wp-json\/wp\/v2\/pages\/23417"}],"collection":[{"href":"https:\/\/www.kern.si\/sr\/wp-json\/wp\/v2\/pages"}],"about":[{"href":"https:\/\/www.kern.si\/sr\/wp-json\/wp\/v2\/types\/page"}],"author":[{"embeddable":true,"href":"https:\/\/www.kern.si\/sr\/wp-json\/wp\/v2\/users\/1"}],"replies":[{"embeddable":true,"href":"https:\/\/www.kern.si\/sr\/wp-json\/wp\/v2\/comments?post=23417"}],"version-history":[{"count":2,"href":"https:\/\/www.kern.si\/sr\/wp-json\/wp\/v2\/pages\/23417\/revisions"}],"predecessor-version":[{"id":23419,"href":"https:\/\/www.kern.si\/sr\/wp-json\/wp\/v2\/pages\/23417\/revisions\/23419"}],"up":[{"embeddable":true,"href":"https:\/\/www.kern.si\/sr\/wp-json\/wp\/v2\/pages\/22282"}],"wp:attachment":[{"href":"https:\/\/www.kern.si\/sr\/wp-json\/wp\/v2\/media?parent=23417"}],"wp:term":[{"taxonomy":"category","embeddable":true,"href":"https:\/\/www.kern.si\/sr\/wp-json\/wp\/v2\/categories?post=23417"},{"taxonomy":"post_tag","embeddable":true,"href":"https:\/\/www.kern.si\/sr\/wp-json\/wp\/v2\/tags?post=23417"}],"curies":[{"name":"wp","href":"https:\/\/api.w.org\/{rel}","templated":true}]}}