{"id":23426,"date":"2019-09-24T11:36:43","date_gmt":"2019-09-24T09:36:43","guid":{"rendered":"https:\/\/beta.webis.si\/kern\/plosce\/"},"modified":"2020-05-22T09:10:45","modified_gmt":"2020-05-22T07:10:45","slug":"plosce","status":"publish","type":"page","link":"https:\/\/www.kern.si\/sr\/plosce\/","title":{"rendered":"Plo\u010de za BRIZGANJE PLASTIKE I LIVANJE POD PRITISKOM"},"content":{"rendered":"<div class=\"wpb-content-wrapper\"><p>[vc_row css=&#8220;.vc_custom_1569345402579{padding-top: 25px !important;}&#8220;][vc_column][vc_column_text]Proizvod tako\u0111e izra\u0111ujemo po narud\u017ebi.<\/p>\n<p>U slu\u010daju da vam mo\u017eemo pomoc\u0301i oko ponude, po\u0161aljite nam upit s crte\u017eima na <a href=\"mailto:info@kern.si\">info@kern.si<\/a>[\/vc_column_text][\/vc_column][\/vc_row][vc_row][vc_column width=&#8220;5\/6&#8243;][vc_single_image image=&#8220;16745&#8243; img_size=&#8220;full&#8220; alignment=&#8220;center&#8220;][\/vc_column][vc_column width=&#8220;1\/6&#8243;][vc_btn title=&#8220;3D&#8220; style=&#8220;custom&#8220; custom_background=&#8220;#7690c9&#8243; custom_text=&#8220;#ffffff&#8220; link=&#8220;url:https%3A%2F%2Fkern.partcommunity.com%2F3d-cad-models%2Fplates-kern%2F%3Finfo%3Dkern%252Fmoulds%252Fbases%252Fplates||target:%20_blank|&#8220;][\/vc_column][\/vc_row]<\/p>\n<\/div>","protected":false},"excerpt":{"rendered":"<p>[vc_row css=&#8220;.vc_custom_1569345402579{padding-top: 25px !important;}&#8220;][vc_column][vc_column_text]Proizvod tako\u0111e izra\u0111ujemo po narud\u017ebi. U slu\u010daju da vam mo\u017eemo pomoc\u0301i oko ponude, po\u0161aljite nam upit s crte\u017eima na info@kern.si[\/vc_column_text][\/vc_column][\/vc_row][vc_row][vc_column width=&#8220;5\/6&#8243;][vc_single_image image=&#8220;16745&#8243; img_size=&#8220;full&#8220; alignment=&#8220;center&#8220;][\/vc_column][vc_column width=&#8220;1\/6&#8243;][vc_btn title=&#8220;3D&#8220; style=&#8220;custom&#8220; custom_background=&#8220;#7690c9&#8243; custom_text=&#8220;#ffffff&#8220; link=&#8220;url:https%3A%2F%2Fkern.partcommunity.com%2F3d-cad-models%2Fplates-kern%2F%3Finfo%3Dkern%252Fmoulds%252Fbases%252Fplates||target:%20_blank|&#8220;][\/vc_column][\/vc_row]<\/p>\n","protected":false},"author":1,"featured_media":0,"parent":0,"menu_order":0,"comment_status":"open","ping_status":"closed","template":"","meta":{"footnotes":""},"categories":[],"tags":[],"acf":[],"yoast_head":"<!-- This site is optimized with the Yoast SEO plugin v21.7 - https:\/\/yoast.com\/wordpress\/plugins\/seo\/ -->\n<title>Plo\u010de za BRIZGANJE PLASTIKE I LIVANJE POD PRITISKOM - KERN<\/title>\n<meta name=\"robots\" content=\"index, follow, max-snippet:-1, max-image-preview:large, max-video-preview:-1\" \/>\n<link rel=\"canonical\" href=\"https:\/\/www.kern.si\/sr\/plosce\/\" \/>\n<meta property=\"og:locale\" content=\"sr_RS\" \/>\n<meta property=\"og:type\" content=\"article\" \/>\n<meta property=\"og:title\" content=\"Plo\u010de za BRIZGANJE PLASTIKE I LIVANJE POD PRITISKOM - KERN\" \/>\n<meta property=\"og:description\" content=\"[vc_row css=&#8220;.vc_custom_1569345402579{padding-top: 25px !important;}&#8220;][vc_column][vc_column_text]Proizvod tako\u0111e izra\u0111ujemo po narud\u017ebi. U slu\u010daju da vam mo\u017eemo pomoc\u0301i oko ponude, po\u0161aljite nam upit s crte\u017eima na info@kern.si[\/vc_column_text][\/vc_column][\/vc_row][vc_row][vc_column width=&#8220;5\/6&#8243;][vc_single_image image=&#8220;16745&#8243; img_size=&#8220;full&#8220; alignment=&#8220;center&#8220;][\/vc_column][vc_column width=&#8220;1\/6&#8243;][vc_btn title=&#8220;3D&#8220; style=&#8220;custom&#8220; custom_background=&#8220;#7690c9&#8243; custom_text=&#8220;#ffffff&#8220; link=&#8220;url:https%3A%2F%2Fkern.partcommunity.com%2F3d-cad-models%2Fplates-kern%2F%3Finfo%3Dkern%252Fmoulds%252Fbases%252Fplates||target:%20_blank|&#8220;][\/vc_column][\/vc_row]\" \/>\n<meta property=\"og:url\" content=\"https:\/\/www.kern.si\/sr\/plosce\/\" \/>\n<meta property=\"og:site_name\" content=\"KERN\" \/>\n<meta property=\"article:modified_time\" content=\"2020-05-22T07:10:45+00:00\" \/>\n<meta name=\"twitter:card\" content=\"summary_large_image\" \/>\n<meta name=\"twitter:label1\" content=\"\u041f\u0440\u043e\u0446\u0435\u045a\u0435\u043d\u043e \u0432\u0440\u0435\u043c\u0435 \u0447\u0438\u0442\u0430\u045a\u0430\" \/>\n\t<meta name=\"twitter:data1\" content=\"1 \u043c\u0438\u043d\u0443\u0442\" \/>\n<script type=\"application\/ld+json\" class=\"yoast-schema-graph\">{\"@context\":\"https:\/\/schema.org\",\"@graph\":[{\"@type\":\"WebPage\",\"@id\":\"https:\/\/www.kern.si\/sr\/plosce\/\",\"url\":\"https:\/\/www.kern.si\/sr\/plosce\/\",\"name\":\"Plo\u010de za BRIZGANJE PLASTIKE I LIVANJE POD PRITISKOM - KERN\",\"isPartOf\":{\"@id\":\"https:\/\/www.kern.si\/sr\/#website\"},\"datePublished\":\"2019-09-24T09:36:43+00:00\",\"dateModified\":\"2020-05-22T07:10:45+00:00\",\"breadcrumb\":{\"@id\":\"https:\/\/www.kern.si\/sr\/plosce\/#breadcrumb\"},\"inLanguage\":\"sr-RS\",\"potentialAction\":[{\"@type\":\"ReadAction\",\"target\":[\"https:\/\/www.kern.si\/sr\/plosce\/\"]}]},{\"@type\":\"BreadcrumbList\",\"@id\":\"https:\/\/www.kern.si\/sr\/plosce\/#breadcrumb\",\"itemListElement\":[{\"@type\":\"ListItem\",\"position\":1,\"name\":\"Home\",\"item\":\"https:\/\/www.kern.si\/sr\/\"},{\"@type\":\"ListItem\",\"position\":2,\"name\":\"Plo\u010de za BRIZGANJE PLASTIKE I LIVANJE POD PRITISKOM\"}]},{\"@type\":\"WebSite\",\"@id\":\"https:\/\/www.kern.si\/sr\/#website\",\"url\":\"https:\/\/www.kern.si\/sr\/\",\"name\":\"KERN\",\"description\":\"\",\"potentialAction\":[{\"@type\":\"SearchAction\",\"target\":{\"@type\":\"EntryPoint\",\"urlTemplate\":\"https:\/\/www.kern.si\/sr\/?s={search_term_string}\"},\"query-input\":\"required name=search_term_string\"}],\"inLanguage\":\"sr-RS\"}]}<\/script>\n<!-- \/ Yoast SEO plugin. -->","yoast_head_json":{"title":"Plo\u010de za BRIZGANJE PLASTIKE I LIVANJE POD PRITISKOM - KERN","robots":{"index":"index","follow":"follow","max-snippet":"max-snippet:-1","max-image-preview":"max-image-preview:large","max-video-preview":"max-video-preview:-1"},"canonical":"https:\/\/www.kern.si\/sr\/plosce\/","og_locale":"sr_RS","og_type":"article","og_title":"Plo\u010de za BRIZGANJE PLASTIKE I LIVANJE POD PRITISKOM - KERN","og_description":"[vc_row css=&#8220;.vc_custom_1569345402579{padding-top: 25px !important;}&#8220;][vc_column][vc_column_text]Proizvod tako\u0111e izra\u0111ujemo po narud\u017ebi. U slu\u010daju da vam mo\u017eemo pomoc\u0301i oko ponude, po\u0161aljite nam upit s crte\u017eima na info@kern.si[\/vc_column_text][\/vc_column][\/vc_row][vc_row][vc_column width=&#8220;5\/6&#8243;][vc_single_image image=&#8220;16745&#8243; img_size=&#8220;full&#8220; alignment=&#8220;center&#8220;][\/vc_column][vc_column width=&#8220;1\/6&#8243;][vc_btn title=&#8220;3D&#8220; style=&#8220;custom&#8220; custom_background=&#8220;#7690c9&#8243; custom_text=&#8220;#ffffff&#8220; link=&#8220;url:https%3A%2F%2Fkern.partcommunity.com%2F3d-cad-models%2Fplates-kern%2F%3Finfo%3Dkern%252Fmoulds%252Fbases%252Fplates||target:%20_blank|&#8220;][\/vc_column][\/vc_row]","og_url":"https:\/\/www.kern.si\/sr\/plosce\/","og_site_name":"KERN","article_modified_time":"2020-05-22T07:10:45+00:00","twitter_card":"summary_large_image","twitter_misc":{"\u041f\u0440\u043e\u0446\u0435\u045a\u0435\u043d\u043e \u0432\u0440\u0435\u043c\u0435 \u0447\u0438\u0442\u0430\u045a\u0430":"1 \u043c\u0438\u043d\u0443\u0442"},"schema":{"@context":"https:\/\/schema.org","@graph":[{"@type":"WebPage","@id":"https:\/\/www.kern.si\/sr\/plosce\/","url":"https:\/\/www.kern.si\/sr\/plosce\/","name":"Plo\u010de za BRIZGANJE PLASTIKE I LIVANJE POD PRITISKOM - KERN","isPartOf":{"@id":"https:\/\/www.kern.si\/sr\/#website"},"datePublished":"2019-09-24T09:36:43+00:00","dateModified":"2020-05-22T07:10:45+00:00","breadcrumb":{"@id":"https:\/\/www.kern.si\/sr\/plosce\/#breadcrumb"},"inLanguage":"sr-RS","potentialAction":[{"@type":"ReadAction","target":["https:\/\/www.kern.si\/sr\/plosce\/"]}]},{"@type":"BreadcrumbList","@id":"https:\/\/www.kern.si\/sr\/plosce\/#breadcrumb","itemListElement":[{"@type":"ListItem","position":1,"name":"Home","item":"https:\/\/www.kern.si\/sr\/"},{"@type":"ListItem","position":2,"name":"Plo\u010de za BRIZGANJE PLASTIKE I LIVANJE POD PRITISKOM"}]},{"@type":"WebSite","@id":"https:\/\/www.kern.si\/sr\/#website","url":"https:\/\/www.kern.si\/sr\/","name":"KERN","description":"","potentialAction":[{"@type":"SearchAction","target":{"@type":"EntryPoint","urlTemplate":"https:\/\/www.kern.si\/sr\/?s={search_term_string}"},"query-input":"required name=search_term_string"}],"inLanguage":"sr-RS"}]}},"_links":{"self":[{"href":"https:\/\/www.kern.si\/sr\/wp-json\/wp\/v2\/pages\/23426"}],"collection":[{"href":"https:\/\/www.kern.si\/sr\/wp-json\/wp\/v2\/pages"}],"about":[{"href":"https:\/\/www.kern.si\/sr\/wp-json\/wp\/v2\/types\/page"}],"author":[{"embeddable":true,"href":"https:\/\/www.kern.si\/sr\/wp-json\/wp\/v2\/users\/1"}],"replies":[{"embeddable":true,"href":"https:\/\/www.kern.si\/sr\/wp-json\/wp\/v2\/comments?post=23426"}],"version-history":[{"count":6,"href":"https:\/\/www.kern.si\/sr\/wp-json\/wp\/v2\/pages\/23426\/revisions"}],"predecessor-version":[{"id":25924,"href":"https:\/\/www.kern.si\/sr\/wp-json\/wp\/v2\/pages\/23426\/revisions\/25924"}],"wp:attachment":[{"href":"https:\/\/www.kern.si\/sr\/wp-json\/wp\/v2\/media?parent=23426"}],"wp:term":[{"taxonomy":"category","embeddable":true,"href":"https:\/\/www.kern.si\/sr\/wp-json\/wp\/v2\/categories?post=23426"},{"taxonomy":"post_tag","embeddable":true,"href":"https:\/\/www.kern.si\/sr\/wp-json\/wp\/v2\/tags?post=23426"}],"curies":[{"name":"wp","href":"https:\/\/api.w.org\/{rel}","templated":true}]}}