{"id":27868,"date":"2024-04-16T14:39:44","date_gmt":"2024-04-16T12:39:44","guid":{"rendered":"https:\/\/www.kern.si\/?page_id=27868"},"modified":"2024-04-16T14:39:45","modified_gmt":"2024-04-16T12:39:45","slug":"1335-4-probojac-sa-povisanom-cilindricnom-glavom-i-odlepljivac-e-asp-iso8020","status":"publish","type":"page","link":"https:\/\/www.kern.si\/sr\/1335-4-probojac-sa-povisanom-cilindricnom-glavom-i-odlepljivac-e-asp-iso8020\/","title":{"rendered":"1335.4:  Probojac sa povi\u0161anom cilindri\u010dnom glavom i odlepljiva\u010d, E-ASP, ISO8020"},"content":{"rendered":"<div class=\"wpb-content-wrapper\"><p>[vc_row][vc_column][vc_column_text]Igle lahko dobavimo tudi s trdo prevleko po izbiri. Informativna tabela z najpogosteje uporabljenimi prevlekami je na voljo\u00a0<a href=\"http:\/\/www.kern.si\/wp-content\/uploads\/2017\/11\/INFO.prevleke.pdf\" target=\"_blank\" rel=\"noopener noreferrer\">na tej povezavi.<\/a><\/p>\n<p>.[\/vc_column_text][\/vc_column][\/vc_row][vc_row][vc_column width=&#8220;3\/6&#8243;][vc_raw_html]JTNDaW1nJTIwY2xhc3MlM0QlMjJzdmcta2VybiUyMiUyMGFsdCUzRCUyMmFsdC10ZXh0JTIyJTIwd2lkdGglM0QlMjI1MDAlMjIlMjBzcmMlM0QlMjJodHRwcyUzQSUyRiUyRnd3dy5rZXJuLnNpJTJGd3AtY29udGVudCUyRnVwbG9hZHMlMkYyMDI0JTJGMDQlMkYxMzM1XzNfNC5zdmclMjIlMjAlMkYlM0U=[\/vc_raw_html][\/vc_column][vc_column width=&#8220;2\/6&#8243;][vc_single_image image=&#8220;18520&#8243; img_size=&#8220;medium&#8220; alignment=&#8220;center&#8220; image_hovers=&#8220;false&#8220;][\/vc_column][vc_column width=&#8220;1\/6&#8243;][vc_btn title=&#8220;PDF&#8220; style=&#8220;custom&#8220; custom_background=&#8220;#61a375&#8243; custom_text=&#8220;#ffffff&#8220; align=&#8220;center&#8220; i_icon_fontawesome=&#8220;&#8220; add_icon=&#8220;true&#8220; link=&#8220;url:https%3A%2F%2Fwww.kern.si%2Fwp-content%2Fuploads%2F2024%2F04%2F1335.3_.4-1.pdf|target:_blank&#8220;][vc_btn title=&#8220;3D&#8220; style=&#8220;custom&#8220; custom_background=&#8220;#61a375&#8243; custom_text=&#8220;#ffffff&#8220; align=&#8220;center&#8220; i_icon_fontawesome=&#8220;fa fa-download&#8220; add_icon=&#8220;true&#8220; link=&#8220;url:http%3A%2F%2Fkern.partcommunity.com%2F3d-cad-models%2F1330-3-punches-with-ejector-pin-blanks-kern%2F%3Finfo%3Dkern%252Fdies%252Fcutting_elements%252F1330_p3.prj||target:%20_blank|&#8220;][\/vc_column][\/vc_row][vc_row][vc_column][\/vc_column][\/vc_row][vc_row][vc_column][vc_single_image image=&#8220;27861&#8243; img_size=&#8220;large&#8220; alignment=&#8220;center&#8220;][\/vc_column][\/vc_row]<\/p>\n<\/div>","protected":false},"excerpt":{"rendered":"<p>[vc_row][vc_column][vc_column_text]Igle lahko dobavimo tudi s trdo prevleko po izbiri. Informativna tabela z najpogosteje uporabljenimi prevlekami je na voljo\u00a0na tej povezavi. .[\/vc_column_text][\/vc_column][\/vc_row][vc_row][vc_column width=&#8220;3\/6&#8243;][vc_raw_html]JTNDaW1nJTIwY2xhc3MlM0QlMjJzdmcta2VybiUyMiUyMGFsdCUzRCUyMmFsdC10ZXh0JTIyJTIwd2lkdGglM0QlMjI1MDAlMjIlMjBzcmMlM0QlMjJodHRwcyUzQSUyRiUyRnd3dy5rZXJuLnNpJTJGd3AtY29udGVudCUyRnVwbG9hZHMlMkYyMDI0JTJGMDQlMkYxMzM1XzNfNC5zdmclMjIlMjAlMkYlM0U=[\/vc_raw_html][\/vc_column][vc_column width=&#8220;2\/6&#8243;][vc_single_image image=&#8220;18520&#8243; img_size=&#8220;medium&#8220; alignment=&#8220;center&#8220; image_hovers=&#8220;false&#8220;][\/vc_column][vc_column width=&#8220;1\/6&#8243;][vc_btn title=&#8220;PDF&#8220; style=&#8220;custom&#8220; custom_background=&#8220;#61a375&#8243; custom_text=&#8220;#ffffff&#8220; align=&#8220;center&#8220; i_icon_fontawesome=&#8220;&#8220; add_icon=&#8220;true&#8220; link=&#8220;url:https%3A%2F%2Fwww.kern.si%2Fwp-content%2Fuploads%2F2024%2F04%2F1335.3_.4-1.pdf|target:_blank&#8220;][vc_btn title=&#8220;3D&#8220; style=&#8220;custom&#8220; custom_background=&#8220;#61a375&#8243; custom_text=&#8220;#ffffff&#8220; align=&#8220;center&#8220; i_icon_fontawesome=&#8220;fa fa-download&#8220; add_icon=&#8220;true&#8220; link=&#8220;url:http%3A%2F%2Fkern.partcommunity.com%2F3d-cad-models%2F1330-3-punches-with-ejector-pin-blanks-kern%2F%3Finfo%3Dkern%252Fdies%252Fcutting_elements%252F1330_p3.prj||target:%20_blank|&#8220;][\/vc_column][\/vc_row][vc_row][vc_column][\/vc_column][\/vc_row][vc_row][vc_column][vc_single_image image=&#8220;27861&#8243; img_size=&#8220;large&#8220; alignment=&#8220;center&#8220;][\/vc_column][\/vc_row]<\/p>\n","protected":false},"author":1,"featured_media":18520,"parent":0,"menu_order":0,"comment_status":"open","ping_status":"open","template":"","meta":{"footnotes":""},"categories":[751,740,749,742,752,744,745,746],"tags":[],"acf":[],"yoast_head":"<!-- This site is optimized with the Yoast SEO plugin v21.7 - https:\/\/yoast.com\/wordpress\/plugins\/seo\/ -->\n<title>1335.4: Probojac sa povi\u0161anom cilindri\u010dnom glavom i odlepljiva\u010d, E-ASP, ISO8020 - KERN<\/title>\n<meta name=\"robots\" content=\"index, follow, max-snippet:-1, max-image-preview:large, max-video-preview:-1\" \/>\n<link rel=\"canonical\" href=\"https:\/\/www.kern.si\/sr\/1335-4-probojac-sa-povisanom-cilindricnom-glavom-i-odlepljivac-e-asp-iso8020\/\" \/>\n<meta property=\"og:locale\" content=\"sr_RS\" \/>\n<meta property=\"og:type\" content=\"article\" \/>\n<meta property=\"og:title\" content=\"1335.4: Probojac sa povi\u0161anom cilindri\u010dnom glavom i odlepljiva\u010d, E-ASP, ISO8020 - KERN\" \/>\n<meta property=\"og:description\" content=\"[vc_row][vc_column][vc_column_text]Igle lahko dobavimo tudi s trdo prevleko po izbiri. Informativna tabela z najpogosteje uporabljenimi prevlekami je na voljo\u00a0na tej povezavi. .[\/vc_column_text][\/vc_column][\/vc_row][vc_row][vc_column width=&#8220;3\/6&#8243;][vc_raw_html]JTNDaW1nJTIwY2xhc3MlM0QlMjJzdmcta2VybiUyMiUyMGFsdCUzRCUyMmFsdC10ZXh0JTIyJTIwd2lkdGglM0QlMjI1MDAlMjIlMjBzcmMlM0QlMjJodHRwcyUzQSUyRiUyRnd3dy5rZXJuLnNpJTJGd3AtY29udGVudCUyRnVwbG9hZHMlMkYyMDI0JTJGMDQlMkYxMzM1XzNfNC5zdmclMjIlMjAlMkYlM0U=[\/vc_raw_html][\/vc_column][vc_column width=&#8220;2\/6&#8243;][vc_single_image image=&#8220;18520&#8243; img_size=&#8220;medium&#8220; alignment=&#8220;center&#8220; image_hovers=&#8220;false&#8220;][\/vc_column][vc_column width=&#8220;1\/6&#8243;][vc_btn title=&#8220;PDF&#8220; style=&#8220;custom&#8220; custom_background=&#8220;#61a375&#8243; custom_text=&#8220;#ffffff&#8220; align=&#8220;center&#8220; i_icon_fontawesome=&#8220;&#8220; add_icon=&#8220;true&#8220; link=&#8220;url:https%3A%2F%2Fwww.kern.si%2Fwp-content%2Fuploads%2F2024%2F04%2F1335.3_.4-1.pdf|target:_blank&#8220;][vc_btn title=&#8220;3D&#8220; style=&#8220;custom&#8220; custom_background=&#8220;#61a375&#8243; custom_text=&#8220;#ffffff&#8220; align=&#8220;center&#8220; i_icon_fontawesome=&#8220;fa fa-download&#8220; add_icon=&#8220;true&#8220; link=&#8220;url:http%3A%2F%2Fkern.partcommunity.com%2F3d-cad-models%2F1330-3-punches-with-ejector-pin-blanks-kern%2F%3Finfo%3Dkern%252Fdies%252Fcutting_elements%252F1330_p3.prj||target:%20_blank|&#8220;][\/vc_column][\/vc_row][vc_row][vc_column][\/vc_column][\/vc_row][vc_row][vc_column][vc_single_image image=&#8220;27861&#8243; img_size=&#8220;large&#8220; alignment=&#8220;center&#8220;][\/vc_column][\/vc_row]\" \/>\n<meta property=\"og:url\" content=\"https:\/\/www.kern.si\/sr\/1335-4-probojac-sa-povisanom-cilindricnom-glavom-i-odlepljivac-e-asp-iso8020\/\" \/>\n<meta property=\"og:site_name\" content=\"KERN\" \/>\n<meta property=\"article:modified_time\" content=\"2024-04-16T12:39:45+00:00\" \/>\n<meta property=\"og:image\" content=\"https:\/\/www.kern.si\/wp-content\/uploads\/2019\/09\/1330_3-1-300x3001.png\" \/>\n\t<meta property=\"og:image:width\" content=\"300\" \/>\n\t<meta property=\"og:image:height\" content=\"300\" \/>\n\t<meta property=\"og:image:type\" content=\"image\/png\" \/>\n<meta name=\"twitter:card\" content=\"summary_large_image\" \/>\n<meta name=\"twitter:label1\" content=\"\u041f\u0440\u043e\u0446\u0435\u045a\u0435\u043d\u043e \u0432\u0440\u0435\u043c\u0435 \u0447\u0438\u0442\u0430\u045a\u0430\" \/>\n\t<meta name=\"twitter:data1\" content=\"1 \u043c\u0438\u043d\u0443\u0442\" \/>\n<script type=\"application\/ld+json\" class=\"yoast-schema-graph\">{\"@context\":\"https:\/\/schema.org\",\"@graph\":[{\"@type\":\"WebPage\",\"@id\":\"https:\/\/www.kern.si\/sr\/1335-4-probojac-sa-povisanom-cilindricnom-glavom-i-odlepljivac-e-asp-iso8020\/\",\"url\":\"https:\/\/www.kern.si\/sr\/1335-4-probojac-sa-povisanom-cilindricnom-glavom-i-odlepljivac-e-asp-iso8020\/\",\"name\":\"1335.4: Probojac sa povi\u0161anom cilindri\u010dnom glavom i odlepljiva\u010d, E-ASP, ISO8020 - KERN\",\"isPartOf\":{\"@id\":\"https:\/\/www.kern.si\/sr\/#website\"},\"datePublished\":\"2024-04-16T12:39:44+00:00\",\"dateModified\":\"2024-04-16T12:39:45+00:00\",\"breadcrumb\":{\"@id\":\"https:\/\/www.kern.si\/sr\/1335-4-probojac-sa-povisanom-cilindricnom-glavom-i-odlepljivac-e-asp-iso8020\/#breadcrumb\"},\"inLanguage\":\"sr-RS\",\"potentialAction\":[{\"@type\":\"ReadAction\",\"target\":[\"https:\/\/www.kern.si\/sr\/1335-4-probojac-sa-povisanom-cilindricnom-glavom-i-odlepljivac-e-asp-iso8020\/\"]}]},{\"@type\":\"BreadcrumbList\",\"@id\":\"https:\/\/www.kern.si\/sr\/1335-4-probojac-sa-povisanom-cilindricnom-glavom-i-odlepljivac-e-asp-iso8020\/#breadcrumb\",\"itemListElement\":[{\"@type\":\"ListItem\",\"position\":1,\"name\":\"Home\",\"item\":\"https:\/\/www.kern.si\/sr\/\"},{\"@type\":\"ListItem\",\"position\":2,\"name\":\"1335.4: Probojac sa povi\u0161anom cilindri\u010dnom glavom i odlepljiva\u010d, E-ASP, ISO8020\"}]},{\"@type\":\"WebSite\",\"@id\":\"https:\/\/www.kern.si\/sr\/#website\",\"url\":\"https:\/\/www.kern.si\/sr\/\",\"name\":\"KERN\",\"description\":\"\",\"potentialAction\":[{\"@type\":\"SearchAction\",\"target\":{\"@type\":\"EntryPoint\",\"urlTemplate\":\"https:\/\/www.kern.si\/sr\/?s={search_term_string}\"},\"query-input\":\"required name=search_term_string\"}],\"inLanguage\":\"sr-RS\"}]}<\/script>\n<!-- \/ Yoast SEO plugin. -->","yoast_head_json":{"title":"1335.4: Probojac sa povi\u0161anom cilindri\u010dnom glavom i odlepljiva\u010d, E-ASP, ISO8020 - KERN","robots":{"index":"index","follow":"follow","max-snippet":"max-snippet:-1","max-image-preview":"max-image-preview:large","max-video-preview":"max-video-preview:-1"},"canonical":"https:\/\/www.kern.si\/sr\/1335-4-probojac-sa-povisanom-cilindricnom-glavom-i-odlepljivac-e-asp-iso8020\/","og_locale":"sr_RS","og_type":"article","og_title":"1335.4: Probojac sa povi\u0161anom cilindri\u010dnom glavom i odlepljiva\u010d, E-ASP, ISO8020 - KERN","og_description":"[vc_row][vc_column][vc_column_text]Igle lahko dobavimo tudi s trdo prevleko po izbiri. Informativna tabela z najpogosteje uporabljenimi prevlekami je na voljo\u00a0na tej povezavi. .[\/vc_column_text][\/vc_column][\/vc_row][vc_row][vc_column width=&#8220;3\/6&#8243;][vc_raw_html]JTNDaW1nJTIwY2xhc3MlM0QlMjJzdmcta2VybiUyMiUyMGFsdCUzRCUyMmFsdC10ZXh0JTIyJTIwd2lkdGglM0QlMjI1MDAlMjIlMjBzcmMlM0QlMjJodHRwcyUzQSUyRiUyRnd3dy5rZXJuLnNpJTJGd3AtY29udGVudCUyRnVwbG9hZHMlMkYyMDI0JTJGMDQlMkYxMzM1XzNfNC5zdmclMjIlMjAlMkYlM0U=[\/vc_raw_html][\/vc_column][vc_column width=&#8220;2\/6&#8243;][vc_single_image image=&#8220;18520&#8243; img_size=&#8220;medium&#8220; alignment=&#8220;center&#8220; image_hovers=&#8220;false&#8220;][\/vc_column][vc_column width=&#8220;1\/6&#8243;][vc_btn title=&#8220;PDF&#8220; style=&#8220;custom&#8220; custom_background=&#8220;#61a375&#8243; custom_text=&#8220;#ffffff&#8220; align=&#8220;center&#8220; i_icon_fontawesome=&#8220;&#8220; add_icon=&#8220;true&#8220; link=&#8220;url:https%3A%2F%2Fwww.kern.si%2Fwp-content%2Fuploads%2F2024%2F04%2F1335.3_.4-1.pdf|target:_blank&#8220;][vc_btn title=&#8220;3D&#8220; style=&#8220;custom&#8220; custom_background=&#8220;#61a375&#8243; custom_text=&#8220;#ffffff&#8220; align=&#8220;center&#8220; i_icon_fontawesome=&#8220;fa fa-download&#8220; add_icon=&#8220;true&#8220; link=&#8220;url:http%3A%2F%2Fkern.partcommunity.com%2F3d-cad-models%2F1330-3-punches-with-ejector-pin-blanks-kern%2F%3Finfo%3Dkern%252Fdies%252Fcutting_elements%252F1330_p3.prj||target:%20_blank|&#8220;][\/vc_column][\/vc_row][vc_row][vc_column][\/vc_column][\/vc_row][vc_row][vc_column][vc_single_image image=&#8220;27861&#8243; img_size=&#8220;large&#8220; alignment=&#8220;center&#8220;][\/vc_column][\/vc_row]","og_url":"https:\/\/www.kern.si\/sr\/1335-4-probojac-sa-povisanom-cilindricnom-glavom-i-odlepljivac-e-asp-iso8020\/","og_site_name":"KERN","article_modified_time":"2024-04-16T12:39:45+00:00","og_image":[{"width":300,"height":300,"url":"https:\/\/www.kern.si\/wp-content\/uploads\/2019\/09\/1330_3-1-300x3001.png","type":"image\/png"}],"twitter_card":"summary_large_image","twitter_misc":{"\u041f\u0440\u043e\u0446\u0435\u045a\u0435\u043d\u043e \u0432\u0440\u0435\u043c\u0435 \u0447\u0438\u0442\u0430\u045a\u0430":"1 \u043c\u0438\u043d\u0443\u0442"},"schema":{"@context":"https:\/\/schema.org","@graph":[{"@type":"WebPage","@id":"https:\/\/www.kern.si\/sr\/1335-4-probojac-sa-povisanom-cilindricnom-glavom-i-odlepljivac-e-asp-iso8020\/","url":"https:\/\/www.kern.si\/sr\/1335-4-probojac-sa-povisanom-cilindricnom-glavom-i-odlepljivac-e-asp-iso8020\/","name":"1335.4: Probojac sa povi\u0161anom cilindri\u010dnom glavom i odlepljiva\u010d, E-ASP, ISO8020 - KERN","isPartOf":{"@id":"https:\/\/www.kern.si\/sr\/#website"},"datePublished":"2024-04-16T12:39:44+00:00","dateModified":"2024-04-16T12:39:45+00:00","breadcrumb":{"@id":"https:\/\/www.kern.si\/sr\/1335-4-probojac-sa-povisanom-cilindricnom-glavom-i-odlepljivac-e-asp-iso8020\/#breadcrumb"},"inLanguage":"sr-RS","potentialAction":[{"@type":"ReadAction","target":["https:\/\/www.kern.si\/sr\/1335-4-probojac-sa-povisanom-cilindricnom-glavom-i-odlepljivac-e-asp-iso8020\/"]}]},{"@type":"BreadcrumbList","@id":"https:\/\/www.kern.si\/sr\/1335-4-probojac-sa-povisanom-cilindricnom-glavom-i-odlepljivac-e-asp-iso8020\/#breadcrumb","itemListElement":[{"@type":"ListItem","position":1,"name":"Home","item":"https:\/\/www.kern.si\/sr\/"},{"@type":"ListItem","position":2,"name":"1335.4: Probojac sa povi\u0161anom cilindri\u010dnom glavom i odlepljiva\u010d, E-ASP, ISO8020"}]},{"@type":"WebSite","@id":"https:\/\/www.kern.si\/sr\/#website","url":"https:\/\/www.kern.si\/sr\/","name":"KERN","description":"","potentialAction":[{"@type":"SearchAction","target":{"@type":"EntryPoint","urlTemplate":"https:\/\/www.kern.si\/sr\/?s={search_term_string}"},"query-input":"required name=search_term_string"}],"inLanguage":"sr-RS"}]}},"_links":{"self":[{"href":"https:\/\/www.kern.si\/sr\/wp-json\/wp\/v2\/pages\/27868"}],"collection":[{"href":"https:\/\/www.kern.si\/sr\/wp-json\/wp\/v2\/pages"}],"about":[{"href":"https:\/\/www.kern.si\/sr\/wp-json\/wp\/v2\/types\/page"}],"author":[{"embeddable":true,"href":"https:\/\/www.kern.si\/sr\/wp-json\/wp\/v2\/users\/1"}],"replies":[{"embeddable":true,"href":"https:\/\/www.kern.si\/sr\/wp-json\/wp\/v2\/comments?post=27868"}],"version-history":[{"count":5,"href":"https:\/\/www.kern.si\/sr\/wp-json\/wp\/v2\/pages\/27868\/revisions"}],"predecessor-version":[{"id":28272,"href":"https:\/\/www.kern.si\/sr\/wp-json\/wp\/v2\/pages\/27868\/revisions\/28272"}],"wp:featuredmedia":[{"embeddable":true,"href":"https:\/\/www.kern.si\/sr\/wp-json\/wp\/v2\/media\/18520"}],"wp:attachment":[{"href":"https:\/\/www.kern.si\/sr\/wp-json\/wp\/v2\/media?parent=27868"}],"wp:term":[{"taxonomy":"category","embeddable":true,"href":"https:\/\/www.kern.si\/sr\/wp-json\/wp\/v2\/categories?post=27868"},{"taxonomy":"post_tag","embeddable":true,"href":"https:\/\/www.kern.si\/sr\/wp-json\/wp\/v2\/tags?post=27868"}],"curies":[{"name":"wp","href":"https:\/\/api.w.org\/{rel}","templated":true}]}}